{"id":986,"date":"2023-03-16T23:52:16","date_gmt":"2023-03-16T23:52:16","guid":{"rendered":"https:\/\/todocertificados.com\/mexico\/?page_id=986"},"modified":"2023-11-06T23:18:39","modified_gmt":"2023-11-06T23:18:39","slug":"preparatoria-falso","status":"publish","type":"page","link":"https:\/\/todocertificados.com\/mexico\/preparatoria-falso\/","title":{"rendered":"Certificado de preparatoria falso"},"content":{"rendered":"<div class=\"02640ac1cf99e0a816556c1d72e1d642\" data-index=\"1\" style=\"float: none; margin:10px 0 10px 0; text-align:center;\">\n<ins class=\"adsbygoogle\"\r\n     style=\"display:block\"\r\n     data-ad-client=\"ca-pub-5605228788947132\"\r\n     data-ad-slot=\"6189026294\"\r\n     data-ad-format=\"link\"\r\n     data-full-width-responsive=\"true\"><\/ins>\r\n<script>\r\n     (adsbygoogle = window.adsbygoogle || []).push({});\r\n<\/script>\n<\/div>\n<p style=\"padding-left: 40px;\">Un certificado de preparatoria falso es un documento que <strong>hace parecer que una persona ha completado sus estudios de preparatoria<\/strong> cuando en realidad no lo ha hecho.<\/p>\n<div class=\"ads-button\">\n\t\t<a href=\"https:\/\/todocertificados.com\/mexico\/preparatoria-falso\/#Falso_certificado_de_preparatoria_en_linea\" target=\"_self\" class=\"adsbtn-swipe \"> Certificado de Preparatoria falso<\/a>\n\t\t<\/div>\n<div class=\"ads-button\">\n\t\t<a href=\"https:\/\/todocertificados.com\/mexico\/preparatoria-falso\/#Descargar_certificado_de_preparatoria_falso_pdf\" target=\"_self\" class=\"adsbtn-swipe \"> Descargar Certificado de Prepa PDF<\/a>\n\t\t<\/div>\n<p>Estos certificados pueden ser creados utilizando software de edici\u00f3n de im\u00e1genes, compr\u00e1ndolos por internet, descargando una plantilla de certificado de preparatoria falso&#8230;<\/p>\n<div class=\"tds-message-box box-info \">La falsificaci\u00f3n de un certificado de preparatoria <strong>es un delito y puede tener graves consecuencias<\/strong>. Si alguien utiliza un certificado falso para obtener un trabajo o ingresar a la universidad, puede ser despedido o expulsado.<\/div>\n<p>Esto puede ser usado <strong>para presumir de unos estudios o habilidades<\/strong> con amigos o familiares, pero nunca le de un uso m\u00e1s all\u00e1 de este, pues puede tener graves consecuencias.<\/p>\n<p>Las instituciones educativas y los empleadores suelen verificar la autenticidad de los certificados de preparatoria, por lo que es probable que se descubra la falsificaci\u00f3n. Puede conseguir cualquier certificado original aqu\u00ed:<\/p>\n<div class=\"ads-button\">\n\t\t<a href=\"https:\/\/todocertificados.com\/mexico\/certificado-estudios-linea\/\" target=\"_self\" class=\"adsbtn-swipe \"> Certificado de Estudios<\/a>\n\t\t<\/div>\n<h2>Formato de certificado de preparatoria falso<\/h2>\n<p><ins class=\"adsbygoogle\" style=\"display: block;\" data-ad-client=\"ca-pub-5605228788947132\" data-ad-slot=\"1044705892\" data-ad-format=\"auto\" data-full-width-responsive=\"true\"><\/ins><script>\n     (adsbygoogle = window.adsbygoogle || []).push({});\n<\/script><\/p>\n<p>El formaro de un certificado de preparatoria ha de ser l<strong>o m\u00e1s parecido a uno original<\/strong>. Este tiene los siguientes elementos y caracter\u00edsticas:<\/p>\n<ul>\n<li>Logo oficial de la SEP<\/li>\n<li>C\u00f3digo QR<\/li>\n<li>N\u00famero de folio<\/li>\n<li>CURP y CCT<\/li>\n<li>Sello digital (obtenlo desde el <a href=\"https:\/\/todocertificados.com\/mexico\/recuperacion-certificados\/\">sistema de recuperaci\u00f3n de certificados<\/a>)<\/li>\n<li>Firma de representante autorizado de la instituci\u00f3n educativa emisora donde se realizaron los estudios<\/li>\n<\/ul>\n<h2>Falso certificado de preparatoria en l\u00ednea<\/h2>\n<p><ins class=\"adsbygoogle\" style=\"display: block;\" data-ad-client=\"ca-pub-5605228788947132\" data-ad-slot=\"1044705892\" data-ad-format=\"auto\" data-full-width-responsive=\"true\"><\/ins><script>\n     (adsbygoogle = window.adsbygoogle || []).push({});\n<\/script><\/p>\n<div class=\"ads-color-box\" style=\"color:#444;background:#fbfce6;\">\n<p>Para obtener estos <strong>certificados en l\u00ednea<\/strong> puedes hacerlo de varias maneras:<\/p>\n<ol>\n<li><strong>Comprando<\/strong> certificados de prepa falsos por internet<\/li>\n<li><strong>Edit\u00e1ndolos<\/strong> con programas en l\u00ednea tipo el photoshop online<\/li>\n<li><strong>Creando uno tu mismo<\/strong> desde webs que facilitan la creaci\u00f3n de este tipo de documentos<\/li>\n<li>Obteniendo un <strong>certificado de preparatoria editable<\/strong><\/li>\n<\/ol>\n<\/div>\n<h3>1. Comprar un certificado de preparatoria SEP falso<\/h3>\n<p><ins class=\"adsbygoogle\" style=\"display: block;\" data-ad-client=\"ca-pub-5605228788947132\" data-ad-slot=\"1044705892\" data-ad-format=\"auto\" data-full-width-responsive=\"true\"><\/ins><script>\n     (adsbygoogle = window.adsbygoogle || []).push({});\n<\/script><\/p>\n<p>Si buscas la opci\u00f3n de comprar un certificado de preparator\u00eda por internet ten en cuenta que este <strong>ser\u00e1 siempre falso<\/strong>, aunque te prometan que pueden conseguirte un verdadero con tus datos. Por lo que si vas a gastarte el dinero en ello, que sea sabiendo que se trata de un falso certificado de preparatoria.<\/p>\n<p>Tan solo tienes que buscan el un buscado como google o directamente en sitios como mercadolibre, <strong>compra o venta de un certificado falso de prepa<\/strong>. Encontrar\u00e1s gente que se dedica a esto (de manera fraudulenta).<\/p>\n<div class=\"tds-message-box box-info \">Recuerda que <strong>no puedes usar este tipo de documentos para ning\u00fan tr\u00e1mite<\/strong> ya que no es v\u00e1lida. En caso de detectar su falsedad, puedes ser acusado de un delito.<\/div>\n<p>Los precios que puedes encontrar en este caso son muy variados. Nunca pagues por adelantado, pues tambi\u00e9n puedes encontrarte con gente que estafa con este tipo de cosas.<\/p>\n<h3>2. Editar un certificado de preparatoria falso formato pdf<\/h3>\n<p><ins class=\"adsbygoogle\" style=\"display: block;\" data-ad-client=\"ca-pub-5605228788947132\" data-ad-slot=\"1044705892\" data-ad-format=\"auto\" data-full-width-responsive=\"true\"><\/ins><script>\n     (adsbygoogle = window.adsbygoogle || []).push({});\n<\/script><\/p>\n<p>Si cuentas con un certificado de preparatoria falso formato pdf puedes editarlo con un software online tipo photoshop. Aqu\u00ed tienes un <strong>ejemplo de un certificado de preparatoria falso pdf<\/strong> editable.<\/p>\n<div class=\"ads-button\">\n\t\t<a href=\"https:\/\/todocertificados.com\/mexico\/wp-content\/uploads\/sites\/3\/2023\/03\/certificado-prepa-falso.pdf\" target=\"_self\" class=\"adsbtn-swipe \"> Certificado de Preparatoria falso PDF<\/a>\n\t\t<\/div>\n<p>Puedes encontrar muchos editores de pdf en internet solo buscando \u00abeditor de pdf\u00bb y encontrar\u00e1s miles de opciones para poder realizar la edici\u00f3n de este.<\/p>\n<h3>3. Crea tu propio certificado certificado de preparatoria falso para trabajar<\/h3>\n<p>Si quieres crear tu propio certificado de preparatoria tambi\u00e9n puedes hacerlo. En este caso te dejamos un v\u00eddeo para que veas como lo puedes hacer.<\/p>\n<p style=\"text-align: center;\"><iframe loading=\"lazy\" title=\"YouTube video player\" src=\"https:\/\/www.youtube.com\/embed\/OkNmU_d9vkQ\" width=\"450\" height=\"500\" frameborder=\"0\" allowfullscreen=\"allowfullscreen\"><span data-mce-type=\"bookmark\" style=\"display: inline-block; width: 0px; overflow: hidden; line-height: 0;\" class=\"mce_SELRES_start\">\ufeff<\/span><\/iframe><\/p>\n<p>&nbsp;<\/p>\n<div class=\"tds-message-box box-info \">Usar un certificado de bachillerato falso para trabajo <strong>puede llevar al despido<\/strong> si se descubre que no es original.<\/div>\n<p>De la misma manera se puede obtener un <strong>certificado de bachillerato falso o un certificado de preparatoria abierta falso<\/strong>.<\/p>\n<div class=\"ads-color-box\" style=\"color:#444;background:#eee;\">Hay trabajos a los que podemos acceder sin el certificado de preparatoria por lo que no necesitamos buscar uno falso. Por ejemplo, es el caso de la <a href=\"https:\/\/todocertificados.com\/mexico\/certificado-pestanas\/\">certificaci\u00f3n de pesta\u00f1as<\/a>, donde no se piden requisitos para obtenerlo y poder trabajar de ello.<\/div>\n<h2>Descargar certificado de preparatoria falso pdf<\/h2>\n<p><ins class=\"adsbygoogle\" style=\"display: block;\" data-ad-client=\"ca-pub-5605228788947132\" data-ad-slot=\"1044705892\" data-ad-format=\"auto\" data-full-width-responsive=\"true\"><\/ins><script>\n     (adsbygoogle = window.adsbygoogle || []).push({});\n<\/script><\/p>\n<p>Aqu\u00ed tienes un<strong> ejemplo de c\u00f3mo ser\u00eda un certificado de preparatoria falso pdf<\/strong>. Puedes descargarlo para ver en detalle como es, su formato, y editarlo cambiando los datos que quiera.<\/p>\n<div class=\"ads-button\">\n\t\t<a href=\"https:\/\/todocertificados.com\/mexico\/wp-content\/uploads\/sites\/3\/2023\/03\/certificado-prepa-falso.pdf\" target=\"_self\" class=\"adsbtn-swipe \"> Certificado de Preparatoria falso PDF<\/a>\n\t\t<\/div>\n<p>Insistimos que esto no puede usarse para ning\u00fan tipo de tr\u00e1mite, unicamente con el objetivo de presumir de estudios ante amigos o familiares.<\/p>\n<h2>C\u00f3mo saber si mi mi certificado de prepa es falso<\/h2>\n<p>Lo primero, para asegurar que tu certificado de prepa es v\u00e1lido y original es descargarlo desde la web oficial o de manera presencial como se explica en el siguiente bot\u00f3n, donde podr\u00e1 obtener su certificado original.<\/p>\n<div class=\"ads-button\">\n\t\t<a href=\"https:\/\/todocertificados.com\/mexico\/certificado-preparatoria-bachillerato\/\" target=\"_self\" class=\"adsbtn-swipe \"> Certificado de Preparatoria Original<\/a>\n\t\t<\/div>\n<p>Pero hay otras cosas en las que nos podemos fijar para saber si un certificado de prepa o bachillerato es falso.<\/p>\n<div class=\"ads-custom-box custom-box \" style=\"border-color:#636363;padding: 2.2rem 2.2rem;\"><div class=\"ads-custom-box-content\">\n<p><strong>Para verificar si tu certificado de preparatoria es aut\u00e9ntico o falso<\/strong>, hay varios pasos que puedes seguir:<\/p>\n<ul>\n<li><strong>Verifica la informaci\u00f3n b\u00e1sica<\/strong>: revisa si la informaci\u00f3n b\u00e1sica del certificado coincide con los datos que tienes de tu historial acad\u00e9mico. Verifica si tu nombre est\u00e1 escrito correctamente, si la fecha de graduaci\u00f3n es correcta y si el nombre de la escuela es el correcto.<\/li>\n<li><strong>Contacta a la escuela<\/strong>: ponte en contacto con la escuela donde obtuviste tu certificado y pregunta si pueden confirmar la autenticidad del documento. Aseg\u00farate de proporcionarles los detalles relevantes, como el nombre completo y la fecha de graduaci\u00f3n.<\/li>\n<li><strong>Verifica la firma y sello<\/strong>: verifica si la firma del director de la escuela y el sello son aut\u00e9nticos. Si tienes dudas, puedes compararlos con otros documentos oficiales de la escuela.<\/li>\n<li><strong>Verifica los detalles de seguridad<\/strong>: revisa si el certificado tiene detalles de seguridad, como un holograma, marca de agua o sellos de seguridad. Si es as\u00ed, aseg\u00farate de que sean aut\u00e9nticos.<\/li>\n<li><strong>Busca inconsistencias<\/strong>: busca cualquier inconsistencia en el documento, como errores de ortograf\u00eda, gram\u00e1tica o formato. Los documentos falsos a menudo tienen errores que son f\u00e1cilmente detectables.<\/li>\n<\/ul>\n<\/div><\/div>\n\n<div style=\"font-size: 0px; height: 0px; line-height: 0px; margin: 0; padding: 0; clear: both;\"><\/div>","protected":false},"excerpt":{"rendered":"<p>Un certificado de preparatoria falso es un documento que hace parecer que una persona ha completado sus estudios de preparatoria cuando en realidad no lo ha hecho. Estos certificados pueden ser creados utilizando software de edici\u00f3n de im\u00e1genes, compr\u00e1ndolos por internet, descargando una plantilla de certificado de preparatoria falso&#8230; Esto puede ser usado para presumir ..<\/p>\n<div class=\"clear-fix\"><\/div>\n<p><a href=\"https:\/\/todocertificados.com\/mexico\/preparatoria-falso\/\" title=\"Leer m\u00e1s...\">Leer m\u00e1s<\/a><\/p>\n","protected":false},"author":1,"featured_media":987,"parent":0,"menu_order":0,"comment_status":"closed","ping_status":"closed","template":"full-width-template.php","meta":{"footnotes":""},"categories":[8],"tags":[10],"yoast_head":"<!-- This site is optimized with the Yoast SEO plugin v22.2 - https:\/\/yoast.com\/wordpress\/plugins\/seo\/ -->\n<title>Certificado de preparatoria falso &#187; Certificados M\u00e9xico<\/title>\n<meta name=\"robots\" content=\"index, follow, max-snippet:-1, max-image-preview:large, max-video-preview:-1\" \/>\n<link rel=\"canonical\" href=\"https:\/\/todocertificados.com\/mexico\/preparatoria-falso\/\" \/>\n<meta property=\"og:locale\" content=\"es_ES\" \/>\n<meta property=\"og:type\" content=\"article\" \/>\n<meta property=\"og:title\" content=\"Certificado de preparatoria falso &#187; Certificados M\u00e9xico\" \/>\n<meta property=\"og:description\" content=\"Un certificado de preparatoria falso es un documento que hace parecer que una persona ha completado sus estudios de preparatoria cuando en realidad no lo ha hecho. Estos certificados pueden ser creados utilizando software de edici\u00f3n de im\u00e1genes, compr\u00e1ndolos por internet, descargando una plantilla de certificado de preparatoria falso&#8230; Esto puede ser usado para presumir ..Leer m\u00e1s\" \/>\n<meta property=\"og:url\" content=\"https:\/\/todocertificados.com\/mexico\/preparatoria-falso\/\" \/>\n<meta property=\"og:site_name\" content=\"Certificados M\u00e9xico\" \/>\n<meta property=\"article:modified_time\" content=\"2023-11-06T23:18:39+00:00\" \/>\n<meta property=\"og:image\" content=\"https:\/\/todocertificados.com\/mexico\/wp-content\/uploads\/sites\/3\/2023\/03\/Certificado-preparatoria-falso-formato.jpg\" \/>\n\t<meta property=\"og:image:width\" content=\"301\" \/>\n\t<meta property=\"og:image:height\" content=\"219\" \/>\n\t<meta property=\"og:image:type\" content=\"image\/jpeg\" \/>\n<meta name=\"twitter:card\" content=\"summary_large_image\" \/>\n<meta name=\"twitter:label1\" content=\"Tiempo de lectura\" \/>\n\t<meta name=\"twitter:data1\" content=\"6 minutos\" \/>\n<script type=\"application\/ld+json\" class=\"yoast-schema-graph\">{\"@context\":\"https:\/\/schema.org\",\"@graph\":[{\"@type\":\"WebPage\",\"@id\":\"https:\/\/todocertificados.com\/mexico\/preparatoria-falso\/\",\"url\":\"https:\/\/todocertificados.com\/mexico\/preparatoria-falso\/\",\"name\":\"Certificado de preparatoria falso &#187; Certificados M\u00e9xico\",\"isPartOf\":{\"@id\":\"https:\/\/todocertificados.com\/mexico\/#website\"},\"primaryImageOfPage\":{\"@id\":\"https:\/\/todocertificados.com\/mexico\/preparatoria-falso\/#primaryimage\"},\"image\":{\"@id\":\"https:\/\/todocertificados.com\/mexico\/preparatoria-falso\/#primaryimage\"},\"thumbnailUrl\":\"https:\/\/todocertificados.com\/mexico\/wp-content\/uploads\/sites\/3\/2023\/03\/Certificado-preparatoria-falso-formato.jpg\",\"datePublished\":\"2023-03-16T23:52:16+00:00\",\"dateModified\":\"2023-11-06T23:18:39+00:00\",\"breadcrumb\":{\"@id\":\"https:\/\/todocertificados.com\/mexico\/preparatoria-falso\/#breadcrumb\"},\"inLanguage\":\"es\",\"potentialAction\":[{\"@type\":\"ReadAction\",\"target\":[\"https:\/\/todocertificados.com\/mexico\/preparatoria-falso\/\"]}]},{\"@type\":\"ImageObject\",\"inLanguage\":\"es\",\"@id\":\"https:\/\/todocertificados.com\/mexico\/preparatoria-falso\/#primaryimage\",\"url\":\"https:\/\/todocertificados.com\/mexico\/wp-content\/uploads\/sites\/3\/2023\/03\/Certificado-preparatoria-falso-formato.jpg\",\"contentUrl\":\"https:\/\/todocertificados.com\/mexico\/wp-content\/uploads\/sites\/3\/2023\/03\/Certificado-preparatoria-falso-formato.jpg\",\"width\":301,\"height\":219,\"caption\":\"Certificado preparatoria falso formato\"},{\"@type\":\"BreadcrumbList\",\"@id\":\"https:\/\/todocertificados.com\/mexico\/preparatoria-falso\/#breadcrumb\",\"itemListElement\":[{\"@type\":\"ListItem\",\"position\":1,\"name\":\"Portada\",\"item\":\"https:\/\/todocertificados.com\/mexico\/\"},{\"@type\":\"ListItem\",\"position\":2,\"name\":\"Certificado de preparatoria falso\"}]},{\"@type\":\"WebSite\",\"@id\":\"https:\/\/todocertificados.com\/mexico\/#website\",\"url\":\"https:\/\/todocertificados.com\/mexico\/\",\"name\":\"Certificados M\u00e9xico\",\"description\":\"Todo sobre certificados mexicanos\",\"publisher\":{\"@id\":\"https:\/\/todocertificados.com\/mexico\/#organization\"},\"potentialAction\":[{\"@type\":\"SearchAction\",\"target\":{\"@type\":\"EntryPoint\",\"urlTemplate\":\"https:\/\/todocertificados.com\/mexico\/?s={search_term_string}\"},\"query-input\":\"required name=search_term_string\"}],\"inLanguage\":\"es\"},{\"@type\":\"Organization\",\"@id\":\"https:\/\/todocertificados.com\/mexico\/#organization\",\"name\":\"TodoCertificados\",\"url\":\"https:\/\/todocertificados.com\/mexico\/\",\"logo\":{\"@type\":\"ImageObject\",\"inLanguage\":\"es\",\"@id\":\"https:\/\/todocertificados.com\/mexico\/#\/schema\/logo\/image\/\",\"url\":\"https:\/\/todocertificados.com\/mexico\/wp-content\/uploads\/sites\/3\/2020\/07\/todo-certificados-favicon.png\",\"contentUrl\":\"https:\/\/todocertificados.com\/mexico\/wp-content\/uploads\/sites\/3\/2020\/07\/todo-certificados-favicon.png\",\"width\":512,\"height\":512,\"caption\":\"TodoCertificados\"},\"image\":{\"@id\":\"https:\/\/todocertificados.com\/mexico\/#\/schema\/logo\/image\/\"}}]}<\/script>\n<!-- \/ Yoast SEO plugin. -->","yoast_head_json":{"title":"Certificado de preparatoria falso &#187; Certificados M\u00e9xico","robots":{"index":"index","follow":"follow","max-snippet":"max-snippet:-1","max-image-preview":"max-image-preview:large","max-video-preview":"max-video-preview:-1"},"canonical":"https:\/\/todocertificados.com\/mexico\/preparatoria-falso\/","og_locale":"es_ES","og_type":"article","og_title":"Certificado de preparatoria falso &#187; Certificados M\u00e9xico","og_description":"Un certificado de preparatoria falso es un documento que hace parecer que una persona ha completado sus estudios de preparatoria cuando en realidad no lo ha hecho. Estos certificados pueden ser creados utilizando software de edici\u00f3n de im\u00e1genes, compr\u00e1ndolos por internet, descargando una plantilla de certificado de preparatoria falso&#8230; Esto puede ser usado para presumir ..Leer m\u00e1s","og_url":"https:\/\/todocertificados.com\/mexico\/preparatoria-falso\/","og_site_name":"Certificados M\u00e9xico","article_modified_time":"2023-11-06T23:18:39+00:00","og_image":[{"width":301,"height":219,"url":"https:\/\/todocertificados.com\/mexico\/wp-content\/uploads\/sites\/3\/2023\/03\/Certificado-preparatoria-falso-formato.jpg","type":"image\/jpeg"}],"twitter_card":"summary_large_image","twitter_misc":{"Tiempo de lectura":"6 minutos"},"schema":{"@context":"https:\/\/schema.org","@graph":[{"@type":"WebPage","@id":"https:\/\/todocertificados.com\/mexico\/preparatoria-falso\/","url":"https:\/\/todocertificados.com\/mexico\/preparatoria-falso\/","name":"Certificado de preparatoria falso &#187; Certificados M\u00e9xico","isPartOf":{"@id":"https:\/\/todocertificados.com\/mexico\/#website"},"primaryImageOfPage":{"@id":"https:\/\/todocertificados.com\/mexico\/preparatoria-falso\/#primaryimage"},"image":{"@id":"https:\/\/todocertificados.com\/mexico\/preparatoria-falso\/#primaryimage"},"thumbnailUrl":"https:\/\/todocertificados.com\/mexico\/wp-content\/uploads\/sites\/3\/2023\/03\/Certificado-preparatoria-falso-formato.jpg","datePublished":"2023-03-16T23:52:16+00:00","dateModified":"2023-11-06T23:18:39+00:00","breadcrumb":{"@id":"https:\/\/todocertificados.com\/mexico\/preparatoria-falso\/#breadcrumb"},"inLanguage":"es","potentialAction":[{"@type":"ReadAction","target":["https:\/\/todocertificados.com\/mexico\/preparatoria-falso\/"]}]},{"@type":"ImageObject","inLanguage":"es","@id":"https:\/\/todocertificados.com\/mexico\/preparatoria-falso\/#primaryimage","url":"https:\/\/todocertificados.com\/mexico\/wp-content\/uploads\/sites\/3\/2023\/03\/Certificado-preparatoria-falso-formato.jpg","contentUrl":"https:\/\/todocertificados.com\/mexico\/wp-content\/uploads\/sites\/3\/2023\/03\/Certificado-preparatoria-falso-formato.jpg","width":301,"height":219,"caption":"Certificado preparatoria falso formato"},{"@type":"BreadcrumbList","@id":"https:\/\/todocertificados.com\/mexico\/preparatoria-falso\/#breadcrumb","itemListElement":[{"@type":"ListItem","position":1,"name":"Portada","item":"https:\/\/todocertificados.com\/mexico\/"},{"@type":"ListItem","position":2,"name":"Certificado de preparatoria falso"}]},{"@type":"WebSite","@id":"https:\/\/todocertificados.com\/mexico\/#website","url":"https:\/\/todocertificados.com\/mexico\/","name":"Certificados M\u00e9xico","description":"Todo sobre certificados mexicanos","publisher":{"@id":"https:\/\/todocertificados.com\/mexico\/#organization"},"potentialAction":[{"@type":"SearchAction","target":{"@type":"EntryPoint","urlTemplate":"https:\/\/todocertificados.com\/mexico\/?s={search_term_string}"},"query-input":"required name=search_term_string"}],"inLanguage":"es"},{"@type":"Organization","@id":"https:\/\/todocertificados.com\/mexico\/#organization","name":"TodoCertificados","url":"https:\/\/todocertificados.com\/mexico\/","logo":{"@type":"ImageObject","inLanguage":"es","@id":"https:\/\/todocertificados.com\/mexico\/#\/schema\/logo\/image\/","url":"https:\/\/todocertificados.com\/mexico\/wp-content\/uploads\/sites\/3\/2020\/07\/todo-certificados-favicon.png","contentUrl":"https:\/\/todocertificados.com\/mexico\/wp-content\/uploads\/sites\/3\/2020\/07\/todo-certificados-favicon.png","width":512,"height":512,"caption":"TodoCertificados"},"image":{"@id":"https:\/\/todocertificados.com\/mexico\/#\/schema\/logo\/image\/"}}]}},"_links":{"self":[{"href":"https:\/\/todocertificados.com\/mexico\/wp-json\/wp\/v2\/pages\/986"}],"collection":[{"href":"https:\/\/todocertificados.com\/mexico\/wp-json\/wp\/v2\/pages"}],"about":[{"href":"https:\/\/todocertificados.com\/mexico\/wp-json\/wp\/v2\/types\/page"}],"author":[{"embeddable":true,"href":"https:\/\/todocertificados.com\/mexico\/wp-json\/wp\/v2\/users\/1"}],"replies":[{"embeddable":true,"href":"https:\/\/todocertificados.com\/mexico\/wp-json\/wp\/v2\/comments?post=986"}],"version-history":[{"count":17,"href":"https:\/\/todocertificados.com\/mexico\/wp-json\/wp\/v2\/pages\/986\/revisions"}],"predecessor-version":[{"id":1349,"href":"https:\/\/todocertificados.com\/mexico\/wp-json\/wp\/v2\/pages\/986\/revisions\/1349"}],"wp:featuredmedia":[{"embeddable":true,"href":"https:\/\/todocertificados.com\/mexico\/wp-json\/wp\/v2\/media\/987"}],"wp:attachment":[{"href":"https:\/\/todocertificados.com\/mexico\/wp-json\/wp\/v2\/media?parent=986"}],"wp:term":[{"taxonomy":"category","embeddable":true,"href":"https:\/\/todocertificados.com\/mexico\/wp-json\/wp\/v2\/categories?post=986"},{"taxonomy":"post_tag","embeddable":true,"href":"https:\/\/todocertificados.com\/mexico\/wp-json\/wp\/v2\/tags?post=986"}],"curies":[{"name":"wp","href":"https:\/\/api.w.org\/{rel}","templated":true}]}}