{"id":974,"date":"2023-03-06T01:04:39","date_gmt":"2023-03-06T01:04:39","guid":{"rendered":"https:\/\/todocertificados.com\/mexico\/?page_id=974"},"modified":"2023-06-28T09:51:07","modified_gmt":"2023-06-28T09:51:07","slug":"certificado-residencia-fiscal","status":"publish","type":"page","link":"https:\/\/todocertificados.com\/mexico\/certificado-residencia-fiscal\/","title":{"rendered":"Certificado de Residencia Fiscal"},"content":{"rendered":"<div class=\"02640ac1cf99e0a816556c1d72e1d642\" data-index=\"1\" style=\"float: none; margin:10px 0 10px 0; text-align:center;\">\n<ins class=\"adsbygoogle\"\r\n     style=\"display:block\"\r\n     data-ad-client=\"ca-pub-5605228788947132\"\r\n     data-ad-slot=\"6189026294\"\r\n     data-ad-format=\"link\"\r\n     data-full-width-responsive=\"true\"><\/ins>\r\n<script>\r\n     (adsbygoogle = window.adsbygoogle || []).push({});\r\n<\/script>\n<\/div>\n<p>Si quieres <strong>evitar la doble tributaci\u00f3n<\/strong>, el certificado de residencia fiscal es fundamental para poder acreditar tu <strong>residencia fiscal en M\u00e9xico ante otro pa\u00eds<\/strong> para as\u00ed poder evitar esa doble tributaci\u00f3n. Vamos a ver qu\u00e9 es y c\u00f3mo obtener este certificado.<\/p>\n<h2>Qu\u00e9 es un certificado de residencia fiscal<\/h2>\n<p>El certificado de residencia fiscal es el documento que <strong>acredita la residencia fiscal en M\u00e9xico<\/strong>. El coste del tr\u00e1mite para obtener este certificado es gratuito.<\/p>\n<p>Este certificado lo pueden solicitar tanto personas f\u00edsicas como empresas que necesiten acreditar su residencia fiscal en el pa\u00eds mexicano.<\/p>\n<p>La constancia de situaci\u00f3n fiscal es el documento en el que se <strong>muestran todos los datos del contribuyente<\/strong>, emitido por el SAT, cuyo objetivo es tener la informaci\u00f3n fiscal de la persona o empresa.<\/p>\n<p>De hecho, el SAT nos permite tambi\u00e9n poder acceder a la <a href=\"https:\/\/todocertificados.com\/mexico\/recuperacion-certificados\/\">recuperaci\u00f3n de certificado SAT<\/a>.<\/p>\n<h2>C\u00f3mo solicitar el certificado residencia fiscal<\/h2>\n<p>La constancia residencia fiscal se puede<strong> tramitar en l\u00ednea desde el portal del SAT<\/strong> sin necesidad de acudir a una oficina SAT presencialmente.<\/p>\n<div class=\"ads-color-box\" style=\"color:#444;background:#eee;\">\n<p>Solo tienes que:<\/p>\n<ol>\n<li>Ingresar a \u00ab<a href=\"https:\/\/www.sat.gob.mx\/tramites\/operacion\/25450\/solicita-tu-constancia-de-residencia-para-efectos-fiscales\">Mi portal<\/a>\u00bb del SAT<\/li>\n<li>Ingresar RFC y contrase\u00f1a<\/li>\n<li>Selecciona \u00abServicios por internet\u00bb<\/li>\n<li>Elige la opci\u00f3n \u00abServicio o Solicitudes\u00bb, y luego \u00abSolicitud\u00bb<\/li>\n<li>Haz clic en \u00abConstancia Residencia Fiscal\u00bb en el campo de \u00abTr\u00e1mite\u00bb<\/li>\n<li>Dentro del campo de \u00abAsunto\u00bb, indica: Constancia de Residencia Fiscal<\/li>\n<li>Dentro del campo \u00abDescripci\u00f3n\u00bb se\u00f1ala que no cuenta con residencia fiscal en otro pa\u00eds, indicando el periodo por el que se requiere el certificado de residencia para efecctos fiscales<\/li>\n<li>En el siguiente paso adjunta la documentaci\u00f3n que se requiere en formato .zip<\/li>\n<li>Por \u00faltimo, env\u00eda la solicitud conservando el n\u00famero de folio que se te dar\u00e1. En los pr\u00f3ximos 8 d\u00edas podr\u00e1s consultar el registro de la solicitud dentro de \u00abMi portal\u00bb<\/li>\n<\/ol>\n<\/div>\n<p>Si la respuesta es favorable, podr\u00e1 <strong>descargar su certificado de residencia fiscal<\/strong> en el apartado notas.<\/p>\n<div class=\"tds-message-box box-info \">Tambi\u00e9n puede acudir a la delegaci\u00f3n del SAT mas cercana si lo prefiere.<\/div>\n<h2>Certificado domicilio fiscal presencial<\/h2>\n<p>Para tramitar el certificado de residencia fiscal <strong>de manera presencial<\/strong> solo tienes que:<\/p>\n<ol>\n<li>Agendar una cita en el SAT: <a href=\"https:\/\/citas.sat.gob.mx\/\">https:\/\/citas.sat.gob.mx\/<\/a><\/li>\n<li>Acude a la cita y entrega la documentaci\u00f3n<\/li>\n<li>Guarda la forma oficial sellada que recibas<\/li>\n<li>Vuelve a la oficina del sAT para poder recibir tu Constancia de Residencia<\/li>\n<\/ol>\n<h2>Requisitos para el certificado de domicilio fiscal<\/h2>\n<p>Para solicitar la constancia de domicilio fiscal necesitar\u00e1 cumplir con una serie de <strong>requisitos<\/strong>:<\/p>\n<ol>\n<li>Tener estatus activo en el RFC durante el periodo solicitado<\/li>\n<li>Tener opini\u00f3n de cumplimiento de obligaciones fiscales positivas<\/li>\n<li>No estar inscrito en el RFC sin obligaciones fiscales<\/li>\n<li>Que el estado y el domicilio fiscal no sean distintos al localizado<\/li>\n<li>No ubicarte en la presunci\u00f3n establecida en el art\u00edculo 69-B del C\u00f3digo Fiscal de la Federaci\u00f3n<\/li>\n<li>No contar con residencia fiscal en otro pa\u00eds durante el periodo que se solicite<\/li>\n<\/ol>\n<p>&nbsp;<\/p>\n<p>A la hora de tramitar el certificado, <strong>se le solicitar\u00e1n los siguientes documentos<\/strong>:<\/p>\n<ul>\n<li>Forma 36, constancia de residencia para efectos fiscales (original)<\/li>\n<li>Poder notarial para actos de administraci\u00f3n, domino o especial (original y copia)<\/li>\n<li>Constancia de percepciones y retenciones o las facturas de n\u00f3mina si se trata de personas f\u00edsicas que dan servicios (original y copia)<\/li>\n<li>Acta constitutiva si se trata de personas morales (original y copia)<\/li>\n<li>Estar al corriente de las obligaciones fiscales acredit\u00e1ndolo con opini\u00f3n de cumplimiento positiva\u00a0 (original)<\/li>\n<\/ul>\n\n<div style=\"font-size: 0px; height: 0px; line-height: 0px; margin: 0; padding: 0; clear: both;\"><\/div>","protected":false},"excerpt":{"rendered":"<p>Si quieres evitar la doble tributaci\u00f3n, el certificado de residencia fiscal es fundamental para poder acreditar tu residencia fiscal en M\u00e9xico ante otro pa\u00eds para as\u00ed poder evitar esa doble tributaci\u00f3n. Vamos a ver qu\u00e9 es y c\u00f3mo obtener este certificado. Qu\u00e9 es un certificado de residencia fiscal El certificado de residencia fiscal es el ..<\/p>\n<div class=\"clear-fix\"><\/div>\n<p><a href=\"https:\/\/todocertificados.com\/mexico\/certificado-residencia-fiscal\/\" title=\"Leer m\u00e1s...\">Leer m\u00e1s<\/a><\/p>\n","protected":false},"author":1,"featured_media":977,"parent":0,"menu_order":0,"comment_status":"closed","ping_status":"closed","template":"full-width-template.php","meta":{"footnotes":""},"categories":[8],"tags":[],"yoast_head":"<!-- This site is optimized with the Yoast SEO plugin v22.2 - https:\/\/yoast.com\/wordpress\/plugins\/seo\/ -->\n<title>Certificado de Residencia Fiscal &#187; Certificados M\u00e9xico<\/title>\n<meta name=\"robots\" content=\"index, follow, max-snippet:-1, max-image-preview:large, max-video-preview:-1\" \/>\n<link rel=\"canonical\" href=\"https:\/\/todocertificados.com\/mexico\/certificado-residencia-fiscal\/\" \/>\n<meta property=\"og:locale\" content=\"es_ES\" \/>\n<meta property=\"og:type\" content=\"article\" \/>\n<meta property=\"og:title\" content=\"Certificado de Residencia Fiscal &#187; Certificados M\u00e9xico\" \/>\n<meta property=\"og:description\" content=\"Si quieres evitar la doble tributaci\u00f3n, el certificado de residencia fiscal es fundamental para poder acreditar tu residencia fiscal en M\u00e9xico ante otro pa\u00eds para as\u00ed poder evitar esa doble tributaci\u00f3n. Vamos a ver qu\u00e9 es y c\u00f3mo obtener este certificado. Qu\u00e9 es un certificado de residencia fiscal El certificado de residencia fiscal es el ..Leer m\u00e1s\" \/>\n<meta property=\"og:url\" content=\"https:\/\/todocertificados.com\/mexico\/certificado-residencia-fiscal\/\" \/>\n<meta property=\"og:site_name\" content=\"Certificados M\u00e9xico\" \/>\n<meta property=\"article:modified_time\" content=\"2023-06-28T09:51:07+00:00\" \/>\n<meta property=\"og:image\" content=\"https:\/\/todocertificados.com\/mexico\/wp-content\/uploads\/sites\/3\/2023\/03\/certificado-residencia-fiscal.jpg\" \/>\n\t<meta property=\"og:image:width\" content=\"301\" \/>\n\t<meta property=\"og:image:height\" content=\"219\" \/>\n\t<meta property=\"og:image:type\" content=\"image\/jpeg\" \/>\n<meta name=\"twitter:card\" content=\"summary_large_image\" \/>\n<meta name=\"twitter:label1\" content=\"Tiempo de lectura\" \/>\n\t<meta name=\"twitter:data1\" content=\"3 minutos\" \/>\n<script type=\"application\/ld+json\" class=\"yoast-schema-graph\">{\"@context\":\"https:\/\/schema.org\",\"@graph\":[{\"@type\":\"WebPage\",\"@id\":\"https:\/\/todocertificados.com\/mexico\/certificado-residencia-fiscal\/\",\"url\":\"https:\/\/todocertificados.com\/mexico\/certificado-residencia-fiscal\/\",\"name\":\"Certificado de Residencia Fiscal &#187; Certificados M\u00e9xico\",\"isPartOf\":{\"@id\":\"https:\/\/todocertificados.com\/mexico\/#website\"},\"primaryImageOfPage\":{\"@id\":\"https:\/\/todocertificados.com\/mexico\/certificado-residencia-fiscal\/#primaryimage\"},\"image\":{\"@id\":\"https:\/\/todocertificados.com\/mexico\/certificado-residencia-fiscal\/#primaryimage\"},\"thumbnailUrl\":\"https:\/\/todocertificados.com\/mexico\/wp-content\/uploads\/sites\/3\/2023\/03\/certificado-residencia-fiscal.jpg\",\"datePublished\":\"2023-03-06T01:04:39+00:00\",\"dateModified\":\"2023-06-28T09:51:07+00:00\",\"breadcrumb\":{\"@id\":\"https:\/\/todocertificados.com\/mexico\/certificado-residencia-fiscal\/#breadcrumb\"},\"inLanguage\":\"es\",\"potentialAction\":[{\"@type\":\"ReadAction\",\"target\":[\"https:\/\/todocertificados.com\/mexico\/certificado-residencia-fiscal\/\"]}]},{\"@type\":\"ImageObject\",\"inLanguage\":\"es\",\"@id\":\"https:\/\/todocertificados.com\/mexico\/certificado-residencia-fiscal\/#primaryimage\",\"url\":\"https:\/\/todocertificados.com\/mexico\/wp-content\/uploads\/sites\/3\/2023\/03\/certificado-residencia-fiscal.jpg\",\"contentUrl\":\"https:\/\/todocertificados.com\/mexico\/wp-content\/uploads\/sites\/3\/2023\/03\/certificado-residencia-fiscal.jpg\",\"width\":301,\"height\":219,\"caption\":\"Certificado residencia fiscal\"},{\"@type\":\"BreadcrumbList\",\"@id\":\"https:\/\/todocertificados.com\/mexico\/certificado-residencia-fiscal\/#breadcrumb\",\"itemListElement\":[{\"@type\":\"ListItem\",\"position\":1,\"name\":\"Portada\",\"item\":\"https:\/\/todocertificados.com\/mexico\/\"},{\"@type\":\"ListItem\",\"position\":2,\"name\":\"Certificado de Residencia Fiscal\"}]},{\"@type\":\"WebSite\",\"@id\":\"https:\/\/todocertificados.com\/mexico\/#website\",\"url\":\"https:\/\/todocertificados.com\/mexico\/\",\"name\":\"Certificados M\u00e9xico\",\"description\":\"Todo sobre certificados mexicanos\",\"publisher\":{\"@id\":\"https:\/\/todocertificados.com\/mexico\/#organization\"},\"potentialAction\":[{\"@type\":\"SearchAction\",\"target\":{\"@type\":\"EntryPoint\",\"urlTemplate\":\"https:\/\/todocertificados.com\/mexico\/?s={search_term_string}\"},\"query-input\":\"required name=search_term_string\"}],\"inLanguage\":\"es\"},{\"@type\":\"Organization\",\"@id\":\"https:\/\/todocertificados.com\/mexico\/#organization\",\"name\":\"TodoCertificados\",\"url\":\"https:\/\/todocertificados.com\/mexico\/\",\"logo\":{\"@type\":\"ImageObject\",\"inLanguage\":\"es\",\"@id\":\"https:\/\/todocertificados.com\/mexico\/#\/schema\/logo\/image\/\",\"url\":\"https:\/\/todocertificados.com\/mexico\/wp-content\/uploads\/sites\/3\/2020\/07\/todo-certificados-favicon.png\",\"contentUrl\":\"https:\/\/todocertificados.com\/mexico\/wp-content\/uploads\/sites\/3\/2020\/07\/todo-certificados-favicon.png\",\"width\":512,\"height\":512,\"caption\":\"TodoCertificados\"},\"image\":{\"@id\":\"https:\/\/todocertificados.com\/mexico\/#\/schema\/logo\/image\/\"}}]}<\/script>\n<!-- \/ Yoast SEO plugin. -->","yoast_head_json":{"title":"Certificado de Residencia Fiscal &#187; Certificados M\u00e9xico","robots":{"index":"index","follow":"follow","max-snippet":"max-snippet:-1","max-image-preview":"max-image-preview:large","max-video-preview":"max-video-preview:-1"},"canonical":"https:\/\/todocertificados.com\/mexico\/certificado-residencia-fiscal\/","og_locale":"es_ES","og_type":"article","og_title":"Certificado de Residencia Fiscal &#187; Certificados M\u00e9xico","og_description":"Si quieres evitar la doble tributaci\u00f3n, el certificado de residencia fiscal es fundamental para poder acreditar tu residencia fiscal en M\u00e9xico ante otro pa\u00eds para as\u00ed poder evitar esa doble tributaci\u00f3n. Vamos a ver qu\u00e9 es y c\u00f3mo obtener este certificado. Qu\u00e9 es un certificado de residencia fiscal El certificado de residencia fiscal es el ..Leer m\u00e1s","og_url":"https:\/\/todocertificados.com\/mexico\/certificado-residencia-fiscal\/","og_site_name":"Certificados M\u00e9xico","article_modified_time":"2023-06-28T09:51:07+00:00","og_image":[{"width":301,"height":219,"url":"https:\/\/todocertificados.com\/mexico\/wp-content\/uploads\/sites\/3\/2023\/03\/certificado-residencia-fiscal.jpg","type":"image\/jpeg"}],"twitter_card":"summary_large_image","twitter_misc":{"Tiempo de lectura":"3 minutos"},"schema":{"@context":"https:\/\/schema.org","@graph":[{"@type":"WebPage","@id":"https:\/\/todocertificados.com\/mexico\/certificado-residencia-fiscal\/","url":"https:\/\/todocertificados.com\/mexico\/certificado-residencia-fiscal\/","name":"Certificado de Residencia Fiscal &#187; Certificados M\u00e9xico","isPartOf":{"@id":"https:\/\/todocertificados.com\/mexico\/#website"},"primaryImageOfPage":{"@id":"https:\/\/todocertificados.com\/mexico\/certificado-residencia-fiscal\/#primaryimage"},"image":{"@id":"https:\/\/todocertificados.com\/mexico\/certificado-residencia-fiscal\/#primaryimage"},"thumbnailUrl":"https:\/\/todocertificados.com\/mexico\/wp-content\/uploads\/sites\/3\/2023\/03\/certificado-residencia-fiscal.jpg","datePublished":"2023-03-06T01:04:39+00:00","dateModified":"2023-06-28T09:51:07+00:00","breadcrumb":{"@id":"https:\/\/todocertificados.com\/mexico\/certificado-residencia-fiscal\/#breadcrumb"},"inLanguage":"es","potentialAction":[{"@type":"ReadAction","target":["https:\/\/todocertificados.com\/mexico\/certificado-residencia-fiscal\/"]}]},{"@type":"ImageObject","inLanguage":"es","@id":"https:\/\/todocertificados.com\/mexico\/certificado-residencia-fiscal\/#primaryimage","url":"https:\/\/todocertificados.com\/mexico\/wp-content\/uploads\/sites\/3\/2023\/03\/certificado-residencia-fiscal.jpg","contentUrl":"https:\/\/todocertificados.com\/mexico\/wp-content\/uploads\/sites\/3\/2023\/03\/certificado-residencia-fiscal.jpg","width":301,"height":219,"caption":"Certificado residencia fiscal"},{"@type":"BreadcrumbList","@id":"https:\/\/todocertificados.com\/mexico\/certificado-residencia-fiscal\/#breadcrumb","itemListElement":[{"@type":"ListItem","position":1,"name":"Portada","item":"https:\/\/todocertificados.com\/mexico\/"},{"@type":"ListItem","position":2,"name":"Certificado de Residencia Fiscal"}]},{"@type":"WebSite","@id":"https:\/\/todocertificados.com\/mexico\/#website","url":"https:\/\/todocertificados.com\/mexico\/","name":"Certificados M\u00e9xico","description":"Todo sobre certificados mexicanos","publisher":{"@id":"https:\/\/todocertificados.com\/mexico\/#organization"},"potentialAction":[{"@type":"SearchAction","target":{"@type":"EntryPoint","urlTemplate":"https:\/\/todocertificados.com\/mexico\/?s={search_term_string}"},"query-input":"required name=search_term_string"}],"inLanguage":"es"},{"@type":"Organization","@id":"https:\/\/todocertificados.com\/mexico\/#organization","name":"TodoCertificados","url":"https:\/\/todocertificados.com\/mexico\/","logo":{"@type":"ImageObject","inLanguage":"es","@id":"https:\/\/todocertificados.com\/mexico\/#\/schema\/logo\/image\/","url":"https:\/\/todocertificados.com\/mexico\/wp-content\/uploads\/sites\/3\/2020\/07\/todo-certificados-favicon.png","contentUrl":"https:\/\/todocertificados.com\/mexico\/wp-content\/uploads\/sites\/3\/2020\/07\/todo-certificados-favicon.png","width":512,"height":512,"caption":"TodoCertificados"},"image":{"@id":"https:\/\/todocertificados.com\/mexico\/#\/schema\/logo\/image\/"}}]}},"_links":{"self":[{"href":"https:\/\/todocertificados.com\/mexico\/wp-json\/wp\/v2\/pages\/974"}],"collection":[{"href":"https:\/\/todocertificados.com\/mexico\/wp-json\/wp\/v2\/pages"}],"about":[{"href":"https:\/\/todocertificados.com\/mexico\/wp-json\/wp\/v2\/types\/page"}],"author":[{"embeddable":true,"href":"https:\/\/todocertificados.com\/mexico\/wp-json\/wp\/v2\/users\/1"}],"replies":[{"embeddable":true,"href":"https:\/\/todocertificados.com\/mexico\/wp-json\/wp\/v2\/comments?post=974"}],"version-history":[{"count":5,"href":"https:\/\/todocertificados.com\/mexico\/wp-json\/wp\/v2\/pages\/974\/revisions"}],"predecessor-version":[{"id":1190,"href":"https:\/\/todocertificados.com\/mexico\/wp-json\/wp\/v2\/pages\/974\/revisions\/1190"}],"wp:featuredmedia":[{"embeddable":true,"href":"https:\/\/todocertificados.com\/mexico\/wp-json\/wp\/v2\/media\/977"}],"wp:attachment":[{"href":"https:\/\/todocertificados.com\/mexico\/wp-json\/wp\/v2\/media?parent=974"}],"wp:term":[{"taxonomy":"category","embeddable":true,"href":"https:\/\/todocertificados.com\/mexico\/wp-json\/wp\/v2\/categories?post=974"},{"taxonomy":"post_tag","embeddable":true,"href":"https:\/\/todocertificados.com\/mexico\/wp-json\/wp\/v2\/tags?post=974"}],"curies":[{"name":"wp","href":"https:\/\/api.w.org\/{rel}","templated":true}]}}