{"id":957,"date":"2023-03-04T22:34:35","date_gmt":"2023-03-04T22:34:35","guid":{"rendered":"https:\/\/todocertificados.com\/mexico\/?page_id=957"},"modified":"2023-03-06T01:15:29","modified_gmt":"2023-03-06T01:15:29","slug":"certificado-tlcan","status":"publish","type":"page","link":"https:\/\/todocertificados.com\/mexico\/certificado-tlcan\/","title":{"rendered":"Certificado de origen TLCAN"},"content":{"rendered":"<div class=\"02640ac1cf99e0a816556c1d72e1d642\" data-index=\"1\" style=\"float: none; margin:10px 0 10px 0; text-align:center;\">\n<ins class=\"adsbygoogle\"\r\n     style=\"display:block\"\r\n     data-ad-client=\"ca-pub-5605228788947132\"\r\n     data-ad-slot=\"6189026294\"\r\n     data-ad-format=\"link\"\r\n     data-full-width-responsive=\"true\"><\/ins>\r\n<script>\r\n     (adsbygoogle = window.adsbygoogle || []).push({});\r\n<\/script>\n<\/div>\n<p>El Certificado TLC (Tratado de Libre Comercio) es un <strong>documento que permite a los exportadores mexicanos la exenci\u00f3n de aranceles en la exportaci\u00f3n de productos a los Estados Unidos y Canad\u00e1<\/strong>. Este certificado se emite para confirmar que los productos exportados cumplen con las reglas de origen establecidas en el Tratado de Libre Comercio de Am\u00e9rica del Norte (TLCAN).<\/p>\n<div class=\"ads-row\"><div class=\"cell\"><div class=\"ads-button\">\n\t\t<a href=\"https:\/\/todocertificados.com\/mexico\/certificado-de-origen-tlcan\/#Instructivo_de_llenado_de_certificado_de_origen_TLCAN\" target=\"_self\" class=\"adsbtn-swipe \"> Llenado TLCAN<\/a>\n\t\t<\/div><\/div><div class=\"cell\"><div class=\"ads-button\">\n\t\t<a href=\"https:\/\/todocertificados.com\/mexico\/certificado-de-origen-tlcan\/#Certificado_de_origen_TLCAN_formato_Word\" target=\"_self\" class=\"adsbtn-swipe \"> Certificado TLCAN Word<\/a>\n\t\t<\/div><\/div><div class=\"cell\"><div class=\"ads-button\">\n\t\t<a href=\"https:\/\/todocertificados.com\/mexico\/certificado-de-origen-tlcan\/#Certificado_de_origen_TLCAN_PDF\" target=\"_self\" class=\"adsbtn-swipe \"> Certificado TLCAN PDF<\/a>\n\t\t<\/div><\/div><\/div>\n<h2>Certificado de origen TLCAN e instructivo de llenado<\/h2>\n<p>Para obtener un Certificado TLC, el exportador mexicano debe presentar una solicitud a la Secretar\u00eda de Econom\u00eda de M\u00e9xico, demostrando que el producto cumple con las reglas de origen establecidas en el tratado. Una vez que la solicitud es aprobada, se emite el certificado, que <strong>debe ser presentado en la aduana de destino<\/strong> junto con el producto exportado para obtener la exenci\u00f3n de aranceles.<\/p>\n<p>El TLCAN es un acuerdo comercial entre M\u00e9xico, Estados Unidos y Canad\u00e1, que entr\u00f3 en vigor en 1994 y se renegoci\u00f3 en 2018, ahora conocido como <a href=\"https:\/\/todocertificados.com\/mexico\/certificado-origen-tmec\/\">T-MEC<\/a> (Tratado entre M\u00e9xico, Estados Unidos y Canad\u00e1). El objetivo del tratado es eliminar barreras comerciales y fomentar el comercio entre los tres pa\u00edses.<\/p>\n<p style=\"text-align: center;\"><div class=\"ads-button\">\n\t\t<a href=\"https:\/\/todocertificados.com\/mexico\/certificado-origen-tmec\/\" target=\"_self\" class=\"adsbtn-swipe \"> T MEC Certificado de Origen<\/a>\n\t\t<\/div>\n<hr \/>\n<p>Aqu\u00ed un <strong>ejemplo del certificado de origen TLCAN y del instructivo de llenado<\/strong>.<\/p>\n<h3>Ejemplo de certificado de origen TLCAN<\/h3>\n<p><img loading=\"lazy\" decoding=\"async\" class=\"aligncenter wp-image-958 size-full\" src=\"https:\/\/todocertificados.com\/mexico\/wp-content\/uploads\/sites\/3\/2023\/03\/certificado-de-origen-TLCAN.jpg\" alt=\"Certificado de origen TLCAN\" width=\"650\" height=\"720\" srcset=\"https:\/\/todocertificados.com\/mexico\/wp-content\/uploads\/sites\/3\/2023\/03\/certificado-de-origen-TLCAN.jpg 650w, https:\/\/todocertificados.com\/mexico\/wp-content\/uploads\/sites\/3\/2023\/03\/certificado-de-origen-TLCAN-271x300.jpg 271w, https:\/\/todocertificados.com\/mexico\/wp-content\/uploads\/sites\/3\/2023\/03\/certificado-de-origen-TLCAN-135x150.jpg 135w, https:\/\/todocertificados.com\/mexico\/wp-content\/uploads\/sites\/3\/2023\/03\/certificado-de-origen-TLCAN-300x332.jpg 300w\" sizes=\"(max-width: 650px) 100vw, 650px\" \/><\/p>\n<h3>Instructivo de llenado de certificado de origen TLCAN<\/h3>\n<p>Este certificado de origen TLCAN solo es necesario si se trata de <strong>exportaciones entre los paises del TLCAN<\/strong>. Si son exportaciones para otros paises puede ver si es elegible para otros certificados de origen.<\/p>\n<p style=\"text-align: center;\"><div class=\"ads-button\">\n\t\t<a href=\"https:\/\/todocertificados.com\/mexico\/certificado-origen\/\" target=\"_self\" class=\"adsbtn-swipe \"> Otros Certificados de Origen<\/a>\n\t\t<\/div>\n<p>Aqu\u00ed el instructivo de llenado del certificado de origen TLCAN donde se explica<strong> c\u00f3mo llenar un certificado de origen TLCAN<\/strong>:<\/p>\n<hr \/>\n<p>&nbsp;<\/p>\n<p>El llenado de este certificado debe ser en formato legible y en su totalidad por el exportador del bien y el importador deber\u00e1 tenerlo en su poder al momento de formular el pedimento de importaci\u00f3n. Este documento tambi\u00e9n podr\u00e1 ser llenado por el productor, si as\u00ed lo desea para ser utilizado por el exportador del bien. Llenar a m\u00e1quina o con letra de molde.<\/p>\n<ul>\n<li><strong>Campo 1<\/strong>: Nombre completo, denominaci\u00f3n o raz\u00f3n social, domicilio (incluyendo el pa\u00eds) y el numero de registro fiscal del exportador. El registro fiscal ser\u00e1:\n<ul>\n<li>En Canad\u00e1: el numero de identificaci\u00f3n del patr\u00f3n o numero de identificaci\u00f3n del importador\/exportador, asignado por el Ministerio de Ingresos de Canad\u00e1.<\/li>\n<li>En Mexico: la clave del registro federal de contribuyentes (RFC)<\/li>\n<li>En los Estados Unidos de Am\u00e9rica: el numero de identificaci\u00f3n del patr\u00f3n o el N\u00famero del Seguro Social.<\/li>\n<\/ul>\n<\/li>\n<li><strong>Campo 2:<\/strong> Llenarse solo en caso de que el certificado ampare varias importaciones de bienes id\u00e9nticos a los descritos en el campo 5, que se importen a alg\u00fan pa\u00eds parte del Tratado de Libre Comercio de Am\u00e9rica del Norte (TLCAN) en un periodo espec\u00edfico no mayor de un a\u00f1o (periodo que cubre). La palabra \u201cDE\u201d deber\u00e1 ir seguida por la fecha (Dia\/Mes\/A\u00f1o)a partir de la cual el Certificado ampara el bien descrito en el certificado. (Esta fecha puede ser anterior a la fecha de la firma del certificado). La palabra \u201cA\u201d deber\u00e1 ir seguida por la fecha (Dia\/Mes\/A\u00f1o) en la que vence el periodo que cubre el Certificado. La importaci\u00f3n del bien sujeto a trato arancelario preferencial con base en este Certificado deber\u00e1 efectuarse durante las fechas indicadas.<\/li>\n<li><strong>Campo 3<\/strong>: Nombre completo, denominaci\u00f3n o raz\u00f3n social, domicilio (incluyendo el pa\u00eds) y el numero de registro fiscal del productor, tal como se describe en el campo 1. En caso de que el certificado ampare bienes de mas de un productor, anexe una lista de los productores adicionales, incluyendo el nombre completo, denominaci\u00f3n o raz\u00f3n social, domicilio (incluyendo el pa\u00eds) y numero de registro fiscal, haciendo referencia directa al bien, descrito en el campo 5. Cuando se desee que la informaci\u00f3n contenida en este campo sea confidencial, podr\u00e1 se\u00f1alarse de la siguiente manera: \u201cdisponible a solicitud de la aduana\u201d. En caso de que el productor y el exportador sean la misma persona, indique la palabra \u201cmismo\u201d. En caso de desconocerse la identidad del productor indicar la palabra \u201cdesconocido\u201d<\/li>\n<li><strong>Campo 4<\/strong>: Nombre completo, denominaci\u00f3n o raz\u00f3n social, domicilio (incluyendo e; pa\u00eds) y el numero de registro fiscal del importaor, tal como se describe en el campo 1 en caso de no conocerse la identidad del importador, indicar la palabra \u201cdesconocido\u201d. Trat\u00e1ndose de varios importadores indicar la palabra \u201cdiversos \u201c<\/li>\n<li><strong>Campo 5<\/strong>: Descripci\u00f3n completa de cada bien. La descripci\u00f3n deber\u00e1 ser suficiente para relacionarla con la descripci\u00f3n contenida en la factura, as\u00ed como con la descripci\u00f3n que corresponda al bien en el Sistema Armonizado. En caso de que el Certificado ampare una sola importaci\u00f3n del bien, deber\u00e1 indicarse el numero de factura, tal como aparece en la factura comercial. En caso de desconocerse deber\u00e1 indicarse otro n\u00famero de referencia \u00fanico, como el numero de orden embarque.<\/li>\n<li><strong>Campo 6<\/strong>: Declare la clasificaci\u00f3n arancelaria a 6 d\u00edgitos que corresponda en el Sistema Armonizado a cada bien descrito en el campo 5. En caso de que el bien est\u00e9 sujeto a una regla especifica de origen que requiera ocho d\u00edgitos, la clasificaci\u00f3n arancelaria del Sistema Armonizado que corresponda en el pa\u00eds a cuyo territorio se importa el bien.<\/li>\n<li><strong>Campo 7<\/strong>: Identifique el criterio (de la A a la F) aplicable para cada bien descrito en el campo 5. Las reglas de origen se encuentran en el capitulo 4 y en el anexo 401 del TLCAN. Existen reglas adicionales en el anexo 703.2 (determinados productos agropecuarios), ap\u00e9ndice 6-A del anexo 300-B (determinados productos textiles) y anexo 308.1 (determinados bienes para procesamiento autom\u00e1tico de datos y sus partes).<\/li>\n<li><strong>Campo 8<\/strong>: para cada bien descrito en el campo 5, indique \u201cSI\u201d cuando usted sea el PRODUCTOR del bien. En caso de que NO sea PRODUCTOR del bien indique \u201cNO\u201d, seguido por (1), (2) o (3), dependiendo de si el certificado se basa en uno de los siguientes supuestos:\n<ol>\n<li>Su conocimiento de que el bien califica como originario;<\/li>\n<li>Su confianza razonable en una DECLARACI\u00d3N ESCRITA del productor (distinta al certificado de origen) de que el bien califica como originario; o<\/li>\n<li>Un certificado que ampare el bien, llenado y firmado por el PRODUCTOR, proporcionado voluntariamente por el productor\u00a0 al exportador.<\/li>\n<\/ol>\n<\/li>\n<li><strong>Campo 9<\/strong>: Para cada bien descrito en el campo 5, cuando el bien este sujeto a un requisito de valor de contenido regional (VCR) indique \u2018CN\u2019si el VCR se calculo con base en el m\u00e9todo de costo neto, de lo contrario indique \u201cNO\u201d. si\u00a0 el VCR se calculo de acuerdo al m\u00e9todo de costo neto en un periodo de tiempo, identifique las fechas de inicio y conclusi\u00f3n (DD\/MM\/AA) de dicho periodo, (Art. 402.1 y 402.5)<\/li>\n<li><strong>Campo 10<\/strong>: Indique el nombre del pa\u00eds (\u201cMX\u201d o \u201cEU\u201d ) trat\u00e1ndose de bienes agropecuarios o textiles exportados\u00a0 a Canad\u00e1 \u201cEU o \u201cCA\u201d para todos los bienes exportados a M\u00e9xico ; o \u201cCA\u201d o \u201cMX\u201d para todos los bienes exportados a los Estados Unidos de Am\u00e9rica, al que corresponde la tasa arancelaria preferencial, aplicable en los t\u00e9rminos del Anexo 302.2, de conformidad con las reglas de Marcado o en la lista de desgravaci\u00f3n arancelaria de cada parte.Para todos los dem\u00e1s bienes originarios exportados a Canad\u00e1 indique \u201cMX o \u201cEU\u201d, seg\u00fan corresponda, si los bienes se originan en ese pa\u00eds parte del TLCAN, en los t\u00e9rminos del Anexo 302.2 y el valor de transacci\u00f3n de los bienes no se ha incrementado en mas de 7% por alg\u00fan procesamiento ulterior en el otro pa\u00eds parte del TLCAN, en caso contrario, indique \u2018JNT\u2019 por producci\u00f3n conjunta (anexo 302.2)<\/li>\n<li><strong>Campo 11<\/strong>: Este campo deber\u00e1 ser llenado, firmado y fechado por el EXPORTADOR. En caso de que el productor llene el certificado para uso del exportador, deber\u00e1 ser llenado, firmado y fechado por el PRODUCTOR. La fecha deber\u00e1 ser aquella en que el certificado se lleno y firmo.<\/li>\n<\/ul>\n<hr \/>\n<p style=\"text-align: center;\"><div class=\"tds-message-box box-info \">Es importante recordar que el certificado de origen TLCAN debe estar llenado con cuidado y precisi\u00f3n, ya que puede ser requerido por las autoridades aduaneras para determinar si el producto cumple con las reglas de origen y es elegible para los beneficios del acuerdo comercial.<\/div>\n<h2>Certificado de origen TLCAN formato Word<\/h2>\n<p>Aqu\u00ed tiene el certificado de origen tlcan formato word con el instructivo de llenado incluido.<\/p>\n<p style=\"text-align: center;\"><div class=\"ads-button\">\n\t\t<a href=\"https:\/\/todocertificados.com\/mexico\/wp-content\/uploads\/sites\/3\/2023\/03\/FORMATO-DE-CERTIFICADO-DE-ORIGEN-TLCAN.doc\" target=\"_self\" class=\"adsbtn-swipe \"> Certificado TLCAN en Word<\/a>\n\t\t<\/div>\n<h2>Certificado de origen TLCAN PDF<\/h2>\n<p>Tambi\u00e9n puedes descargar este ejemplo de certific ado TLCAN en PDF aqu\u00ed:<\/p>\n<div class=\"ads-button\">\n\t\t<a href=\"https:\/\/todocertificados.com\/mexico\/wp-content\/uploads\/sites\/3\/2023\/03\/certificado-de-origen-tlcan-e-instructivo-de-llenado.pdf\" target=\"_self\" class=\"adsbtn-swipe \"> Certificado TLCAN PDF<\/a>\n\t\t<\/div>\n<p>&nbsp;<\/p>\n\n<div style=\"font-size: 0px; height: 0px; line-height: 0px; margin: 0; padding: 0; clear: both;\"><\/div>","protected":false},"excerpt":{"rendered":"<p>El Certificado TLC (Tratado de Libre Comercio) es un documento que permite a los exportadores mexicanos la exenci\u00f3n de aranceles en la exportaci\u00f3n de productos a los Estados Unidos y Canad\u00e1. Este certificado se emite para confirmar que los productos exportados cumplen con las reglas de origen establecidas en el Tratado de Libre Comercio de ..<\/p>\n<div class=\"clear-fix\"><\/div>\n<p><a href=\"https:\/\/todocertificados.com\/mexico\/certificado-tlcan\/\" title=\"Leer m\u00e1s...\">Leer m\u00e1s<\/a><\/p>\n","protected":false},"author":1,"featured_media":961,"parent":0,"menu_order":0,"comment_status":"closed","ping_status":"closed","template":"full-width-template.php","meta":{"footnotes":""},"categories":[8],"tags":[12],"yoast_head":"<!-- This site is optimized with the Yoast SEO plugin v22.2 - https:\/\/yoast.com\/wordpress\/plugins\/seo\/ -->\n<title>Certificado de origen TLCAN &#187; Certificados M\u00e9xico<\/title>\n<meta name=\"robots\" content=\"index, follow, max-snippet:-1, max-image-preview:large, max-video-preview:-1\" \/>\n<link rel=\"canonical\" href=\"https:\/\/todocertificados.com\/mexico\/certificado-tlcan\/\" \/>\n<meta property=\"og:locale\" content=\"es_ES\" \/>\n<meta property=\"og:type\" content=\"article\" \/>\n<meta property=\"og:title\" content=\"Certificado de origen TLCAN &#187; Certificados M\u00e9xico\" \/>\n<meta property=\"og:description\" content=\"El Certificado TLC (Tratado de Libre Comercio) es un documento que permite a los exportadores mexicanos la exenci\u00f3n de aranceles en la exportaci\u00f3n de productos a los Estados Unidos y Canad\u00e1. Este certificado se emite para confirmar que los productos exportados cumplen con las reglas de origen establecidas en el Tratado de Libre Comercio de ..Leer m\u00e1s\" \/>\n<meta property=\"og:url\" content=\"https:\/\/todocertificados.com\/mexico\/certificado-tlcan\/\" \/>\n<meta property=\"og:site_name\" content=\"Certificados M\u00e9xico\" \/>\n<meta property=\"article:modified_time\" content=\"2023-03-06T01:15:29+00:00\" \/>\n<meta property=\"og:image\" content=\"https:\/\/todocertificados.com\/mexico\/wp-content\/uploads\/sites\/3\/2023\/03\/Certificado-origen-TLCAN.jpg\" \/>\n\t<meta property=\"og:image:width\" content=\"301\" \/>\n\t<meta property=\"og:image:height\" content=\"219\" \/>\n\t<meta property=\"og:image:type\" content=\"image\/jpeg\" \/>\n<meta name=\"twitter:card\" content=\"summary_large_image\" \/>\n<meta name=\"twitter:label1\" content=\"Tiempo de lectura\" \/>\n\t<meta name=\"twitter:data1\" content=\"8 minutos\" \/>\n<script type=\"application\/ld+json\" class=\"yoast-schema-graph\">{\"@context\":\"https:\/\/schema.org\",\"@graph\":[{\"@type\":\"WebPage\",\"@id\":\"https:\/\/todocertificados.com\/mexico\/certificado-tlcan\/\",\"url\":\"https:\/\/todocertificados.com\/mexico\/certificado-tlcan\/\",\"name\":\"Certificado de origen TLCAN &#187; Certificados M\u00e9xico\",\"isPartOf\":{\"@id\":\"https:\/\/todocertificados.com\/mexico\/#website\"},\"primaryImageOfPage\":{\"@id\":\"https:\/\/todocertificados.com\/mexico\/certificado-tlcan\/#primaryimage\"},\"image\":{\"@id\":\"https:\/\/todocertificados.com\/mexico\/certificado-tlcan\/#primaryimage\"},\"thumbnailUrl\":\"https:\/\/todocertificados.com\/mexico\/wp-content\/uploads\/sites\/3\/2023\/03\/Certificado-origen-TLCAN.jpg\",\"datePublished\":\"2023-03-04T22:34:35+00:00\",\"dateModified\":\"2023-03-06T01:15:29+00:00\",\"breadcrumb\":{\"@id\":\"https:\/\/todocertificados.com\/mexico\/certificado-tlcan\/#breadcrumb\"},\"inLanguage\":\"es\",\"potentialAction\":[{\"@type\":\"ReadAction\",\"target\":[\"https:\/\/todocertificados.com\/mexico\/certificado-tlcan\/\"]}]},{\"@type\":\"ImageObject\",\"inLanguage\":\"es\",\"@id\":\"https:\/\/todocertificados.com\/mexico\/certificado-tlcan\/#primaryimage\",\"url\":\"https:\/\/todocertificados.com\/mexico\/wp-content\/uploads\/sites\/3\/2023\/03\/Certificado-origen-TLCAN.jpg\",\"contentUrl\":\"https:\/\/todocertificados.com\/mexico\/wp-content\/uploads\/sites\/3\/2023\/03\/Certificado-origen-TLCAN.jpg\",\"width\":301,\"height\":219,\"caption\":\"Certificado origen TLCAN\"},{\"@type\":\"BreadcrumbList\",\"@id\":\"https:\/\/todocertificados.com\/mexico\/certificado-tlcan\/#breadcrumb\",\"itemListElement\":[{\"@type\":\"ListItem\",\"position\":1,\"name\":\"Portada\",\"item\":\"https:\/\/todocertificados.com\/mexico\/\"},{\"@type\":\"ListItem\",\"position\":2,\"name\":\"Certificado de origen TLCAN\"}]},{\"@type\":\"WebSite\",\"@id\":\"https:\/\/todocertificados.com\/mexico\/#website\",\"url\":\"https:\/\/todocertificados.com\/mexico\/\",\"name\":\"Certificados M\u00e9xico\",\"description\":\"Todo sobre certificados mexicanos\",\"publisher\":{\"@id\":\"https:\/\/todocertificados.com\/mexico\/#organization\"},\"potentialAction\":[{\"@type\":\"SearchAction\",\"target\":{\"@type\":\"EntryPoint\",\"urlTemplate\":\"https:\/\/todocertificados.com\/mexico\/?s={search_term_string}\"},\"query-input\":\"required name=search_term_string\"}],\"inLanguage\":\"es\"},{\"@type\":\"Organization\",\"@id\":\"https:\/\/todocertificados.com\/mexico\/#organization\",\"name\":\"TodoCertificados\",\"url\":\"https:\/\/todocertificados.com\/mexico\/\",\"logo\":{\"@type\":\"ImageObject\",\"inLanguage\":\"es\",\"@id\":\"https:\/\/todocertificados.com\/mexico\/#\/schema\/logo\/image\/\",\"url\":\"https:\/\/todocertificados.com\/mexico\/wp-content\/uploads\/sites\/3\/2020\/07\/todo-certificados-favicon.png\",\"contentUrl\":\"https:\/\/todocertificados.com\/mexico\/wp-content\/uploads\/sites\/3\/2020\/07\/todo-certificados-favicon.png\",\"width\":512,\"height\":512,\"caption\":\"TodoCertificados\"},\"image\":{\"@id\":\"https:\/\/todocertificados.com\/mexico\/#\/schema\/logo\/image\/\"}}]}<\/script>\n<!-- \/ Yoast SEO plugin. -->","yoast_head_json":{"title":"Certificado de origen TLCAN &#187; Certificados M\u00e9xico","robots":{"index":"index","follow":"follow","max-snippet":"max-snippet:-1","max-image-preview":"max-image-preview:large","max-video-preview":"max-video-preview:-1"},"canonical":"https:\/\/todocertificados.com\/mexico\/certificado-tlcan\/","og_locale":"es_ES","og_type":"article","og_title":"Certificado de origen TLCAN &#187; Certificados M\u00e9xico","og_description":"El Certificado TLC (Tratado de Libre Comercio) es un documento que permite a los exportadores mexicanos la exenci\u00f3n de aranceles en la exportaci\u00f3n de productos a los Estados Unidos y Canad\u00e1. Este certificado se emite para confirmar que los productos exportados cumplen con las reglas de origen establecidas en el Tratado de Libre Comercio de ..Leer m\u00e1s","og_url":"https:\/\/todocertificados.com\/mexico\/certificado-tlcan\/","og_site_name":"Certificados M\u00e9xico","article_modified_time":"2023-03-06T01:15:29+00:00","og_image":[{"width":301,"height":219,"url":"https:\/\/todocertificados.com\/mexico\/wp-content\/uploads\/sites\/3\/2023\/03\/Certificado-origen-TLCAN.jpg","type":"image\/jpeg"}],"twitter_card":"summary_large_image","twitter_misc":{"Tiempo de lectura":"8 minutos"},"schema":{"@context":"https:\/\/schema.org","@graph":[{"@type":"WebPage","@id":"https:\/\/todocertificados.com\/mexico\/certificado-tlcan\/","url":"https:\/\/todocertificados.com\/mexico\/certificado-tlcan\/","name":"Certificado de origen TLCAN &#187; Certificados M\u00e9xico","isPartOf":{"@id":"https:\/\/todocertificados.com\/mexico\/#website"},"primaryImageOfPage":{"@id":"https:\/\/todocertificados.com\/mexico\/certificado-tlcan\/#primaryimage"},"image":{"@id":"https:\/\/todocertificados.com\/mexico\/certificado-tlcan\/#primaryimage"},"thumbnailUrl":"https:\/\/todocertificados.com\/mexico\/wp-content\/uploads\/sites\/3\/2023\/03\/Certificado-origen-TLCAN.jpg","datePublished":"2023-03-04T22:34:35+00:00","dateModified":"2023-03-06T01:15:29+00:00","breadcrumb":{"@id":"https:\/\/todocertificados.com\/mexico\/certificado-tlcan\/#breadcrumb"},"inLanguage":"es","potentialAction":[{"@type":"ReadAction","target":["https:\/\/todocertificados.com\/mexico\/certificado-tlcan\/"]}]},{"@type":"ImageObject","inLanguage":"es","@id":"https:\/\/todocertificados.com\/mexico\/certificado-tlcan\/#primaryimage","url":"https:\/\/todocertificados.com\/mexico\/wp-content\/uploads\/sites\/3\/2023\/03\/Certificado-origen-TLCAN.jpg","contentUrl":"https:\/\/todocertificados.com\/mexico\/wp-content\/uploads\/sites\/3\/2023\/03\/Certificado-origen-TLCAN.jpg","width":301,"height":219,"caption":"Certificado origen TLCAN"},{"@type":"BreadcrumbList","@id":"https:\/\/todocertificados.com\/mexico\/certificado-tlcan\/#breadcrumb","itemListElement":[{"@type":"ListItem","position":1,"name":"Portada","item":"https:\/\/todocertificados.com\/mexico\/"},{"@type":"ListItem","position":2,"name":"Certificado de origen TLCAN"}]},{"@type":"WebSite","@id":"https:\/\/todocertificados.com\/mexico\/#website","url":"https:\/\/todocertificados.com\/mexico\/","name":"Certificados M\u00e9xico","description":"Todo sobre certificados mexicanos","publisher":{"@id":"https:\/\/todocertificados.com\/mexico\/#organization"},"potentialAction":[{"@type":"SearchAction","target":{"@type":"EntryPoint","urlTemplate":"https:\/\/todocertificados.com\/mexico\/?s={search_term_string}"},"query-input":"required name=search_term_string"}],"inLanguage":"es"},{"@type":"Organization","@id":"https:\/\/todocertificados.com\/mexico\/#organization","name":"TodoCertificados","url":"https:\/\/todocertificados.com\/mexico\/","logo":{"@type":"ImageObject","inLanguage":"es","@id":"https:\/\/todocertificados.com\/mexico\/#\/schema\/logo\/image\/","url":"https:\/\/todocertificados.com\/mexico\/wp-content\/uploads\/sites\/3\/2020\/07\/todo-certificados-favicon.png","contentUrl":"https:\/\/todocertificados.com\/mexico\/wp-content\/uploads\/sites\/3\/2020\/07\/todo-certificados-favicon.png","width":512,"height":512,"caption":"TodoCertificados"},"image":{"@id":"https:\/\/todocertificados.com\/mexico\/#\/schema\/logo\/image\/"}}]}},"_links":{"self":[{"href":"https:\/\/todocertificados.com\/mexico\/wp-json\/wp\/v2\/pages\/957"}],"collection":[{"href":"https:\/\/todocertificados.com\/mexico\/wp-json\/wp\/v2\/pages"}],"about":[{"href":"https:\/\/todocertificados.com\/mexico\/wp-json\/wp\/v2\/types\/page"}],"author":[{"embeddable":true,"href":"https:\/\/todocertificados.com\/mexico\/wp-json\/wp\/v2\/users\/1"}],"replies":[{"embeddable":true,"href":"https:\/\/todocertificados.com\/mexico\/wp-json\/wp\/v2\/comments?post=957"}],"version-history":[{"count":6,"href":"https:\/\/todocertificados.com\/mexico\/wp-json\/wp\/v2\/pages\/957\/revisions"}],"predecessor-version":[{"id":969,"href":"https:\/\/todocertificados.com\/mexico\/wp-json\/wp\/v2\/pages\/957\/revisions\/969"}],"wp:featuredmedia":[{"embeddable":true,"href":"https:\/\/todocertificados.com\/mexico\/wp-json\/wp\/v2\/media\/961"}],"wp:attachment":[{"href":"https:\/\/todocertificados.com\/mexico\/wp-json\/wp\/v2\/media?parent=957"}],"wp:term":[{"taxonomy":"category","embeddable":true,"href":"https:\/\/todocertificados.com\/mexico\/wp-json\/wp\/v2\/categories?post=957"},{"taxonomy":"post_tag","embeddable":true,"href":"https:\/\/todocertificados.com\/mexico\/wp-json\/wp\/v2\/tags?post=957"}],"curies":[{"name":"wp","href":"https:\/\/api.w.org\/{rel}","templated":true}]}}