{"id":948,"date":"2023-03-04T00:55:09","date_gmt":"2023-03-04T00:55:09","guid":{"rendered":"https:\/\/todocertificados.com\/mexico\/?page_id=948"},"modified":"2023-03-06T01:15:29","modified_gmt":"2023-03-06T01:15:29","slug":"certificado-form-a-sgp","status":"publish","type":"page","link":"https:\/\/todocertificados.com\/mexico\/certificado-form-a-sgp\/","title":{"rendered":"Certificado de origen Form A, SGP"},"content":{"rendered":"<div class=\"02640ac1cf99e0a816556c1d72e1d642\" data-index=\"1\" style=\"float: none; margin:10px 0 10px 0; text-align:center;\">\n<ins class=\"adsbygoogle\"\r\n     style=\"display:block\"\r\n     data-ad-client=\"ca-pub-5605228788947132\"\r\n     data-ad-slot=\"6189026294\"\r\n     data-ad-format=\"link\"\r\n     data-full-width-responsive=\"true\"><\/ins>\r\n<script>\r\n     (adsbygoogle = window.adsbygoogle || []).push({});\r\n<\/script>\n<\/div>\n<p>El certificado de origen Form A es el documento donde se indica el<strong> origen de un producto<\/strong> o mercancia en una transacci\u00f3n comercial internacional entre paises que otorgan <strong>preferencia arancelaria<\/strong> bajo el Sistema Generalizado de Preferencia conocido como <strong>SGP<\/strong>.<\/p>\n<p>Este certificado Form A permite tambi\u00e9n el comercio internacional entre paises de la Comunidad Europea y los paises del SGP.<\/p>\n<p>La obtenci\u00f3n de este certificado SGP es totalmente <strong>gratuito<\/strong>.<\/p>\n<h2>Como solicitar el certificado Form A<\/h2>\n<p>El certificado Form A es <strong>expedido por las autoridades gubernamentales del pa\u00eds<\/strong> de origen del exportador o por las autoridades de aduaneras. Este ser\u00e1 expedido cuando se realice la exportaci\u00f3n. Ser\u00e1 entonces cuando se ponga a disposici\u00f3n del exportador.<\/p>\n<p>Este tr\u00e1mite se puede realizar tanto de manera<strong> presencial como online<\/strong> a trav\u00e9s del portal de Ventanilla \u00danica: <a href=\"https:\/\/www.ventanillaunica.gob.mx\/vucem\/index.html\">https:\/\/www.ventanillaunica.gob.mx\/vucem\/index.html<\/a>.<\/p>\n<p>Si prefiere hacerlo de manera presencial, podr\u00e1 hacerlo en cualquiera de las delegaciones o representaciones de la Secretar\u00eda de Econom\u00eda. El horario de atenci\u00f3n en el que puede acudir es <strong>de Lunes a Viernes de 09:00 a 14:00<\/strong>.<\/p>\n<p>Para solicitar este certificado:<\/p>\n<ol>\n<li>Verifica si el tratado comercial o acuerdo al que se desea acoger la empresa o producto, requiere del certificado de origen Forma A.<\/li>\n<li>Verifica los requisitos espec\u00edficos del acuerdo comercial en cuanto a la informaci\u00f3n y documentaci\u00f3n necesaria para solicitar el certificado.<\/li>\n<li>Obt\u00e9n la documentaci\u00f3n requerida y completar el formulario de solicitud del certificado de origen Forma A, el cual puede estar disponible en l\u00ednea o en f\u00edsico en la Secretar\u00eda de Econom\u00eda.<\/li>\n<li>Presentar la solicitud y la documentaci\u00f3n requerida en la Secretar\u00eda de Econom\u00eda correspondiente.<\/li>\n<li>Esperar la revisi\u00f3n y aprobaci\u00f3n de la solicitud, que puede tardar algunos d\u00edas h\u00e1biles.<\/li>\n<li>Recoger el certificado de origen Forma A SGP una vez que se haya aprobado la solicitud.<\/li>\n<\/ol>\n<p>Es importante tener en cuenta que los requisitos y el proceso de solicitud pueden variar seg\u00fan el pa\u00eds y el acuerdo comercial en cuesti\u00f3n, por lo que se recomienda <strong>consultar con las autoridades correspondientes<\/strong> para obtener informaci\u00f3n precisa y actualizada.<\/p>\n<p>Puedes ver todo sobre el certificado de origen aqu\u00ed:<\/p>\n<div class=\"ads-button\">\n\t\t<a href=\"https:\/\/todocertificados.com\/mexico\/certificado-origen\/\" target=\"_blank\" class=\"adsbtn-swipe \"> Certificado de Origen Exportaci\u00f3n<\/a>\n\t\t<\/div>\n<p>Hay tener en cuenta que el uso y requisitos del certificado Forma A pueden variar seg\u00fan el pa\u00eds y el acuerdo comercial involucrado.<\/p>\n\n<div style=\"font-size: 0px; height: 0px; line-height: 0px; margin: 0; padding: 0; clear: both;\"><\/div>","protected":false},"excerpt":{"rendered":"<p>El certificado de origen Form A es el documento donde se indica el origen de un producto o mercancia en una transacci\u00f3n comercial internacional entre paises que otorgan preferencia arancelaria bajo el Sistema Generalizado de Preferencia conocido como SGP. Este certificado Form A permite tambi\u00e9n el comercio internacional entre paises de la Comunidad Europea y ..<\/p>\n<div class=\"clear-fix\"><\/div>\n<p><a href=\"https:\/\/todocertificados.com\/mexico\/certificado-form-a-sgp\/\" title=\"Leer m\u00e1s...\">Leer m\u00e1s<\/a><\/p>\n","protected":false},"author":1,"featured_media":951,"parent":0,"menu_order":0,"comment_status":"closed","ping_status":"closed","template":"full-width-template.php","meta":{"footnotes":""},"categories":[8],"tags":[12],"yoast_head":"<!-- This site is optimized with the Yoast SEO plugin v22.2 - https:\/\/yoast.com\/wordpress\/plugins\/seo\/ -->\n<title>Certificado de origen Form A, SGP &#187; Certificados M\u00e9xico<\/title>\n<meta name=\"robots\" content=\"index, follow, max-snippet:-1, max-image-preview:large, max-video-preview:-1\" \/>\n<link rel=\"canonical\" href=\"https:\/\/todocertificados.com\/mexico\/certificado-form-a-sgp\/\" \/>\n<meta property=\"og:locale\" content=\"es_ES\" \/>\n<meta property=\"og:type\" content=\"article\" \/>\n<meta property=\"og:title\" content=\"Certificado de origen Form A, SGP &#187; Certificados M\u00e9xico\" \/>\n<meta property=\"og:description\" content=\"El certificado de origen Form A es el documento donde se indica el origen de un producto o mercancia en una transacci\u00f3n comercial internacional entre paises que otorgan preferencia arancelaria bajo el Sistema Generalizado de Preferencia conocido como SGP. Este certificado Form A permite tambi\u00e9n el comercio internacional entre paises de la Comunidad Europea y ..Leer m\u00e1s\" \/>\n<meta property=\"og:url\" content=\"https:\/\/todocertificados.com\/mexico\/certificado-form-a-sgp\/\" \/>\n<meta property=\"og:site_name\" content=\"Certificados M\u00e9xico\" \/>\n<meta property=\"article:modified_time\" content=\"2023-03-06T01:15:29+00:00\" \/>\n<meta property=\"og:image\" content=\"https:\/\/todocertificados.com\/mexico\/wp-content\/uploads\/sites\/3\/2023\/03\/Certificado-SGP.jpg\" \/>\n\t<meta property=\"og:image:width\" content=\"301\" \/>\n\t<meta property=\"og:image:height\" content=\"219\" \/>\n\t<meta property=\"og:image:type\" content=\"image\/jpeg\" \/>\n<meta name=\"twitter:card\" content=\"summary_large_image\" \/>\n<meta name=\"twitter:label1\" content=\"Tiempo de lectura\" \/>\n\t<meta name=\"twitter:data1\" content=\"2 minutos\" \/>\n<script type=\"application\/ld+json\" class=\"yoast-schema-graph\">{\"@context\":\"https:\/\/schema.org\",\"@graph\":[{\"@type\":\"WebPage\",\"@id\":\"https:\/\/todocertificados.com\/mexico\/certificado-form-a-sgp\/\",\"url\":\"https:\/\/todocertificados.com\/mexico\/certificado-form-a-sgp\/\",\"name\":\"Certificado de origen Form A, SGP &#187; Certificados M\u00e9xico\",\"isPartOf\":{\"@id\":\"https:\/\/todocertificados.com\/mexico\/#website\"},\"primaryImageOfPage\":{\"@id\":\"https:\/\/todocertificados.com\/mexico\/certificado-form-a-sgp\/#primaryimage\"},\"image\":{\"@id\":\"https:\/\/todocertificados.com\/mexico\/certificado-form-a-sgp\/#primaryimage\"},\"thumbnailUrl\":\"https:\/\/todocertificados.com\/mexico\/wp-content\/uploads\/sites\/3\/2023\/03\/Certificado-SGP.jpg\",\"datePublished\":\"2023-03-04T00:55:09+00:00\",\"dateModified\":\"2023-03-06T01:15:29+00:00\",\"breadcrumb\":{\"@id\":\"https:\/\/todocertificados.com\/mexico\/certificado-form-a-sgp\/#breadcrumb\"},\"inLanguage\":\"es\",\"potentialAction\":[{\"@type\":\"ReadAction\",\"target\":[\"https:\/\/todocertificados.com\/mexico\/certificado-form-a-sgp\/\"]}]},{\"@type\":\"ImageObject\",\"inLanguage\":\"es\",\"@id\":\"https:\/\/todocertificados.com\/mexico\/certificado-form-a-sgp\/#primaryimage\",\"url\":\"https:\/\/todocertificados.com\/mexico\/wp-content\/uploads\/sites\/3\/2023\/03\/Certificado-SGP.jpg\",\"contentUrl\":\"https:\/\/todocertificados.com\/mexico\/wp-content\/uploads\/sites\/3\/2023\/03\/Certificado-SGP.jpg\",\"width\":301,\"height\":219,\"caption\":\"Certificado SGP\"},{\"@type\":\"BreadcrumbList\",\"@id\":\"https:\/\/todocertificados.com\/mexico\/certificado-form-a-sgp\/#breadcrumb\",\"itemListElement\":[{\"@type\":\"ListItem\",\"position\":1,\"name\":\"Portada\",\"item\":\"https:\/\/todocertificados.com\/mexico\/\"},{\"@type\":\"ListItem\",\"position\":2,\"name\":\"Certificado de origen Form A, SGP\"}]},{\"@type\":\"WebSite\",\"@id\":\"https:\/\/todocertificados.com\/mexico\/#website\",\"url\":\"https:\/\/todocertificados.com\/mexico\/\",\"name\":\"Certificados M\u00e9xico\",\"description\":\"Todo sobre certificados mexicanos\",\"publisher\":{\"@id\":\"https:\/\/todocertificados.com\/mexico\/#organization\"},\"potentialAction\":[{\"@type\":\"SearchAction\",\"target\":{\"@type\":\"EntryPoint\",\"urlTemplate\":\"https:\/\/todocertificados.com\/mexico\/?s={search_term_string}\"},\"query-input\":\"required name=search_term_string\"}],\"inLanguage\":\"es\"},{\"@type\":\"Organization\",\"@id\":\"https:\/\/todocertificados.com\/mexico\/#organization\",\"name\":\"TodoCertificados\",\"url\":\"https:\/\/todocertificados.com\/mexico\/\",\"logo\":{\"@type\":\"ImageObject\",\"inLanguage\":\"es\",\"@id\":\"https:\/\/todocertificados.com\/mexico\/#\/schema\/logo\/image\/\",\"url\":\"https:\/\/todocertificados.com\/mexico\/wp-content\/uploads\/sites\/3\/2020\/07\/todo-certificados-favicon.png\",\"contentUrl\":\"https:\/\/todocertificados.com\/mexico\/wp-content\/uploads\/sites\/3\/2020\/07\/todo-certificados-favicon.png\",\"width\":512,\"height\":512,\"caption\":\"TodoCertificados\"},\"image\":{\"@id\":\"https:\/\/todocertificados.com\/mexico\/#\/schema\/logo\/image\/\"}}]}<\/script>\n<!-- \/ Yoast SEO plugin. -->","yoast_head_json":{"title":"Certificado de origen Form A, SGP &#187; Certificados M\u00e9xico","robots":{"index":"index","follow":"follow","max-snippet":"max-snippet:-1","max-image-preview":"max-image-preview:large","max-video-preview":"max-video-preview:-1"},"canonical":"https:\/\/todocertificados.com\/mexico\/certificado-form-a-sgp\/","og_locale":"es_ES","og_type":"article","og_title":"Certificado de origen Form A, SGP &#187; Certificados M\u00e9xico","og_description":"El certificado de origen Form A es el documento donde se indica el origen de un producto o mercancia en una transacci\u00f3n comercial internacional entre paises que otorgan preferencia arancelaria bajo el Sistema Generalizado de Preferencia conocido como SGP. Este certificado Form A permite tambi\u00e9n el comercio internacional entre paises de la Comunidad Europea y ..Leer m\u00e1s","og_url":"https:\/\/todocertificados.com\/mexico\/certificado-form-a-sgp\/","og_site_name":"Certificados M\u00e9xico","article_modified_time":"2023-03-06T01:15:29+00:00","og_image":[{"width":301,"height":219,"url":"https:\/\/todocertificados.com\/mexico\/wp-content\/uploads\/sites\/3\/2023\/03\/Certificado-SGP.jpg","type":"image\/jpeg"}],"twitter_card":"summary_large_image","twitter_misc":{"Tiempo de lectura":"2 minutos"},"schema":{"@context":"https:\/\/schema.org","@graph":[{"@type":"WebPage","@id":"https:\/\/todocertificados.com\/mexico\/certificado-form-a-sgp\/","url":"https:\/\/todocertificados.com\/mexico\/certificado-form-a-sgp\/","name":"Certificado de origen Form A, SGP &#187; Certificados M\u00e9xico","isPartOf":{"@id":"https:\/\/todocertificados.com\/mexico\/#website"},"primaryImageOfPage":{"@id":"https:\/\/todocertificados.com\/mexico\/certificado-form-a-sgp\/#primaryimage"},"image":{"@id":"https:\/\/todocertificados.com\/mexico\/certificado-form-a-sgp\/#primaryimage"},"thumbnailUrl":"https:\/\/todocertificados.com\/mexico\/wp-content\/uploads\/sites\/3\/2023\/03\/Certificado-SGP.jpg","datePublished":"2023-03-04T00:55:09+00:00","dateModified":"2023-03-06T01:15:29+00:00","breadcrumb":{"@id":"https:\/\/todocertificados.com\/mexico\/certificado-form-a-sgp\/#breadcrumb"},"inLanguage":"es","potentialAction":[{"@type":"ReadAction","target":["https:\/\/todocertificados.com\/mexico\/certificado-form-a-sgp\/"]}]},{"@type":"ImageObject","inLanguage":"es","@id":"https:\/\/todocertificados.com\/mexico\/certificado-form-a-sgp\/#primaryimage","url":"https:\/\/todocertificados.com\/mexico\/wp-content\/uploads\/sites\/3\/2023\/03\/Certificado-SGP.jpg","contentUrl":"https:\/\/todocertificados.com\/mexico\/wp-content\/uploads\/sites\/3\/2023\/03\/Certificado-SGP.jpg","width":301,"height":219,"caption":"Certificado SGP"},{"@type":"BreadcrumbList","@id":"https:\/\/todocertificados.com\/mexico\/certificado-form-a-sgp\/#breadcrumb","itemListElement":[{"@type":"ListItem","position":1,"name":"Portada","item":"https:\/\/todocertificados.com\/mexico\/"},{"@type":"ListItem","position":2,"name":"Certificado de origen Form A, SGP"}]},{"@type":"WebSite","@id":"https:\/\/todocertificados.com\/mexico\/#website","url":"https:\/\/todocertificados.com\/mexico\/","name":"Certificados M\u00e9xico","description":"Todo sobre certificados mexicanos","publisher":{"@id":"https:\/\/todocertificados.com\/mexico\/#organization"},"potentialAction":[{"@type":"SearchAction","target":{"@type":"EntryPoint","urlTemplate":"https:\/\/todocertificados.com\/mexico\/?s={search_term_string}"},"query-input":"required name=search_term_string"}],"inLanguage":"es"},{"@type":"Organization","@id":"https:\/\/todocertificados.com\/mexico\/#organization","name":"TodoCertificados","url":"https:\/\/todocertificados.com\/mexico\/","logo":{"@type":"ImageObject","inLanguage":"es","@id":"https:\/\/todocertificados.com\/mexico\/#\/schema\/logo\/image\/","url":"https:\/\/todocertificados.com\/mexico\/wp-content\/uploads\/sites\/3\/2020\/07\/todo-certificados-favicon.png","contentUrl":"https:\/\/todocertificados.com\/mexico\/wp-content\/uploads\/sites\/3\/2020\/07\/todo-certificados-favicon.png","width":512,"height":512,"caption":"TodoCertificados"},"image":{"@id":"https:\/\/todocertificados.com\/mexico\/#\/schema\/logo\/image\/"}}]}},"_links":{"self":[{"href":"https:\/\/todocertificados.com\/mexico\/wp-json\/wp\/v2\/pages\/948"}],"collection":[{"href":"https:\/\/todocertificados.com\/mexico\/wp-json\/wp\/v2\/pages"}],"about":[{"href":"https:\/\/todocertificados.com\/mexico\/wp-json\/wp\/v2\/types\/page"}],"author":[{"embeddable":true,"href":"https:\/\/todocertificados.com\/mexico\/wp-json\/wp\/v2\/users\/1"}],"replies":[{"embeddable":true,"href":"https:\/\/todocertificados.com\/mexico\/wp-json\/wp\/v2\/comments?post=948"}],"version-history":[{"count":1,"href":"https:\/\/todocertificados.com\/mexico\/wp-json\/wp\/v2\/pages\/948\/revisions"}],"predecessor-version":[{"id":952,"href":"https:\/\/todocertificados.com\/mexico\/wp-json\/wp\/v2\/pages\/948\/revisions\/952"}],"wp:featuredmedia":[{"embeddable":true,"href":"https:\/\/todocertificados.com\/mexico\/wp-json\/wp\/v2\/media\/951"}],"wp:attachment":[{"href":"https:\/\/todocertificados.com\/mexico\/wp-json\/wp\/v2\/media?parent=948"}],"wp:term":[{"taxonomy":"category","embeddable":true,"href":"https:\/\/todocertificados.com\/mexico\/wp-json\/wp\/v2\/categories?post=948"},{"taxonomy":"post_tag","embeddable":true,"href":"https:\/\/todocertificados.com\/mexico\/wp-json\/wp\/v2\/tags?post=948"}],"curies":[{"name":"wp","href":"https:\/\/api.w.org\/{rel}","templated":true}]}}