{"id":928,"date":"2023-03-03T17:42:17","date_gmt":"2023-03-03T17:42:17","guid":{"rendered":"https:\/\/todocertificados.com\/mexico\/?page_id=928"},"modified":"2023-03-06T01:15:29","modified_gmt":"2023-03-06T01:15:29","slug":"certificado-aladi","status":"publish","type":"page","link":"https:\/\/todocertificados.com\/mexico\/certificado-aladi\/","title":{"rendered":"Certificado de Origen ALADI"},"content":{"rendered":"<div class=\"02640ac1cf99e0a816556c1d72e1d642\" data-index=\"1\" style=\"float: none; margin:10px 0 10px 0; text-align:center;\">\n<ins class=\"adsbygoogle\"\r\n     style=\"display:block\"\r\n     data-ad-client=\"ca-pub-5605228788947132\"\r\n     data-ad-slot=\"6189026294\"\r\n     data-ad-format=\"link\"\r\n     data-full-width-responsive=\"true\"><\/ins>\r\n<script>\r\n     (adsbygoogle = window.adsbygoogle || []).push({});\r\n<\/script>\n<\/div>\n<p>El certificado de origen ALADI es un <a href=\"https:\/\/todocertificados.com\/mexico\/certificado-origen\/\">certificado de origen para exportar<\/a> de la <strong>Asociaci\u00f3n Latinoamericana de Integraci\u00f3n<\/strong>, cuyo objetivo es el de <strong>facilitar las operaciones comerciales entre los paises asociados<\/strong> en este acuerdo (Argentina, Bolilvia, Chile, Colombia, Brasil, Cuba, Paraguay, Ecuador, Uruguay y Venezuela). Este documento demuestra que los productos a exportar han sido fabricados u obtenidos en ese pa\u00eds.<\/p>\n<p>En el caso de que las transacciones comerciales vayan a darse entre los pa\u00edses de M\u00e9xico, Estados Unidos y Canad\u00e1, necesitar\u00e1 el <a href=\"https:\/\/todocertificados.com\/mexico\/certificado-origen-tmec\/\">certificado T MEC<\/a>.<\/p>\n<div class=\"ads-button\">\n\t\t<a href=\"https:\/\/todocertificados.com\/mexico\/certificado-origen-tmec\/\" target=\"_self\" class=\"adsbtn-swipe \"> Certificado T MEC<\/a>\n\t\t<\/div>\n<p>Si desea solicitar este certificado Aladi en M\u00e9xico, ha de hacerse a la Secretar\u00eda de Econom\u00eda. A continuaci\u00f3n le explicamos c\u00f3mo hacerlo.<\/p>\n<h2>Requisitos para el Certificado Aladi<\/h2>\n<p>Hay una serie de <strong>documentos necesarios<\/strong> para poder realizar la solicitud del certificado ALADI.<\/p>\n<p>Estos son:<\/p>\n<ul>\n<li>Formato de Registro \u00danico de productos elegibles para preferencias y concesiones arancelarias (original y copia)<\/li>\n<li>Acta constitutiva de la sociedad y sus modificaciones<\/li>\n<li>Poder notarial correspondiente (original o copia certificada y copia simple)<\/li>\n<li>Carta, copia de facturas o certificado de origen EUR.1 (original)<\/li>\n<\/ul>\n<p>Este certificado <strong>debe estar validado por las autoridades<\/strong> competentes del pa\u00eds de origen de la mercanc\u00eda o productos, siendo la Secretar\u00eda de Econom\u00eda en el caso de M\u00e9xico.<\/p>\n<div class=\"tds-message-box box-info \">El coste de este tr\u00e1mite es <strong>gratuito<\/strong>.<\/div>\n<p>Una vez tengas los documentos requeridos, podr\u00e1s realizar el tr\u00e1mite de manera presencial o en l\u00ednea. Vamos a ver c\u00f3mo.<\/p>\n<div class=\"ads-row\"><div class=\"cell\"><div class=\"ads-button\">\n\t\t<a href=\"https:\/\/todocertificados.com\/mexico\/certificado-aladi\/#Certificado_ALADI_en_linea\" target=\"_self\" class=\"adsbtn-swipe \"> Certificado Aladi en l\u00ednea<\/a>\n\t\t<\/div><\/div><div class=\"cell\">\n<div class=\"ads-button\">\n\t\t<a href=\"https:\/\/todocertificados.com\/mexico\/certificado-aladi\/#Certificado_ALADI_presencial\" target=\"_self\" class=\"adsbtn-swipe \"> Certificado Aladi Presencial<\/a>\n\t\t<\/div><\/div><\/div>\n<h2>Como obtener el certificado Aladi<\/h2>\n<p>El certificado de origen Aladi se debe de <strong>solicitar al SE<\/strong> (Secretar\u00eda de Econom\u00eda). Este se puede tramitar <strong>de manera presencial o en l\u00ednea<\/strong> a trav\u00e9s del portal de Ventanilla \u00danica del gobierno mexicano.<\/p>\n<p>A continuaci\u00f3n le mostramos ambas maneras de hacerlo.<\/p>\n<div class=\"ads-row\"><div class=\"cell\">\n<div class=\"ads-color-box\" style=\"color:#444;background:#eee;\">\n<h3>Certificado ALADI en l\u00ednea<\/h3>\n<p>El tr\u00e1mite del certificado ALADI se puede realizar en l\u00ednea. En este caso, se ha de tramitar<strong> a trav\u00e9s de la Ventanilla Digital de Comercio Exterior<\/strong> (VUCEM).<\/p>\n<p>La web en la que realizar el tr\u00e1mite es: <a href=\"https:\/\/www.ventanillaunica.gob.mx\/vucem\/index.html\">https:\/\/www.ventanillaunica.gob.mx\/vucem\/index.html<\/a>.<\/p>\n<\/div>\n<\/div><div class=\"cell\">\n<div class=\"ads-color-box\" style=\"color:#444;background:#eee;\">\n<h3>Certificado ALADI presencial<\/h3>\n<p>Si prefiere solicitar el certificado de origen ALADI de manera presencial, puede hacerlo desde cualquiera de las <strong>delegaciones y representaciones de la Secretar\u00eda de Econom\u00eda<\/strong>.<\/p>\n<p>El horario de atenci\u00f3n en el que puede acudir es de Lunes a Viernes de 9:00 a 14:00.<\/p>\n<\/div>\n<\/div><\/div>\n<h2>Vigencia certificado de origen Aladi<\/h2>\n<p>El certificador de origen Aladi tiene una vigencia de 180 d\u00edas. Estos se cuentan a partir de su fecha de emisi\u00f3n.<\/p>\n<p>Este certificado suele ser emitido dentro de los 5 d\u00edas h\u00e1biles despu\u00e9s de haber realizado la solicitud.<\/p>\n<h2>Certificado Aladi Digital<\/h2>\n<p>El certificado de origen digital de Aladi es el <strong>formato digital<\/strong> de este mismo certificado que se obtiene en formato papel. Este formato facilita mucho los tr\u00e1mites relacionados con este certificado, ahorrando tiempo y recursos y dando mayor seguridad ante el riesgo de falsificaciones.<\/p>\n<p>Gracias a este, <strong>tanto los datos del env\u00edo como las dos instancias de firma<\/strong>, tanto la del exportador como la del funcionario de la Entidad Certificadora de Origen, <strong>se pueden producir de manera digital<\/strong>.<\/p>\n<p>Se trata de una iniciativa que se ha desarrollado por los paises miembros de la ALADI para <strong>facilitar todas las operaciones comerciales<\/strong> que se realicen entre ellos. Sin embargo, esto tambi\u00e9n podr\u00eda ajustarse para usarlo con otros paises tanto del \u00e1mbito ALADI como de fuera de \u00e9l.<\/p>\n\n<div style=\"font-size: 0px; height: 0px; line-height: 0px; margin: 0; padding: 0; clear: both;\"><\/div>","protected":false},"excerpt":{"rendered":"<p>El certificado de origen ALADI es un certificado de origen para exportar de la Asociaci\u00f3n Latinoamericana de Integraci\u00f3n, cuyo objetivo es el de facilitar las operaciones comerciales entre los paises asociados en este acuerdo (Argentina, Bolilvia, Chile, Colombia, Brasil, Cuba, Paraguay, Ecuador, Uruguay y Venezuela). Este documento demuestra que los productos a exportar han sido ..<\/p>\n<div class=\"clear-fix\"><\/div>\n<p><a href=\"https:\/\/todocertificados.com\/mexico\/certificado-aladi\/\" title=\"Leer m\u00e1s...\">Leer m\u00e1s<\/a><\/p>\n","protected":false},"author":1,"featured_media":934,"parent":0,"menu_order":0,"comment_status":"closed","ping_status":"closed","template":"full-width-template.php","meta":{"footnotes":""},"categories":[8],"tags":[12],"yoast_head":"<!-- This site is optimized with the Yoast SEO plugin v22.2 - https:\/\/yoast.com\/wordpress\/plugins\/seo\/ -->\n<title>Certificado de Origen ALADI &#187; Certificados M\u00e9xico<\/title>\n<meta name=\"robots\" content=\"index, follow, max-snippet:-1, max-image-preview:large, max-video-preview:-1\" \/>\n<link rel=\"canonical\" href=\"https:\/\/todocertificados.com\/mexico\/certificado-aladi\/\" \/>\n<meta property=\"og:locale\" content=\"es_ES\" \/>\n<meta property=\"og:type\" content=\"article\" \/>\n<meta property=\"og:title\" content=\"Certificado de Origen ALADI &#187; Certificados M\u00e9xico\" \/>\n<meta property=\"og:description\" content=\"El certificado de origen ALADI es un certificado de origen para exportar de la Asociaci\u00f3n Latinoamericana de Integraci\u00f3n, cuyo objetivo es el de facilitar las operaciones comerciales entre los paises asociados en este acuerdo (Argentina, Bolilvia, Chile, Colombia, Brasil, Cuba, Paraguay, Ecuador, Uruguay y Venezuela). Este documento demuestra que los productos a exportar han sido ..Leer m\u00e1s\" \/>\n<meta property=\"og:url\" content=\"https:\/\/todocertificados.com\/mexico\/certificado-aladi\/\" \/>\n<meta property=\"og:site_name\" content=\"Certificados M\u00e9xico\" \/>\n<meta property=\"article:modified_time\" content=\"2023-03-06T01:15:29+00:00\" \/>\n<meta property=\"og:image\" content=\"https:\/\/todocertificados.com\/mexico\/wp-content\/uploads\/sites\/3\/2023\/03\/Certificado-origen-ALADI.jpg\" \/>\n\t<meta property=\"og:image:width\" content=\"301\" \/>\n\t<meta property=\"og:image:height\" content=\"219\" \/>\n\t<meta property=\"og:image:type\" content=\"image\/jpeg\" \/>\n<meta name=\"twitter:card\" content=\"summary_large_image\" \/>\n<meta name=\"twitter:label1\" content=\"Tiempo de lectura\" \/>\n\t<meta name=\"twitter:data1\" content=\"4 minutos\" \/>\n<script type=\"application\/ld+json\" class=\"yoast-schema-graph\">{\"@context\":\"https:\/\/schema.org\",\"@graph\":[{\"@type\":\"WebPage\",\"@id\":\"https:\/\/todocertificados.com\/mexico\/certificado-aladi\/\",\"url\":\"https:\/\/todocertificados.com\/mexico\/certificado-aladi\/\",\"name\":\"Certificado de Origen ALADI &#187; Certificados M\u00e9xico\",\"isPartOf\":{\"@id\":\"https:\/\/todocertificados.com\/mexico\/#website\"},\"primaryImageOfPage\":{\"@id\":\"https:\/\/todocertificados.com\/mexico\/certificado-aladi\/#primaryimage\"},\"image\":{\"@id\":\"https:\/\/todocertificados.com\/mexico\/certificado-aladi\/#primaryimage\"},\"thumbnailUrl\":\"https:\/\/todocertificados.com\/mexico\/wp-content\/uploads\/sites\/3\/2023\/03\/Certificado-origen-ALADI.jpg\",\"datePublished\":\"2023-03-03T17:42:17+00:00\",\"dateModified\":\"2023-03-06T01:15:29+00:00\",\"breadcrumb\":{\"@id\":\"https:\/\/todocertificados.com\/mexico\/certificado-aladi\/#breadcrumb\"},\"inLanguage\":\"es\",\"potentialAction\":[{\"@type\":\"ReadAction\",\"target\":[\"https:\/\/todocertificados.com\/mexico\/certificado-aladi\/\"]}]},{\"@type\":\"ImageObject\",\"inLanguage\":\"es\",\"@id\":\"https:\/\/todocertificados.com\/mexico\/certificado-aladi\/#primaryimage\",\"url\":\"https:\/\/todocertificados.com\/mexico\/wp-content\/uploads\/sites\/3\/2023\/03\/Certificado-origen-ALADI.jpg\",\"contentUrl\":\"https:\/\/todocertificados.com\/mexico\/wp-content\/uploads\/sites\/3\/2023\/03\/Certificado-origen-ALADI.jpg\",\"width\":301,\"height\":219,\"caption\":\"Certificado origen ALADI\"},{\"@type\":\"BreadcrumbList\",\"@id\":\"https:\/\/todocertificados.com\/mexico\/certificado-aladi\/#breadcrumb\",\"itemListElement\":[{\"@type\":\"ListItem\",\"position\":1,\"name\":\"Portada\",\"item\":\"https:\/\/todocertificados.com\/mexico\/\"},{\"@type\":\"ListItem\",\"position\":2,\"name\":\"Certificado de Origen ALADI\"}]},{\"@type\":\"WebSite\",\"@id\":\"https:\/\/todocertificados.com\/mexico\/#website\",\"url\":\"https:\/\/todocertificados.com\/mexico\/\",\"name\":\"Certificados M\u00e9xico\",\"description\":\"Todo sobre certificados mexicanos\",\"publisher\":{\"@id\":\"https:\/\/todocertificados.com\/mexico\/#organization\"},\"potentialAction\":[{\"@type\":\"SearchAction\",\"target\":{\"@type\":\"EntryPoint\",\"urlTemplate\":\"https:\/\/todocertificados.com\/mexico\/?s={search_term_string}\"},\"query-input\":\"required name=search_term_string\"}],\"inLanguage\":\"es\"},{\"@type\":\"Organization\",\"@id\":\"https:\/\/todocertificados.com\/mexico\/#organization\",\"name\":\"TodoCertificados\",\"url\":\"https:\/\/todocertificados.com\/mexico\/\",\"logo\":{\"@type\":\"ImageObject\",\"inLanguage\":\"es\",\"@id\":\"https:\/\/todocertificados.com\/mexico\/#\/schema\/logo\/image\/\",\"url\":\"https:\/\/todocertificados.com\/mexico\/wp-content\/uploads\/sites\/3\/2020\/07\/todo-certificados-favicon.png\",\"contentUrl\":\"https:\/\/todocertificados.com\/mexico\/wp-content\/uploads\/sites\/3\/2020\/07\/todo-certificados-favicon.png\",\"width\":512,\"height\":512,\"caption\":\"TodoCertificados\"},\"image\":{\"@id\":\"https:\/\/todocertificados.com\/mexico\/#\/schema\/logo\/image\/\"}}]}<\/script>\n<!-- \/ Yoast SEO plugin. -->","yoast_head_json":{"title":"Certificado de Origen ALADI &#187; Certificados M\u00e9xico","robots":{"index":"index","follow":"follow","max-snippet":"max-snippet:-1","max-image-preview":"max-image-preview:large","max-video-preview":"max-video-preview:-1"},"canonical":"https:\/\/todocertificados.com\/mexico\/certificado-aladi\/","og_locale":"es_ES","og_type":"article","og_title":"Certificado de Origen ALADI &#187; Certificados M\u00e9xico","og_description":"El certificado de origen ALADI es un certificado de origen para exportar de la Asociaci\u00f3n Latinoamericana de Integraci\u00f3n, cuyo objetivo es el de facilitar las operaciones comerciales entre los paises asociados en este acuerdo (Argentina, Bolilvia, Chile, Colombia, Brasil, Cuba, Paraguay, Ecuador, Uruguay y Venezuela). Este documento demuestra que los productos a exportar han sido ..Leer m\u00e1s","og_url":"https:\/\/todocertificados.com\/mexico\/certificado-aladi\/","og_site_name":"Certificados M\u00e9xico","article_modified_time":"2023-03-06T01:15:29+00:00","og_image":[{"width":301,"height":219,"url":"https:\/\/todocertificados.com\/mexico\/wp-content\/uploads\/sites\/3\/2023\/03\/Certificado-origen-ALADI.jpg","type":"image\/jpeg"}],"twitter_card":"summary_large_image","twitter_misc":{"Tiempo de lectura":"4 minutos"},"schema":{"@context":"https:\/\/schema.org","@graph":[{"@type":"WebPage","@id":"https:\/\/todocertificados.com\/mexico\/certificado-aladi\/","url":"https:\/\/todocertificados.com\/mexico\/certificado-aladi\/","name":"Certificado de Origen ALADI &#187; Certificados M\u00e9xico","isPartOf":{"@id":"https:\/\/todocertificados.com\/mexico\/#website"},"primaryImageOfPage":{"@id":"https:\/\/todocertificados.com\/mexico\/certificado-aladi\/#primaryimage"},"image":{"@id":"https:\/\/todocertificados.com\/mexico\/certificado-aladi\/#primaryimage"},"thumbnailUrl":"https:\/\/todocertificados.com\/mexico\/wp-content\/uploads\/sites\/3\/2023\/03\/Certificado-origen-ALADI.jpg","datePublished":"2023-03-03T17:42:17+00:00","dateModified":"2023-03-06T01:15:29+00:00","breadcrumb":{"@id":"https:\/\/todocertificados.com\/mexico\/certificado-aladi\/#breadcrumb"},"inLanguage":"es","potentialAction":[{"@type":"ReadAction","target":["https:\/\/todocertificados.com\/mexico\/certificado-aladi\/"]}]},{"@type":"ImageObject","inLanguage":"es","@id":"https:\/\/todocertificados.com\/mexico\/certificado-aladi\/#primaryimage","url":"https:\/\/todocertificados.com\/mexico\/wp-content\/uploads\/sites\/3\/2023\/03\/Certificado-origen-ALADI.jpg","contentUrl":"https:\/\/todocertificados.com\/mexico\/wp-content\/uploads\/sites\/3\/2023\/03\/Certificado-origen-ALADI.jpg","width":301,"height":219,"caption":"Certificado origen ALADI"},{"@type":"BreadcrumbList","@id":"https:\/\/todocertificados.com\/mexico\/certificado-aladi\/#breadcrumb","itemListElement":[{"@type":"ListItem","position":1,"name":"Portada","item":"https:\/\/todocertificados.com\/mexico\/"},{"@type":"ListItem","position":2,"name":"Certificado de Origen ALADI"}]},{"@type":"WebSite","@id":"https:\/\/todocertificados.com\/mexico\/#website","url":"https:\/\/todocertificados.com\/mexico\/","name":"Certificados M\u00e9xico","description":"Todo sobre certificados mexicanos","publisher":{"@id":"https:\/\/todocertificados.com\/mexico\/#organization"},"potentialAction":[{"@type":"SearchAction","target":{"@type":"EntryPoint","urlTemplate":"https:\/\/todocertificados.com\/mexico\/?s={search_term_string}"},"query-input":"required name=search_term_string"}],"inLanguage":"es"},{"@type":"Organization","@id":"https:\/\/todocertificados.com\/mexico\/#organization","name":"TodoCertificados","url":"https:\/\/todocertificados.com\/mexico\/","logo":{"@type":"ImageObject","inLanguage":"es","@id":"https:\/\/todocertificados.com\/mexico\/#\/schema\/logo\/image\/","url":"https:\/\/todocertificados.com\/mexico\/wp-content\/uploads\/sites\/3\/2020\/07\/todo-certificados-favicon.png","contentUrl":"https:\/\/todocertificados.com\/mexico\/wp-content\/uploads\/sites\/3\/2020\/07\/todo-certificados-favicon.png","width":512,"height":512,"caption":"TodoCertificados"},"image":{"@id":"https:\/\/todocertificados.com\/mexico\/#\/schema\/logo\/image\/"}}]}},"_links":{"self":[{"href":"https:\/\/todocertificados.com\/mexico\/wp-json\/wp\/v2\/pages\/928"}],"collection":[{"href":"https:\/\/todocertificados.com\/mexico\/wp-json\/wp\/v2\/pages"}],"about":[{"href":"https:\/\/todocertificados.com\/mexico\/wp-json\/wp\/v2\/types\/page"}],"author":[{"embeddable":true,"href":"https:\/\/todocertificados.com\/mexico\/wp-json\/wp\/v2\/users\/1"}],"replies":[{"embeddable":true,"href":"https:\/\/todocertificados.com\/mexico\/wp-json\/wp\/v2\/comments?post=928"}],"version-history":[{"count":8,"href":"https:\/\/todocertificados.com\/mexico\/wp-json\/wp\/v2\/pages\/928\/revisions"}],"predecessor-version":[{"id":950,"href":"https:\/\/todocertificados.com\/mexico\/wp-json\/wp\/v2\/pages\/928\/revisions\/950"}],"wp:featuredmedia":[{"embeddable":true,"href":"https:\/\/todocertificados.com\/mexico\/wp-json\/wp\/v2\/media\/934"}],"wp:attachment":[{"href":"https:\/\/todocertificados.com\/mexico\/wp-json\/wp\/v2\/media?parent=928"}],"wp:term":[{"taxonomy":"category","embeddable":true,"href":"https:\/\/todocertificados.com\/mexico\/wp-json\/wp\/v2\/categories?post=928"},{"taxonomy":"post_tag","embeddable":true,"href":"https:\/\/todocertificados.com\/mexico\/wp-json\/wp\/v2\/tags?post=928"}],"curies":[{"name":"wp","href":"https:\/\/api.w.org\/{rel}","templated":true}]}}