{"id":905,"date":"2023-03-03T11:20:49","date_gmt":"2023-03-03T11:20:49","guid":{"rendered":"https:\/\/todocertificados.com\/mexico\/?page_id=905"},"modified":"2023-03-06T01:15:29","modified_gmt":"2023-03-06T01:15:29","slug":"certificado-origen-tmec","status":"publish","type":"page","link":"https:\/\/todocertificados.com\/mexico\/certificado-origen-tmec\/","title":{"rendered":"Certificado de origen T MEC"},"content":{"rendered":"<div class=\"02640ac1cf99e0a816556c1d72e1d642\" data-index=\"1\" style=\"float: none; margin:10px 0 10px 0; text-align:center;\">\n<ins class=\"adsbygoogle\"\r\n     style=\"display:block\"\r\n     data-ad-client=\"ca-pub-5605228788947132\"\r\n     data-ad-slot=\"6189026294\"\r\n     data-ad-format=\"link\"\r\n     data-full-width-responsive=\"true\"><\/ins>\r\n<script>\r\n     (adsbygoogle = window.adsbygoogle || []).push({});\r\n<\/script>\n<\/div>\n<p>El certificado de origen T MEC es el <a href=\"https:\/\/todocertificados.com\/mexico\/certificado-origen\/\">certificado de origen<\/a> en el que se <strong>ofrece un trato preferencial<\/strong> gracias al <strong>tratado entre los paises de M\u00e9xico, EE.UU y Canad\u00e1<\/strong>. En este documento se demuestra el <strong>origen de los productos<\/strong> a la vez que se acredita el cumplimiento de los requisitos que se fijaron en ese acuerdo.<\/p>\n<div class=\"ads-color-box\" style=\"color:#444;background:#eee;\">En el caso de exportaciones <strong>entre los paises latino americanos<\/strong>, necesitar\u00e1 el <a href=\"https:\/\/todocertificados.com\/mexico\/certificado-aladi\/\">certificado de origen ALADI<\/a>.<\/div>\n<p>&nbsp;<\/p>\n<h2>Requisitos del T MEC cetificado de origen<\/h2>\n<p>Este certificado se obtiene por autocertificaci\u00f3n, por lo que <strong>puede ser emitido tanto por el exportador, como por el productor o el importador<\/strong>. No se necesita de la aprobaci\u00f3n de ning\u00fan organismo oficial para obtener el certificado de origen TMEC.<\/p>\n<div class=\"ads-color-box\" style=\"color:#444;background:#eee;\">\n<p>Para ello, necesitar\u00e1 que se <strong>refleje toda la informaci\u00f3n que se detalla en el anexo 5-A<\/strong> del T-MEC:<\/p>\n<div class=\"ads-row\"><div class=\"cell\">\n<ul>\n<li>Emisor del certificado<\/li>\n<li>Datos del emisor<\/li>\n<li>Exportador<\/li>\n<li>Productor<\/li>\n<li>Importador<\/li>\n<li>Descripci\u00f3n arancelaria de la mercanc\u00eda<\/li>\n<\/ul>\n<\/div><div class=\"cell\">\n<ul>\n<li>Clasificaci\u00f3n arancelaria de la mercanc\u00eda en el Sistema Armonizado<\/li>\n<li>Criterio de origen a la cual califica la mercanc\u00eda<\/li>\n<li>Periodo en que la mercanc\u00eda ser\u00e1 transportada<\/li>\n<li>Si ser\u00e1 transportada en varios embarques<\/li>\n<li>Firma autorizada<\/li>\n<li>Fecha<\/li>\n<\/ul>\n<\/div><\/div>\n<\/div>\n<p><strong>El emisor<\/strong> del certificado<strong> debe de cumplir con<\/strong> una serie de obligaciones:<\/p>\n<ul>\n<li><strong>Tener una copia de la <a href=\"https:\/\/todocertificados.com\/mexico\/certificado-origen\/\">certificaci\u00f3n de origen<\/a> <\/strong>al solicitar el trato arancelario preferencial y proporcionarla en la administraci\u00f3n aduanera cuando se solicite<\/li>\n<li>El productor (cuando no es el exportador) debe <strong>demostrar que la mercancia no ha sido sometida a ning\u00fan proceso<\/strong> que no fuera necesario para su transporte o para preservarlo en buenas condiciones.<\/li>\n<li><strong>Cumplir los requisitos<\/strong> de transbordo y tr\u00e1nsito si fuera el caso<\/li>\n<li>Los exportadores y productores deben <strong>conservar los registros<\/strong> que demuestran el origen de la mercancia durante al menos 5 a\u00f1os.<\/li>\n<\/ul>\n<h2>C\u00f3mo llenar el certificado T-MEC<\/h2>\n<p>Para el llenado del certificado T-Mec les dejamos un v\u00eddeo de CASADUANA, expertos en comercio exterior, donde explican paso a paso c\u00f3mo llenar el certificado de origen T-MEC.<\/p>\n<p style=\"text-align: center;\"><iframe loading=\"lazy\" title=\"Video sobre c\u00f3mo llenar el certificado t-mec\" src=\"https:\/\/www.youtube.com\/embed\/aW7xPaP-tio\" width=\"560\" height=\"450\" frameborder=\"0\" allowfullscreen=\"allowfullscreen\"><span data-mce-type=\"bookmark\" style=\"display: inline-block; width: 0px; overflow: hidden; line-height: 0;\" class=\"mce_SELRES_start\">\ufeff<\/span><\/iframe><\/p>\n<h2>Formato certificado de origen T MEC<\/h2>\n<p>Este nuevo certificado TMEC puede tenerse en <strong>varios formatos<\/strong>. As\u00ed, podr\u00e1 obtenerse en formato papel o en formaro electr\u00f3nico.<\/p>\n<p>El certificado TMEC en formato electr\u00f3nico no permite su uso sin necesidad de tener que presentar el documento en papel f\u00edsico. Este tiene validez en los idiomas ingl\u00e9s y franc\u00e9s.<\/p>\n<p>No olvide guardarlo por un plazo m\u00ednimo de 4 a\u00f1os, ya que este es el periodo m\u00e1ximo por el que podr\u00edan solicitarle este documento en caso de que se debiera de presentar una auditor\u00eda por parte de las autoridades.<\/p>\n<h3>Vigencia del certificado de origen TMEC<\/h3>\n<p>El certificado T MEC tiene una <strong>vigencia de 4 a\u00f1os<\/strong> desde su fecha de emisi\u00f3n.<\/p>\n<p style=\"text-align: center;\"><div class=\"tds-message-box box-info \">Para m\u00e1s informaci\u00f3n, puede visitar la web oficial del gobierno: <a href=\"https:\/\/www.gob.mx\/t.mec\">https:\/\/www.gob.mx\/t.mec<\/a><\/div>\n<h2>El TMEC en sustituci\u00f3n del TLCAN<\/h2>\n<p>El certificado TMEC ha entrado en sustituci\u00f3n del certificado TLCAN, el Tratado de Am\u00e9rica del Norte. Esta deja de existir como un modelo espec\u00edfico de certificado de origen permitiendo as\u00ed la certificaci\u00f3n a trav\u00e9s de las facturas u otro documento comercial. Esto es posible siempre que se recoja en ellos determinada informaci\u00f3n.<\/p>\n<p>El certificado TLCAN dej\u00f3 de ser v\u00e1lido el 1 de julio, por lo que a partir de entonces tanto productores como exportadores e importadores deben de adaptarse a este nuevo acuerdo contemplando las nuevas reglas del T-MEC.<\/p>\n<h3>Novedades en el certificado TMEC<\/h3>\n<p>Las nuevas caracter\u00edsticas que podemos encontrar en este certificado son:<\/p>\n<ul>\n<li>Opera bajo la autocertificaci\u00f3n<\/li>\n<li>Esta certificaci\u00f3n puede ser en factura o documento comercial<\/li>\n<li>El documento puede ser emitido por el importador<\/li>\n<li>El formato del certificado de origen es eliminado<\/li>\n<\/ul>\n\n<div style=\"font-size: 0px; height: 0px; line-height: 0px; margin: 0; padding: 0; clear: both;\"><\/div>","protected":false},"excerpt":{"rendered":"<p>El certificado de origen T MEC es el certificado de origen en el que se ofrece un trato preferencial gracias al tratado entre los paises de M\u00e9xico, EE.UU y Canad\u00e1. En este documento se demuestra el origen de los productos a la vez que se acredita el cumplimiento de los requisitos que se fijaron en ..<\/p>\n<div class=\"clear-fix\"><\/div>\n<p><a href=\"https:\/\/todocertificados.com\/mexico\/certificado-origen-tmec\/\" title=\"Leer m\u00e1s...\">Leer m\u00e1s<\/a><\/p>\n","protected":false},"author":1,"featured_media":918,"parent":0,"menu_order":0,"comment_status":"closed","ping_status":"closed","template":"full-width-template.php","meta":{"footnotes":""},"categories":[8],"tags":[12],"yoast_head":"<!-- This site is optimized with the Yoast SEO plugin v22.2 - https:\/\/yoast.com\/wordpress\/plugins\/seo\/ -->\n<title>Certificado de origen T MEC &#187; Certificados M\u00e9xico<\/title>\n<meta name=\"robots\" content=\"index, follow, max-snippet:-1, max-image-preview:large, max-video-preview:-1\" \/>\n<link rel=\"canonical\" href=\"https:\/\/todocertificados.com\/mexico\/certificado-origen-tmec\/\" \/>\n<meta property=\"og:locale\" content=\"es_ES\" \/>\n<meta property=\"og:type\" content=\"article\" \/>\n<meta property=\"og:title\" content=\"Certificado de origen T MEC &#187; Certificados M\u00e9xico\" \/>\n<meta property=\"og:description\" content=\"El certificado de origen T MEC es el certificado de origen en el que se ofrece un trato preferencial gracias al tratado entre los paises de M\u00e9xico, EE.UU y Canad\u00e1. En este documento se demuestra el origen de los productos a la vez que se acredita el cumplimiento de los requisitos que se fijaron en ..Leer m\u00e1s\" \/>\n<meta property=\"og:url\" content=\"https:\/\/todocertificados.com\/mexico\/certificado-origen-tmec\/\" \/>\n<meta property=\"og:site_name\" content=\"Certificados M\u00e9xico\" \/>\n<meta property=\"article:modified_time\" content=\"2023-03-06T01:15:29+00:00\" \/>\n<meta property=\"og:image\" content=\"https:\/\/todocertificados.com\/mexico\/wp-content\/uploads\/sites\/3\/2023\/03\/Certificado-origen-tmec.jpg\" \/>\n\t<meta property=\"og:image:width\" content=\"301\" \/>\n\t<meta property=\"og:image:height\" content=\"219\" \/>\n\t<meta property=\"og:image:type\" content=\"image\/jpeg\" \/>\n<meta name=\"twitter:card\" content=\"summary_large_image\" \/>\n<meta name=\"twitter:label1\" content=\"Tiempo de lectura\" \/>\n\t<meta name=\"twitter:data1\" content=\"3 minutos\" \/>\n<script type=\"application\/ld+json\" class=\"yoast-schema-graph\">{\"@context\":\"https:\/\/schema.org\",\"@graph\":[{\"@type\":\"WebPage\",\"@id\":\"https:\/\/todocertificados.com\/mexico\/certificado-origen-tmec\/\",\"url\":\"https:\/\/todocertificados.com\/mexico\/certificado-origen-tmec\/\",\"name\":\"Certificado de origen T MEC &#187; Certificados M\u00e9xico\",\"isPartOf\":{\"@id\":\"https:\/\/todocertificados.com\/mexico\/#website\"},\"primaryImageOfPage\":{\"@id\":\"https:\/\/todocertificados.com\/mexico\/certificado-origen-tmec\/#primaryimage\"},\"image\":{\"@id\":\"https:\/\/todocertificados.com\/mexico\/certificado-origen-tmec\/#primaryimage\"},\"thumbnailUrl\":\"https:\/\/todocertificados.com\/mexico\/wp-content\/uploads\/sites\/3\/2023\/03\/Certificado-origen-tmec.jpg\",\"datePublished\":\"2023-03-03T11:20:49+00:00\",\"dateModified\":\"2023-03-06T01:15:29+00:00\",\"breadcrumb\":{\"@id\":\"https:\/\/todocertificados.com\/mexico\/certificado-origen-tmec\/#breadcrumb\"},\"inLanguage\":\"es\",\"potentialAction\":[{\"@type\":\"ReadAction\",\"target\":[\"https:\/\/todocertificados.com\/mexico\/certificado-origen-tmec\/\"]}]},{\"@type\":\"ImageObject\",\"inLanguage\":\"es\",\"@id\":\"https:\/\/todocertificados.com\/mexico\/certificado-origen-tmec\/#primaryimage\",\"url\":\"https:\/\/todocertificados.com\/mexico\/wp-content\/uploads\/sites\/3\/2023\/03\/Certificado-origen-tmec.jpg\",\"contentUrl\":\"https:\/\/todocertificados.com\/mexico\/wp-content\/uploads\/sites\/3\/2023\/03\/Certificado-origen-tmec.jpg\",\"width\":301,\"height\":219,\"caption\":\"Certificado origen tmec\"},{\"@type\":\"BreadcrumbList\",\"@id\":\"https:\/\/todocertificados.com\/mexico\/certificado-origen-tmec\/#breadcrumb\",\"itemListElement\":[{\"@type\":\"ListItem\",\"position\":1,\"name\":\"Portada\",\"item\":\"https:\/\/todocertificados.com\/mexico\/\"},{\"@type\":\"ListItem\",\"position\":2,\"name\":\"Certificado de origen T MEC\"}]},{\"@type\":\"WebSite\",\"@id\":\"https:\/\/todocertificados.com\/mexico\/#website\",\"url\":\"https:\/\/todocertificados.com\/mexico\/\",\"name\":\"Certificados M\u00e9xico\",\"description\":\"Todo sobre certificados mexicanos\",\"publisher\":{\"@id\":\"https:\/\/todocertificados.com\/mexico\/#organization\"},\"potentialAction\":[{\"@type\":\"SearchAction\",\"target\":{\"@type\":\"EntryPoint\",\"urlTemplate\":\"https:\/\/todocertificados.com\/mexico\/?s={search_term_string}\"},\"query-input\":\"required name=search_term_string\"}],\"inLanguage\":\"es\"},{\"@type\":\"Organization\",\"@id\":\"https:\/\/todocertificados.com\/mexico\/#organization\",\"name\":\"TodoCertificados\",\"url\":\"https:\/\/todocertificados.com\/mexico\/\",\"logo\":{\"@type\":\"ImageObject\",\"inLanguage\":\"es\",\"@id\":\"https:\/\/todocertificados.com\/mexico\/#\/schema\/logo\/image\/\",\"url\":\"https:\/\/todocertificados.com\/mexico\/wp-content\/uploads\/sites\/3\/2020\/07\/todo-certificados-favicon.png\",\"contentUrl\":\"https:\/\/todocertificados.com\/mexico\/wp-content\/uploads\/sites\/3\/2020\/07\/todo-certificados-favicon.png\",\"width\":512,\"height\":512,\"caption\":\"TodoCertificados\"},\"image\":{\"@id\":\"https:\/\/todocertificados.com\/mexico\/#\/schema\/logo\/image\/\"}}]}<\/script>\n<!-- \/ Yoast SEO plugin. -->","yoast_head_json":{"title":"Certificado de origen T MEC &#187; Certificados M\u00e9xico","robots":{"index":"index","follow":"follow","max-snippet":"max-snippet:-1","max-image-preview":"max-image-preview:large","max-video-preview":"max-video-preview:-1"},"canonical":"https:\/\/todocertificados.com\/mexico\/certificado-origen-tmec\/","og_locale":"es_ES","og_type":"article","og_title":"Certificado de origen T MEC &#187; Certificados M\u00e9xico","og_description":"El certificado de origen T MEC es el certificado de origen en el que se ofrece un trato preferencial gracias al tratado entre los paises de M\u00e9xico, EE.UU y Canad\u00e1. En este documento se demuestra el origen de los productos a la vez que se acredita el cumplimiento de los requisitos que se fijaron en ..Leer m\u00e1s","og_url":"https:\/\/todocertificados.com\/mexico\/certificado-origen-tmec\/","og_site_name":"Certificados M\u00e9xico","article_modified_time":"2023-03-06T01:15:29+00:00","og_image":[{"width":301,"height":219,"url":"https:\/\/todocertificados.com\/mexico\/wp-content\/uploads\/sites\/3\/2023\/03\/Certificado-origen-tmec.jpg","type":"image\/jpeg"}],"twitter_card":"summary_large_image","twitter_misc":{"Tiempo de lectura":"3 minutos"},"schema":{"@context":"https:\/\/schema.org","@graph":[{"@type":"WebPage","@id":"https:\/\/todocertificados.com\/mexico\/certificado-origen-tmec\/","url":"https:\/\/todocertificados.com\/mexico\/certificado-origen-tmec\/","name":"Certificado de origen T MEC &#187; Certificados M\u00e9xico","isPartOf":{"@id":"https:\/\/todocertificados.com\/mexico\/#website"},"primaryImageOfPage":{"@id":"https:\/\/todocertificados.com\/mexico\/certificado-origen-tmec\/#primaryimage"},"image":{"@id":"https:\/\/todocertificados.com\/mexico\/certificado-origen-tmec\/#primaryimage"},"thumbnailUrl":"https:\/\/todocertificados.com\/mexico\/wp-content\/uploads\/sites\/3\/2023\/03\/Certificado-origen-tmec.jpg","datePublished":"2023-03-03T11:20:49+00:00","dateModified":"2023-03-06T01:15:29+00:00","breadcrumb":{"@id":"https:\/\/todocertificados.com\/mexico\/certificado-origen-tmec\/#breadcrumb"},"inLanguage":"es","potentialAction":[{"@type":"ReadAction","target":["https:\/\/todocertificados.com\/mexico\/certificado-origen-tmec\/"]}]},{"@type":"ImageObject","inLanguage":"es","@id":"https:\/\/todocertificados.com\/mexico\/certificado-origen-tmec\/#primaryimage","url":"https:\/\/todocertificados.com\/mexico\/wp-content\/uploads\/sites\/3\/2023\/03\/Certificado-origen-tmec.jpg","contentUrl":"https:\/\/todocertificados.com\/mexico\/wp-content\/uploads\/sites\/3\/2023\/03\/Certificado-origen-tmec.jpg","width":301,"height":219,"caption":"Certificado origen tmec"},{"@type":"BreadcrumbList","@id":"https:\/\/todocertificados.com\/mexico\/certificado-origen-tmec\/#breadcrumb","itemListElement":[{"@type":"ListItem","position":1,"name":"Portada","item":"https:\/\/todocertificados.com\/mexico\/"},{"@type":"ListItem","position":2,"name":"Certificado de origen T MEC"}]},{"@type":"WebSite","@id":"https:\/\/todocertificados.com\/mexico\/#website","url":"https:\/\/todocertificados.com\/mexico\/","name":"Certificados M\u00e9xico","description":"Todo sobre certificados mexicanos","publisher":{"@id":"https:\/\/todocertificados.com\/mexico\/#organization"},"potentialAction":[{"@type":"SearchAction","target":{"@type":"EntryPoint","urlTemplate":"https:\/\/todocertificados.com\/mexico\/?s={search_term_string}"},"query-input":"required name=search_term_string"}],"inLanguage":"es"},{"@type":"Organization","@id":"https:\/\/todocertificados.com\/mexico\/#organization","name":"TodoCertificados","url":"https:\/\/todocertificados.com\/mexico\/","logo":{"@type":"ImageObject","inLanguage":"es","@id":"https:\/\/todocertificados.com\/mexico\/#\/schema\/logo\/image\/","url":"https:\/\/todocertificados.com\/mexico\/wp-content\/uploads\/sites\/3\/2020\/07\/todo-certificados-favicon.png","contentUrl":"https:\/\/todocertificados.com\/mexico\/wp-content\/uploads\/sites\/3\/2020\/07\/todo-certificados-favicon.png","width":512,"height":512,"caption":"TodoCertificados"},"image":{"@id":"https:\/\/todocertificados.com\/mexico\/#\/schema\/logo\/image\/"}}]}},"_links":{"self":[{"href":"https:\/\/todocertificados.com\/mexico\/wp-json\/wp\/v2\/pages\/905"}],"collection":[{"href":"https:\/\/todocertificados.com\/mexico\/wp-json\/wp\/v2\/pages"}],"about":[{"href":"https:\/\/todocertificados.com\/mexico\/wp-json\/wp\/v2\/types\/page"}],"author":[{"embeddable":true,"href":"https:\/\/todocertificados.com\/mexico\/wp-json\/wp\/v2\/users\/1"}],"replies":[{"embeddable":true,"href":"https:\/\/todocertificados.com\/mexico\/wp-json\/wp\/v2\/comments?post=905"}],"version-history":[{"count":9,"href":"https:\/\/todocertificados.com\/mexico\/wp-json\/wp\/v2\/pages\/905\/revisions"}],"predecessor-version":[{"id":940,"href":"https:\/\/todocertificados.com\/mexico\/wp-json\/wp\/v2\/pages\/905\/revisions\/940"}],"wp:featuredmedia":[{"embeddable":true,"href":"https:\/\/todocertificados.com\/mexico\/wp-json\/wp\/v2\/media\/918"}],"wp:attachment":[{"href":"https:\/\/todocertificados.com\/mexico\/wp-json\/wp\/v2\/media?parent=905"}],"wp:term":[{"taxonomy":"category","embeddable":true,"href":"https:\/\/todocertificados.com\/mexico\/wp-json\/wp\/v2\/categories?post=905"},{"taxonomy":"post_tag","embeddable":true,"href":"https:\/\/todocertificados.com\/mexico\/wp-json\/wp\/v2\/tags?post=905"}],"curies":[{"name":"wp","href":"https:\/\/api.w.org\/{rel}","templated":true}]}}