{"id":901,"date":"2023-03-02T12:12:47","date_gmt":"2023-03-02T12:12:47","guid":{"rendered":"https:\/\/todocertificados.com\/mexico\/?page_id=901"},"modified":"2023-06-28T17:25:39","modified_gmt":"2023-06-28T17:25:39","slug":"certificado-origen","status":"publish","type":"page","link":"https:\/\/todocertificados.com\/mexico\/certificado-origen\/","title":{"rendered":"Certificado de Origen"},"content":{"rendered":"<div class=\"02640ac1cf99e0a816556c1d72e1d642\" data-index=\"1\" style=\"float: none; margin:10px 0 10px 0; text-align:center;\">\n<ins class=\"adsbygoogle\"\r\n     style=\"display:block\"\r\n     data-ad-client=\"ca-pub-5605228788947132\"\r\n     data-ad-slot=\"6189026294\"\r\n     data-ad-format=\"link\"\r\n     data-full-width-responsive=\"true\"><\/ins>\r\n<script>\r\n     (adsbygoogle = window.adsbygoogle || []).push({});\r\n<\/script>\n<\/div>\n<p>El certificado de origen es un <strong>documento<\/strong> necesario <strong>para la exportaci\u00f3n de mercanc\u00edas<\/strong>, tambi\u00e9n conocido como certificado de origen exportacion. Es requerido para todas aquellas personas f\u00edsicas o morales que se dedican a la exportaci\u00f3n.<\/p>\n<p>Vamos a ver qu\u00e9 es exactamente el certificado de origen, qu\u00e9 tipos de certificados de origen hay, qu\u00e9 requisitos se solicitan para su expedici\u00f3n y c\u00f3mo tramitarlo.<\/p>\n<p style=\"text-align: center;\"><div class=\"ads-button\">\n\t\t<a href=\"https:\/\/todocertificados.com\/mexico\/certificado-origen\/#Como_obtener_el_certificado_de_origen_para_exportar\" target=\"_self\" class=\"adsbtn-swipe \"> Obtener el Certificado de Origen<\/a>\n\t\t<\/div>\n<h2>Qu\u00e9 es el certificado de origen<\/h2>\n<p>El certificado de origen es un documento <strong>que demuestra el origen de los productos<\/strong> en las transacciones comerciales internacionales. En \u00e9l se indica el pa\u00eds de origen de un producto o mercanc\u00eda, es decir, donde ha sido fabricado.<\/p>\n<p style=\"text-align: center;\"><div class=\"tds-message-box box-info \">Para exportar tu mercanc\u00eda debes de solicitar este certificado de origen. Tambi\u00e9n puede que te soliciten el <a href=\"https:\/\/todocertificados.com\/mexico\/libertad-gravamen\/\">certificado de libertad de gravamen<\/a>.<\/div>\n<p>Su objetivo es el de poder saber si la empresa tendr\u00e1 restricciones de entrada con respecto a un producto o si habr\u00e1 tratos arancelarios preferenciales en otros paises. Es<strong> requerido para solicitar la exenci\u00f3n o reducci\u00f3n de aranceles<\/strong> en la importaci\u00f3n o exportaci\u00f3n de bienes seg\u00fan los acuerdos que haya entre los paises.<\/p>\n<p>Para beneficiarse de tratos preferentes debe de obtener el certificado de origen correspondiente <strong>seg\u00fan sean los paises involucrados<\/strong> en la exportaci\u00f3n o importaci\u00f3n de la mercancia.<\/p>\n<p>Por ejemplo, puede beneficiarse de un trato preferencial si cumple los requisitos del tratado realizado entre M\u00e9xico, EEUU y Canad\u00e1. En ese caso, le interesa obtener el certificado de origen T MEC.<\/p>\n<p style=\"text-align: center;\"><div class=\"ads-button\">\n\t\t<a href=\"https:\/\/todocertificados.com\/mexico\/certificado-origen-tmec\/\" target=\"_self\" class=\"adsbtn-swipe \"> Certificado de Origen T MEC<\/a>\n\t\t<\/div>\n<p>Otros <strong>certificados de origen que puede solicitar<\/strong> seg\u00fan los paises con los que vaya a realizar transacciones internacionales son:<\/p>\n<ul>\n<li><a href=\"https:\/\/todocertificados.com\/mexico\/certificado-tlcan\/\">Certificado de origen TLCAN<\/a> (Tratado de Libre Comercio Am\u00e9rica del Norte)<\/li>\n<li><a href=\"https:\/\/todocertificados.com\/mexico\/certificado-aladi\/\">Certificado ALADI<\/a> (Asociaci\u00f3n Latinoamericana de Integraci\u00f3n)<\/li>\n<li><a href=\"https:\/\/todocertificados.com\/mexico\/certificado-origen-tmec\/\">T-MEC<\/a> (Acuerdo comercial entre M\u00e9xico, Canad\u00e1 y Estados Unidos)<\/li>\n<li><a href=\"https:\/\/todocertificados.com\/mexico\/certificado-form-a-sgp\/\">Certificado Form A bajo el SGP<\/a> (Sistema Generalizado de Preferencias)<\/li>\n<li><a href=\"https:\/\/www.gob.mx\/cms\/uploads\/attachment\/file\/318129\/2.4.4_Mx-Per_.pdf\">Acuerdo de Integraci\u00f3n entre M\u00e9xico y Per\u00fa<\/a><\/li>\n<li><a href=\"https:\/\/dof.gob.mx\/nota_detalle.php?codigo=5241706&amp;fecha=30\/03\/2012#gsc.tab=0\">Certificado de Origen del Acuerdo entre M\u00e9xico y Jap\u00f3n<\/a><\/li>\n<li><a href=\"https:\/\/www.gob.mx\/cms\/uploads\/attachment\/file\/224509\/2.4.10_Mx-Uruguay.pdf\">TLC entre M\u00e9xico y Uruguay<\/a> (Tratado de Libre Comercio)<\/li>\n<li><strong>Acuerdo USMCA<\/strong>: Para los intercambios comerciales entre M\u00e9xico, Estados Unidos y Canad\u00e1 y es necesario para solicitar la exenci\u00f3n o reducci\u00f3n de aranceles. Es similar al Certificado de Origen T-MEC pero no requiere un certificado de origen USMCA.<\/li>\n<\/ul>\n<p>En M\u00e9xico, el certificado de origen es <strong>emitido por las c\u00e1maras de comercio<\/strong> u otros organismos competentes del pa\u00eds exportador.<\/p>\n<h2>Tipos de certificados de origen exportaci\u00f3n<\/h2>\n<p>Los tipos de certificado de origen en M\u00e9xico son:<\/p>\n<ul>\n<li><strong>Preferenciales<\/strong>: que avala estar exento de aranceles o aranceles reducidos<\/li>\n<li><strong>No preferenciales<\/strong>: indican que la mercancia no tiene trato arancelario preferencial<\/li>\n<\/ul>\n<p>Tambi\u00e9n podemos diferenciar los certificados de origen como:<\/p>\n<ul>\n<li><strong>Certificado de origen por autoridad<\/strong>: cuando es emitido por una autoridad competente o entidades autorizadas<\/li>\n<li><strong>Certificado de origen por auto certificaci\u00f3n<\/strong>: cuando es el exportador el que emite el certificado, y en caso de los tratados de libre comercio, se habilita al importador a emitirlo en unas condiciones espec\u00edficas<\/li>\n<\/ul>\n<h2>Requisitos del certificado de origen mexicano<\/h2>\n<p>La documentaci\u00f3n que necesitar\u00e1 para realizar este tr\u00e1mite es:<\/p>\n<ul>\n<li>Formato de Registro \u00danico<\/li>\n<li>Acta Constitutiva de la sociedad y sus modificaciones<\/li>\n<li>Poder Notarial (original y copia)<\/li>\n<\/ul>\n<p>Antes de solicitar el certificado de origen de un producto debe de contar con la fracci\u00f3n arancelaria que corresponde a su mercanc\u00eda. Si no lo tuviera, puede obtenerla desde SNICE: <a href=\"https:\/\/www.snice.gob.mx\/cs\/avi\/snice\/hce.mi.fraccion.arancelaria.html\">https:\/\/www.snice.gob.mx\/cs\/avi\/snice\/hce.mi.fraccion.arancelaria.html<\/a>.<\/p>\n<p><img loading=\"lazy\" decoding=\"async\" class=\"alignnone size-full wp-image-909 aligncenter\" src=\"https:\/\/todocertificados.com\/mexico\/wp-content\/uploads\/sites\/3\/2023\/03\/certificado-origen-exportacion.jpg\" alt=\"Certificado de origen exportaci\u00f3n\" width=\"250\" height=\"200\" srcset=\"https:\/\/todocertificados.com\/mexico\/wp-content\/uploads\/sites\/3\/2023\/03\/certificado-origen-exportacion.jpg 250w, https:\/\/todocertificados.com\/mexico\/wp-content\/uploads\/sites\/3\/2023\/03\/certificado-origen-exportacion-150x120.jpg 150w\" sizes=\"(max-width: 250px) 100vw, 250px\" \/><\/p>\n<h2>C\u00f3mo obtener el certificado de origen para exportar<\/h2>\n<p>Obtener el certificado de origen para exportar es gratis en M\u00e9xico. Este tr\u00e1mite se realiza a trav\u00e9s de la <strong>Secretar\u00eda de Econom\u00eda y la Ventanilla \u00danica<\/strong>.<\/p>\n<h3>Obtener el certificado de origen de la autoridad<\/h3>\n<p>En este caso, el certificado de origen es <strong>emitido por la autoridad competente o las entidades autorizadas<\/strong>. Las instancias encargadas de tramitar la documentaci\u00f3n necesaria para comprobar que los productos fueron obtenidos o fabricados en M\u00e9xico son la Secreat\u00eda de Economia (SE) y la Ventanilla \u00danica.<\/p>\n<p>Se puede solicitar de dos maneras:<\/p>\n<ul>\n<li>Realizarlo <strong>a trav\u00e9s del VUCEM<\/strong> (<a href=\"https:\/\/www.ventanillaunica.gob.mx\/vucem\/index.html\">https:\/\/www.ventanillaunica.gob.mx\/vucem\/index.html<\/a>) e indicar la delegaci\u00f3n o subdelegaci\u00f3n de la SE que le corresponde<\/li>\n<li>Enviando un <strong>email a dgce.origen@e.economia.gob.mx<\/strong> con el Certificado de Origen en un formato editable y con la autorizaci\u00f3n del registro de productos elegibles<\/li>\n<\/ul>\n<div class=\"tds-message-box box-info \">La informaci\u00f3n requerida se debe de<strong> enviar en excel<\/strong> tal y como se facilita en la web del SNICE (puede <strong>obtenerlo aqui: <a href=\"https:\/\/www.snice.gob.mx\/cs\/avi\/snice\/drrnas.origen.html\">https:\/\/www.snice.gob.mx\/cs\/avi\/snice\/drrnas.origen.html<\/a><\/strong>).<\/div>\n<p>Una vez solicitado de una de las dos maneras, podr\u00e1 <strong>recoger el certificado de origen<\/strong> en la Delegaci\u00f3n o Subdelegaci\u00f3n de la SE indicada o en la Ventanilla de la Direcci\u00f3n General de Facilitaci\u00f3n Comercial y de Comercio Exterior en horario de 9:00 a 14:00.<\/p>\n<h3>Obtener el certificado de origen por autocertificaci\u00f3n<\/h3>\n<p>En este caso, no se necesita la aprobaci\u00f3n de un organimos oficial. La certificaci\u00f3n de origen para exportar deber\u00e1 realizarla el productor, el exportador o el importador.<\/p>\n<p>El certificado de origen es un documento fundamental en el comercio internacional y es<strong> requerido para solicitar la exenci\u00f3n o reducci\u00f3n de aranceles<\/strong> en la importaci\u00f3n o exportaci\u00f3n de bienes. Pero para poder solicitarlo necesitar\u00e1 determinados documentos que son requisito para obtenerlo.<\/p>\n<p style=\"text-align: center;\"><div class=\"ads-button\">\n\t\t<a href=\"https:\/\/todocertificados.com\/mexico\/certificado-origen\/#Requisitos_del_certificado_de_origen_mexicano\" target=\"_self\" class=\"adsbtn-swipe \"> Requisitos del Certificado de Origen<\/a>\n\t\t<\/div>\n<h2>Ejemplo de certificado de origen<\/h2>\n<p>Aqu\u00ed tiene un ejemplo de como podr\u00eda ser un certificado de origen en pdf.<\/p>\n<p><img loading=\"lazy\" decoding=\"async\" class=\"wp-image-913 size-full aligncenter\" src=\"https:\/\/todocertificados.com\/mexico\/wp-content\/uploads\/sites\/3\/2023\/03\/Ejemplo-Certificado-Origen.jpg\" alt=\"Ejemplo Certificado Origen\" width=\"593\" height=\"861\" srcset=\"https:\/\/todocertificados.com\/mexico\/wp-content\/uploads\/sites\/3\/2023\/03\/Ejemplo-Certificado-Origen.jpg 593w, https:\/\/todocertificados.com\/mexico\/wp-content\/uploads\/sites\/3\/2023\/03\/Ejemplo-Certificado-Origen-207x300.jpg 207w, https:\/\/todocertificados.com\/mexico\/wp-content\/uploads\/sites\/3\/2023\/03\/Ejemplo-Certificado-Origen-103x150.jpg 103w, https:\/\/todocertificados.com\/mexico\/wp-content\/uploads\/sites\/3\/2023\/03\/Ejemplo-Certificado-Origen-300x436.jpg 300w\" sizes=\"(max-width: 593px) 100vw, 593px\" \/><\/p>\n<p>Adem\u00e1s, existen otros certificados de origen relacionados que pueden ser <strong>necesarios para las transacciones comerciales internacionales<\/strong>, dependiendo del pa\u00eds de destino y de los acuerdos comerciales establecidos.<\/p>\n<div class=\"ads-color-box\" style=\"color:#444;background:#eee;\">\n<p>Adem\u00e1s de los certificados de origen que hemos visto, existen <strong>otros documentos que pueden ser necesarios en el comercio internacional<\/strong>, como los siguientes:<\/p>\n<ul>\n<li><strong>Carta Porte<\/strong><\/li>\n<li><strong>Pedimento<\/strong>: El documento que se presenta al agente aduanal para demostrar las contribuciones ante Hacienda por la salida de mercanc\u00eda<\/li>\n<li><strong>Factura Comercial<\/strong>: Comprobante fiscal por la enajenaci\u00f3n de la mercanc\u00eda<\/li>\n<li><strong>Carta de instrucciones al agente de aduana<\/strong>: Carta que contiene la informaci\u00f3n detallada de la operaci\u00f3n<\/li>\n<li><strong>Encargo conferido<\/strong><\/li>\n<li><strong>Lista de empaque<\/strong>: listado con los detalles de cada bulto<\/li>\n<\/ul>\n<\/div>\n<p style=\"text-align: center;\">Si quiere poder emitir Comprobantes Fiscales Digitales por Internet necesitar\u00e1 el Certificado de Sello Digital. Puede solicitarlo, o si ya lo ten\u00eda, recuperarlo:<\/p>\n<div class=\"ads-row\"><div class=\"cell\">\n<p style=\"text-align: center;\"><div class=\"ads-button\">\n\t\t<a href=\"https:\/\/todocertificados.com\/mexico\/recuperacion-certificados\/#Recuperacion_de_Certificado_de_Sello_Digital\" target=\"_self\" class=\"adsbtn-swipe \"> Recuperaci\u00f3n de Certificado de Sello Digital<\/a>\n\t\t<\/div>\n<\/div><div class=\"cell\">\n<p style=\"text-align: center;\"><div class=\"ads-button\">\n\t\t<a href=\"https:\/\/todocertificados.com\/mexico\/certificado-sello-digital\/\" target=\"_self\" class=\"adsbtn-swipe \"> Solicitud de Sertificado de Sello Digital<\/a>\n\t\t<\/div>\n<\/div><\/div>\n<p>Las certificaciones en comercio exterior pueden ser clave para el <strong>\u00e9xito de las operaciones internacionales<\/strong> de una empresa, por lo que se recomienda buscar asesoramiento y apoyo de profesionales especializados en la materia.<\/p>\n\n<div style=\"font-size: 0px; height: 0px; line-height: 0px; margin: 0; padding: 0; clear: both;\"><\/div>","protected":false},"excerpt":{"rendered":"<p>El certificado de origen es un documento necesario para la exportaci\u00f3n de mercanc\u00edas, tambi\u00e9n conocido como certificado de origen exportacion. Es requerido para todas aquellas personas f\u00edsicas o morales que se dedican a la exportaci\u00f3n. Vamos a ver qu\u00e9 es exactamente el certificado de origen, qu\u00e9 tipos de certificados de origen hay, qu\u00e9 requisitos se ..<\/p>\n<div class=\"clear-fix\"><\/div>\n<p><a href=\"https:\/\/todocertificados.com\/mexico\/certificado-origen\/\" title=\"Leer m\u00e1s...\">Leer m\u00e1s<\/a><\/p>\n","protected":false},"author":1,"featured_media":908,"parent":0,"menu_order":0,"comment_status":"closed","ping_status":"closed","template":"full-width-template.php","meta":{"footnotes":""},"categories":[8],"tags":[],"yoast_head":"<!-- This site is optimized with the Yoast SEO plugin v22.2 - https:\/\/yoast.com\/wordpress\/plugins\/seo\/ -->\n<title>Certificado de Origen &#187; Certificados M\u00e9xico<\/title>\n<meta name=\"robots\" content=\"index, follow, max-snippet:-1, max-image-preview:large, max-video-preview:-1\" \/>\n<link rel=\"canonical\" href=\"https:\/\/todocertificados.com\/mexico\/certificado-origen\/\" \/>\n<meta property=\"og:locale\" content=\"es_ES\" \/>\n<meta property=\"og:type\" content=\"article\" \/>\n<meta property=\"og:title\" content=\"Certificado de Origen &#187; Certificados M\u00e9xico\" \/>\n<meta property=\"og:description\" content=\"El certificado de origen es un documento necesario para la exportaci\u00f3n de mercanc\u00edas, tambi\u00e9n conocido como certificado de origen exportacion. Es requerido para todas aquellas personas f\u00edsicas o morales que se dedican a la exportaci\u00f3n. Vamos a ver qu\u00e9 es exactamente el certificado de origen, qu\u00e9 tipos de certificados de origen hay, qu\u00e9 requisitos se ..Leer m\u00e1s\" \/>\n<meta property=\"og:url\" content=\"https:\/\/todocertificados.com\/mexico\/certificado-origen\/\" \/>\n<meta property=\"og:site_name\" content=\"Certificados M\u00e9xico\" \/>\n<meta property=\"article:modified_time\" content=\"2023-06-28T17:25:39+00:00\" \/>\n<meta property=\"og:image\" content=\"https:\/\/todocertificados.com\/mexico\/wp-content\/uploads\/sites\/3\/2023\/03\/Certificado-Origen.jpg\" \/>\n\t<meta property=\"og:image:width\" content=\"301\" \/>\n\t<meta property=\"og:image:height\" content=\"219\" \/>\n\t<meta property=\"og:image:type\" content=\"image\/jpeg\" \/>\n<meta name=\"twitter:card\" content=\"summary_large_image\" \/>\n<meta name=\"twitter:label1\" content=\"Tiempo de lectura\" \/>\n\t<meta name=\"twitter:data1\" content=\"6 minutos\" \/>\n<script type=\"application\/ld+json\" class=\"yoast-schema-graph\">{\"@context\":\"https:\/\/schema.org\",\"@graph\":[{\"@type\":\"WebPage\",\"@id\":\"https:\/\/todocertificados.com\/mexico\/certificado-origen\/\",\"url\":\"https:\/\/todocertificados.com\/mexico\/certificado-origen\/\",\"name\":\"Certificado de Origen &#187; Certificados M\u00e9xico\",\"isPartOf\":{\"@id\":\"https:\/\/todocertificados.com\/mexico\/#website\"},\"primaryImageOfPage\":{\"@id\":\"https:\/\/todocertificados.com\/mexico\/certificado-origen\/#primaryimage\"},\"image\":{\"@id\":\"https:\/\/todocertificados.com\/mexico\/certificado-origen\/#primaryimage\"},\"thumbnailUrl\":\"https:\/\/todocertificados.com\/mexico\/wp-content\/uploads\/sites\/3\/2023\/03\/Certificado-Origen.jpg\",\"datePublished\":\"2023-03-02T12:12:47+00:00\",\"dateModified\":\"2023-06-28T17:25:39+00:00\",\"breadcrumb\":{\"@id\":\"https:\/\/todocertificados.com\/mexico\/certificado-origen\/#breadcrumb\"},\"inLanguage\":\"es\",\"potentialAction\":[{\"@type\":\"ReadAction\",\"target\":[\"https:\/\/todocertificados.com\/mexico\/certificado-origen\/\"]}]},{\"@type\":\"ImageObject\",\"inLanguage\":\"es\",\"@id\":\"https:\/\/todocertificados.com\/mexico\/certificado-origen\/#primaryimage\",\"url\":\"https:\/\/todocertificados.com\/mexico\/wp-content\/uploads\/sites\/3\/2023\/03\/Certificado-Origen.jpg\",\"contentUrl\":\"https:\/\/todocertificados.com\/mexico\/wp-content\/uploads\/sites\/3\/2023\/03\/Certificado-Origen.jpg\",\"width\":301,\"height\":219,\"caption\":\"Certificado de Origen\"},{\"@type\":\"BreadcrumbList\",\"@id\":\"https:\/\/todocertificados.com\/mexico\/certificado-origen\/#breadcrumb\",\"itemListElement\":[{\"@type\":\"ListItem\",\"position\":1,\"name\":\"Portada\",\"item\":\"https:\/\/todocertificados.com\/mexico\/\"},{\"@type\":\"ListItem\",\"position\":2,\"name\":\"Certificado de Origen\"}]},{\"@type\":\"WebSite\",\"@id\":\"https:\/\/todocertificados.com\/mexico\/#website\",\"url\":\"https:\/\/todocertificados.com\/mexico\/\",\"name\":\"Certificados M\u00e9xico\",\"description\":\"Todo sobre certificados mexicanos\",\"publisher\":{\"@id\":\"https:\/\/todocertificados.com\/mexico\/#organization\"},\"potentialAction\":[{\"@type\":\"SearchAction\",\"target\":{\"@type\":\"EntryPoint\",\"urlTemplate\":\"https:\/\/todocertificados.com\/mexico\/?s={search_term_string}\"},\"query-input\":\"required name=search_term_string\"}],\"inLanguage\":\"es\"},{\"@type\":\"Organization\",\"@id\":\"https:\/\/todocertificados.com\/mexico\/#organization\",\"name\":\"TodoCertificados\",\"url\":\"https:\/\/todocertificados.com\/mexico\/\",\"logo\":{\"@type\":\"ImageObject\",\"inLanguage\":\"es\",\"@id\":\"https:\/\/todocertificados.com\/mexico\/#\/schema\/logo\/image\/\",\"url\":\"https:\/\/todocertificados.com\/mexico\/wp-content\/uploads\/sites\/3\/2020\/07\/todo-certificados-favicon.png\",\"contentUrl\":\"https:\/\/todocertificados.com\/mexico\/wp-content\/uploads\/sites\/3\/2020\/07\/todo-certificados-favicon.png\",\"width\":512,\"height\":512,\"caption\":\"TodoCertificados\"},\"image\":{\"@id\":\"https:\/\/todocertificados.com\/mexico\/#\/schema\/logo\/image\/\"}}]}<\/script>\n<!-- \/ Yoast SEO plugin. -->","yoast_head_json":{"title":"Certificado de Origen &#187; Certificados M\u00e9xico","robots":{"index":"index","follow":"follow","max-snippet":"max-snippet:-1","max-image-preview":"max-image-preview:large","max-video-preview":"max-video-preview:-1"},"canonical":"https:\/\/todocertificados.com\/mexico\/certificado-origen\/","og_locale":"es_ES","og_type":"article","og_title":"Certificado de Origen &#187; Certificados M\u00e9xico","og_description":"El certificado de origen es un documento necesario para la exportaci\u00f3n de mercanc\u00edas, tambi\u00e9n conocido como certificado de origen exportacion. Es requerido para todas aquellas personas f\u00edsicas o morales que se dedican a la exportaci\u00f3n. Vamos a ver qu\u00e9 es exactamente el certificado de origen, qu\u00e9 tipos de certificados de origen hay, qu\u00e9 requisitos se ..Leer m\u00e1s","og_url":"https:\/\/todocertificados.com\/mexico\/certificado-origen\/","og_site_name":"Certificados M\u00e9xico","article_modified_time":"2023-06-28T17:25:39+00:00","og_image":[{"width":301,"height":219,"url":"https:\/\/todocertificados.com\/mexico\/wp-content\/uploads\/sites\/3\/2023\/03\/Certificado-Origen.jpg","type":"image\/jpeg"}],"twitter_card":"summary_large_image","twitter_misc":{"Tiempo de lectura":"6 minutos"},"schema":{"@context":"https:\/\/schema.org","@graph":[{"@type":"WebPage","@id":"https:\/\/todocertificados.com\/mexico\/certificado-origen\/","url":"https:\/\/todocertificados.com\/mexico\/certificado-origen\/","name":"Certificado de Origen &#187; Certificados M\u00e9xico","isPartOf":{"@id":"https:\/\/todocertificados.com\/mexico\/#website"},"primaryImageOfPage":{"@id":"https:\/\/todocertificados.com\/mexico\/certificado-origen\/#primaryimage"},"image":{"@id":"https:\/\/todocertificados.com\/mexico\/certificado-origen\/#primaryimage"},"thumbnailUrl":"https:\/\/todocertificados.com\/mexico\/wp-content\/uploads\/sites\/3\/2023\/03\/Certificado-Origen.jpg","datePublished":"2023-03-02T12:12:47+00:00","dateModified":"2023-06-28T17:25:39+00:00","breadcrumb":{"@id":"https:\/\/todocertificados.com\/mexico\/certificado-origen\/#breadcrumb"},"inLanguage":"es","potentialAction":[{"@type":"ReadAction","target":["https:\/\/todocertificados.com\/mexico\/certificado-origen\/"]}]},{"@type":"ImageObject","inLanguage":"es","@id":"https:\/\/todocertificados.com\/mexico\/certificado-origen\/#primaryimage","url":"https:\/\/todocertificados.com\/mexico\/wp-content\/uploads\/sites\/3\/2023\/03\/Certificado-Origen.jpg","contentUrl":"https:\/\/todocertificados.com\/mexico\/wp-content\/uploads\/sites\/3\/2023\/03\/Certificado-Origen.jpg","width":301,"height":219,"caption":"Certificado de Origen"},{"@type":"BreadcrumbList","@id":"https:\/\/todocertificados.com\/mexico\/certificado-origen\/#breadcrumb","itemListElement":[{"@type":"ListItem","position":1,"name":"Portada","item":"https:\/\/todocertificados.com\/mexico\/"},{"@type":"ListItem","position":2,"name":"Certificado de Origen"}]},{"@type":"WebSite","@id":"https:\/\/todocertificados.com\/mexico\/#website","url":"https:\/\/todocertificados.com\/mexico\/","name":"Certificados M\u00e9xico","description":"Todo sobre certificados mexicanos","publisher":{"@id":"https:\/\/todocertificados.com\/mexico\/#organization"},"potentialAction":[{"@type":"SearchAction","target":{"@type":"EntryPoint","urlTemplate":"https:\/\/todocertificados.com\/mexico\/?s={search_term_string}"},"query-input":"required name=search_term_string"}],"inLanguage":"es"},{"@type":"Organization","@id":"https:\/\/todocertificados.com\/mexico\/#organization","name":"TodoCertificados","url":"https:\/\/todocertificados.com\/mexico\/","logo":{"@type":"ImageObject","inLanguage":"es","@id":"https:\/\/todocertificados.com\/mexico\/#\/schema\/logo\/image\/","url":"https:\/\/todocertificados.com\/mexico\/wp-content\/uploads\/sites\/3\/2020\/07\/todo-certificados-favicon.png","contentUrl":"https:\/\/todocertificados.com\/mexico\/wp-content\/uploads\/sites\/3\/2020\/07\/todo-certificados-favicon.png","width":512,"height":512,"caption":"TodoCertificados"},"image":{"@id":"https:\/\/todocertificados.com\/mexico\/#\/schema\/logo\/image\/"}}]}},"_links":{"self":[{"href":"https:\/\/todocertificados.com\/mexico\/wp-json\/wp\/v2\/pages\/901"}],"collection":[{"href":"https:\/\/todocertificados.com\/mexico\/wp-json\/wp\/v2\/pages"}],"about":[{"href":"https:\/\/todocertificados.com\/mexico\/wp-json\/wp\/v2\/types\/page"}],"author":[{"embeddable":true,"href":"https:\/\/todocertificados.com\/mexico\/wp-json\/wp\/v2\/users\/1"}],"replies":[{"embeddable":true,"href":"https:\/\/todocertificados.com\/mexico\/wp-json\/wp\/v2\/comments?post=901"}],"version-history":[{"count":22,"href":"https:\/\/todocertificados.com\/mexico\/wp-json\/wp\/v2\/pages\/901\/revisions"}],"predecessor-version":[{"id":1208,"href":"https:\/\/todocertificados.com\/mexico\/wp-json\/wp\/v2\/pages\/901\/revisions\/1208"}],"wp:featuredmedia":[{"embeddable":true,"href":"https:\/\/todocertificados.com\/mexico\/wp-json\/wp\/v2\/media\/908"}],"wp:attachment":[{"href":"https:\/\/todocertificados.com\/mexico\/wp-json\/wp\/v2\/media?parent=901"}],"wp:term":[{"taxonomy":"category","embeddable":true,"href":"https:\/\/todocertificados.com\/mexico\/wp-json\/wp\/v2\/categories?post=901"},{"taxonomy":"post_tag","embeddable":true,"href":"https:\/\/todocertificados.com\/mexico\/wp-json\/wp\/v2\/tags?post=901"}],"curies":[{"name":"wp","href":"https:\/\/api.w.org\/{rel}","templated":true}]}}