{"id":885,"date":"2023-01-14T16:51:17","date_gmt":"2023-01-14T16:51:17","guid":{"rendered":"https:\/\/todocertificados.com\/mexico\/?page_id=885"},"modified":"2023-09-26T22:28:58","modified_gmt":"2023-09-26T22:28:58","slug":"certificado-residencia","status":"publish","type":"page","link":"https:\/\/todocertificados.com\/mexico\/certificado-residencia\/","title":{"rendered":"Certificado de Residencia"},"content":{"rendered":"<div class=\"02640ac1cf99e0a816556c1d72e1d642\" data-index=\"1\" style=\"float: none; margin:10px 0 10px 0; text-align:center;\">\n<ins class=\"adsbygoogle\"\r\n     style=\"display:block\"\r\n     data-ad-client=\"ca-pub-5605228788947132\"\r\n     data-ad-slot=\"6189026294\"\r\n     data-ad-format=\"link\"\r\n     data-full-width-responsive=\"true\"><\/ins>\r\n<script>\r\n     (adsbygoogle = window.adsbygoogle || []).push({});\r\n<\/script>\n<\/div>\n<p>El certificado de residencia es el <strong>documento que demuestra el domicilio<\/strong> legal del titular. Este certificado ser\u00e1 necesario para poder cumplir con las imposiciones tributarias o los seguros sociales as\u00ed como para realizar otro tipo de tr\u00e1mites como la renovaci\u00f3n del permiso de conducir o solicitar el <a href=\"https:\/\/todocertificados.com\/mexico\/certificado-residencia-fiscal\/\">certificado de residencia fiscal<\/a> como persona moral o f\u00edsica.<\/p>\n<p>Este certificado ayuda tanto a mexicanos como a extranjeros. Este acredita acredita que una persona vive en alguna comunidad del territorio nacional.<\/p>\n<p>En el caso de los <strong>extranjeros<\/strong> sirve para <strong>comprobar residencia o un cambio de domicilio<\/strong> y para los <strong>mexicanos<\/strong> ayuda a la <strong>postulaci\u00f3n de becas y cr\u00e9ditos<\/strong> o para la obtenci\u00f3n de la licencia de conducir.<\/p>\n<h2>C\u00f3mo obtener el certificado de residencia<\/h2>\n<p>La expedici\u00f3n del certificado de residencia <strong>la realiza la autoridad municipal correspondiente<\/strong> a su domicilio. Es el interesado el que tiene que realizar el tr\u00e1mite en las oficinas correspondientes a la alcald\u00eda donde radique.<\/p>\n<p style=\"text-align: center;\"><div class=\"tds-message-box box-info \">Las embajadas y consulados de M\u00e9xico en el exterior no expiden este tipo de documentos.<\/div>\n<p>Cada ayuntamiento de cada municipio le solicitar\u00e1 una serie de documentos o requisitos. Por ello, lo mejor es que usted mismo o alg\u00fan familiar pueda preguntar en \u00e9l directamente e informarse sobre los <strong>requisitos y procedimientos<\/strong> a seguir para obtener el certificado de residencia.<\/p>\n<div class=\"ads-color-box\" style=\"color:#444;background:#eee;\">Si tiene residencia en M\u00e9xico, tambi\u00e9n le puede interesar el <a href=\"https:\/\/todocertificados.com\/mexico\/certificado-uvie\/\">certificado UVIE<\/a>.<\/div>\n<p>Aunque de manera gen\u00e9rica se suelen necesitar los mismos documentos y se han seguir los mismos pasos que les contamos a continuaci\u00f3n.<\/p>\n<p>Para obtener el certificado de residencia necesitar\u00e1 los siguientes <strong>documentos<\/strong>:<\/p>\n<ul>\n<li>Acta de Nacimiento<\/li>\n<li>Comprobante de domicilio (Recibo de luz, de agua, etc&#8230;)<\/li>\n<li>Documento de identificaci\u00f3n oficial (C\u00e9dula profesional, Pasaporte, Credencial INE&#8230;)<\/li>\n<li>Comprobante de pago de derechos<\/li>\n<li>Formato de solicitud relleno<\/li>\n<li>Dos fotorgaf\u00edas de tama\u00f1o infantil (color o blanco y negro)<\/li>\n<\/ul>\n<div class=\"tds-message-box box-info \">Se necesitar\u00e1 tanto <strong>original como copia<\/strong> de todos los documentos. <\/div>\n<p><strong>Si se es menor de edad<\/strong>, los requisitos son los siguientes:<\/p>\n<ul>\n<li>Acta de nacimiento<\/li>\n<li>Identificaci\u00f3n oficial del padre o tutor<\/li>\n<li>Documento escolar (<a href=\"https:\/\/todocertificados.com\/mexico\/certificado-secundaria\/\">Certificado de estudios secundarios<\/a>, <a href=\"https:\/\/todocertificados.com\/mexico\/sasa-inea-certificado-primaria\/\">certificado primaria Inea<\/a>, constancia con fotograf\u00eda o credencial escolar)<\/li>\n<li>Comprobante de domicilio del padre o tutor<\/li>\n<li>Acudir en compa\u00f1\u00eda de del padre, madre o tutor<\/li>\n<\/ul>\n<p>La constancia de residencia tiene un precio de <strong>$107.50 MXN<\/strong>. El pago puede hacerse a trav\u00e9s de bancos, oficinas tributarias, kioskos de la tesorer\u00eda o tiendas de autoservicio.<\/p>\n<div class=\"tds-message-box box-info \">En caso de que los comprobantes de domicilio no est\u00e9n a nombre del interesado, se debe presentar una manifestaci\u00f3n por escrito del titular del inmueble y copia de su identificaci\u00f3n o cartas testimoniales de dos vecinos.<\/div>\n<h3>Pasos para sacar el certificado de residencia<\/h3>\n<p>Con los documentos necesarios mencionados m\u00e1s arriba, los pasos a seguir son:<\/p>\n<ol>\n<li><strong>Presentar la solicitud rellena y los requisitos<\/strong> en la Ventanilla \u00danica Delegacional<\/li>\n<li>El Servidos P\u00fablico lo <strong>sellar\u00e1 y asignar\u00e1 un folio<\/strong> que entregar\u00e1 al ciudadano.<\/li>\n<li>Aqu\u00ed mismo se le indicar\u00e1 el tiempo de respuesta<\/li>\n<li><strong>Mostrar la identificaci\u00f3n oficial<\/strong> para obtener respuesta<\/li>\n<\/ol>\n<p>Si todo est\u00e1 correcto, el solicitante recibir\u00e1 su Certificado de Residencia y ya podr\u00e1 realizar cualquier tr\u00e1mite con \u00e9l en el que se le solicite.<\/p>\n<p style=\"text-align: center;\"><div class=\"ads-color-box\" style=\"color:#444;background:#d1ffd4;\">Para m\u00e1s <strong>informaci\u00f3n o para resolver cualquier duda<\/strong>, puede contactar con el <strong>5276 7700 Ext.7813<\/strong>.<\/div>\n<h2>Sacar certificado de residencia por internet<\/h2>\n<p>El certificado de residencia<strong> no puede obtenerse por internet<\/strong>. Para realizar este tr\u00e1mite ha de hacerse de manera presencial presentando los documentos indicados m\u00e1s arriba.<\/p>\n<p><img loading=\"lazy\" decoding=\"async\" class=\"alignnone size-medium wp-image-892 aligncenter\" src=\"https:\/\/todocertificados.com\/mexico\/wp-content\/uploads\/sites\/3\/2023\/01\/certificado-residencia-300x185.jpg\" alt=\"certificado residencia\" width=\"300\" height=\"185\" srcset=\"https:\/\/todocertificados.com\/mexico\/wp-content\/uploads\/sites\/3\/2023\/01\/certificado-residencia-300x185.jpg 300w, https:\/\/todocertificados.com\/mexico\/wp-content\/uploads\/sites\/3\/2023\/01\/certificado-residencia-150x93.jpg 150w, https:\/\/todocertificados.com\/mexico\/wp-content\/uploads\/sites\/3\/2023\/01\/certificado-residencia.jpg 400w\" sizes=\"(max-width: 300px) 100vw, 300px\" \/><\/p>\n<p>De la misma manera, no podremos descargar certificado de residencia, ya que este lo obtendremos una vez realizada la tramitaci\u00f3n de manera presencial.<\/p>\n\n<div style=\"font-size: 0px; height: 0px; line-height: 0px; margin: 0; padding: 0; clear: both;\"><\/div>","protected":false},"excerpt":{"rendered":"<p>El certificado de residencia es el documento que demuestra el domicilio legal del titular. Este certificado ser\u00e1 necesario para poder cumplir con las imposiciones tributarias o los seguros sociales as\u00ed como para realizar otro tipo de tr\u00e1mites como la renovaci\u00f3n del permiso de conducir o solicitar el certificado de residencia fiscal como persona moral o ..<\/p>\n<div class=\"clear-fix\"><\/div>\n<p><a href=\"https:\/\/todocertificados.com\/mexico\/certificado-residencia\/\" title=\"Leer m\u00e1s...\">Leer m\u00e1s<\/a><\/p>\n","protected":false},"author":1,"featured_media":888,"parent":0,"menu_order":0,"comment_status":"closed","ping_status":"closed","template":"full-width-template.php","meta":{"footnotes":""},"categories":[8],"tags":[],"yoast_head":"<!-- This site is optimized with the Yoast SEO plugin v22.2 - https:\/\/yoast.com\/wordpress\/plugins\/seo\/ -->\n<title>Certificado de Residencia &#187; Certificados M\u00e9xico<\/title>\n<meta name=\"robots\" content=\"index, follow, max-snippet:-1, max-image-preview:large, max-video-preview:-1\" \/>\n<link rel=\"canonical\" href=\"https:\/\/todocertificados.com\/mexico\/certificado-residencia\/\" \/>\n<meta property=\"og:locale\" content=\"es_ES\" \/>\n<meta property=\"og:type\" content=\"article\" \/>\n<meta property=\"og:title\" content=\"Certificado de Residencia &#187; Certificados M\u00e9xico\" \/>\n<meta property=\"og:description\" content=\"El certificado de residencia es el documento que demuestra el domicilio legal del titular. Este certificado ser\u00e1 necesario para poder cumplir con las imposiciones tributarias o los seguros sociales as\u00ed como para realizar otro tipo de tr\u00e1mites como la renovaci\u00f3n del permiso de conducir o solicitar el certificado de residencia fiscal como persona moral o ..Leer m\u00e1s\" \/>\n<meta property=\"og:url\" content=\"https:\/\/todocertificados.com\/mexico\/certificado-residencia\/\" \/>\n<meta property=\"og:site_name\" content=\"Certificados M\u00e9xico\" \/>\n<meta property=\"article:modified_time\" content=\"2023-09-26T22:28:58+00:00\" \/>\n<meta property=\"og:image\" content=\"https:\/\/todocertificados.com\/mexico\/wp-content\/uploads\/sites\/3\/2023\/01\/certificado-de-residencia.jpg\" \/>\n\t<meta property=\"og:image:width\" content=\"301\" \/>\n\t<meta property=\"og:image:height\" content=\"219\" \/>\n\t<meta property=\"og:image:type\" content=\"image\/jpeg\" \/>\n<meta name=\"twitter:card\" content=\"summary_large_image\" \/>\n<meta name=\"twitter:label1\" content=\"Tiempo de lectura\" \/>\n\t<meta name=\"twitter:data1\" content=\"3 minutos\" \/>\n<script type=\"application\/ld+json\" class=\"yoast-schema-graph\">{\"@context\":\"https:\/\/schema.org\",\"@graph\":[{\"@type\":\"WebPage\",\"@id\":\"https:\/\/todocertificados.com\/mexico\/certificado-residencia\/\",\"url\":\"https:\/\/todocertificados.com\/mexico\/certificado-residencia\/\",\"name\":\"Certificado de Residencia &#187; Certificados M\u00e9xico\",\"isPartOf\":{\"@id\":\"https:\/\/todocertificados.com\/mexico\/#website\"},\"primaryImageOfPage\":{\"@id\":\"https:\/\/todocertificados.com\/mexico\/certificado-residencia\/#primaryimage\"},\"image\":{\"@id\":\"https:\/\/todocertificados.com\/mexico\/certificado-residencia\/#primaryimage\"},\"thumbnailUrl\":\"https:\/\/todocertificados.com\/mexico\/wp-content\/uploads\/sites\/3\/2023\/01\/certificado-de-residencia.jpg\",\"datePublished\":\"2023-01-14T16:51:17+00:00\",\"dateModified\":\"2023-09-26T22:28:58+00:00\",\"breadcrumb\":{\"@id\":\"https:\/\/todocertificados.com\/mexico\/certificado-residencia\/#breadcrumb\"},\"inLanguage\":\"es\",\"potentialAction\":[{\"@type\":\"ReadAction\",\"target\":[\"https:\/\/todocertificados.com\/mexico\/certificado-residencia\/\"]}]},{\"@type\":\"ImageObject\",\"inLanguage\":\"es\",\"@id\":\"https:\/\/todocertificados.com\/mexico\/certificado-residencia\/#primaryimage\",\"url\":\"https:\/\/todocertificados.com\/mexico\/wp-content\/uploads\/sites\/3\/2023\/01\/certificado-de-residencia.jpg\",\"contentUrl\":\"https:\/\/todocertificados.com\/mexico\/wp-content\/uploads\/sites\/3\/2023\/01\/certificado-de-residencia.jpg\",\"width\":301,\"height\":219,\"caption\":\"Certificado de Residencia\"},{\"@type\":\"BreadcrumbList\",\"@id\":\"https:\/\/todocertificados.com\/mexico\/certificado-residencia\/#breadcrumb\",\"itemListElement\":[{\"@type\":\"ListItem\",\"position\":1,\"name\":\"Portada\",\"item\":\"https:\/\/todocertificados.com\/mexico\/\"},{\"@type\":\"ListItem\",\"position\":2,\"name\":\"Certificado de Residencia\"}]},{\"@type\":\"WebSite\",\"@id\":\"https:\/\/todocertificados.com\/mexico\/#website\",\"url\":\"https:\/\/todocertificados.com\/mexico\/\",\"name\":\"Certificados M\u00e9xico\",\"description\":\"Todo sobre certificados mexicanos\",\"publisher\":{\"@id\":\"https:\/\/todocertificados.com\/mexico\/#organization\"},\"potentialAction\":[{\"@type\":\"SearchAction\",\"target\":{\"@type\":\"EntryPoint\",\"urlTemplate\":\"https:\/\/todocertificados.com\/mexico\/?s={search_term_string}\"},\"query-input\":\"required name=search_term_string\"}],\"inLanguage\":\"es\"},{\"@type\":\"Organization\",\"@id\":\"https:\/\/todocertificados.com\/mexico\/#organization\",\"name\":\"TodoCertificados\",\"url\":\"https:\/\/todocertificados.com\/mexico\/\",\"logo\":{\"@type\":\"ImageObject\",\"inLanguage\":\"es\",\"@id\":\"https:\/\/todocertificados.com\/mexico\/#\/schema\/logo\/image\/\",\"url\":\"https:\/\/todocertificados.com\/mexico\/wp-content\/uploads\/sites\/3\/2020\/07\/todo-certificados-favicon.png\",\"contentUrl\":\"https:\/\/todocertificados.com\/mexico\/wp-content\/uploads\/sites\/3\/2020\/07\/todo-certificados-favicon.png\",\"width\":512,\"height\":512,\"caption\":\"TodoCertificados\"},\"image\":{\"@id\":\"https:\/\/todocertificados.com\/mexico\/#\/schema\/logo\/image\/\"}}]}<\/script>\n<!-- \/ Yoast SEO plugin. -->","yoast_head_json":{"title":"Certificado de Residencia &#187; Certificados M\u00e9xico","robots":{"index":"index","follow":"follow","max-snippet":"max-snippet:-1","max-image-preview":"max-image-preview:large","max-video-preview":"max-video-preview:-1"},"canonical":"https:\/\/todocertificados.com\/mexico\/certificado-residencia\/","og_locale":"es_ES","og_type":"article","og_title":"Certificado de Residencia &#187; Certificados M\u00e9xico","og_description":"El certificado de residencia es el documento que demuestra el domicilio legal del titular. Este certificado ser\u00e1 necesario para poder cumplir con las imposiciones tributarias o los seguros sociales as\u00ed como para realizar otro tipo de tr\u00e1mites como la renovaci\u00f3n del permiso de conducir o solicitar el certificado de residencia fiscal como persona moral o ..Leer m\u00e1s","og_url":"https:\/\/todocertificados.com\/mexico\/certificado-residencia\/","og_site_name":"Certificados M\u00e9xico","article_modified_time":"2023-09-26T22:28:58+00:00","og_image":[{"width":301,"height":219,"url":"https:\/\/todocertificados.com\/mexico\/wp-content\/uploads\/sites\/3\/2023\/01\/certificado-de-residencia.jpg","type":"image\/jpeg"}],"twitter_card":"summary_large_image","twitter_misc":{"Tiempo de lectura":"3 minutos"},"schema":{"@context":"https:\/\/schema.org","@graph":[{"@type":"WebPage","@id":"https:\/\/todocertificados.com\/mexico\/certificado-residencia\/","url":"https:\/\/todocertificados.com\/mexico\/certificado-residencia\/","name":"Certificado de Residencia &#187; Certificados M\u00e9xico","isPartOf":{"@id":"https:\/\/todocertificados.com\/mexico\/#website"},"primaryImageOfPage":{"@id":"https:\/\/todocertificados.com\/mexico\/certificado-residencia\/#primaryimage"},"image":{"@id":"https:\/\/todocertificados.com\/mexico\/certificado-residencia\/#primaryimage"},"thumbnailUrl":"https:\/\/todocertificados.com\/mexico\/wp-content\/uploads\/sites\/3\/2023\/01\/certificado-de-residencia.jpg","datePublished":"2023-01-14T16:51:17+00:00","dateModified":"2023-09-26T22:28:58+00:00","breadcrumb":{"@id":"https:\/\/todocertificados.com\/mexico\/certificado-residencia\/#breadcrumb"},"inLanguage":"es","potentialAction":[{"@type":"ReadAction","target":["https:\/\/todocertificados.com\/mexico\/certificado-residencia\/"]}]},{"@type":"ImageObject","inLanguage":"es","@id":"https:\/\/todocertificados.com\/mexico\/certificado-residencia\/#primaryimage","url":"https:\/\/todocertificados.com\/mexico\/wp-content\/uploads\/sites\/3\/2023\/01\/certificado-de-residencia.jpg","contentUrl":"https:\/\/todocertificados.com\/mexico\/wp-content\/uploads\/sites\/3\/2023\/01\/certificado-de-residencia.jpg","width":301,"height":219,"caption":"Certificado de Residencia"},{"@type":"BreadcrumbList","@id":"https:\/\/todocertificados.com\/mexico\/certificado-residencia\/#breadcrumb","itemListElement":[{"@type":"ListItem","position":1,"name":"Portada","item":"https:\/\/todocertificados.com\/mexico\/"},{"@type":"ListItem","position":2,"name":"Certificado de Residencia"}]},{"@type":"WebSite","@id":"https:\/\/todocertificados.com\/mexico\/#website","url":"https:\/\/todocertificados.com\/mexico\/","name":"Certificados M\u00e9xico","description":"Todo sobre certificados mexicanos","publisher":{"@id":"https:\/\/todocertificados.com\/mexico\/#organization"},"potentialAction":[{"@type":"SearchAction","target":{"@type":"EntryPoint","urlTemplate":"https:\/\/todocertificados.com\/mexico\/?s={search_term_string}"},"query-input":"required name=search_term_string"}],"inLanguage":"es"},{"@type":"Organization","@id":"https:\/\/todocertificados.com\/mexico\/#organization","name":"TodoCertificados","url":"https:\/\/todocertificados.com\/mexico\/","logo":{"@type":"ImageObject","inLanguage":"es","@id":"https:\/\/todocertificados.com\/mexico\/#\/schema\/logo\/image\/","url":"https:\/\/todocertificados.com\/mexico\/wp-content\/uploads\/sites\/3\/2020\/07\/todo-certificados-favicon.png","contentUrl":"https:\/\/todocertificados.com\/mexico\/wp-content\/uploads\/sites\/3\/2020\/07\/todo-certificados-favicon.png","width":512,"height":512,"caption":"TodoCertificados"},"image":{"@id":"https:\/\/todocertificados.com\/mexico\/#\/schema\/logo\/image\/"}}]}},"_links":{"self":[{"href":"https:\/\/todocertificados.com\/mexico\/wp-json\/wp\/v2\/pages\/885"}],"collection":[{"href":"https:\/\/todocertificados.com\/mexico\/wp-json\/wp\/v2\/pages"}],"about":[{"href":"https:\/\/todocertificados.com\/mexico\/wp-json\/wp\/v2\/types\/page"}],"author":[{"embeddable":true,"href":"https:\/\/todocertificados.com\/mexico\/wp-json\/wp\/v2\/users\/1"}],"replies":[{"embeddable":true,"href":"https:\/\/todocertificados.com\/mexico\/wp-json\/wp\/v2\/comments?post=885"}],"version-history":[{"count":10,"href":"https:\/\/todocertificados.com\/mexico\/wp-json\/wp\/v2\/pages\/885\/revisions"}],"predecessor-version":[{"id":1286,"href":"https:\/\/todocertificados.com\/mexico\/wp-json\/wp\/v2\/pages\/885\/revisions\/1286"}],"wp:featuredmedia":[{"embeddable":true,"href":"https:\/\/todocertificados.com\/mexico\/wp-json\/wp\/v2\/media\/888"}],"wp:attachment":[{"href":"https:\/\/todocertificados.com\/mexico\/wp-json\/wp\/v2\/media?parent=885"}],"wp:term":[{"taxonomy":"category","embeddable":true,"href":"https:\/\/todocertificados.com\/mexico\/wp-json\/wp\/v2\/categories?post=885"},{"taxonomy":"post_tag","embeddable":true,"href":"https:\/\/todocertificados.com\/mexico\/wp-json\/wp\/v2\/tags?post=885"}],"curies":[{"name":"wp","href":"https:\/\/api.w.org\/{rel}","templated":true}]}}