{"id":874,"date":"2023-01-13T12:11:05","date_gmt":"2023-01-13T12:11:05","guid":{"rendered":"https:\/\/todocertificados.com\/mexico\/?page_id=874"},"modified":"2023-01-13T12:29:52","modified_gmt":"2023-01-13T12:29:52","slug":"certificado-unico-policial","status":"publish","type":"page","link":"https:\/\/todocertificados.com\/mexico\/certificado-unico-policial\/","title":{"rendered":"Certificado \u00danico Policial"},"content":{"rendered":"<div class=\"02640ac1cf99e0a816556c1d72e1d642\" data-index=\"1\" style=\"float: none; margin:10px 0 10px 0; text-align:center;\">\n<ins class=\"adsbygoogle\"\r\n     style=\"display:block\"\r\n     data-ad-client=\"ca-pub-5605228788947132\"\r\n     data-ad-slot=\"6189026294\"\r\n     data-ad-format=\"link\"\r\n     data-full-width-responsive=\"true\"><\/ins>\r\n<script>\r\n     (adsbygoogle = window.adsbygoogle || []).push({});\r\n<\/script>\n<\/div>\n<p>El certificado \u00fanico policial es el <strong>documento que obtienen<\/strong> aquellos policias y oficiales de Guarda y Custoria del Sistema Penintenciario <strong>para acreditar que son aptos para ingresar a las instituciones de Seguridad P\u00fablica<\/strong>. Este da validez al ingreso en las Fuerzas de Seguridad Policial de M\u00e9xico.<\/p>\n<p>Este documento <strong>demuestra que se tienen los conocimientos necesarios<\/strong>, el perfil y las habilidades y aptitudes que se requieren para ello.<\/p>\n<p>Aqu\u00ed vamos a ver como poder tramitar el certificado \u00fanico policiar as\u00ed como los requisitos y detalles de para qu\u00e9 sirve.<\/p>\n<h2>Qu\u00e9 es la CUP<\/h2>\n<p>CUP son las <strong>siglas de Certificado \u00danico Policial<\/strong>. Como ya hemos comentado, es el certificado necesario para quienes quieren ingresar a trabajar en Instituciones de Seguridad P\u00fablica.<\/p>\n<p style=\"text-align: center;\"><div class=\"tds-message-box box-info \">La vigencia del Certificado \u00danico Policial es 3 a\u00f1os a partir de su emisi\u00f3n.<\/div>\n<h3>Para qu\u00e9 sirve el certificado \u00fanico policial<\/h3>\n<p>El certificado \u00fanico policial sirve para que policias y oficiales de Guarda y Custoria del Sistema Penintenciario puedan<strong> ingresar a las instituciones de Seguridad P\u00fablica<\/strong>. Sirve por tanto, para poder <strong>acreditar que se cuenta con los conocimientos necesarios<\/strong>, el <strong>perfil<\/strong> y las <strong>habilidades<\/strong> y <strong>aptitudes<\/strong> que se requieren para ello.<\/p>\n<p>Este certificado se obtiene\u00a0al realizar los cursos de control de confianza, competencias b\u00e1sicas o profesionales, con un desempe\u00f1o acad\u00e9mico \u00f3ptimo y con la formaci\u00f3n inicial aprobada. Por lo que su posesi\u00f3n avala toda esa formaci\u00f3n, competencias y preparaci\u00f3n para el desempe\u00f1o de las funciones requeridas.<\/p>\n<h3>Qu\u00e9 datos contiene la CUP<\/h3>\n<p>Los datos que contiene el certificado \u00fanico policial son:<\/p>\n<ul>\n<li>Nombre y apellidos<\/li>\n<li>Fecha del proceso de evaluaci\u00f3n de control de confianza<\/li>\n<li>Fecha de conclusi\u00f3n de la capacitaci\u00f3n en formaci\u00f3n inicial<\/li>\n<li>Fecha de evaluaci\u00f3n de competencias profesionales o b\u00e1sicas<\/li>\n<li>Fecha de evaluaci\u00f3n del desempe\u00f1o<\/li>\n<li>Clave de la CUP<\/li>\n<li>Clave \u00danica de Identificaci\u00f3n Permanente (CUIP)<\/li>\n<li>Vigencia de la CUP<\/li>\n<li>Fecha de emisi\u00f3n de la CUP<\/li>\n<\/ul>\n<h2>C\u00f3mo tramitar la CUP policial<\/h2>\n<p>Para poder tramitar la CUP policial se deben de cumplir antes una serie de requisitos.<\/p>\n<h3>Requisitos del\u00a0certificado \u00fanico policial:<\/h3>\n<p>Para poder obtener este certificado, tanto aspirantes como funcionarios y oficiales de guardia y custoria, han de pasar una serie de <strong>pruebas mentales, f\u00edsicas y emocionales<\/strong>. Este se ha de renovar a los 3 a\u00f1os.<\/p>\n<p>Cada funcionario es responsable de solicitar su certificado CUP y de renovarlo cada vez que se deba.<\/p>\n<div class=\"ads-color-box\" style=\"color:#444;background:#fff9d1;\">\n<p><strong>Otros requisitos<\/strong> a cumplir son:<\/p>\n<ul>\n<li>Haber aprobado el Ex\u00e1men de Control y Confianza<\/li>\n<li>Aprobar el curso de Formaci\u00f3n Inicial o la Formaci\u00f3n Inicial equivalente<\/li>\n<li>Tener las competencias b\u00e1sicas o profesionales<\/li>\n<li>Aprobar la \u00abEvaluaci\u00f3n al desempe\u00f1o\u00bb<\/li>\n<li>Cumplir con los ex\u00e1menes m\u00e9dicos de rutina<\/li>\n<li>Presentar los docmentos de identificaci\u00f3n<\/li>\n<\/ul>\n<\/div>\n<h3>Pasos para tramitar el certificado \u00fanico policial<\/h3>\n<p>Si cumples con los requisitos ya solo tienes que tramitar el certificado. Para ello, tienes que<strong> acudir a las oficinas del Consejo de Seguridad Nacional para la Seguridad P\u00fablica<\/strong> para pedir la validaci\u00f3n de la CUP. Esta instituci\u00f3n es la encargada de evaluar y controlar todo lo relacionado en materia de seguridad.<\/p>\n<p><img loading=\"lazy\" decoding=\"async\" class=\"alignnone size-medium wp-image-880 aligncenter\" src=\"https:\/\/todocertificados.com\/mexico\/wp-content\/uploads\/sites\/3\/2023\/01\/Policia-con-CUP-300x240.jpg\" alt=\"Policia con CUP\" width=\"300\" height=\"240\" srcset=\"https:\/\/todocertificados.com\/mexico\/wp-content\/uploads\/sites\/3\/2023\/01\/Policia-con-CUP-300x240.jpg 300w, https:\/\/todocertificados.com\/mexico\/wp-content\/uploads\/sites\/3\/2023\/01\/Policia-con-CUP-150x120.jpg 150w, https:\/\/todocertificados.com\/mexico\/wp-content\/uploads\/sites\/3\/2023\/01\/Policia-con-CUP.jpg 350w\" sizes=\"(max-width: 300px) 100vw, 300px\" \/><\/p>\n<p>Lo que necesitar\u00e1s entonces para tramitar el Certificado \u00danico Policial es, adem\u00e1s de cumplir los requisitos arriba mencionados:<\/p>\n<ol>\n<li>El funcionario o aspirante ha de<strong> inscribirse en la base de datos del personal<\/strong> de la Instituci\u00f3n de Seguridad P\u00fablica. Si se trata de una renovaci\u00f3n, se ha de demostrar que ya es integrante del cuerpo<\/li>\n<li><strong>Presentar las evaluaciones<\/strong> de desempe\u00f1o acad\u00e9mico y formaci\u00f3n.<\/li>\n<li>Rellenar el <strong>formulario de aval\u00fao<\/strong><\/li>\n<\/ol>\n<p>Con los requisitos cumplidos y los ex\u00e1menes exigidos aprobados se le entregar\u00e1 (o actualizar\u00e1 si es su caso) el CUP (Certificado \u00danico Policial) en un lapso de 30 d\u00edas h\u00e1biles contados desde el d\u00eda de la entrega de los ex\u00e1menes finales.<\/p>\n\n<div style=\"font-size: 0px; height: 0px; line-height: 0px; margin: 0; padding: 0; clear: both;\"><\/div>","protected":false},"excerpt":{"rendered":"<p>El certificado \u00fanico policial es el documento que obtienen aquellos policias y oficiales de Guarda y Custoria del Sistema Penintenciario para acreditar que son aptos para ingresar a las instituciones de Seguridad P\u00fablica. Este da validez al ingreso en las Fuerzas de Seguridad Policial de M\u00e9xico. Este documento demuestra que se tienen los conocimientos necesarios, ..<\/p>\n<div class=\"clear-fix\"><\/div>\n<p><a href=\"https:\/\/todocertificados.com\/mexico\/certificado-unico-policial\/\" title=\"Leer m\u00e1s...\">Leer m\u00e1s<\/a><\/p>\n","protected":false},"author":1,"featured_media":877,"parent":0,"menu_order":0,"comment_status":"closed","ping_status":"closed","template":"full-width-template.php","meta":{"footnotes":""},"categories":[8],"tags":[],"yoast_head":"<!-- This site is optimized with the Yoast SEO plugin v22.2 - https:\/\/yoast.com\/wordpress\/plugins\/seo\/ -->\n<title>Certificado \u00danico Policial &#187; Certificados M\u00e9xico<\/title>\n<meta name=\"robots\" content=\"index, follow, max-snippet:-1, max-image-preview:large, max-video-preview:-1\" \/>\n<link rel=\"canonical\" href=\"https:\/\/todocertificados.com\/mexico\/certificado-unico-policial\/\" \/>\n<meta property=\"og:locale\" content=\"es_ES\" \/>\n<meta property=\"og:type\" content=\"article\" \/>\n<meta property=\"og:title\" content=\"Certificado \u00danico Policial &#187; Certificados M\u00e9xico\" \/>\n<meta property=\"og:description\" content=\"El certificado \u00fanico policial es el documento que obtienen aquellos policias y oficiales de Guarda y Custoria del Sistema Penintenciario para acreditar que son aptos para ingresar a las instituciones de Seguridad P\u00fablica. Este da validez al ingreso en las Fuerzas de Seguridad Policial de M\u00e9xico. Este documento demuestra que se tienen los conocimientos necesarios, ..Leer m\u00e1s\" \/>\n<meta property=\"og:url\" content=\"https:\/\/todocertificados.com\/mexico\/certificado-unico-policial\/\" \/>\n<meta property=\"og:site_name\" content=\"Certificados M\u00e9xico\" \/>\n<meta property=\"article:modified_time\" content=\"2023-01-13T12:29:52+00:00\" \/>\n<meta property=\"og:image\" content=\"https:\/\/todocertificados.com\/mexico\/wp-content\/uploads\/sites\/3\/2023\/01\/Certificado-\u00danico-Policial.jpg\" \/>\n\t<meta property=\"og:image:width\" content=\"301\" \/>\n\t<meta property=\"og:image:height\" content=\"219\" \/>\n\t<meta property=\"og:image:type\" content=\"image\/jpeg\" \/>\n<meta name=\"twitter:card\" content=\"summary_large_image\" \/>\n<meta name=\"twitter:label1\" content=\"Tiempo de lectura\" \/>\n\t<meta name=\"twitter:data1\" content=\"3 minutos\" \/>\n<script type=\"application\/ld+json\" class=\"yoast-schema-graph\">{\"@context\":\"https:\/\/schema.org\",\"@graph\":[{\"@type\":\"WebPage\",\"@id\":\"https:\/\/todocertificados.com\/mexico\/certificado-unico-policial\/\",\"url\":\"https:\/\/todocertificados.com\/mexico\/certificado-unico-policial\/\",\"name\":\"Certificado \u00danico Policial &#187; Certificados M\u00e9xico\",\"isPartOf\":{\"@id\":\"https:\/\/todocertificados.com\/mexico\/#website\"},\"primaryImageOfPage\":{\"@id\":\"https:\/\/todocertificados.com\/mexico\/certificado-unico-policial\/#primaryimage\"},\"image\":{\"@id\":\"https:\/\/todocertificados.com\/mexico\/certificado-unico-policial\/#primaryimage\"},\"thumbnailUrl\":\"https:\/\/todocertificados.com\/mexico\/wp-content\/uploads\/sites\/3\/2023\/01\/Certificado-\u00danico-Policial.jpg\",\"datePublished\":\"2023-01-13T12:11:05+00:00\",\"dateModified\":\"2023-01-13T12:29:52+00:00\",\"breadcrumb\":{\"@id\":\"https:\/\/todocertificados.com\/mexico\/certificado-unico-policial\/#breadcrumb\"},\"inLanguage\":\"es\",\"potentialAction\":[{\"@type\":\"ReadAction\",\"target\":[\"https:\/\/todocertificados.com\/mexico\/certificado-unico-policial\/\"]}]},{\"@type\":\"ImageObject\",\"inLanguage\":\"es\",\"@id\":\"https:\/\/todocertificados.com\/mexico\/certificado-unico-policial\/#primaryimage\",\"url\":\"https:\/\/todocertificados.com\/mexico\/wp-content\/uploads\/sites\/3\/2023\/01\/Certificado-\u00danico-Policial.jpg\",\"contentUrl\":\"https:\/\/todocertificados.com\/mexico\/wp-content\/uploads\/sites\/3\/2023\/01\/Certificado-\u00danico-Policial.jpg\",\"width\":301,\"height\":219,\"caption\":\"Certificado \u00danico Policial\"},{\"@type\":\"BreadcrumbList\",\"@id\":\"https:\/\/todocertificados.com\/mexico\/certificado-unico-policial\/#breadcrumb\",\"itemListElement\":[{\"@type\":\"ListItem\",\"position\":1,\"name\":\"Portada\",\"item\":\"https:\/\/todocertificados.com\/mexico\/\"},{\"@type\":\"ListItem\",\"position\":2,\"name\":\"Certificado \u00danico Policial\"}]},{\"@type\":\"WebSite\",\"@id\":\"https:\/\/todocertificados.com\/mexico\/#website\",\"url\":\"https:\/\/todocertificados.com\/mexico\/\",\"name\":\"Certificados M\u00e9xico\",\"description\":\"Todo sobre certificados mexicanos\",\"publisher\":{\"@id\":\"https:\/\/todocertificados.com\/mexico\/#organization\"},\"potentialAction\":[{\"@type\":\"SearchAction\",\"target\":{\"@type\":\"EntryPoint\",\"urlTemplate\":\"https:\/\/todocertificados.com\/mexico\/?s={search_term_string}\"},\"query-input\":\"required name=search_term_string\"}],\"inLanguage\":\"es\"},{\"@type\":\"Organization\",\"@id\":\"https:\/\/todocertificados.com\/mexico\/#organization\",\"name\":\"TodoCertificados\",\"url\":\"https:\/\/todocertificados.com\/mexico\/\",\"logo\":{\"@type\":\"ImageObject\",\"inLanguage\":\"es\",\"@id\":\"https:\/\/todocertificados.com\/mexico\/#\/schema\/logo\/image\/\",\"url\":\"https:\/\/todocertificados.com\/mexico\/wp-content\/uploads\/sites\/3\/2020\/07\/todo-certificados-favicon.png\",\"contentUrl\":\"https:\/\/todocertificados.com\/mexico\/wp-content\/uploads\/sites\/3\/2020\/07\/todo-certificados-favicon.png\",\"width\":512,\"height\":512,\"caption\":\"TodoCertificados\"},\"image\":{\"@id\":\"https:\/\/todocertificados.com\/mexico\/#\/schema\/logo\/image\/\"}}]}<\/script>\n<!-- \/ Yoast SEO plugin. -->","yoast_head_json":{"title":"Certificado \u00danico Policial &#187; Certificados M\u00e9xico","robots":{"index":"index","follow":"follow","max-snippet":"max-snippet:-1","max-image-preview":"max-image-preview:large","max-video-preview":"max-video-preview:-1"},"canonical":"https:\/\/todocertificados.com\/mexico\/certificado-unico-policial\/","og_locale":"es_ES","og_type":"article","og_title":"Certificado \u00danico Policial &#187; Certificados M\u00e9xico","og_description":"El certificado \u00fanico policial es el documento que obtienen aquellos policias y oficiales de Guarda y Custoria del Sistema Penintenciario para acreditar que son aptos para ingresar a las instituciones de Seguridad P\u00fablica. Este da validez al ingreso en las Fuerzas de Seguridad Policial de M\u00e9xico. Este documento demuestra que se tienen los conocimientos necesarios, ..Leer m\u00e1s","og_url":"https:\/\/todocertificados.com\/mexico\/certificado-unico-policial\/","og_site_name":"Certificados M\u00e9xico","article_modified_time":"2023-01-13T12:29:52+00:00","og_image":[{"width":301,"height":219,"url":"https:\/\/todocertificados.com\/mexico\/wp-content\/uploads\/sites\/3\/2023\/01\/Certificado-\u00danico-Policial.jpg","type":"image\/jpeg"}],"twitter_card":"summary_large_image","twitter_misc":{"Tiempo de lectura":"3 minutos"},"schema":{"@context":"https:\/\/schema.org","@graph":[{"@type":"WebPage","@id":"https:\/\/todocertificados.com\/mexico\/certificado-unico-policial\/","url":"https:\/\/todocertificados.com\/mexico\/certificado-unico-policial\/","name":"Certificado \u00danico Policial &#187; Certificados M\u00e9xico","isPartOf":{"@id":"https:\/\/todocertificados.com\/mexico\/#website"},"primaryImageOfPage":{"@id":"https:\/\/todocertificados.com\/mexico\/certificado-unico-policial\/#primaryimage"},"image":{"@id":"https:\/\/todocertificados.com\/mexico\/certificado-unico-policial\/#primaryimage"},"thumbnailUrl":"https:\/\/todocertificados.com\/mexico\/wp-content\/uploads\/sites\/3\/2023\/01\/Certificado-\u00danico-Policial.jpg","datePublished":"2023-01-13T12:11:05+00:00","dateModified":"2023-01-13T12:29:52+00:00","breadcrumb":{"@id":"https:\/\/todocertificados.com\/mexico\/certificado-unico-policial\/#breadcrumb"},"inLanguage":"es","potentialAction":[{"@type":"ReadAction","target":["https:\/\/todocertificados.com\/mexico\/certificado-unico-policial\/"]}]},{"@type":"ImageObject","inLanguage":"es","@id":"https:\/\/todocertificados.com\/mexico\/certificado-unico-policial\/#primaryimage","url":"https:\/\/todocertificados.com\/mexico\/wp-content\/uploads\/sites\/3\/2023\/01\/Certificado-\u00danico-Policial.jpg","contentUrl":"https:\/\/todocertificados.com\/mexico\/wp-content\/uploads\/sites\/3\/2023\/01\/Certificado-\u00danico-Policial.jpg","width":301,"height":219,"caption":"Certificado \u00danico Policial"},{"@type":"BreadcrumbList","@id":"https:\/\/todocertificados.com\/mexico\/certificado-unico-policial\/#breadcrumb","itemListElement":[{"@type":"ListItem","position":1,"name":"Portada","item":"https:\/\/todocertificados.com\/mexico\/"},{"@type":"ListItem","position":2,"name":"Certificado \u00danico Policial"}]},{"@type":"WebSite","@id":"https:\/\/todocertificados.com\/mexico\/#website","url":"https:\/\/todocertificados.com\/mexico\/","name":"Certificados M\u00e9xico","description":"Todo sobre certificados mexicanos","publisher":{"@id":"https:\/\/todocertificados.com\/mexico\/#organization"},"potentialAction":[{"@type":"SearchAction","target":{"@type":"EntryPoint","urlTemplate":"https:\/\/todocertificados.com\/mexico\/?s={search_term_string}"},"query-input":"required name=search_term_string"}],"inLanguage":"es"},{"@type":"Organization","@id":"https:\/\/todocertificados.com\/mexico\/#organization","name":"TodoCertificados","url":"https:\/\/todocertificados.com\/mexico\/","logo":{"@type":"ImageObject","inLanguage":"es","@id":"https:\/\/todocertificados.com\/mexico\/#\/schema\/logo\/image\/","url":"https:\/\/todocertificados.com\/mexico\/wp-content\/uploads\/sites\/3\/2020\/07\/todo-certificados-favicon.png","contentUrl":"https:\/\/todocertificados.com\/mexico\/wp-content\/uploads\/sites\/3\/2020\/07\/todo-certificados-favicon.png","width":512,"height":512,"caption":"TodoCertificados"},"image":{"@id":"https:\/\/todocertificados.com\/mexico\/#\/schema\/logo\/image\/"}}]}},"_links":{"self":[{"href":"https:\/\/todocertificados.com\/mexico\/wp-json\/wp\/v2\/pages\/874"}],"collection":[{"href":"https:\/\/todocertificados.com\/mexico\/wp-json\/wp\/v2\/pages"}],"about":[{"href":"https:\/\/todocertificados.com\/mexico\/wp-json\/wp\/v2\/types\/page"}],"author":[{"embeddable":true,"href":"https:\/\/todocertificados.com\/mexico\/wp-json\/wp\/v2\/users\/1"}],"replies":[{"embeddable":true,"href":"https:\/\/todocertificados.com\/mexico\/wp-json\/wp\/v2\/comments?post=874"}],"version-history":[{"count":5,"href":"https:\/\/todocertificados.com\/mexico\/wp-json\/wp\/v2\/pages\/874\/revisions"}],"predecessor-version":[{"id":881,"href":"https:\/\/todocertificados.com\/mexico\/wp-json\/wp\/v2\/pages\/874\/revisions\/881"}],"wp:featuredmedia":[{"embeddable":true,"href":"https:\/\/todocertificados.com\/mexico\/wp-json\/wp\/v2\/media\/877"}],"wp:attachment":[{"href":"https:\/\/todocertificados.com\/mexico\/wp-json\/wp\/v2\/media?parent=874"}],"wp:term":[{"taxonomy":"category","embeddable":true,"href":"https:\/\/todocertificados.com\/mexico\/wp-json\/wp\/v2\/categories?post=874"},{"taxonomy":"post_tag","embeddable":true,"href":"https:\/\/todocertificados.com\/mexico\/wp-json\/wp\/v2\/tags?post=874"}],"curies":[{"name":"wp","href":"https:\/\/api.w.org\/{rel}","templated":true}]}}