{"id":821,"date":"2022-10-03T22:24:24","date_gmt":"2022-10-03T22:24:24","guid":{"rendered":"https:\/\/todocertificados.com\/mexico\/?page_id=821"},"modified":"2023-03-27T09:26:04","modified_gmt":"2023-03-27T09:26:04","slug":"certificado-defuncion","status":"publish","type":"page","link":"https:\/\/todocertificados.com\/mexico\/certificado-defuncion\/","title":{"rendered":"Certificado de Defunci\u00f3n"},"content":{"rendered":"<div class=\"02640ac1cf99e0a816556c1d72e1d642\" data-index=\"1\" style=\"float: none; margin:10px 0 10px 0; text-align:center;\">\n<ins class=\"adsbygoogle\"\r\n     style=\"display:block\"\r\n     data-ad-client=\"ca-pub-5605228788947132\"\r\n     data-ad-slot=\"6189026294\"\r\n     data-ad-format=\"link\"\r\n     data-full-width-responsive=\"true\"><\/ins>\r\n<script>\r\n     (adsbygoogle = window.adsbygoogle || []).push({});\r\n<\/script>\n<\/div>\n<p>El Certificado de Defunci\u00f3n es un <strong>documento oficial para legitimar las muertes<\/strong> en M\u00e9xico y <strong>necesario para realizar el proceso de cremaci\u00f3n, inhumaci\u00f3n o el que se decida<\/strong>. Estos certificados son remitidos por un profesional m\u00e9dico o personas con credencial de autoridad sanitaria, una vez probado el fallecimiento y establecidas sus causas.<\/p>\n<div class=\"ads-row\"><div class=\"cell\">\n<div class=\"ads-button\">\n\t\t<a href=\"https:\/\/todocertificados.com\/mexico\/certificado-defuncion\/#Como_saco_el_certificado_de_defuncion\" target=\"_self\" class=\"adsbtn-swipe \"> Sacar Certificado Defunci\u00f3n<\/a>\n\t\t<\/div>\n<\/div><div class=\"cell\">\n<div class=\"ads-button\">\n\t\t<a href=\"https:\/\/todocertificados.com\/mexico\/certificado-defuncion\/#Descargar_e_imprimir_certificado_de_defuncion_gratis\" target=\"_self\" class=\"adsbtn-swipe \"> Descargar Certificado Defunci\u00f3n<\/a>\n\t\t<\/div>\n<\/div><\/div>\n<h2>Por qu\u00e9 son importantes los certificados de defunci\u00f3n<\/h2>\n<p>Los certificados de defunci\u00f3n son un tipo de documento m\u00e9dico, administrativo y legalizado. Este es <strong>tramitado por un m\u00e9dico<\/strong> que cuente con un registro profesional <strong>o emitido por el hospital<\/strong> que presto atendi\u00f3 m\u00e9dica a nuestro ser querido.<\/p>\n<p>Estos certificados son<strong> entregados una vez se ha verificado el fallecimiento y las causas<\/strong> del mismo y se hace de manera gratuita.<\/p>\n<p>La importancia de estos certificados de defunci\u00f3n se debe a que es <strong>imprescindible para poder realizar la inhumaci\u00f3n, cremaci\u00f3n o el proceso que se decida<\/strong> para dar descanso a los restos del fallecido <strong>as\u00ed como para poder llevar unas estad\u00edsticas<\/strong> correctas de los fallecimientos en M\u00e9xico. Tambi\u00e9n es <strong>necesario para tramitar el acta de defunci\u00f3n<\/strong>.<\/p>\n<p style=\"text-align: center;\"><div class=\"tds-message-box box-note \">El certificado de defunci\u00f3n es necesario para la inhumaci\u00f3n, cremaci\u00f3n o cualquier otro procedimiento que ofrezca descanso al fallecido.<\/div>\n<p>No se ha de confundir el certificado de defunci\u00f3n con el acta de defunci\u00f3n. Este \u00faltimo se gestiona en el Registro Civil y se debe de sacar si existen tr\u00e1mites para herencias, cobro de seguros, pensiones, cancelaci\u00f3n de una deuda de cr\u00e9dito u otras gestiones o tr\u00e1mites legales en las que se solicitar\u00e1 como requisito. De hecho, <strong>para poder tramitar el acta de defunci\u00f3n necesitaremos este certificado<\/strong>.<\/p>\n<h2>C\u00f3mo saco el certificado de defunci\u00f3n<\/h2>\n<p>Para poder sacar un certificado de defunci\u00f3n debe saber que c\u00f3mo pedirlo <strong>dependiendo de la manera en que falleci\u00f3<\/strong>:<\/p>\n<ul>\n<li><strong>Pedir al m\u00e9dico o centro de salud<\/strong> que haya atendido al difunto el certificado de defunci\u00f3n (Puede ser el mismo que realiza el <a href=\"https:\/\/todocertificados.com\/mexico\/certificado-medico-prenupcial\/\">certificado m\u00e9dico prenupcial<\/a> o el <a href=\"https:\/\/todocertificados.com\/mexico\/certificado-escolar-medico\/\">certificado m\u00e9dico para ingreso al colegio<\/a>)<\/li>\n<li><strong>Si su familiar fallece en casa<\/strong> y no cuenta con un m\u00e9dico o centro hospitalario, puede asistir <strong>a una autoridad competente p\u00fablica<\/strong> para solicitar el certificado.<\/li>\n<li>En caso de que el occiso haya <strong>muerto durante el trasladado<\/strong> a un hospital, y no lleg\u00f3 a ser atendido, igualmente debe llegar <strong>al hospital donde se llevara a cabo el tr\u00e1mite<\/strong> apropiado para el caso.<\/li>\n<\/ul>\n<p style=\"text-align: center;\"><div class=\"tds-message-box box-info \">Si la muerte fue por violencia o accidental, se deber\u00e1 notificar al ministerio p\u00fablico. <\/div>\n<p>Sabiendo esto, le mostramos c\u00f3mo tramitar el certificado de defunci\u00f3n.<\/p>\n<h3>Requisitos<\/h3>\n<p>Para tramitar el certificado de defunci\u00f3n necesitar\u00e1 los siguientes documentos:<\/p>\n<ul>\n<li><strong>Identificaci\u00f3n oficial vigente<\/strong> (original y copia)<\/li>\n<li><strong>NSS<\/strong> (original)<\/li>\n<li><a href=\"https:\/\/tuactadenacimiento.com\/imprimir\/#Como_descargar_mi_acta_de_nacimiento_en_PDF\"><strong>Acta de nacimiento<\/strong><\/a>, de adopci\u00f3n o de reconocimiento (original)<\/li>\n<li>Comprobante de domicilio del fallecido o de la persona responsable legalmente (original y copia con una expedici\u00f3n no mayor de 3 meses)<\/li>\n<\/ul>\n<h3>Tramitar certificado de defunci\u00f3n<\/h3>\n<p>Para tramitar el Certificado de Defunci\u00f3n debedemos de seguir los siguientes pasos:<\/p>\n<ol>\n<li><strong>Solicitar el certificado al m\u00e9dico que atendi\u00f3 al fallecido<\/strong> durante su \u00faltima enfermedad. Tambi\u00e9n se puede solicitar al Centro Hospitalario o m\u00e9dico privado con certificaci\u00f3n. En caso de no encontrar un m\u00e9dico que documente la defunci\u00f3n, se debe asistir a una autoridad competente como: comisariado ejidal, presidente municipal, entre otros.<\/li>\n<li>Se nos entregar\u00e1n el original y dos copias del certificado de defunci\u00f3n. Asegurese de <strong>corroborar que todos los datos<\/strong> personales y del suceso de muerte <strong>est\u00e9n bien escritos<\/strong> y certificado en la defunci\u00f3n, que sea legible y que concuerden con la identificaci\u00f3n oficial del difunto.<\/li>\n<li>Una vez obtengamos el certificado de defunci\u00f3n es necesario <strong>acudir con \u00e9l a la Oficina del Registro Civil<\/strong>, para tramitar el Acta de Defunci\u00f3n, siendo este otro tipo de documento legal necesario para cualquier otro tr\u00e1mite legal (herencias, cremaci\u00f3n, cobro de pensiones, entre otros)<\/li>\n<\/ol>\n<p>Es necesario indicar todos los datos que van en el certificado de defunci\u00f3n, procura que est\u00e9n correctos, y que concuerden con la identificaci\u00f3n del occiso.<\/p>\n<h4>Componentes del certificado de muerte<\/h4>\n<p>\u00bfC\u00f3mo es un certificado de defunci\u00f3n? El certificado de muerte cuenta con la siguiente informaci\u00f3n:<\/p>\n<ul>\n<li><strong>Datos personales del deudo:<\/strong>\n<ul>\n<li>Nombre<\/li>\n<li>Sexo<\/li>\n<li>Edad<\/li>\n<li>Fecha de nacimiento<\/li>\n<li>CURP,<\/li>\n<li>Nacionalidad<\/li>\n<li>Estado civil<\/li>\n<li>Lugar de habitaci\u00f3n<\/li>\n<li>Ocupaci\u00f3n<\/li>\n<li>Nivel de instrucci\u00f3n<\/li>\n<\/ul>\n<\/li>\n<li><strong>Informaci\u00f3n importante sobre la muerte o deceso:<\/strong>\n<ul>\n<li>Hora<\/li>\n<li>Fecha<\/li>\n<li>Donde sucedi\u00f3 el fallecimiento<\/li>\n<li>Por qui\u00e9n fue atendi\u00f3<\/li>\n<li>Causas, entre otros puntos de relevancia<\/li>\n<\/ul>\n<\/li>\n<\/ul>\n<p>El encargado de la gesti\u00f3n debe ofrecer igualmente informaci\u00f3n para confirmar los datos y la relaci\u00f3n con el finado.<\/p>\n<p>Finalmente, este es<strong> firmado por el nombre del m\u00e9dico<\/strong> que aut\u00e9ntica el certificado, acompa\u00f1ado de:<\/p>\n<ul>\n<li>N\u00famero de c\u00e9dula del profesional<\/li>\n<li>Fecha<\/li>\n<li>Lugar de registro<\/li>\n<\/ul>\n<h3>Certificado de defunci\u00f3n en l\u00ednea<\/h3>\n<p>A diferencia de otros muchos tr\u00e1mites de M\u00e9xico que si se pueden obtener por internet, <strong>no se puede obtener el certificado de defunci\u00f3n en l\u00ednea<\/strong>. Este certificado <strong>solo lo emiten hospitales y autoridades competentes<\/strong> por lo que no puede obtenerse desde ning\u00fan sitio web.<\/p>\n<p><strong>Lo que si puede tramitarse es una copia certificada del acta de defunci\u00f3n<\/strong>, pero para esto, antes debes de haber obtenido el certificado ya que es un requisito para poder expedir ese acta.<\/p>\n<p><img loading=\"lazy\" decoding=\"async\" class=\"aligncenter wp-image-825 size-full\" src=\"https:\/\/todocertificados.com\/mexico\/wp-content\/uploads\/sites\/3\/2022\/10\/certificado-defuncion.jpg\" alt=\"certificado de defunci\u00f3n\" width=\"400\" height=\"231\" srcset=\"https:\/\/todocertificados.com\/mexico\/wp-content\/uploads\/sites\/3\/2022\/10\/certificado-defuncion.jpg 400w, https:\/\/todocertificados.com\/mexico\/wp-content\/uploads\/sites\/3\/2022\/10\/certificado-defuncion-300x173.jpg 300w, https:\/\/todocertificados.com\/mexico\/wp-content\/uploads\/sites\/3\/2022\/10\/certificado-defuncion-150x87.jpg 150w\" sizes=\"(max-width: 400px) 100vw, 400px\" \/><\/p>\n<p>En el caso de que te encuentres en el extranjero, puedes acceder al certificado de defunci\u00f3n en l\u00ednea solo para pedir cita, el resto de pasos deber\u00e1s hacerlos de manera presencial en el consulado correspondiente.<\/p>\n<div class=\"tds-message-box box-info \">Para ello, escribe a la direcci\u00f3n de email: <a href=\"mailto:registrocivildet@sre.gob.mx\">registrocivildet@sre.gob.mx<\/a><\/div>\n<h2>Buscar certificado de defunci\u00f3n<\/h2>\n<p>Para buscar un certificado de defunci\u00f3n, el familiar del occiso <strong>debe solicitar este documento al m\u00e9dico tratante<\/strong> de la \u00faltima enfermedad del difunto o en el hospital donde fue atendido.<\/p>\n<p>En caso de que ya haya sido tramitadas y requiere de una copia, esta quedar\u00e1 registrada en el Registro Civil, por lo que<strong> podr\u00e1 solicitarlo asistiendo a una de las 148 Oficinas Consulares<\/strong> que tiene M\u00e9xico por el mundo si est\u00e1 en el extranjero.<\/p>\n<p>Si no est\u00e1 en el pa\u00eds, para buscar el certificado de defunci\u00f3n debe realizar previa cita para poder agilizar el proceso de elaboraci\u00f3n. Esta suele llevarse en l\u00ednea usando el correo electr\u00f3nico oficial: <a href=\"mailto:registrocivildet@sre.gob.mx\">registrocivildet@sre.gob.mx<\/a>. Solo as\u00ed ser\u00e1 atendido de inmediato.<\/p>\n<h2>Descargar e imprimir certificado de defunci\u00f3n gratis<\/h2>\n<p>El certificado de defunci\u00f3n es gratuito pero<strong> no se puede descargar o imprimir por internet<\/strong>. Se trata de un documento oficial que solo puede ser expedido por el Hospital o M\u00e9dico que trato al paciente a la hora de fallecer.<\/p>\n<p>Lo que <strong>si se puede descargar e imprimir en l\u00ednea es una copia certificada del acta de defunci\u00f3n<\/strong>. En este caso podr\u00e1 obtener una copia de esta en el Registro Civil m\u00e1s cercano a su domicilio, en cualquier m\u00e1quina o kiosco de actas de los que hay distribuidos por M\u00e9xico, o por internet a trav\u00e9s de la web oficial del gobierno que corresponda al estado en el que se haya producido el fallecimiento.<\/p>\n<p>Si se encuentra en el extranjero comunicarse a trav\u00e9s del correo electr\u00f3nico oficial: <a href=\"mailto:registrocivildet@sre.gob.mx\">registrocivildet@sre.gob.mx<\/a>. Aqu\u00ed le informar\u00e1n sobre los pasos a seguir para su tr\u00e1mite de gesti\u00f3n, descarga y como imprimir su certificado de defunci\u00f3n.<\/p>\n<p>Otros certificados mexicanos que le pueden interesar:<\/p>\n<ul>\n<li><a href=\"https:\/\/todocertificados.com\/mexico\/certificado-residencia\/\">Certificado Residencia<\/a><\/li>\n<li><a href=\"https:\/\/todocertificados.com\/mexico\/certificado-medico-prenupcial\/\">Certificado prenupcial<\/a><\/li>\n<li><a href=\"https:\/\/todocertificados.com\/mexico\/certificado-uso-suelo\/\">Certificado \u00fanico de zonificaci\u00f3n de uso de suelo<\/a><\/li>\n<\/ul>\n\n<div style=\"font-size: 0px; height: 0px; line-height: 0px; margin: 0; padding: 0; clear: both;\"><\/div>","protected":false},"excerpt":{"rendered":"<p>El Certificado de Defunci\u00f3n es un documento oficial para legitimar las muertes en M\u00e9xico y necesario para realizar el proceso de cremaci\u00f3n, inhumaci\u00f3n o el que se decida. Estos certificados son remitidos por un profesional m\u00e9dico o personas con credencial de autoridad sanitaria, una vez probado el fallecimiento y establecidas sus causas. Por qu\u00e9 son ..<\/p>\n<div class=\"clear-fix\"><\/div>\n<p><a href=\"https:\/\/todocertificados.com\/mexico\/certificado-defuncion\/\" title=\"Leer m\u00e1s...\">Leer m\u00e1s<\/a><\/p>\n","protected":false},"author":1,"featured_media":826,"parent":0,"menu_order":0,"comment_status":"closed","ping_status":"closed","template":"full-width-template.php","meta":{"footnotes":""},"categories":[8],"tags":[],"yoast_head":"<!-- This site is optimized with the Yoast SEO plugin v22.2 - https:\/\/yoast.com\/wordpress\/plugins\/seo\/ -->\n<title>Certificado de Defunci\u00f3n &#187; Certificados M\u00e9xico<\/title>\n<meta name=\"robots\" content=\"index, follow, max-snippet:-1, max-image-preview:large, max-video-preview:-1\" \/>\n<link rel=\"canonical\" href=\"https:\/\/todocertificados.com\/mexico\/certificado-defuncion\/\" \/>\n<meta property=\"og:locale\" content=\"es_ES\" \/>\n<meta property=\"og:type\" content=\"article\" \/>\n<meta property=\"og:title\" content=\"Certificado de Defunci\u00f3n &#187; Certificados M\u00e9xico\" \/>\n<meta property=\"og:description\" content=\"El Certificado de Defunci\u00f3n es un documento oficial para legitimar las muertes en M\u00e9xico y necesario para realizar el proceso de cremaci\u00f3n, inhumaci\u00f3n o el que se decida. Estos certificados son remitidos por un profesional m\u00e9dico o personas con credencial de autoridad sanitaria, una vez probado el fallecimiento y establecidas sus causas. Por qu\u00e9 son ..Leer m\u00e1s\" \/>\n<meta property=\"og:url\" content=\"https:\/\/todocertificados.com\/mexico\/certificado-defuncion\/\" \/>\n<meta property=\"og:site_name\" content=\"Certificados M\u00e9xico\" \/>\n<meta property=\"article:modified_time\" content=\"2023-03-27T09:26:04+00:00\" \/>\n<meta property=\"og:image\" content=\"https:\/\/todocertificados.com\/mexico\/wp-content\/uploads\/sites\/3\/2022\/10\/Certificado-de-defunci\u00f3n.jpg\" \/>\n\t<meta property=\"og:image:width\" content=\"301\" \/>\n\t<meta property=\"og:image:height\" content=\"219\" \/>\n\t<meta property=\"og:image:type\" content=\"image\/jpeg\" \/>\n<meta name=\"twitter:card\" content=\"summary_large_image\" \/>\n<meta name=\"twitter:label1\" content=\"Tiempo de lectura\" \/>\n\t<meta name=\"twitter:data1\" content=\"7 minutos\" \/>\n<script type=\"application\/ld+json\" class=\"yoast-schema-graph\">{\"@context\":\"https:\/\/schema.org\",\"@graph\":[{\"@type\":\"WebPage\",\"@id\":\"https:\/\/todocertificados.com\/mexico\/certificado-defuncion\/\",\"url\":\"https:\/\/todocertificados.com\/mexico\/certificado-defuncion\/\",\"name\":\"Certificado de Defunci\u00f3n &#187; Certificados M\u00e9xico\",\"isPartOf\":{\"@id\":\"https:\/\/todocertificados.com\/mexico\/#website\"},\"primaryImageOfPage\":{\"@id\":\"https:\/\/todocertificados.com\/mexico\/certificado-defuncion\/#primaryimage\"},\"image\":{\"@id\":\"https:\/\/todocertificados.com\/mexico\/certificado-defuncion\/#primaryimage\"},\"thumbnailUrl\":\"https:\/\/todocertificados.com\/mexico\/wp-content\/uploads\/sites\/3\/2022\/10\/Certificado-de-defunci\u00f3n.jpg\",\"datePublished\":\"2022-10-03T22:24:24+00:00\",\"dateModified\":\"2023-03-27T09:26:04+00:00\",\"breadcrumb\":{\"@id\":\"https:\/\/todocertificados.com\/mexico\/certificado-defuncion\/#breadcrumb\"},\"inLanguage\":\"es\",\"potentialAction\":[{\"@type\":\"ReadAction\",\"target\":[\"https:\/\/todocertificados.com\/mexico\/certificado-defuncion\/\"]}]},{\"@type\":\"ImageObject\",\"inLanguage\":\"es\",\"@id\":\"https:\/\/todocertificados.com\/mexico\/certificado-defuncion\/#primaryimage\",\"url\":\"https:\/\/todocertificados.com\/mexico\/wp-content\/uploads\/sites\/3\/2022\/10\/Certificado-de-defunci\u00f3n.jpg\",\"contentUrl\":\"https:\/\/todocertificados.com\/mexico\/wp-content\/uploads\/sites\/3\/2022\/10\/Certificado-de-defunci\u00f3n.jpg\",\"width\":301,\"height\":219,\"caption\":\"Certificado de defunci\u00f3n\"},{\"@type\":\"BreadcrumbList\",\"@id\":\"https:\/\/todocertificados.com\/mexico\/certificado-defuncion\/#breadcrumb\",\"itemListElement\":[{\"@type\":\"ListItem\",\"position\":1,\"name\":\"Portada\",\"item\":\"https:\/\/todocertificados.com\/mexico\/\"},{\"@type\":\"ListItem\",\"position\":2,\"name\":\"Certificado de Defunci\u00f3n\"}]},{\"@type\":\"WebSite\",\"@id\":\"https:\/\/todocertificados.com\/mexico\/#website\",\"url\":\"https:\/\/todocertificados.com\/mexico\/\",\"name\":\"Certificados M\u00e9xico\",\"description\":\"Todo sobre certificados mexicanos\",\"publisher\":{\"@id\":\"https:\/\/todocertificados.com\/mexico\/#organization\"},\"potentialAction\":[{\"@type\":\"SearchAction\",\"target\":{\"@type\":\"EntryPoint\",\"urlTemplate\":\"https:\/\/todocertificados.com\/mexico\/?s={search_term_string}\"},\"query-input\":\"required name=search_term_string\"}],\"inLanguage\":\"es\"},{\"@type\":\"Organization\",\"@id\":\"https:\/\/todocertificados.com\/mexico\/#organization\",\"name\":\"TodoCertificados\",\"url\":\"https:\/\/todocertificados.com\/mexico\/\",\"logo\":{\"@type\":\"ImageObject\",\"inLanguage\":\"es\",\"@id\":\"https:\/\/todocertificados.com\/mexico\/#\/schema\/logo\/image\/\",\"url\":\"https:\/\/todocertificados.com\/mexico\/wp-content\/uploads\/sites\/3\/2020\/07\/todo-certificados-favicon.png\",\"contentUrl\":\"https:\/\/todocertificados.com\/mexico\/wp-content\/uploads\/sites\/3\/2020\/07\/todo-certificados-favicon.png\",\"width\":512,\"height\":512,\"caption\":\"TodoCertificados\"},\"image\":{\"@id\":\"https:\/\/todocertificados.com\/mexico\/#\/schema\/logo\/image\/\"}}]}<\/script>\n<!-- \/ Yoast SEO plugin. -->","yoast_head_json":{"title":"Certificado de Defunci\u00f3n &#187; Certificados M\u00e9xico","robots":{"index":"index","follow":"follow","max-snippet":"max-snippet:-1","max-image-preview":"max-image-preview:large","max-video-preview":"max-video-preview:-1"},"canonical":"https:\/\/todocertificados.com\/mexico\/certificado-defuncion\/","og_locale":"es_ES","og_type":"article","og_title":"Certificado de Defunci\u00f3n &#187; Certificados M\u00e9xico","og_description":"El Certificado de Defunci\u00f3n es un documento oficial para legitimar las muertes en M\u00e9xico y necesario para realizar el proceso de cremaci\u00f3n, inhumaci\u00f3n o el que se decida. Estos certificados son remitidos por un profesional m\u00e9dico o personas con credencial de autoridad sanitaria, una vez probado el fallecimiento y establecidas sus causas. Por qu\u00e9 son ..Leer m\u00e1s","og_url":"https:\/\/todocertificados.com\/mexico\/certificado-defuncion\/","og_site_name":"Certificados M\u00e9xico","article_modified_time":"2023-03-27T09:26:04+00:00","og_image":[{"width":301,"height":219,"url":"https:\/\/todocertificados.com\/mexico\/wp-content\/uploads\/sites\/3\/2022\/10\/Certificado-de-defunci\u00f3n.jpg","type":"image\/jpeg"}],"twitter_card":"summary_large_image","twitter_misc":{"Tiempo de lectura":"7 minutos"},"schema":{"@context":"https:\/\/schema.org","@graph":[{"@type":"WebPage","@id":"https:\/\/todocertificados.com\/mexico\/certificado-defuncion\/","url":"https:\/\/todocertificados.com\/mexico\/certificado-defuncion\/","name":"Certificado de Defunci\u00f3n &#187; Certificados M\u00e9xico","isPartOf":{"@id":"https:\/\/todocertificados.com\/mexico\/#website"},"primaryImageOfPage":{"@id":"https:\/\/todocertificados.com\/mexico\/certificado-defuncion\/#primaryimage"},"image":{"@id":"https:\/\/todocertificados.com\/mexico\/certificado-defuncion\/#primaryimage"},"thumbnailUrl":"https:\/\/todocertificados.com\/mexico\/wp-content\/uploads\/sites\/3\/2022\/10\/Certificado-de-defunci\u00f3n.jpg","datePublished":"2022-10-03T22:24:24+00:00","dateModified":"2023-03-27T09:26:04+00:00","breadcrumb":{"@id":"https:\/\/todocertificados.com\/mexico\/certificado-defuncion\/#breadcrumb"},"inLanguage":"es","potentialAction":[{"@type":"ReadAction","target":["https:\/\/todocertificados.com\/mexico\/certificado-defuncion\/"]}]},{"@type":"ImageObject","inLanguage":"es","@id":"https:\/\/todocertificados.com\/mexico\/certificado-defuncion\/#primaryimage","url":"https:\/\/todocertificados.com\/mexico\/wp-content\/uploads\/sites\/3\/2022\/10\/Certificado-de-defunci\u00f3n.jpg","contentUrl":"https:\/\/todocertificados.com\/mexico\/wp-content\/uploads\/sites\/3\/2022\/10\/Certificado-de-defunci\u00f3n.jpg","width":301,"height":219,"caption":"Certificado de defunci\u00f3n"},{"@type":"BreadcrumbList","@id":"https:\/\/todocertificados.com\/mexico\/certificado-defuncion\/#breadcrumb","itemListElement":[{"@type":"ListItem","position":1,"name":"Portada","item":"https:\/\/todocertificados.com\/mexico\/"},{"@type":"ListItem","position":2,"name":"Certificado de Defunci\u00f3n"}]},{"@type":"WebSite","@id":"https:\/\/todocertificados.com\/mexico\/#website","url":"https:\/\/todocertificados.com\/mexico\/","name":"Certificados M\u00e9xico","description":"Todo sobre certificados mexicanos","publisher":{"@id":"https:\/\/todocertificados.com\/mexico\/#organization"},"potentialAction":[{"@type":"SearchAction","target":{"@type":"EntryPoint","urlTemplate":"https:\/\/todocertificados.com\/mexico\/?s={search_term_string}"},"query-input":"required name=search_term_string"}],"inLanguage":"es"},{"@type":"Organization","@id":"https:\/\/todocertificados.com\/mexico\/#organization","name":"TodoCertificados","url":"https:\/\/todocertificados.com\/mexico\/","logo":{"@type":"ImageObject","inLanguage":"es","@id":"https:\/\/todocertificados.com\/mexico\/#\/schema\/logo\/image\/","url":"https:\/\/todocertificados.com\/mexico\/wp-content\/uploads\/sites\/3\/2020\/07\/todo-certificados-favicon.png","contentUrl":"https:\/\/todocertificados.com\/mexico\/wp-content\/uploads\/sites\/3\/2020\/07\/todo-certificados-favicon.png","width":512,"height":512,"caption":"TodoCertificados"},"image":{"@id":"https:\/\/todocertificados.com\/mexico\/#\/schema\/logo\/image\/"}}]}},"_links":{"self":[{"href":"https:\/\/todocertificados.com\/mexico\/wp-json\/wp\/v2\/pages\/821"}],"collection":[{"href":"https:\/\/todocertificados.com\/mexico\/wp-json\/wp\/v2\/pages"}],"about":[{"href":"https:\/\/todocertificados.com\/mexico\/wp-json\/wp\/v2\/types\/page"}],"author":[{"embeddable":true,"href":"https:\/\/todocertificados.com\/mexico\/wp-json\/wp\/v2\/users\/1"}],"replies":[{"embeddable":true,"href":"https:\/\/todocertificados.com\/mexico\/wp-json\/wp\/v2\/comments?post=821"}],"version-history":[{"count":12,"href":"https:\/\/todocertificados.com\/mexico\/wp-json\/wp\/v2\/pages\/821\/revisions"}],"predecessor-version":[{"id":1409,"href":"https:\/\/todocertificados.com\/mexico\/wp-json\/wp\/v2\/pages\/821\/revisions\/1409"}],"wp:featuredmedia":[{"embeddable":true,"href":"https:\/\/todocertificados.com\/mexico\/wp-json\/wp\/v2\/media\/826"}],"wp:attachment":[{"href":"https:\/\/todocertificados.com\/mexico\/wp-json\/wp\/v2\/media?parent=821"}],"wp:term":[{"taxonomy":"category","embeddable":true,"href":"https:\/\/todocertificados.com\/mexico\/wp-json\/wp\/v2\/categories?post=821"},{"taxonomy":"post_tag","embeddable":true,"href":"https:\/\/todocertificados.com\/mexico\/wp-json\/wp\/v2\/tags?post=821"}],"curies":[{"name":"wp","href":"https:\/\/api.w.org\/{rel}","templated":true}]}}