{"id":811,"date":"2022-09-11T23:31:34","date_gmt":"2022-09-11T23:31:34","guid":{"rendered":"https:\/\/todocertificados.com\/mexico\/?page_id=811"},"modified":"2023-11-06T22:41:15","modified_gmt":"2023-11-06T22:41:15","slug":"certificado-conalep","status":"publish","type":"page","link":"https:\/\/todocertificados.com\/mexico\/certificado-conalep\/","title":{"rendered":"Certificado Conalep"},"content":{"rendered":"<div class=\"02640ac1cf99e0a816556c1d72e1d642\" data-index=\"1\" style=\"float: none; margin:10px 0 10px 0; text-align:center;\">\n<ins class=\"adsbygoogle\"\r\n     style=\"display:block\"\r\n     data-ad-client=\"ca-pub-5605228788947132\"\r\n     data-ad-slot=\"6189026294\"\r\n     data-ad-format=\"link\"\r\n     data-full-width-responsive=\"true\"><\/ins>\r\n<script>\r\n     (adsbygoogle = window.adsbygoogle || []).push({});\r\n<\/script>\n<\/div>\n<p>Obt\u00e9n el <strong>Certificado CONALEP en s\u00f3lo unos minutos<\/strong>. Aqu\u00ed te explicamos c\u00f3mo hacerlo de manera sencilla y r\u00e1pida con todos los detalles.<\/p>\n<div class=\"ads-row\"><div class=\"cell\"><div class=\"ads-button\">\n\t\t<a href=\"https:\/\/todocertificados.com\/mexico\/certificado-conalep\/#Como_sacar_el_Certificado_Conalep_en_linea\" target=\"_self\" class=\"adsbtn-swipe \"> Sacar Certificado Conalep<\/a>\n\t\t<\/div><\/div><div class=\"cell\"><div class=\"ads-button\">\n\t\t<a href=\"https:\/\/todocertificados.com\/mexico\/certificado-conalep\/#Consultar_Certificado_Conalep\" target=\"_self\" class=\"adsbtn-swipe \"> Consultar Certificado Conalep<\/a>\n\t\t<\/div><\/div><\/div>\n<h2>Qu\u00e9 es el Certificado Conalep<\/h2>\n<p>El certificado Conalep es el <strong>documento oficial que te avala como graduado<\/strong> con \u00e9xito en la carrera o modalidad cursada en el Colegio Nacional de Educaci\u00f3n Profesional T\u00e9cnica.<\/p>\n<p><img loading=\"lazy\" decoding=\"async\" class=\"size-full wp-image-812 aligncenter\" src=\"https:\/\/todocertificados.com\/mexico\/wp-content\/uploads\/sites\/3\/2022\/09\/certificado-conalep.jpg\" alt=\"Certificado Conalep\" width=\"301\" height=\"219\" srcset=\"https:\/\/todocertificados.com\/mexico\/wp-content\/uploads\/sites\/3\/2022\/09\/certificado-conalep.jpg 301w, https:\/\/todocertificados.com\/mexico\/wp-content\/uploads\/sites\/3\/2022\/09\/certificado-conalep-150x109.jpg 150w\" sizes=\"(max-width: 301px) 100vw, 301px\" \/><ins class=\"adsbygoogle\" style=\"display: block;\" data-ad-client=\"ca-pub-5605228788947132\" data-ad-slot=\"1044705892\" data-ad-format=\"auto\" data-full-width-responsive=\"true\"><\/ins><br \/>\n<script>\n     (adsbygoogle = window.adsbygoogle || []).push({});\n<\/script><\/p>\n<p>Gracias a este podr\u00e1s <strong>certificar<\/strong> en cualquier empresa o instituci\u00f3n gubernamental las <strong>competencias, conocimientos y habilidades adquiridas<\/strong> que te ayudan a desempe\u00f1ar determinadas tareas de manera eficiente y exitosa. Por esta raz\u00f3n, es un certificado importante a la hora de presentarse ante una empresa o se si nos requiere para otras tr\u00e1mites.<\/p>\n<div class=\"ads-color-box\" style=\"color:#444;background:#ffffe3;\">\n<p style=\"text-align: center;\">Si tu inter\u00e9s es <strong>ingresar en Conalep<\/strong>, necesitar\u00e1 <a href=\"https:\/\/todocertificados.com\/mexico\/certificado-secundaria\/\">descargar certificado de secundaria<\/a> para ingresar.<\/p>\n<p style=\"text-align: center;\">Puede conseguir cualquier otro certificado escolar SEP que necesite aqu\u00ed:<\/p>\n<div class=\"cell\"><\/div><div class=\"ads-button\">\n\t\t<a href=\"https:\/\/todocertificados.com\/mexico\/certificado-estudios-linea\/\" target=\"_self\" class=\"adsbtn-swipe \"> Certificados Secretaria de Educaci\u00f3n<\/a>\n\t\t<\/div>\n<\/div>\n<p>Si lo que te interesa es obtener habilidades en la lengua inglesa, te recomendamos obtener el <a href=\"https:\/\/todocertificados.com\/mexico\/certificado-toefl\/\">certificado de ingl\u00e9s TOEFL<\/a>.<\/p>\n<h2>C\u00f3mo sacar el Certificado Conalep en l\u00ednea<\/h2>\n<p><ins class=\"adsbygoogle\" style=\"display: block;\" data-ad-client=\"ca-pub-5605228788947132\" data-ad-slot=\"1044705892\" data-ad-format=\"auto\" data-full-width-responsive=\"true\"><\/ins><script>\n     (adsbygoogle = window.adsbygoogle || []).push({});\n<\/script><\/p>\n<p>El certificado Conalep en l\u00ednea se puede sacar <strong>desde la web oficial de CONALEP<\/strong>, desde el portal de alumno.<\/p>\n<div class=\"ads-button\">\n\t\t<a href=\"https:\/\/educandoconconalep.mx\/\" target=\"_blank\" class=\"adsbtn-swipe \"> Portal Conalep<\/a>\n\t\t<\/div>\n<div class=\"ads-color-box\" style=\"color:#444;background:#eee;\">\n<p>Explicamos c\u00f3mo hacerlo paso a paso:<\/p>\n<ol>\n<li><strong>Entra en el portal alumno SAE<\/strong> (<a href=\"https:\/\/alumno.conalep.edu.mx\/saac\" target=\"_blank\" rel=\"noopener noreferrer\">https:\/\/alumno.conalep.edu.mx\/saac<\/a>)<\/li>\n<li><strong>Ingresa al portal <\/strong>introduciendo los datos de matr\u00edcula y n\u00famero CURP o con tu direcci\u00f3nd de correo desde la opci\u00f3n <strong>\u00abIngresar con Office 365\u00bb<\/strong><\/li>\n<li>Una vez dentro, haz clic en \u00abSolicita tu tr\u00e1mite de titulaci\u00f3n\u00bb y despu\u00e9s en \u00ab<strong>Solicitar tr\u00e1mite<\/strong>\u00ab<\/li>\n<li>En la siguiente pantalla le aparecer\u00e1 de nuevo la opci\u00f3n \u00abSolicitar tr\u00e1mite\u00bb, pero este solo estar\u00e1 disponible si ha cumplido con todos los requisitos para poder obtenerlo<\/li>\n<li>Con el tr\u00e1mite realizado exitosamente, aparecer\u00e1 el mensaje \u00ab<strong>Tr\u00e1mite Solicitado<\/strong>\u00ab<\/li>\n<\/ol>\n<\/div>\n<p>Con esto, habremos solicitado el certificado Conalep en l\u00ednea con \u00e9xito. Para comprobarlo, as\u00ed como para saber el estado del tr\u00e1mite, puedes acceder de nuevo al portal del alumno y consultarlo.<\/p>\n<p>Cuando el tr\u00e1mite hay finalizado por completo y est\u00e9 listo para entregarse, podr\u00e1 ver el mensaje: \u00ab<strong>Emitido documento impreso y en firma<\/strong>\u00ab. Con este podr\u00e1 comunicarse con su plantel, pedir cita y recoger su certificado Conalep.<\/p>\n<p style=\"text-align: center;\"><div class=\"tds-message-box box-info \">As\u00ed, todos los certificados emitidos por el Conalep como por en Centro de Estudios Tecnol\u00f3gicos CETMAR <strong>est\u00e1n exentos de tener que ser legalizados<\/strong>, pues ya lo son por si mismos.<\/div>\n<h3>\u00bfSe puede descargar el certificado de Conalep PDF?<\/h3>\n<p>El certificado Conalep PDF <strong>no se puede descargar desde internet<\/strong>. Lo que si podemos hacer online es todo el tr\u00e1mite para solicitar el certificado, pero una vez tramitado tendremos que acudir de manera presencial a por \u00e9l.<\/p>\n<p>El certificado Conalep es un documento oficial, por lo que no tendr\u00eda validez un certificado de este tipo en <strong>formato PDF<\/strong>.<\/p>\n<p>Sin embargo, si podemos obtener muchos otros documentos relacionados con el Conalep en PDF como el avance del alumno, las calificaciones&#8230;<\/p>\n<div class=\"ads-custom-box custom-box \" style=\"border-color:#878787;padding: 2.2rem 2.2rem;\"><div class=\"ads-custom-box-content\">\n<h3>Requisitos para el certificado de estudios Conalep<\/h3>\n<p>El certificado de Conalep lo pueden solicitar <strong>todos aquellos que hayan estudiado en Conalep<\/strong>. Pero adem\u00e1s deben de cumplir otra serie de requisitos para su obtenci\u00f3n.<\/p>\n<ul>\n<li><strong>Ser egresado<\/strong> del Colegio Nacional de Educaci\u00f3n Profesional T\u00e9cnica<\/li>\n<li>La constancia de <strong>liberaci\u00f3n de pr\u00e1cticas profesionales<\/strong><\/li>\n<li>La constancia de<strong> liberaci\u00f3n de servicio social<\/strong><\/li>\n<li>Una <strong>direcci\u00f3n de correo institucional de Conalep<\/strong>\u00a0(Correo 365 de Conalep)<\/li>\n<\/ul>\n<\/div><\/div>\n<p>Estos son los requisitos generales, aunque puede que la instituci\u00f3n Conalep que le corresponda le solicita algo m\u00e1s, y es que cada Centro de Evaluaci\u00f3n de Competencias puede llevar el proceso de evaluaci\u00f3n de manera algo diferente, aunque no es lo habitual.<\/p>\n<div class=\"ads-color-box\" style=\"color:#444;background:#eee;\">Si no perteneces al Conalep, puedes ver aqu\u00ed c\u00f3mo obtener el <a href=\"https:\/\/todocertificados.com\/mexico\/certificado-preparatoria-bachillerato\/\">certificado de preparatoria<\/a>.<\/div>\n<h2>Consultar Certificado Conalep<\/h2>\n<p><ins class=\"adsbygoogle\" style=\"display: block;\" data-ad-client=\"ca-pub-5605228788947132\" data-ad-slot=\"1044705892\" data-ad-format=\"auto\" data-full-width-responsive=\"true\"><\/ins><script>\n     (adsbygoogle = window.adsbygoogle || []).push({});\n<\/script><\/p>\n<p>Para <strong>consultar la informaci\u00f3n del certificado<\/strong> CONALEP debe de:<\/p>\n<ol>\n<li>Ingresar en la web de SIGED <a href=\"https:\/\/www.siged.sep.gob.mx\/SIGED\/documentos.html\" target=\"_blank\" rel=\"noopener noreferrer\">https:\/\/www.siged.sep.gob.mx\/SIGED\/documentos.html<\/a><\/li>\n<li>Introduce el n\u00famero de folio SEP<\/li>\n<li>Rellena los datos que se le vayan solicitando para poder acceder a la consulta de su certificado<img loading=\"lazy\" decoding=\"async\" class=\"wp-image-815 size-full aligncenter\" src=\"https:\/\/todocertificados.com\/mexico\/wp-content\/uploads\/sites\/3\/2022\/09\/certificado-conalep-linea.jpg\" alt=\"certificado conalep linea\" width=\"690\" height=\"210\" srcset=\"https:\/\/todocertificados.com\/mexico\/wp-content\/uploads\/sites\/3\/2022\/09\/certificado-conalep-linea.jpg 690w, https:\/\/todocertificados.com\/mexico\/wp-content\/uploads\/sites\/3\/2022\/09\/certificado-conalep-linea-300x91.jpg 300w, https:\/\/todocertificados.com\/mexico\/wp-content\/uploads\/sites\/3\/2022\/09\/certificado-conalep-linea-150x46.jpg 150w\" sizes=\"(max-width: 690px) 100vw, 690px\" \/><\/li>\n<\/ol>\n<p>El certificado Conalep estar\u00e1 disponibles para su consulta solo a partir de su emisi\u00f3n.<\/p>\n<h2>Reponer Certificado de Profesional Bachiller Conalep<\/h2>\n<p>El certificado de profesional t\u00e9cnico bachiller de Conalep<strong> se expide siempre a solicitud del alumno<\/strong>, pero hay ocasiones en las que podemos perder este certificado por extrav\u00edo o robo.<\/p>\n<p>En caso de haber sufrido la p\u00e9rdida del certificado de bachiller Conalep, puedes <strong>solicitar su reposici\u00f3n<\/strong>.<\/p>\n<p><ins class=\"adsbygoogle\" style=\"display: block;\" data-ad-client=\"ca-pub-5605228788947132\" data-ad-slot=\"1044705892\" data-ad-format=\"auto\" data-full-width-responsive=\"true\"><\/ins><script>\n     (adsbygoogle = window.adsbygoogle || []).push({});\n<\/script><\/p>\n<p>El costo de este tr\u00e1mite tiene un precio de<strong> $250 pesos<\/strong> y necesitar\u00e1s los siguientes requisitos:<\/p>\n<ul>\n<li><strong>Por robo<\/strong>: el acta expedida por el Ministerio P\u00fablico que incluya el folio del t\u00edtulo<\/li>\n<li><strong>Por extrav\u00edo<\/strong>: el acta expedida por la Oficial\u00eda Conciliadora y Calificadora que incluya el folio del t\u00edtulo<\/li>\n<li><strong>Por deterioro<\/strong>: el certificado original para poder realizar el cotejo<\/li>\n<\/ul>\n<p>Adem\u00e1s, necesitar\u00e1 2 fotograf\u00edas tama\u00f1o 3 po 3.5 cm 3.0 x 3.5 cms. blanco y negro, y con fondo blanco sea cual sea la raz\u00f3n por la que se solicita la reposici\u00f3n.<\/p>\n<h3>Certificado de equivalencia de bachillerato Conalep<\/h3>\n<p>El Certificado de Equivalencia al Bachillerato se puede obtener acudiendo a su plantel o a la <strong>a la Direcci\u00f3n General de El Conalep<\/strong>. Para ello necesitar\u00e1:<\/p>\n<ul>\n<li>Ua copia del documento que necesita validar<\/li>\n<li>Realizar el pago de la validaci\u00f3n<\/li>\n<\/ul>\n<p>Todo ello lo tramitar\u00e1 el\u00a0<strong>Programa de Complementaci\u00f3n de Estudios para Ingreso a la Educaci\u00f3n Superior<\/strong>.<\/p>\n<p style=\"text-align: center;\"><div class=\"tds-message-box box-info \">Las asiganturas del PROCEIES no pueden ser objeto de equivalencia de estudios se han estudiado en otras instituciones.<\/div>\n<p>Si en tu mente est\u00e1 ingresar en las Instituciones de Seguridad P\u00fablica, necesitar\u00e1s saber c\u00f3mo sacar el <a href=\"https:\/\/todocertificados.com\/mexico\/certificado-unico-policial\/\">Certificado \u00danico Policial<\/a>.<\/p>\n\n<div style=\"font-size: 0px; height: 0px; line-height: 0px; margin: 0; padding: 0; clear: both;\"><\/div>","protected":false},"excerpt":{"rendered":"<p>Obt\u00e9n el Certificado CONALEP en s\u00f3lo unos minutos. Aqu\u00ed te explicamos c\u00f3mo hacerlo de manera sencilla y r\u00e1pida con todos los detalles. Qu\u00e9 es el Certificado Conalep El certificado Conalep es el documento oficial que te avala como graduado con \u00e9xito en la carrera o modalidad cursada en el Colegio Nacional de Educaci\u00f3n Profesional T\u00e9cnica. ..<\/p>\n<div class=\"clear-fix\"><\/div>\n<p><a href=\"https:\/\/todocertificados.com\/mexico\/certificado-conalep\/\" title=\"Leer m\u00e1s...\">Leer m\u00e1s<\/a><\/p>\n","protected":false},"author":1,"featured_media":812,"parent":0,"menu_order":0,"comment_status":"closed","ping_status":"closed","template":"full-width-template.php","meta":{"footnotes":""},"categories":[8],"tags":[10],"yoast_head":"<!-- This site is optimized with the Yoast SEO plugin v22.2 - https:\/\/yoast.com\/wordpress\/plugins\/seo\/ -->\n<title>Certificado Conalep &#187; Certificados M\u00e9xico<\/title>\n<meta name=\"robots\" content=\"index, follow, max-snippet:-1, max-image-preview:large, max-video-preview:-1\" \/>\n<link rel=\"canonical\" href=\"https:\/\/todocertificados.com\/mexico\/certificado-conalep\/\" \/>\n<meta property=\"og:locale\" content=\"es_ES\" \/>\n<meta property=\"og:type\" content=\"article\" \/>\n<meta property=\"og:title\" content=\"Certificado Conalep &#187; Certificados M\u00e9xico\" \/>\n<meta property=\"og:description\" content=\"Obt\u00e9n el Certificado CONALEP en s\u00f3lo unos minutos. Aqu\u00ed te explicamos c\u00f3mo hacerlo de manera sencilla y r\u00e1pida con todos los detalles. Qu\u00e9 es el Certificado Conalep El certificado Conalep es el documento oficial que te avala como graduado con \u00e9xito en la carrera o modalidad cursada en el Colegio Nacional de Educaci\u00f3n Profesional T\u00e9cnica. ..Leer m\u00e1s\" \/>\n<meta property=\"og:url\" content=\"https:\/\/todocertificados.com\/mexico\/certificado-conalep\/\" \/>\n<meta property=\"og:site_name\" content=\"Certificados M\u00e9xico\" \/>\n<meta property=\"article:modified_time\" content=\"2023-11-06T22:41:15+00:00\" \/>\n<meta property=\"og:image\" content=\"https:\/\/todocertificados.com\/mexico\/wp-content\/uploads\/sites\/3\/2022\/09\/certificado-conalep.jpg\" \/>\n\t<meta property=\"og:image:width\" content=\"301\" \/>\n\t<meta property=\"og:image:height\" content=\"219\" \/>\n\t<meta property=\"og:image:type\" content=\"image\/jpeg\" \/>\n<meta name=\"twitter:card\" content=\"summary_large_image\" \/>\n<meta name=\"twitter:label1\" content=\"Tiempo de lectura\" \/>\n\t<meta name=\"twitter:data1\" content=\"6 minutos\" \/>\n<script type=\"application\/ld+json\" class=\"yoast-schema-graph\">{\"@context\":\"https:\/\/schema.org\",\"@graph\":[{\"@type\":\"WebPage\",\"@id\":\"https:\/\/todocertificados.com\/mexico\/certificado-conalep\/\",\"url\":\"https:\/\/todocertificados.com\/mexico\/certificado-conalep\/\",\"name\":\"Certificado Conalep &#187; Certificados M\u00e9xico\",\"isPartOf\":{\"@id\":\"https:\/\/todocertificados.com\/mexico\/#website\"},\"primaryImageOfPage\":{\"@id\":\"https:\/\/todocertificados.com\/mexico\/certificado-conalep\/#primaryimage\"},\"image\":{\"@id\":\"https:\/\/todocertificados.com\/mexico\/certificado-conalep\/#primaryimage\"},\"thumbnailUrl\":\"https:\/\/todocertificados.com\/mexico\/wp-content\/uploads\/sites\/3\/2022\/09\/certificado-conalep.jpg\",\"datePublished\":\"2022-09-11T23:31:34+00:00\",\"dateModified\":\"2023-11-06T22:41:15+00:00\",\"breadcrumb\":{\"@id\":\"https:\/\/todocertificados.com\/mexico\/certificado-conalep\/#breadcrumb\"},\"inLanguage\":\"es\",\"potentialAction\":[{\"@type\":\"ReadAction\",\"target\":[\"https:\/\/todocertificados.com\/mexico\/certificado-conalep\/\"]}]},{\"@type\":\"ImageObject\",\"inLanguage\":\"es\",\"@id\":\"https:\/\/todocertificados.com\/mexico\/certificado-conalep\/#primaryimage\",\"url\":\"https:\/\/todocertificados.com\/mexico\/wp-content\/uploads\/sites\/3\/2022\/09\/certificado-conalep.jpg\",\"contentUrl\":\"https:\/\/todocertificados.com\/mexico\/wp-content\/uploads\/sites\/3\/2022\/09\/certificado-conalep.jpg\",\"width\":301,\"height\":219,\"caption\":\"Certificado Conalep\"},{\"@type\":\"BreadcrumbList\",\"@id\":\"https:\/\/todocertificados.com\/mexico\/certificado-conalep\/#breadcrumb\",\"itemListElement\":[{\"@type\":\"ListItem\",\"position\":1,\"name\":\"Portada\",\"item\":\"https:\/\/todocertificados.com\/mexico\/\"},{\"@type\":\"ListItem\",\"position\":2,\"name\":\"Certificado Conalep\"}]},{\"@type\":\"WebSite\",\"@id\":\"https:\/\/todocertificados.com\/mexico\/#website\",\"url\":\"https:\/\/todocertificados.com\/mexico\/\",\"name\":\"Certificados M\u00e9xico\",\"description\":\"Todo sobre certificados mexicanos\",\"publisher\":{\"@id\":\"https:\/\/todocertificados.com\/mexico\/#organization\"},\"potentialAction\":[{\"@type\":\"SearchAction\",\"target\":{\"@type\":\"EntryPoint\",\"urlTemplate\":\"https:\/\/todocertificados.com\/mexico\/?s={search_term_string}\"},\"query-input\":\"required name=search_term_string\"}],\"inLanguage\":\"es\"},{\"@type\":\"Organization\",\"@id\":\"https:\/\/todocertificados.com\/mexico\/#organization\",\"name\":\"TodoCertificados\",\"url\":\"https:\/\/todocertificados.com\/mexico\/\",\"logo\":{\"@type\":\"ImageObject\",\"inLanguage\":\"es\",\"@id\":\"https:\/\/todocertificados.com\/mexico\/#\/schema\/logo\/image\/\",\"url\":\"https:\/\/todocertificados.com\/mexico\/wp-content\/uploads\/sites\/3\/2020\/07\/todo-certificados-favicon.png\",\"contentUrl\":\"https:\/\/todocertificados.com\/mexico\/wp-content\/uploads\/sites\/3\/2020\/07\/todo-certificados-favicon.png\",\"width\":512,\"height\":512,\"caption\":\"TodoCertificados\"},\"image\":{\"@id\":\"https:\/\/todocertificados.com\/mexico\/#\/schema\/logo\/image\/\"}}]}<\/script>\n<!-- \/ Yoast SEO plugin. -->","yoast_head_json":{"title":"Certificado Conalep &#187; Certificados M\u00e9xico","robots":{"index":"index","follow":"follow","max-snippet":"max-snippet:-1","max-image-preview":"max-image-preview:large","max-video-preview":"max-video-preview:-1"},"canonical":"https:\/\/todocertificados.com\/mexico\/certificado-conalep\/","og_locale":"es_ES","og_type":"article","og_title":"Certificado Conalep &#187; Certificados M\u00e9xico","og_description":"Obt\u00e9n el Certificado CONALEP en s\u00f3lo unos minutos. Aqu\u00ed te explicamos c\u00f3mo hacerlo de manera sencilla y r\u00e1pida con todos los detalles. Qu\u00e9 es el Certificado Conalep El certificado Conalep es el documento oficial que te avala como graduado con \u00e9xito en la carrera o modalidad cursada en el Colegio Nacional de Educaci\u00f3n Profesional T\u00e9cnica. ..Leer m\u00e1s","og_url":"https:\/\/todocertificados.com\/mexico\/certificado-conalep\/","og_site_name":"Certificados M\u00e9xico","article_modified_time":"2023-11-06T22:41:15+00:00","og_image":[{"width":301,"height":219,"url":"https:\/\/todocertificados.com\/mexico\/wp-content\/uploads\/sites\/3\/2022\/09\/certificado-conalep.jpg","type":"image\/jpeg"}],"twitter_card":"summary_large_image","twitter_misc":{"Tiempo de lectura":"6 minutos"},"schema":{"@context":"https:\/\/schema.org","@graph":[{"@type":"WebPage","@id":"https:\/\/todocertificados.com\/mexico\/certificado-conalep\/","url":"https:\/\/todocertificados.com\/mexico\/certificado-conalep\/","name":"Certificado Conalep &#187; Certificados M\u00e9xico","isPartOf":{"@id":"https:\/\/todocertificados.com\/mexico\/#website"},"primaryImageOfPage":{"@id":"https:\/\/todocertificados.com\/mexico\/certificado-conalep\/#primaryimage"},"image":{"@id":"https:\/\/todocertificados.com\/mexico\/certificado-conalep\/#primaryimage"},"thumbnailUrl":"https:\/\/todocertificados.com\/mexico\/wp-content\/uploads\/sites\/3\/2022\/09\/certificado-conalep.jpg","datePublished":"2022-09-11T23:31:34+00:00","dateModified":"2023-11-06T22:41:15+00:00","breadcrumb":{"@id":"https:\/\/todocertificados.com\/mexico\/certificado-conalep\/#breadcrumb"},"inLanguage":"es","potentialAction":[{"@type":"ReadAction","target":["https:\/\/todocertificados.com\/mexico\/certificado-conalep\/"]}]},{"@type":"ImageObject","inLanguage":"es","@id":"https:\/\/todocertificados.com\/mexico\/certificado-conalep\/#primaryimage","url":"https:\/\/todocertificados.com\/mexico\/wp-content\/uploads\/sites\/3\/2022\/09\/certificado-conalep.jpg","contentUrl":"https:\/\/todocertificados.com\/mexico\/wp-content\/uploads\/sites\/3\/2022\/09\/certificado-conalep.jpg","width":301,"height":219,"caption":"Certificado Conalep"},{"@type":"BreadcrumbList","@id":"https:\/\/todocertificados.com\/mexico\/certificado-conalep\/#breadcrumb","itemListElement":[{"@type":"ListItem","position":1,"name":"Portada","item":"https:\/\/todocertificados.com\/mexico\/"},{"@type":"ListItem","position":2,"name":"Certificado Conalep"}]},{"@type":"WebSite","@id":"https:\/\/todocertificados.com\/mexico\/#website","url":"https:\/\/todocertificados.com\/mexico\/","name":"Certificados M\u00e9xico","description":"Todo sobre certificados mexicanos","publisher":{"@id":"https:\/\/todocertificados.com\/mexico\/#organization"},"potentialAction":[{"@type":"SearchAction","target":{"@type":"EntryPoint","urlTemplate":"https:\/\/todocertificados.com\/mexico\/?s={search_term_string}"},"query-input":"required name=search_term_string"}],"inLanguage":"es"},{"@type":"Organization","@id":"https:\/\/todocertificados.com\/mexico\/#organization","name":"TodoCertificados","url":"https:\/\/todocertificados.com\/mexico\/","logo":{"@type":"ImageObject","inLanguage":"es","@id":"https:\/\/todocertificados.com\/mexico\/#\/schema\/logo\/image\/","url":"https:\/\/todocertificados.com\/mexico\/wp-content\/uploads\/sites\/3\/2020\/07\/todo-certificados-favicon.png","contentUrl":"https:\/\/todocertificados.com\/mexico\/wp-content\/uploads\/sites\/3\/2020\/07\/todo-certificados-favicon.png","width":512,"height":512,"caption":"TodoCertificados"},"image":{"@id":"https:\/\/todocertificados.com\/mexico\/#\/schema\/logo\/image\/"}}]}},"_links":{"self":[{"href":"https:\/\/todocertificados.com\/mexico\/wp-json\/wp\/v2\/pages\/811"}],"collection":[{"href":"https:\/\/todocertificados.com\/mexico\/wp-json\/wp\/v2\/pages"}],"about":[{"href":"https:\/\/todocertificados.com\/mexico\/wp-json\/wp\/v2\/types\/page"}],"author":[{"embeddable":true,"href":"https:\/\/todocertificados.com\/mexico\/wp-json\/wp\/v2\/users\/1"}],"replies":[{"embeddable":true,"href":"https:\/\/todocertificados.com\/mexico\/wp-json\/wp\/v2\/comments?post=811"}],"version-history":[{"count":18,"href":"https:\/\/todocertificados.com\/mexico\/wp-json\/wp\/v2\/pages\/811\/revisions"}],"predecessor-version":[{"id":1348,"href":"https:\/\/todocertificados.com\/mexico\/wp-json\/wp\/v2\/pages\/811\/revisions\/1348"}],"wp:featuredmedia":[{"embeddable":true,"href":"https:\/\/todocertificados.com\/mexico\/wp-json\/wp\/v2\/media\/812"}],"wp:attachment":[{"href":"https:\/\/todocertificados.com\/mexico\/wp-json\/wp\/v2\/media?parent=811"}],"wp:term":[{"taxonomy":"category","embeddable":true,"href":"https:\/\/todocertificados.com\/mexico\/wp-json\/wp\/v2\/categories?post=811"},{"taxonomy":"post_tag","embeddable":true,"href":"https:\/\/todocertificados.com\/mexico\/wp-json\/wp\/v2\/tags?post=811"}],"curies":[{"name":"wp","href":"https:\/\/api.w.org\/{rel}","templated":true}]}}