{"id":1327,"date":"2023-10-30T15:19:26","date_gmt":"2023-10-30T15:19:26","guid":{"rendered":"https:\/\/todocertificados.com\/mexico\/?page_id=1327"},"modified":"2023-10-30T15:42:20","modified_gmt":"2023-10-30T15:42:20","slug":"certificado-antecedentes-trabajo-social","status":"publish","type":"page","link":"https:\/\/todocertificados.com\/mexico\/certificado-antecedentes-trabajo-social\/","title":{"rendered":"Certificado de antecedentes trabajo social"},"content":{"rendered":"<div class=\"02640ac1cf99e0a816556c1d72e1d642\" data-index=\"1\" style=\"float: none; margin:10px 0 10px 0; text-align:center;\">\n<ins class=\"adsbygoogle\"\r\n     style=\"display:block\"\r\n     data-ad-client=\"ca-pub-5605228788947132\"\r\n     data-ad-slot=\"6189026294\"\r\n     data-ad-format=\"link\"\r\n     data-full-width-responsive=\"true\"><\/ins>\r\n<script>\r\n     (adsbygoogle = window.adsbygoogle || []).push({});\r\n<\/script>\n<\/div>\n<p><span class=\"\">El certificado de antecedentes en trabajo social es un <strong>documento importante para los trabajadores sociales<\/strong> en M\u00e9xico, ya que brinda garant\u00edas de idoneidad y confianza a los empleadores.<\/span><\/p>\n<p style=\"text-align: center;\"><div class=\"ads-color-box\" style=\"color:#444;background:#eee;\">\n<p style=\"text-align: center;\"><span class=\"\">Este certificado es necesario para poder ejercer legalmente como trabajador social en M\u00e9xico.<\/span><\/p>\n<p style=\"text-align: center;\"><div class=\"ads-button\">\n\t\t<a href=\"https:\/\/todocertificados.com\/mexico\/certificado-antecedentes-trabajo-social\/#Como_obtener_el_certificado_de_antecedentes_en_trabajo_social\" target=\"_self\" class=\"adsbtn-swipe \"> Obtener antecedentes trabajo social<\/a>\n\t\t<\/div>\n<p style=\"text-align: center;\"><\/div>\n<p><span class=\"\">El trabajo social es una disciplina que <strong>se enfoca en ayudar a las personas, familias y comunidades<\/strong> a mejorar su calidad de vida y resolver problemas sociales. Estos trabajan en una variedad de entornos, como hospitales, escuelas, organizaciones sin fines de lucro y agencias gubernamentales.<\/span><\/p>\n<p><img loading=\"lazy\" decoding=\"async\" class=\"alignnone size-full wp-image-1331 aligncenter\" src=\"https:\/\/todocertificados.com\/mexico\/wp-content\/uploads\/sites\/3\/2023\/10\/antecedentes-trabajo-social.jpg\" alt=\"Antecedentes trabajo social\" width=\"301\" height=\"219\" srcset=\"https:\/\/todocertificados.com\/mexico\/wp-content\/uploads\/sites\/3\/2023\/10\/antecedentes-trabajo-social.jpg 301w, https:\/\/todocertificados.com\/mexico\/wp-content\/uploads\/sites\/3\/2023\/10\/antecedentes-trabajo-social-150x109.jpg 150w\" sizes=\"(max-width: 301px) 100vw, 301px\" \/><\/p>\n<p><span class=\"\">Los trabajadores sociales pueden ayudar a las personas a obtener servicios y recursos, <strong>brindar asesoramiento y apoyo emocional<\/strong>, y abogar por los derechos de las personas y comunidades marginadas.<\/span><\/p>\n<h2>\u00bfC\u00f3mo obtener el certificado de antecedentes en trabajo social?<\/h2>\n<p><span class=\"\">Para obtener el certificado de antecedentes en trabajo social en M\u00e9xico, es necesario presentar la<strong> documentaci\u00f3n requerida<\/strong> al colegio profesional correspondiente.\u00a0<\/span><\/p>\n<div class=\"ads-custom-box custom-box \" style=\"border-color:#4f4f4f;padding: 2.2rem 2.2rem;\"><div class=\"ads-custom-box-content\">\n<p><span class=\"\">Los pasos a seguir para obtener este certificado son:\u00a0<\/span><\/p>\n<ol class=\"list-outside list-decimal marker:font-mono marker:text-sm pl-11\">\n<li><span class=\"\">Contactar al colegio profesional de trabajo social correspondiente al estado donde se ejercer\u00e1 la profesi\u00f3n.<\/span><\/li>\n<li><span class=\"\">Presentar la <strong>documentaci\u00f3n requerida<\/strong>, que puede variar seg\u00fan el estado, pero generalmente incluye:<\/span>\n<ul class=\"list-outside list-disc\">\n<li><span class=\"\">T\u00edtulo universitario en trabajo social.<\/span><\/li>\n<li><span class=\"\">C\u00e9dula profesional.<\/span><\/li>\n<li><span class=\"\">Identificaci\u00f3n oficial.<\/span><\/li>\n<li><span class=\"\">Comprobante de pago de derechos.<\/span><\/li>\n<\/ul>\n<\/li>\n<li><span class=\"\">Esperar a que el colegio profesional emita el certificado de antecedentes en trabajo social.<\/span><\/li>\n<\/ol>\n<\/div><\/div>\n<p><span class=\"\">Es importante destacar que el certificado de antecedentes en trabajo social tiene una vigencia determinada, que <strong>puede variar seg\u00fan el estado<\/strong>, por lo que es recomendable contactar al colegio profesional de trabajo social correspondiente para obtener informaci\u00f3n precisa sobre los requisitos espec\u00edficos en cada caso. Adem\u00e1s.\u00a0<\/span><span class=\"\">Es necesario renovarlo peri\u00f3dicamente para poder seguir ejerciendo la profesi\u00f3n.<\/span><\/p>\n<p>No se puede especificar el <strong>tiempo que tarda el proceso de obtenci\u00f3n del certificado<\/strong> de antecedentes en trabajo social en M\u00e9xico. Solo se menciona que una vez que se presenta la documentaci\u00f3n requerida al colegio profesional correspondiente, se debe esperar a que emitan el certificado de antecedentes en trabajo social.<\/p>\n<p>Por lo tanto, se recomienda <strong>contactar al colegio profesional de trabajo social correspondiente<\/strong> para obtener informaci\u00f3n precisa sobre los tiempos de espera y los plazos de vigencia del certificado de antecedentes en trabajo social en cada caso.<\/p>\n<div class=\"ads-color-box\" style=\"color:#444;background:#eee;\">\n<h3>\u00bfPor qu\u00e9 es importante el certificado de antecedentes en trabajo social?<\/h3>\n<p><span class=\"\">El certificado de antecedentes en trabajo social es importante porque brinda garant\u00edas de idoneidad y confianza a los empleadores, lo que puede aumentar las oportunidades laborales para los trabajadores sociales.<\/span><\/p>\n<p><span class=\"\">Adem\u00e1s, el certificado de antecedentes en trabajo social es necesario para poder ejercer legalmente como trabajador social en M\u00e9xico.<\/span><\/p>\n<\/div>\n<h2>\u00bfQu\u00e9 documentos deben cuidar los trabajadores sociales?<\/h2>\n<p><span class=\"\">Adem\u00e1s del certificado de antecedentes en trabajo social, los trabajadores sociales <strong>deben cuidar los siguientes documentos<\/strong>:<\/span><\/p>\n<ul class=\"list-outside list-disc pl-8\">\n<li><span class=\"\">T\u00edtulo universitario en trabajo social.<\/span><\/li>\n<li><span class=\"\">C\u00e9dula profesional.<\/span><\/li>\n<li><span class=\"\">Identificaci\u00f3n oficial.<\/span><\/li>\n<\/ul>\n<p><span class=\"\">Es importante cuidar estos <strong>documentos para poder ejercer legalmente como trabajador social<\/strong> y evitar posibles fraudes o suplantaciones de identidad.<\/span><\/p>\n\n<div style=\"font-size: 0px; height: 0px; line-height: 0px; margin: 0; padding: 0; clear: both;\"><\/div>","protected":false},"excerpt":{"rendered":"<p>El certificado de antecedentes en trabajo social es un documento importante para los trabajadores sociales en M\u00e9xico, ya que brinda garant\u00edas de idoneidad y confianza a los empleadores. El trabajo social es una disciplina que se enfoca en ayudar a las personas, familias y comunidades a mejorar su calidad de vida y resolver problemas sociales. ..<\/p>\n<div class=\"clear-fix\"><\/div>\n<p><a href=\"https:\/\/todocertificados.com\/mexico\/certificado-antecedentes-trabajo-social\/\" title=\"Leer m\u00e1s...\">Leer m\u00e1s<\/a><\/p>\n","protected":false},"author":1,"featured_media":1328,"parent":0,"menu_order":0,"comment_status":"closed","ping_status":"closed","template":"full-width-template.php","meta":{"footnotes":""},"categories":[8],"tags":[],"yoast_head":"<!-- This site is optimized with the Yoast SEO plugin v22.2 - https:\/\/yoast.com\/wordpress\/plugins\/seo\/ -->\n<title>Certificado de antecedentes trabajo social &#187; Certificados M\u00e9xico<\/title>\n<meta name=\"robots\" content=\"index, follow, max-snippet:-1, max-image-preview:large, max-video-preview:-1\" \/>\n<link rel=\"canonical\" href=\"https:\/\/todocertificados.com\/mexico\/certificado-antecedentes-trabajo-social\/\" \/>\n<meta property=\"og:locale\" content=\"es_ES\" \/>\n<meta property=\"og:type\" content=\"article\" \/>\n<meta property=\"og:title\" content=\"Certificado de antecedentes trabajo social &#187; Certificados M\u00e9xico\" \/>\n<meta property=\"og:description\" content=\"El certificado de antecedentes en trabajo social es un documento importante para los trabajadores sociales en M\u00e9xico, ya que brinda garant\u00edas de idoneidad y confianza a los empleadores. El trabajo social es una disciplina que se enfoca en ayudar a las personas, familias y comunidades a mejorar su calidad de vida y resolver problemas sociales. ..Leer m\u00e1s\" \/>\n<meta property=\"og:url\" content=\"https:\/\/todocertificados.com\/mexico\/certificado-antecedentes-trabajo-social\/\" \/>\n<meta property=\"og:site_name\" content=\"Certificados M\u00e9xico\" \/>\n<meta property=\"article:modified_time\" content=\"2023-10-30T15:42:20+00:00\" \/>\n<meta property=\"og:image\" content=\"https:\/\/todocertificados.com\/mexico\/wp-content\/uploads\/sites\/3\/2023\/10\/Certificado-antecedentes-trabajo-social.jpg\" \/>\n\t<meta property=\"og:image:width\" content=\"301\" \/>\n\t<meta property=\"og:image:height\" content=\"219\" \/>\n\t<meta property=\"og:image:type\" content=\"image\/jpeg\" \/>\n<meta name=\"twitter:card\" content=\"summary_large_image\" \/>\n<meta name=\"twitter:label1\" content=\"Tiempo de lectura\" \/>\n\t<meta name=\"twitter:data1\" content=\"3 minutos\" \/>\n<script type=\"application\/ld+json\" class=\"yoast-schema-graph\">{\"@context\":\"https:\/\/schema.org\",\"@graph\":[{\"@type\":\"WebPage\",\"@id\":\"https:\/\/todocertificados.com\/mexico\/certificado-antecedentes-trabajo-social\/\",\"url\":\"https:\/\/todocertificados.com\/mexico\/certificado-antecedentes-trabajo-social\/\",\"name\":\"Certificado de antecedentes trabajo social &#187; Certificados M\u00e9xico\",\"isPartOf\":{\"@id\":\"https:\/\/todocertificados.com\/mexico\/#website\"},\"primaryImageOfPage\":{\"@id\":\"https:\/\/todocertificados.com\/mexico\/certificado-antecedentes-trabajo-social\/#primaryimage\"},\"image\":{\"@id\":\"https:\/\/todocertificados.com\/mexico\/certificado-antecedentes-trabajo-social\/#primaryimage\"},\"thumbnailUrl\":\"https:\/\/todocertificados.com\/mexico\/wp-content\/uploads\/sites\/3\/2023\/10\/Certificado-antecedentes-trabajo-social.jpg\",\"datePublished\":\"2023-10-30T15:19:26+00:00\",\"dateModified\":\"2023-10-30T15:42:20+00:00\",\"breadcrumb\":{\"@id\":\"https:\/\/todocertificados.com\/mexico\/certificado-antecedentes-trabajo-social\/#breadcrumb\"},\"inLanguage\":\"es\",\"potentialAction\":[{\"@type\":\"ReadAction\",\"target\":[\"https:\/\/todocertificados.com\/mexico\/certificado-antecedentes-trabajo-social\/\"]}]},{\"@type\":\"ImageObject\",\"inLanguage\":\"es\",\"@id\":\"https:\/\/todocertificados.com\/mexico\/certificado-antecedentes-trabajo-social\/#primaryimage\",\"url\":\"https:\/\/todocertificados.com\/mexico\/wp-content\/uploads\/sites\/3\/2023\/10\/Certificado-antecedentes-trabajo-social.jpg\",\"contentUrl\":\"https:\/\/todocertificados.com\/mexico\/wp-content\/uploads\/sites\/3\/2023\/10\/Certificado-antecedentes-trabajo-social.jpg\",\"width\":301,\"height\":219,\"caption\":\"Certificado antecedentes trabajo social\"},{\"@type\":\"BreadcrumbList\",\"@id\":\"https:\/\/todocertificados.com\/mexico\/certificado-antecedentes-trabajo-social\/#breadcrumb\",\"itemListElement\":[{\"@type\":\"ListItem\",\"position\":1,\"name\":\"Portada\",\"item\":\"https:\/\/todocertificados.com\/mexico\/\"},{\"@type\":\"ListItem\",\"position\":2,\"name\":\"Certificado de antecedentes trabajo social\"}]},{\"@type\":\"WebSite\",\"@id\":\"https:\/\/todocertificados.com\/mexico\/#website\",\"url\":\"https:\/\/todocertificados.com\/mexico\/\",\"name\":\"Certificados M\u00e9xico\",\"description\":\"Todo sobre certificados mexicanos\",\"publisher\":{\"@id\":\"https:\/\/todocertificados.com\/mexico\/#organization\"},\"potentialAction\":[{\"@type\":\"SearchAction\",\"target\":{\"@type\":\"EntryPoint\",\"urlTemplate\":\"https:\/\/todocertificados.com\/mexico\/?s={search_term_string}\"},\"query-input\":\"required name=search_term_string\"}],\"inLanguage\":\"es\"},{\"@type\":\"Organization\",\"@id\":\"https:\/\/todocertificados.com\/mexico\/#organization\",\"name\":\"TodoCertificados\",\"url\":\"https:\/\/todocertificados.com\/mexico\/\",\"logo\":{\"@type\":\"ImageObject\",\"inLanguage\":\"es\",\"@id\":\"https:\/\/todocertificados.com\/mexico\/#\/schema\/logo\/image\/\",\"url\":\"https:\/\/todocertificados.com\/mexico\/wp-content\/uploads\/sites\/3\/2020\/07\/todo-certificados-favicon.png\",\"contentUrl\":\"https:\/\/todocertificados.com\/mexico\/wp-content\/uploads\/sites\/3\/2020\/07\/todo-certificados-favicon.png\",\"width\":512,\"height\":512,\"caption\":\"TodoCertificados\"},\"image\":{\"@id\":\"https:\/\/todocertificados.com\/mexico\/#\/schema\/logo\/image\/\"}}]}<\/script>\n<!-- \/ Yoast SEO plugin. -->","yoast_head_json":{"title":"Certificado de antecedentes trabajo social &#187; Certificados M\u00e9xico","robots":{"index":"index","follow":"follow","max-snippet":"max-snippet:-1","max-image-preview":"max-image-preview:large","max-video-preview":"max-video-preview:-1"},"canonical":"https:\/\/todocertificados.com\/mexico\/certificado-antecedentes-trabajo-social\/","og_locale":"es_ES","og_type":"article","og_title":"Certificado de antecedentes trabajo social &#187; Certificados M\u00e9xico","og_description":"El certificado de antecedentes en trabajo social es un documento importante para los trabajadores sociales en M\u00e9xico, ya que brinda garant\u00edas de idoneidad y confianza a los empleadores. El trabajo social es una disciplina que se enfoca en ayudar a las personas, familias y comunidades a mejorar su calidad de vida y resolver problemas sociales. ..Leer m\u00e1s","og_url":"https:\/\/todocertificados.com\/mexico\/certificado-antecedentes-trabajo-social\/","og_site_name":"Certificados M\u00e9xico","article_modified_time":"2023-10-30T15:42:20+00:00","og_image":[{"width":301,"height":219,"url":"https:\/\/todocertificados.com\/mexico\/wp-content\/uploads\/sites\/3\/2023\/10\/Certificado-antecedentes-trabajo-social.jpg","type":"image\/jpeg"}],"twitter_card":"summary_large_image","twitter_misc":{"Tiempo de lectura":"3 minutos"},"schema":{"@context":"https:\/\/schema.org","@graph":[{"@type":"WebPage","@id":"https:\/\/todocertificados.com\/mexico\/certificado-antecedentes-trabajo-social\/","url":"https:\/\/todocertificados.com\/mexico\/certificado-antecedentes-trabajo-social\/","name":"Certificado de antecedentes trabajo social &#187; Certificados M\u00e9xico","isPartOf":{"@id":"https:\/\/todocertificados.com\/mexico\/#website"},"primaryImageOfPage":{"@id":"https:\/\/todocertificados.com\/mexico\/certificado-antecedentes-trabajo-social\/#primaryimage"},"image":{"@id":"https:\/\/todocertificados.com\/mexico\/certificado-antecedentes-trabajo-social\/#primaryimage"},"thumbnailUrl":"https:\/\/todocertificados.com\/mexico\/wp-content\/uploads\/sites\/3\/2023\/10\/Certificado-antecedentes-trabajo-social.jpg","datePublished":"2023-10-30T15:19:26+00:00","dateModified":"2023-10-30T15:42:20+00:00","breadcrumb":{"@id":"https:\/\/todocertificados.com\/mexico\/certificado-antecedentes-trabajo-social\/#breadcrumb"},"inLanguage":"es","potentialAction":[{"@type":"ReadAction","target":["https:\/\/todocertificados.com\/mexico\/certificado-antecedentes-trabajo-social\/"]}]},{"@type":"ImageObject","inLanguage":"es","@id":"https:\/\/todocertificados.com\/mexico\/certificado-antecedentes-trabajo-social\/#primaryimage","url":"https:\/\/todocertificados.com\/mexico\/wp-content\/uploads\/sites\/3\/2023\/10\/Certificado-antecedentes-trabajo-social.jpg","contentUrl":"https:\/\/todocertificados.com\/mexico\/wp-content\/uploads\/sites\/3\/2023\/10\/Certificado-antecedentes-trabajo-social.jpg","width":301,"height":219,"caption":"Certificado antecedentes trabajo social"},{"@type":"BreadcrumbList","@id":"https:\/\/todocertificados.com\/mexico\/certificado-antecedentes-trabajo-social\/#breadcrumb","itemListElement":[{"@type":"ListItem","position":1,"name":"Portada","item":"https:\/\/todocertificados.com\/mexico\/"},{"@type":"ListItem","position":2,"name":"Certificado de antecedentes trabajo social"}]},{"@type":"WebSite","@id":"https:\/\/todocertificados.com\/mexico\/#website","url":"https:\/\/todocertificados.com\/mexico\/","name":"Certificados M\u00e9xico","description":"Todo sobre certificados mexicanos","publisher":{"@id":"https:\/\/todocertificados.com\/mexico\/#organization"},"potentialAction":[{"@type":"SearchAction","target":{"@type":"EntryPoint","urlTemplate":"https:\/\/todocertificados.com\/mexico\/?s={search_term_string}"},"query-input":"required name=search_term_string"}],"inLanguage":"es"},{"@type":"Organization","@id":"https:\/\/todocertificados.com\/mexico\/#organization","name":"TodoCertificados","url":"https:\/\/todocertificados.com\/mexico\/","logo":{"@type":"ImageObject","inLanguage":"es","@id":"https:\/\/todocertificados.com\/mexico\/#\/schema\/logo\/image\/","url":"https:\/\/todocertificados.com\/mexico\/wp-content\/uploads\/sites\/3\/2020\/07\/todo-certificados-favicon.png","contentUrl":"https:\/\/todocertificados.com\/mexico\/wp-content\/uploads\/sites\/3\/2020\/07\/todo-certificados-favicon.png","width":512,"height":512,"caption":"TodoCertificados"},"image":{"@id":"https:\/\/todocertificados.com\/mexico\/#\/schema\/logo\/image\/"}}]}},"_links":{"self":[{"href":"https:\/\/todocertificados.com\/mexico\/wp-json\/wp\/v2\/pages\/1327"}],"collection":[{"href":"https:\/\/todocertificados.com\/mexico\/wp-json\/wp\/v2\/pages"}],"about":[{"href":"https:\/\/todocertificados.com\/mexico\/wp-json\/wp\/v2\/types\/page"}],"author":[{"embeddable":true,"href":"https:\/\/todocertificados.com\/mexico\/wp-json\/wp\/v2\/users\/1"}],"replies":[{"embeddable":true,"href":"https:\/\/todocertificados.com\/mexico\/wp-json\/wp\/v2\/comments?post=1327"}],"version-history":[{"count":6,"href":"https:\/\/todocertificados.com\/mexico\/wp-json\/wp\/v2\/pages\/1327\/revisions"}],"predecessor-version":[{"id":1335,"href":"https:\/\/todocertificados.com\/mexico\/wp-json\/wp\/v2\/pages\/1327\/revisions\/1335"}],"wp:featuredmedia":[{"embeddable":true,"href":"https:\/\/todocertificados.com\/mexico\/wp-json\/wp\/v2\/media\/1328"}],"wp:attachment":[{"href":"https:\/\/todocertificados.com\/mexico\/wp-json\/wp\/v2\/media?parent=1327"}],"wp:term":[{"taxonomy":"category","embeddable":true,"href":"https:\/\/todocertificados.com\/mexico\/wp-json\/wp\/v2\/categories?post=1327"},{"taxonomy":"post_tag","embeddable":true,"href":"https:\/\/todocertificados.com\/mexico\/wp-json\/wp\/v2\/tags?post=1327"}],"curies":[{"name":"wp","href":"https:\/\/api.w.org\/{rel}","templated":true}]}}