{"id":1293,"date":"2023-10-19T23:34:52","date_gmt":"2023-10-19T23:34:52","guid":{"rendered":"https:\/\/todocertificados.com\/mexico\/?page_id=1293"},"modified":"2023-12-08T22:19:31","modified_gmt":"2023-12-08T22:19:31","slug":"certificado-medico-cruz-roja","status":"publish","type":"page","link":"https:\/\/todocertificados.com\/mexico\/certificado-medico-cruz-roja\/","title":{"rendered":"Certificado M\u00e9dico Cruz Roja"},"content":{"rendered":"<div class=\"02640ac1cf99e0a816556c1d72e1d642\" data-index=\"1\" style=\"float: none; margin:10px 0 10px 0; text-align:center;\">\n<ins class=\"adsbygoogle\"\r\n     style=\"display:block\"\r\n     data-ad-client=\"ca-pub-5605228788947132\"\r\n     data-ad-slot=\"6189026294\"\r\n     data-ad-format=\"link\"\r\n     data-full-width-responsive=\"true\"><\/ins>\r\n<script>\r\n     (adsbygoogle = window.adsbygoogle || []).push({});\r\n<\/script>\n<\/div>\n<p>El certificado m\u00e9dico cruz roja es un documento legal en el que se incluye una <strong>valoraci\u00f3n m\u00e9dica y toma de muestras<\/strong>. Dependiendo del certificado m\u00e9dico de la cruz roja que solicitemos pueden variar unos datos u otros.<\/p>\n<p><img loading=\"lazy\" decoding=\"async\" class=\"aligncenter wp-image-1294 size-medium\" src=\"https:\/\/todocertificados.com\/mexico\/wp-content\/uploads\/sites\/3\/2023\/10\/cruz-roja-mexicana-certificado-medico-300x300.jpg\" alt=\"examen m\u00e9dico cruz roja\" width=\"300\" height=\"300\" srcset=\"https:\/\/todocertificados.com\/mexico\/wp-content\/uploads\/sites\/3\/2023\/10\/cruz-roja-mexicana-certificado-medico-300x300.jpg 300w, https:\/\/todocertificados.com\/mexico\/wp-content\/uploads\/sites\/3\/2023\/10\/cruz-roja-mexicana-certificado-medico-150x150.jpg 150w, https:\/\/todocertificados.com\/mexico\/wp-content\/uploads\/sites\/3\/2023\/10\/cruz-roja-mexicana-certificado-medico.jpg 320w\" sizes=\"(max-width: 300px) 100vw, 300px\" \/><\/p>\n<p>A continuaci\u00f3n vamos a ver los diferentes tipos de <strong>examen m\u00e9dico que realiza la cruz roja<\/strong> y que podremos solicitar para seg\u00fan lo que necesitemos.<\/p>\n<h2>Tipo de examen m\u00e9dico cruz roja<\/h2>\n<p>Dependiendo de para que lo necesitemos, podemos solicitar un tipo de certificado m\u00e9dico u otro en la cruz roja. El\u00a0examen m\u00e9dico en la cruz roja variar\u00e1 dependiendo de esto.<\/p>\n<div class=\"ads-color-box\" style=\"color:#444;background:#fffecf;\">\u00a0El horario de disponibilidad para realizar el examen m\u00e9dico en la Cruz Roja es de\u00a0los <strong>Lunes y Viernes, en horas de 08:00 a 20:00 horas<\/strong>.<\/div>\n<p>En caso de embarazo, debemos de acudir al IMSS o a un m\u00e9dico privado para un <a href=\"https:\/\/todocertificados.com\/mexico\/certificado-embarazo\/\">certificado por embarazo<\/a>.<\/p>\n<h3>Certificado prenupcial Cruz Roja<\/h3>\n<p>Si necesitamos un certificado m\u00e9dico prenupcial, cruz roja nos pedir\u00e1 cumplir los siguientes <strong>requisitos<\/strong>:<\/p>\n<ul>\n<li>Una identificaci\u00f3n oficial con fotograf\u00eda<\/li>\n<li>Fotograf\u00eda tama\u00f1o infantil reciente de no m\u00e1s de 3 meses de antig\u00fcedad<\/li>\n<li>Pagar el certificado previamente en caja de la Delegaci\u00f3n<\/li>\n<li>Ex\u00e1menes de laboratorio de la Delegaci\u00f3n<\/li>\n<li>Ayuno m\u00ednimo de 8 horas y m\u00e1ximo de 12<\/li>\n<\/ul>\n<p>En este certificado m\u00e9dico prenupcial se mostrar\u00e1n <strong>valoraciones<\/strong> de:<\/p>\n<ul>\n<li>VIH<\/li>\n<li>VDRL<\/li>\n<\/ul>\n<div class=\"ads-color-box\" style=\"color:#444;background:#eee;\">Tambi\u00e9n puede obtener el <a href=\"https:\/\/todocertificados.com\/mexico\/certificado-medico-prenupcial\/\">certificado m\u00e9dico prenupcial IMSS<\/a>.<\/div>\n<h3>Certificado m\u00e9dico para licencia de conducir Cruz Roja<\/h3>\n<p>En el caso de un certificado m\u00e9dico para obtener la licencia de conducir, los <strong>requisitos<\/strong> son los siguientes:<\/p>\n<ul>\n<li>Pago del certificado en caja de la Delegaci\u00f3n.<\/li>\n<li>Una identificaci\u00f3n oficial con fotograf\u00eda.<\/li>\n<\/ul>\n<p>Estos requisitos son los mismos que si solicitamos el <a href=\"https:\/\/todocertificados.com\/mexico\/certificado-escolar-medico\/\">certificado m\u00e9dico para estudiantes<\/a>, el certificado deportivo&#8230;<\/p>\n<p>En el caso de los menores de edad, se necesitar\u00e1 adem\u00e1s el <a href=\"https:\/\/tuactadenacimiento.com\/\">acta de nacimiento<\/a>, la CURP o la cartilla de vacunaci\u00f3n.<\/p>\n<h3>Certificado m\u00e9dico laboral Cruz Roja<\/h3>\n<p>Los <strong>requisitos<\/strong> del certificado m\u00e9dico laboral de la Cruz Roja:<\/p>\n<ul>\n<li>Identificaci\u00f3n oficial vigente con fotograf\u00eda<\/li>\n<li>Ayuno m\u00ednimo de 8 horas y m\u00e1ximo de 12 antes del ex\u00e1men m\u00e9dico<\/li>\n<\/ul>\n<p>Los <strong>datos que podremos encontrar<\/strong> en este certificado m\u00e9dico laboral es:<\/p>\n<ul>\n<li>Grupo Sangu\u00edneo<\/li>\n<li>Rh<\/li>\n<li>Qu\u00edmica Sangu\u00ednea<\/li>\n<li>Valoraci\u00f3n m\u00e9dica<\/li>\n<\/ul>\n<p>Puede ver aqu\u00ed otras maneras de obtener el <a href=\"https:\/\/todocertificados.com\/mexico\/certificado-medico-trabajo\/\">certificado m\u00e9dico laboral<\/a>.<\/p>\n<h3>Certificado m\u00e9dico para estudiantes<\/h3>\n<p>Aqu\u00ed podemos encontrar un certifcado seg\u00fan el grado de estudios.<\/p>\n<p class=\"elementskit-card-header\"><div class=\"ads-custom-box custom-box \" style=\"border-color:#d1d1d1;padding: 2.2rem 2.2rem;\"><div class=\"ads-custom-box-content\">\n<h4 class=\"elementskit-card-header\"><span class=\"ekit-accordion-title\">Certificado m\u00e9dico Kinder &#8211; Primaria<\/span><\/h4>\n<div class=\"ekit_accordion_icon_group\">\n<div class=\"ekit_accordion_active_icon\"><\/div>\n<\/div>\n<p>Los <strong>requisitos<\/strong> en este caso son:<\/p>\n<ul>\n<li>Identificaci\u00f3n oficial vigente con fotograf\u00eda.<\/li>\n<li>Menores de 18 a\u00f1os deben estar acompa\u00f1ados por un adulto con su identificaci\u00f3n<\/li>\n<li>CURP del menor<\/li>\n<li>Los menores de 10 a\u00f1os entraran a la toma de muestra de sangre acompa\u00f1ados de un adulto<\/li>\n<li>Los mayores de 11 a\u00f1os deben entrar solos<\/li>\n<li>Ayuno de 4 horas<\/li>\n<li>Muestras de heces fecales<\/li>\n<\/ul>\n<div id=\"primaryHeading-1-ebac629\" class=\"elementskit-card-header\">\n<p>En este certificado <strong>podremos ver<\/strong>:<\/p>\n<\/div>\n<div id=\"Collapse-96f3f916531535a70d12\" class=\"collapse show\" aria-labelledby=\"primaryHeading-0-ebac629\" data-parent=\"#accordion-6531535a70d12\">\n<div class=\"elementskit-card-body ekit-accordion--content\">\n<ul>\n<li>Grupo Sangu\u00edneo<\/li>\n<li>Rh<\/li>\n<li>Examen de Copro<\/li>\n<li>Valoraci\u00f3n m\u00e9dica<\/li>\n<\/ul>\n<\/div>\n<\/div>\n<p class=\"elementskit-card-header\"><\/div><\/div><div class=\"ads-custom-box custom-box \" style=\"border-color:#d1d1d1;padding: 2.2rem 2.2rem;\"><div class=\"ads-custom-box-content\">\n<p>Tambi\u00e9n te puede interesar el <a href=\"https:\/\/todocertificados.com\/mexico\/certificado-perro-apoyo-emocional\/\">certificado de perro de apoyo emocional<\/a>.<\/p>\n<h4 class=\"elementskit-card-header\">Certificado m\u00e9dico Secundaria &#8211; Bachillerato &#8211; Universidad<\/h4>\n<div id=\"Collapse-96f3f916531535a70d12\" class=\"collapse show\" aria-labelledby=\"primaryHeading-0-ebac629\" data-parent=\"#accordion-6531535a70d12\">\n<div class=\"elementskit-card-body ekit-accordion--content\">\n<p>Los <strong>requisitos<\/strong> para estos certificados son:<\/p>\n<ul>\n<li>Identificaci\u00f3n oficial vigente con fotograf\u00eda<\/li>\n<li>Menores de 18 a\u00f1os han de estar acompa\u00f1ados por un adulto son identificaci\u00f3n<\/li>\n<li>CURP del menor<\/li>\n<li>Menores de 10 a\u00f1os entraran a la toma de muestra de sangre con un adulto.<\/li>\n<li>Los mayores de 11 entrar\u00e1n solos<\/li>\n<li>Ayuno m\u00ednimo de 8 horas y m\u00e1ximo de 12 horas<\/li>\n<li>Cenar ligero la noche anterior<\/li>\n<li>No ingerir bebidas alcoh\u00f3licas<\/li>\n<\/ul>\n<div id=\"Collapse-c0779296531535a70d12\" class=\"collapse show\" aria-labelledby=\"primaryHeading-1-ebac629\" data-parent=\"#accordion-6531535a70d12\">\n<div class=\"elementskit-card-body ekit-accordion--content\">\n<p>El <strong>contenido<\/strong> que podremos ver en este certificado es:<\/p>\n<ul>\n<li>Grupo Sangu\u00edneo<\/li>\n<li>Rh<\/li>\n<li>Qu\u00edmica Sangu\u00ednea<\/li>\n<li>VDRL<\/li>\n<li>Valoraci\u00f3n m\u00e9dica<\/div><\/div><\/li>\n<\/ul>\n<p>&nbsp;<\/p>\n<p style=\"text-align: center;\"><div class=\"ads-color-box\" style=\"color:#444;background:#ffffd9;\">\n<p style=\"text-align: center;\">Si lo necesitas, puedes obtener aqu\u00ed tu certificado de bachiller:<\/p>\n<p style=\"text-align: center;\"><div class=\"ads-button\">\n\t\t<a href=\"https:\/\/todocertificados.com\/mexico\/certificado-preparatoria-bachillerato\/\" target=\"_self\" class=\"adsbtn-swipe \"> Descargar certificado de bachillerato<\/a>\n\t\t<\/div>\n<p style=\"text-align: center;\"><\/div>\n<\/div>\n<\/div>\n<\/div>\n<\/div>\n<h3>Certificado m\u00e9dico deportivo<\/h3>\n<p>Los <strong>requisitos<\/strong> para el certificado m\u00e9dico deportivo de la Cruz Roja son:<\/p>\n<ul>\n<li>Una identificaci\u00f3n oficial vigente con fotograf\u00eda<\/li>\n<li>Ayuno m\u00ednimo de 8 horas y m\u00e1ximo de 12<\/li>\n<li>U\u00f1as despintadas<\/li>\n<\/ul>\n<p>Este certificado realizado por la Cruz Roja muestra los siguientes <strong>datos m\u00e9dicos<\/strong>:<\/p>\n<ul>\n<li>Qu\u00edmica Sangu\u00ednea<\/li>\n<li>Triglic\u00e9ridos<\/li>\n<li>Colesterol<\/li>\n<li>Examen mic\u00f3tico<\/li>\n<li>Valoraci\u00f3n m\u00e9dica<\/li>\n<\/ul>\n<h2>Certificado m\u00e9dico Cruz Roja pdf<\/h2>\n<p>Hay delegaciones de la cruz roja mexicana donde el certificado m\u00e9dico <strong>puede descargarse en PDF<\/strong> o es enviado por email. Pero esto depende de donde lo obtengamos ya que puede variar <strong>dependiendo de la ciudad<\/strong>.<\/p>\n<p>Sucede igual con los precios del certificado, que varian dependiendo del estado mexicano donde saquemos nuestro certificado m\u00e9dico de la Cruz Roja. Vamos a ver esto \u00faltimo a continuaci\u00f3n.<\/p>\n<p><img loading=\"lazy\" decoding=\"async\" class=\"aligncenter wp-image-1303 size-full\" src=\"https:\/\/todocertificados.com\/mexico\/wp-content\/uploads\/sites\/3\/2023\/10\/certificado-m\u00e9dico-cruz-roja-pdf.jpg\" alt=\"Precio certificado medico cruz roja pdf\" width=\"600\" height=\"680\" srcset=\"https:\/\/todocertificados.com\/mexico\/wp-content\/uploads\/sites\/3\/2023\/10\/certificado-m\u00e9dico-cruz-roja-pdf.jpg 600w, https:\/\/todocertificados.com\/mexico\/wp-content\/uploads\/sites\/3\/2023\/10\/certificado-m\u00e9dico-cruz-roja-pdf-265x300.jpg 265w, https:\/\/todocertificados.com\/mexico\/wp-content\/uploads\/sites\/3\/2023\/10\/certificado-m\u00e9dico-cruz-roja-pdf-132x150.jpg 132w, https:\/\/todocertificados.com\/mexico\/wp-content\/uploads\/sites\/3\/2023\/10\/certificado-m\u00e9dico-cruz-roja-pdf-300x340.jpg 300w\" sizes=\"(max-width: 600px) 100vw, 600px\" \/><\/p>\n<h2>Precio del Certificado m\u00e9dico de la Cruz Roja<\/h2>\n<p>El precio de certificado medico en la cruz roja var\u00eda seg\u00fan el estado donde lo obtengamos. Vamos a ver algunos de ellos, pero aconsejamos <strong>consultar directamente con la delegaci\u00f3n de la Cruz Roja<\/strong> donde vaya a sacar su certificado ya que estos precios son orientativos y pueden cambiar.<\/p>\n<p>El precio del certificado m\u00e9dico de la Cruz Roja es <strong>aproximadamente de 100 pesos mexicanos<\/strong>. Y decimos aproximado porque los precios de los servicios m\u00e9dicos pueden variar con el tiempo y entre diferentes ubicaciones.<\/p>\n<p>Para obtener informaci\u00f3n precisa y actualizada sobre los precios del certificado m\u00e9dico de la Cruz Roja en M\u00e9xico, te recomendamos que te pongas en contacto directamente con la Cruz Roja de tu estado o ciudad. Pueden proporcionarte informaci\u00f3n detallada sobre los costos y los servicios disponibles en tu \u00e1rea espec\u00edfica.<\/p>\n<p>Pero para que te hagas una idea, le dejamos un listado con<strong> algunos de los ejemplos de los precios<\/strong> de este certificado en diferentes ubicaciones a d\u00eda de hoy:<\/p>\n<ul>\n<li><strong>Toluca<\/strong>: $100 pesos<\/li>\n<li><strong>Morelia<\/strong>: $100 pesos<\/li>\n<li><strong>Campeche<\/strong>: $195 pesos<\/li>\n<li><strong>Texcoco<\/strong>: $100<\/li>\n<li><strong>Puebla<\/strong>: $280<\/li>\n<li><strong>Tijuana<\/strong>: $280<\/li>\n<\/ul>\n\n<div style=\"font-size: 0px; height: 0px; line-height: 0px; margin: 0; padding: 0; clear: both;\"><\/div>","protected":false},"excerpt":{"rendered":"<p>El certificado m\u00e9dico cruz roja es un documento legal en el que se incluye una valoraci\u00f3n m\u00e9dica y toma de muestras. Dependiendo del certificado m\u00e9dico de la cruz roja que solicitemos pueden variar unos datos u otros. A continuaci\u00f3n vamos a ver los diferentes tipos de examen m\u00e9dico que realiza la cruz roja y que ..<\/p>\n<div class=\"clear-fix\"><\/div>\n<p><a href=\"https:\/\/todocertificados.com\/mexico\/certificado-medico-cruz-roja\/\" title=\"Leer m\u00e1s...\">Leer m\u00e1s<\/a><\/p>\n","protected":false},"author":1,"featured_media":1295,"parent":0,"menu_order":0,"comment_status":"closed","ping_status":"closed","template":"full-width-template.php","meta":{"footnotes":""},"categories":[8],"tags":[13],"yoast_head":"<!-- This site is optimized with the Yoast SEO plugin v22.2 - https:\/\/yoast.com\/wordpress\/plugins\/seo\/ -->\n<title>Certificado M\u00e9dico Cruz Roja &#187; Certificados M\u00e9xico<\/title>\n<meta name=\"robots\" content=\"index, follow, max-snippet:-1, max-image-preview:large, max-video-preview:-1\" \/>\n<link rel=\"canonical\" href=\"https:\/\/todocertificados.com\/mexico\/certificado-medico-cruz-roja\/\" \/>\n<meta property=\"og:locale\" content=\"es_ES\" \/>\n<meta property=\"og:type\" content=\"article\" \/>\n<meta property=\"og:title\" content=\"Certificado M\u00e9dico Cruz Roja &#187; Certificados M\u00e9xico\" \/>\n<meta property=\"og:description\" content=\"El certificado m\u00e9dico cruz roja es un documento legal en el que se incluye una valoraci\u00f3n m\u00e9dica y toma de muestras. Dependiendo del certificado m\u00e9dico de la cruz roja que solicitemos pueden variar unos datos u otros. A continuaci\u00f3n vamos a ver los diferentes tipos de examen m\u00e9dico que realiza la cruz roja y que ..Leer m\u00e1s\" \/>\n<meta property=\"og:url\" content=\"https:\/\/todocertificados.com\/mexico\/certificado-medico-cruz-roja\/\" \/>\n<meta property=\"og:site_name\" content=\"Certificados M\u00e9xico\" \/>\n<meta property=\"article:modified_time\" content=\"2023-12-08T22:19:31+00:00\" \/>\n<meta property=\"og:image\" content=\"https:\/\/todocertificados.com\/mexico\/wp-content\/uploads\/sites\/3\/2023\/10\/certificado-medico-Cruz-Roja.jpg\" \/>\n\t<meta property=\"og:image:width\" content=\"301\" \/>\n\t<meta property=\"og:image:height\" content=\"219\" \/>\n\t<meta property=\"og:image:type\" content=\"image\/jpeg\" \/>\n<meta name=\"twitter:card\" content=\"summary_large_image\" \/>\n<meta name=\"twitter:label1\" content=\"Tiempo de lectura\" \/>\n\t<meta name=\"twitter:data1\" content=\"5 minutos\" \/>\n<script type=\"application\/ld+json\" class=\"yoast-schema-graph\">{\"@context\":\"https:\/\/schema.org\",\"@graph\":[{\"@type\":\"WebPage\",\"@id\":\"https:\/\/todocertificados.com\/mexico\/certificado-medico-cruz-roja\/\",\"url\":\"https:\/\/todocertificados.com\/mexico\/certificado-medico-cruz-roja\/\",\"name\":\"Certificado M\u00e9dico Cruz Roja &#187; Certificados M\u00e9xico\",\"isPartOf\":{\"@id\":\"https:\/\/todocertificados.com\/mexico\/#website\"},\"primaryImageOfPage\":{\"@id\":\"https:\/\/todocertificados.com\/mexico\/certificado-medico-cruz-roja\/#primaryimage\"},\"image\":{\"@id\":\"https:\/\/todocertificados.com\/mexico\/certificado-medico-cruz-roja\/#primaryimage\"},\"thumbnailUrl\":\"https:\/\/todocertificados.com\/mexico\/wp-content\/uploads\/sites\/3\/2023\/10\/certificado-medico-Cruz-Roja.jpg\",\"datePublished\":\"2023-10-19T23:34:52+00:00\",\"dateModified\":\"2023-12-08T22:19:31+00:00\",\"breadcrumb\":{\"@id\":\"https:\/\/todocertificados.com\/mexico\/certificado-medico-cruz-roja\/#breadcrumb\"},\"inLanguage\":\"es\",\"potentialAction\":[{\"@type\":\"ReadAction\",\"target\":[\"https:\/\/todocertificados.com\/mexico\/certificado-medico-cruz-roja\/\"]}]},{\"@type\":\"ImageObject\",\"inLanguage\":\"es\",\"@id\":\"https:\/\/todocertificados.com\/mexico\/certificado-medico-cruz-roja\/#primaryimage\",\"url\":\"https:\/\/todocertificados.com\/mexico\/wp-content\/uploads\/sites\/3\/2023\/10\/certificado-medico-Cruz-Roja.jpg\",\"contentUrl\":\"https:\/\/todocertificados.com\/mexico\/wp-content\/uploads\/sites\/3\/2023\/10\/certificado-medico-Cruz-Roja.jpg\",\"width\":301,\"height\":219},{\"@type\":\"BreadcrumbList\",\"@id\":\"https:\/\/todocertificados.com\/mexico\/certificado-medico-cruz-roja\/#breadcrumb\",\"itemListElement\":[{\"@type\":\"ListItem\",\"position\":1,\"name\":\"Portada\",\"item\":\"https:\/\/todocertificados.com\/mexico\/\"},{\"@type\":\"ListItem\",\"position\":2,\"name\":\"Certificado M\u00e9dico Cruz Roja\"}]},{\"@type\":\"WebSite\",\"@id\":\"https:\/\/todocertificados.com\/mexico\/#website\",\"url\":\"https:\/\/todocertificados.com\/mexico\/\",\"name\":\"Certificados M\u00e9xico\",\"description\":\"Todo sobre certificados mexicanos\",\"publisher\":{\"@id\":\"https:\/\/todocertificados.com\/mexico\/#organization\"},\"potentialAction\":[{\"@type\":\"SearchAction\",\"target\":{\"@type\":\"EntryPoint\",\"urlTemplate\":\"https:\/\/todocertificados.com\/mexico\/?s={search_term_string}\"},\"query-input\":\"required name=search_term_string\"}],\"inLanguage\":\"es\"},{\"@type\":\"Organization\",\"@id\":\"https:\/\/todocertificados.com\/mexico\/#organization\",\"name\":\"TodoCertificados\",\"url\":\"https:\/\/todocertificados.com\/mexico\/\",\"logo\":{\"@type\":\"ImageObject\",\"inLanguage\":\"es\",\"@id\":\"https:\/\/todocertificados.com\/mexico\/#\/schema\/logo\/image\/\",\"url\":\"https:\/\/todocertificados.com\/mexico\/wp-content\/uploads\/sites\/3\/2020\/07\/todo-certificados-favicon.png\",\"contentUrl\":\"https:\/\/todocertificados.com\/mexico\/wp-content\/uploads\/sites\/3\/2020\/07\/todo-certificados-favicon.png\",\"width\":512,\"height\":512,\"caption\":\"TodoCertificados\"},\"image\":{\"@id\":\"https:\/\/todocertificados.com\/mexico\/#\/schema\/logo\/image\/\"}}]}<\/script>\n<!-- \/ Yoast SEO plugin. -->","yoast_head_json":{"title":"Certificado M\u00e9dico Cruz Roja &#187; Certificados M\u00e9xico","robots":{"index":"index","follow":"follow","max-snippet":"max-snippet:-1","max-image-preview":"max-image-preview:large","max-video-preview":"max-video-preview:-1"},"canonical":"https:\/\/todocertificados.com\/mexico\/certificado-medico-cruz-roja\/","og_locale":"es_ES","og_type":"article","og_title":"Certificado M\u00e9dico Cruz Roja &#187; Certificados M\u00e9xico","og_description":"El certificado m\u00e9dico cruz roja es un documento legal en el que se incluye una valoraci\u00f3n m\u00e9dica y toma de muestras. Dependiendo del certificado m\u00e9dico de la cruz roja que solicitemos pueden variar unos datos u otros. A continuaci\u00f3n vamos a ver los diferentes tipos de examen m\u00e9dico que realiza la cruz roja y que ..Leer m\u00e1s","og_url":"https:\/\/todocertificados.com\/mexico\/certificado-medico-cruz-roja\/","og_site_name":"Certificados M\u00e9xico","article_modified_time":"2023-12-08T22:19:31+00:00","og_image":[{"width":301,"height":219,"url":"https:\/\/todocertificados.com\/mexico\/wp-content\/uploads\/sites\/3\/2023\/10\/certificado-medico-Cruz-Roja.jpg","type":"image\/jpeg"}],"twitter_card":"summary_large_image","twitter_misc":{"Tiempo de lectura":"5 minutos"},"schema":{"@context":"https:\/\/schema.org","@graph":[{"@type":"WebPage","@id":"https:\/\/todocertificados.com\/mexico\/certificado-medico-cruz-roja\/","url":"https:\/\/todocertificados.com\/mexico\/certificado-medico-cruz-roja\/","name":"Certificado M\u00e9dico Cruz Roja &#187; Certificados M\u00e9xico","isPartOf":{"@id":"https:\/\/todocertificados.com\/mexico\/#website"},"primaryImageOfPage":{"@id":"https:\/\/todocertificados.com\/mexico\/certificado-medico-cruz-roja\/#primaryimage"},"image":{"@id":"https:\/\/todocertificados.com\/mexico\/certificado-medico-cruz-roja\/#primaryimage"},"thumbnailUrl":"https:\/\/todocertificados.com\/mexico\/wp-content\/uploads\/sites\/3\/2023\/10\/certificado-medico-Cruz-Roja.jpg","datePublished":"2023-10-19T23:34:52+00:00","dateModified":"2023-12-08T22:19:31+00:00","breadcrumb":{"@id":"https:\/\/todocertificados.com\/mexico\/certificado-medico-cruz-roja\/#breadcrumb"},"inLanguage":"es","potentialAction":[{"@type":"ReadAction","target":["https:\/\/todocertificados.com\/mexico\/certificado-medico-cruz-roja\/"]}]},{"@type":"ImageObject","inLanguage":"es","@id":"https:\/\/todocertificados.com\/mexico\/certificado-medico-cruz-roja\/#primaryimage","url":"https:\/\/todocertificados.com\/mexico\/wp-content\/uploads\/sites\/3\/2023\/10\/certificado-medico-Cruz-Roja.jpg","contentUrl":"https:\/\/todocertificados.com\/mexico\/wp-content\/uploads\/sites\/3\/2023\/10\/certificado-medico-Cruz-Roja.jpg","width":301,"height":219},{"@type":"BreadcrumbList","@id":"https:\/\/todocertificados.com\/mexico\/certificado-medico-cruz-roja\/#breadcrumb","itemListElement":[{"@type":"ListItem","position":1,"name":"Portada","item":"https:\/\/todocertificados.com\/mexico\/"},{"@type":"ListItem","position":2,"name":"Certificado M\u00e9dico Cruz Roja"}]},{"@type":"WebSite","@id":"https:\/\/todocertificados.com\/mexico\/#website","url":"https:\/\/todocertificados.com\/mexico\/","name":"Certificados M\u00e9xico","description":"Todo sobre certificados mexicanos","publisher":{"@id":"https:\/\/todocertificados.com\/mexico\/#organization"},"potentialAction":[{"@type":"SearchAction","target":{"@type":"EntryPoint","urlTemplate":"https:\/\/todocertificados.com\/mexico\/?s={search_term_string}"},"query-input":"required name=search_term_string"}],"inLanguage":"es"},{"@type":"Organization","@id":"https:\/\/todocertificados.com\/mexico\/#organization","name":"TodoCertificados","url":"https:\/\/todocertificados.com\/mexico\/","logo":{"@type":"ImageObject","inLanguage":"es","@id":"https:\/\/todocertificados.com\/mexico\/#\/schema\/logo\/image\/","url":"https:\/\/todocertificados.com\/mexico\/wp-content\/uploads\/sites\/3\/2020\/07\/todo-certificados-favicon.png","contentUrl":"https:\/\/todocertificados.com\/mexico\/wp-content\/uploads\/sites\/3\/2020\/07\/todo-certificados-favicon.png","width":512,"height":512,"caption":"TodoCertificados"},"image":{"@id":"https:\/\/todocertificados.com\/mexico\/#\/schema\/logo\/image\/"}}]}},"_links":{"self":[{"href":"https:\/\/todocertificados.com\/mexico\/wp-json\/wp\/v2\/pages\/1293"}],"collection":[{"href":"https:\/\/todocertificados.com\/mexico\/wp-json\/wp\/v2\/pages"}],"about":[{"href":"https:\/\/todocertificados.com\/mexico\/wp-json\/wp\/v2\/types\/page"}],"author":[{"embeddable":true,"href":"https:\/\/todocertificados.com\/mexico\/wp-json\/wp\/v2\/users\/1"}],"replies":[{"embeddable":true,"href":"https:\/\/todocertificados.com\/mexico\/wp-json\/wp\/v2\/comments?post=1293"}],"version-history":[{"count":12,"href":"https:\/\/todocertificados.com\/mexico\/wp-json\/wp\/v2\/pages\/1293\/revisions"}],"predecessor-version":[{"id":1391,"href":"https:\/\/todocertificados.com\/mexico\/wp-json\/wp\/v2\/pages\/1293\/revisions\/1391"}],"wp:featuredmedia":[{"embeddable":true,"href":"https:\/\/todocertificados.com\/mexico\/wp-json\/wp\/v2\/media\/1295"}],"wp:attachment":[{"href":"https:\/\/todocertificados.com\/mexico\/wp-json\/wp\/v2\/media?parent=1293"}],"wp:term":[{"taxonomy":"category","embeddable":true,"href":"https:\/\/todocertificados.com\/mexico\/wp-json\/wp\/v2\/categories?post=1293"},{"taxonomy":"post_tag","embeddable":true,"href":"https:\/\/todocertificados.com\/mexico\/wp-json\/wp\/v2\/tags?post=1293"}],"curies":[{"name":"wp","href":"https:\/\/api.w.org\/{rel}","templated":true}]}}