{"id":1279,"date":"2023-09-26T22:09:16","date_gmt":"2023-09-26T22:09:16","guid":{"rendered":"https:\/\/todocertificados.com\/mexico\/?page_id=1279"},"modified":"2023-09-26T22:11:32","modified_gmt":"2023-09-26T22:11:32","slug":"certificado-uvie","status":"publish","type":"page","link":"https:\/\/todocertificados.com\/mexico\/certificado-uvie\/","title":{"rendered":"Certificado UVIE"},"content":{"rendered":"<div class=\"02640ac1cf99e0a816556c1d72e1d642\" data-index=\"1\" style=\"float: none; margin:10px 0 10px 0; text-align:center;\">\n<ins class=\"adsbygoogle\"\r\n     style=\"display:block\"\r\n     data-ad-client=\"ca-pub-5605228788947132\"\r\n     data-ad-slot=\"6189026294\"\r\n     data-ad-format=\"link\"\r\n     data-full-width-responsive=\"true\"><\/ins>\r\n<script>\r\n     (adsbygoogle = window.adsbygoogle || []).push({});\r\n<\/script>\n<\/div>\n<p>El Certificado UVIE (<strong>Unidad Verificadora de Instalaciones El\u00e9ctricas<\/strong>) es aquel que nos <strong>asegura que las instalaciones el\u00e9ctricas en M\u00e9xico cumplen con los est\u00e1ndares de seguridad<\/strong> m\u00e1s rigurosos.<\/p>\n<p>La electricidad es una parte fundamental de nuestra vida cotidiana y por ello dependemos en gran medida de sistemas el\u00e9ctricos seguros y eficientes. Por ello, vamos a ver con detalle todo lo relacionado con las UVIES, su importancia, <strong>c\u00f3mo obtener la certificaci\u00f3n UVIE<\/strong> y los diferentes <strong>tipos de UVIE<\/strong> que hay.<\/p>\n<h2>El Certificado UVIE y para qu\u00e9 sirve<\/h2>\n<p>UVIE significa <strong>Unidad Verificadora de Instalaciones El\u00e9ctricas<\/strong>. El certificado UVIE es un <strong>documento emitido por una autoridad el\u00e9ctrica<\/strong>,\u00a0 que certifica que una instalaci\u00f3n el\u00e9ctrica<strong> cumple con los est\u00e1ndares de seguridad y calidad<\/strong> establecidos por la normativa mexicana. Dependiendo de la autoridad que expida el certificado hablaremos del UVIE CFE, UVIE DOF o UVIE SENER.<\/p>\n<p><img loading=\"lazy\" decoding=\"async\" class=\"alignnone size-medium wp-image-1283 aligncenter\" src=\"https:\/\/todocertificados.com\/mexico\/wp-content\/uploads\/sites\/3\/2023\/09\/uvies-cef-300x244.jpg\" alt=\"uvies cef\" width=\"300\" height=\"244\" srcset=\"https:\/\/todocertificados.com\/mexico\/wp-content\/uploads\/sites\/3\/2023\/09\/uvies-cef-300x244.jpg 300w, https:\/\/todocertificados.com\/mexico\/wp-content\/uploads\/sites\/3\/2023\/09\/uvies-cef-150x122.jpg 150w, https:\/\/todocertificados.com\/mexico\/wp-content\/uploads\/sites\/3\/2023\/09\/uvies-cef-220x180.jpg 220w, https:\/\/todocertificados.com\/mexico\/wp-content\/uploads\/sites\/3\/2023\/09\/uvies-cef.jpg 320w\" sizes=\"(max-width: 300px) 100vw, 300px\" \/><\/p>\n<p>El prop\u00f3sito principal de este certificado es <strong>garantizar la seguridad<\/strong> de las personas y los bienes al <strong>prevenir riesgos el\u00e9ctricos<\/strong>, como cortocircuitos, sobrecargas y otros problemas que pueden ser potencialmente peligrosos.<\/p>\n<h2>\u00bfC\u00f3mo obtener la certificaci\u00f3n UVIE?<\/h2>\n<p>Para obtener el Certificado UVIE, se deben seguir una serie de pasos y cumplir con requisitos espec\u00edficos.<\/p>\n<p>Estos son algunos de los pasos clave:<\/p>\n<ol>\n<li><strong>Elegir una Unidad Verificadora<\/strong>: El propietario de la instalaci\u00f3n el\u00e9ctrica debe seleccionar una Unidad Verificadora de Instalaciones El\u00e9ctricas autorizada por la CFE para llevar a cabo la inspecci\u00f3n y la verificaci\u00f3n.<\/li>\n<li><strong>Solicitud de Servicio<\/strong>: Se debe presentar una solicitud de servicio a la Unidad Verificadora elegida. En esta solicitud, se incluyen detalles sobre la instalaci\u00f3n el\u00e9ctrica, como su ubicaci\u00f3n y caracter\u00edsticas.<\/li>\n<li><strong>Inspecci\u00f3n y Verificaci\u00f3n<\/strong>: La Unidad Verificadora inspeccionar\u00e1 y verificar\u00e1 la instalaci\u00f3n el\u00e9ctrica para asegurarse de que cumple con los est\u00e1ndares de seguridad establecidos por la normativa vigente.<\/li>\n<li><strong>Emisi\u00f3n del Certificado UVIE<\/strong>: Si la instalaci\u00f3n cumple con \u00e9xito con todos los requisitos, la Unidad Verificadora emitir\u00e1 el Certificado UVIE correspondiente.<\/li>\n<li><strong>Entrega a la CFE<\/strong>: El propietario debe presentar una copia del Certificado UVIE a la CFE para que esta tenga constancia de que la instalaci\u00f3n el\u00e9ctrica es segura y cumple con la normativa.<\/li>\n<\/ol>\n<div class=\"ads-color-box\" style=\"color:#444;background:#fffeb0;\">Es importante destacar que la certificaci\u00f3n UVIE debe ser <strong>renovada peri\u00f3dicamente<\/strong>, generalmente cada cinco a\u00f1os, para asegurarse de que la instalaci\u00f3n el\u00e9ctrica siga cumpliendo con los est\u00e1ndares de seguridad.<\/div>\n<h2>Tipos de UVIES: UVIE CFE, UVIES SENER, UVIER y UIIE, y UVIE DOF<\/h2>\n<p>Dentro del \u00e1mbito de las Unidades Verificadoras de Instalaciones El\u00e9ctricas, existen diferentes tipos, cada una con un enfoque y funciones espec\u00edficas.<\/p>\n<p>Sus <strong>diferencias<\/strong> se deben al <strong>quien autoriza estos certificados<\/strong>.<\/p>\n<h3>UVIE CFE<\/h3>\n<p>Estas Unidades Verificadoras est\u00e1n<strong> autorizadas por la Comisi\u00f3n Federal de Electricidad<\/strong> y se encargan de verificar que las instalaciones el\u00e9ctricas cumplan con los est\u00e1ndares establecidos por esta entidad.<\/p>\n<h3>UVIES SENER<\/h3>\n<p>UVIES significa Unidades de Verificaci\u00f3n en Seguridad Energ\u00e9tica, y est\u00e1n <strong>certificadas por la Secretar\u00eda de Energ\u00eda (SENER)<\/strong>. Se enfocan en la seguridad energ\u00e9tica y garantizan que las instalaciones el\u00e9ctricas cumplan con los requisitos de seguridad establecidos por SENER.<\/p>\n<h3>UVIER y UIIE<\/h3>\n<p>Estas siglas hacen referencia a Unidades de Inspecci\u00f3n y Verificaci\u00f3n de Instalaciones El\u00e9ctricas y <strong>Unidades de Inspecci\u00f3n e Inspecci\u00f3n Especializada<\/strong>, respectivamente. Estas unidades se enfocan en la inspecci\u00f3n de instalaciones el\u00e9ctricas, garantizando su seguridad y funcionamiento adecuado.<\/p>\n<h3>UVIE DOF<\/h3>\n<p>Las Unidades Verificadoras de Instalaciones El\u00e9ctricas <strong>autorizadas por el Diario Oficial de la Federaci\u00f3n (DOF)<\/strong> tambi\u00e9n tienen un papel importante en la certificaci\u00f3n de instalaciones el\u00e9ctricas.<\/p>\n<p>La <strong>diversidad de tipos de UVIE<\/strong> permite una <strong>cobertura amplia y espec\u00edfica<\/strong> en diferentes \u00e1reas de seguridad el\u00e9ctrica.<\/p>\n<p>La <strong>elecci\u00f3n de la Unidad Verificadora adecuada<\/strong> y la correcta obtenci\u00f3n de la certificaci\u00f3n son pasos cruciales para asegurar que las instalaciones el\u00e9ctricas cumplan con los est\u00e1ndares de seguridad m\u00e1s rigurosos y operen de manera confiable.<\/p>\n\n<div style=\"font-size: 0px; height: 0px; line-height: 0px; margin: 0; padding: 0; clear: both;\"><\/div>","protected":false},"excerpt":{"rendered":"<p>El Certificado UVIE (Unidad Verificadora de Instalaciones El\u00e9ctricas) es aquel que nos asegura que las instalaciones el\u00e9ctricas en M\u00e9xico cumplen con los est\u00e1ndares de seguridad m\u00e1s rigurosos. La electricidad es una parte fundamental de nuestra vida cotidiana y por ello dependemos en gran medida de sistemas el\u00e9ctricos seguros y eficientes. Por ello, vamos a ver ..<\/p>\n<div class=\"clear-fix\"><\/div>\n<p><a href=\"https:\/\/todocertificados.com\/mexico\/certificado-uvie\/\" title=\"Leer m\u00e1s...\">Leer m\u00e1s<\/a><\/p>\n","protected":false},"author":1,"featured_media":1280,"parent":0,"menu_order":0,"comment_status":"closed","ping_status":"closed","template":"full-width-template.php","meta":{"footnotes":""},"categories":[8],"tags":[],"yoast_head":"<!-- This site is optimized with the Yoast SEO plugin v22.2 - https:\/\/yoast.com\/wordpress\/plugins\/seo\/ -->\n<title>Certificado UVIE &#187; Certificados M\u00e9xico<\/title>\n<meta name=\"robots\" content=\"index, follow, max-snippet:-1, max-image-preview:large, max-video-preview:-1\" \/>\n<link rel=\"canonical\" href=\"https:\/\/todocertificados.com\/mexico\/certificado-uvie\/\" \/>\n<meta property=\"og:locale\" content=\"es_ES\" \/>\n<meta property=\"og:type\" content=\"article\" \/>\n<meta property=\"og:title\" content=\"Certificado UVIE &#187; Certificados M\u00e9xico\" \/>\n<meta property=\"og:description\" content=\"El Certificado UVIE (Unidad Verificadora de Instalaciones El\u00e9ctricas) es aquel que nos asegura que las instalaciones el\u00e9ctricas en M\u00e9xico cumplen con los est\u00e1ndares de seguridad m\u00e1s rigurosos. La electricidad es una parte fundamental de nuestra vida cotidiana y por ello dependemos en gran medida de sistemas el\u00e9ctricos seguros y eficientes. Por ello, vamos a ver ..Leer m\u00e1s\" \/>\n<meta property=\"og:url\" content=\"https:\/\/todocertificados.com\/mexico\/certificado-uvie\/\" \/>\n<meta property=\"og:site_name\" content=\"Certificados M\u00e9xico\" \/>\n<meta property=\"article:modified_time\" content=\"2023-09-26T22:11:32+00:00\" \/>\n<meta property=\"og:image\" content=\"https:\/\/todocertificados.com\/mexico\/wp-content\/uploads\/sites\/3\/2023\/09\/Certificado-UVIE.jpg\" \/>\n\t<meta property=\"og:image:width\" content=\"301\" \/>\n\t<meta property=\"og:image:height\" content=\"219\" \/>\n\t<meta property=\"og:image:type\" content=\"image\/jpeg\" \/>\n<meta name=\"twitter:card\" content=\"summary_large_image\" \/>\n<meta name=\"twitter:label1\" content=\"Tiempo de lectura\" \/>\n\t<meta name=\"twitter:data1\" content=\"3 minutos\" \/>\n<script type=\"application\/ld+json\" class=\"yoast-schema-graph\">{\"@context\":\"https:\/\/schema.org\",\"@graph\":[{\"@type\":\"WebPage\",\"@id\":\"https:\/\/todocertificados.com\/mexico\/certificado-uvie\/\",\"url\":\"https:\/\/todocertificados.com\/mexico\/certificado-uvie\/\",\"name\":\"Certificado UVIE &#187; Certificados M\u00e9xico\",\"isPartOf\":{\"@id\":\"https:\/\/todocertificados.com\/mexico\/#website\"},\"primaryImageOfPage\":{\"@id\":\"https:\/\/todocertificados.com\/mexico\/certificado-uvie\/#primaryimage\"},\"image\":{\"@id\":\"https:\/\/todocertificados.com\/mexico\/certificado-uvie\/#primaryimage\"},\"thumbnailUrl\":\"https:\/\/todocertificados.com\/mexico\/wp-content\/uploads\/sites\/3\/2023\/09\/Certificado-UVIE.jpg\",\"datePublished\":\"2023-09-26T22:09:16+00:00\",\"dateModified\":\"2023-09-26T22:11:32+00:00\",\"breadcrumb\":{\"@id\":\"https:\/\/todocertificados.com\/mexico\/certificado-uvie\/#breadcrumb\"},\"inLanguage\":\"es\",\"potentialAction\":[{\"@type\":\"ReadAction\",\"target\":[\"https:\/\/todocertificados.com\/mexico\/certificado-uvie\/\"]}]},{\"@type\":\"ImageObject\",\"inLanguage\":\"es\",\"@id\":\"https:\/\/todocertificados.com\/mexico\/certificado-uvie\/#primaryimage\",\"url\":\"https:\/\/todocertificados.com\/mexico\/wp-content\/uploads\/sites\/3\/2023\/09\/Certificado-UVIE.jpg\",\"contentUrl\":\"https:\/\/todocertificados.com\/mexico\/wp-content\/uploads\/sites\/3\/2023\/09\/Certificado-UVIE.jpg\",\"width\":301,\"height\":219,\"caption\":\"Certificaado UVIE\"},{\"@type\":\"BreadcrumbList\",\"@id\":\"https:\/\/todocertificados.com\/mexico\/certificado-uvie\/#breadcrumb\",\"itemListElement\":[{\"@type\":\"ListItem\",\"position\":1,\"name\":\"Portada\",\"item\":\"https:\/\/todocertificados.com\/mexico\/\"},{\"@type\":\"ListItem\",\"position\":2,\"name\":\"Certificado UVIE\"}]},{\"@type\":\"WebSite\",\"@id\":\"https:\/\/todocertificados.com\/mexico\/#website\",\"url\":\"https:\/\/todocertificados.com\/mexico\/\",\"name\":\"Certificados M\u00e9xico\",\"description\":\"Todo sobre certificados mexicanos\",\"publisher\":{\"@id\":\"https:\/\/todocertificados.com\/mexico\/#organization\"},\"potentialAction\":[{\"@type\":\"SearchAction\",\"target\":{\"@type\":\"EntryPoint\",\"urlTemplate\":\"https:\/\/todocertificados.com\/mexico\/?s={search_term_string}\"},\"query-input\":\"required name=search_term_string\"}],\"inLanguage\":\"es\"},{\"@type\":\"Organization\",\"@id\":\"https:\/\/todocertificados.com\/mexico\/#organization\",\"name\":\"TodoCertificados\",\"url\":\"https:\/\/todocertificados.com\/mexico\/\",\"logo\":{\"@type\":\"ImageObject\",\"inLanguage\":\"es\",\"@id\":\"https:\/\/todocertificados.com\/mexico\/#\/schema\/logo\/image\/\",\"url\":\"https:\/\/todocertificados.com\/mexico\/wp-content\/uploads\/sites\/3\/2020\/07\/todo-certificados-favicon.png\",\"contentUrl\":\"https:\/\/todocertificados.com\/mexico\/wp-content\/uploads\/sites\/3\/2020\/07\/todo-certificados-favicon.png\",\"width\":512,\"height\":512,\"caption\":\"TodoCertificados\"},\"image\":{\"@id\":\"https:\/\/todocertificados.com\/mexico\/#\/schema\/logo\/image\/\"}}]}<\/script>\n<!-- \/ Yoast SEO plugin. -->","yoast_head_json":{"title":"Certificado UVIE &#187; Certificados M\u00e9xico","robots":{"index":"index","follow":"follow","max-snippet":"max-snippet:-1","max-image-preview":"max-image-preview:large","max-video-preview":"max-video-preview:-1"},"canonical":"https:\/\/todocertificados.com\/mexico\/certificado-uvie\/","og_locale":"es_ES","og_type":"article","og_title":"Certificado UVIE &#187; Certificados M\u00e9xico","og_description":"El Certificado UVIE (Unidad Verificadora de Instalaciones El\u00e9ctricas) es aquel que nos asegura que las instalaciones el\u00e9ctricas en M\u00e9xico cumplen con los est\u00e1ndares de seguridad m\u00e1s rigurosos. La electricidad es una parte fundamental de nuestra vida cotidiana y por ello dependemos en gran medida de sistemas el\u00e9ctricos seguros y eficientes. Por ello, vamos a ver ..Leer m\u00e1s","og_url":"https:\/\/todocertificados.com\/mexico\/certificado-uvie\/","og_site_name":"Certificados M\u00e9xico","article_modified_time":"2023-09-26T22:11:32+00:00","og_image":[{"width":301,"height":219,"url":"https:\/\/todocertificados.com\/mexico\/wp-content\/uploads\/sites\/3\/2023\/09\/Certificado-UVIE.jpg","type":"image\/jpeg"}],"twitter_card":"summary_large_image","twitter_misc":{"Tiempo de lectura":"3 minutos"},"schema":{"@context":"https:\/\/schema.org","@graph":[{"@type":"WebPage","@id":"https:\/\/todocertificados.com\/mexico\/certificado-uvie\/","url":"https:\/\/todocertificados.com\/mexico\/certificado-uvie\/","name":"Certificado UVIE &#187; Certificados M\u00e9xico","isPartOf":{"@id":"https:\/\/todocertificados.com\/mexico\/#website"},"primaryImageOfPage":{"@id":"https:\/\/todocertificados.com\/mexico\/certificado-uvie\/#primaryimage"},"image":{"@id":"https:\/\/todocertificados.com\/mexico\/certificado-uvie\/#primaryimage"},"thumbnailUrl":"https:\/\/todocertificados.com\/mexico\/wp-content\/uploads\/sites\/3\/2023\/09\/Certificado-UVIE.jpg","datePublished":"2023-09-26T22:09:16+00:00","dateModified":"2023-09-26T22:11:32+00:00","breadcrumb":{"@id":"https:\/\/todocertificados.com\/mexico\/certificado-uvie\/#breadcrumb"},"inLanguage":"es","potentialAction":[{"@type":"ReadAction","target":["https:\/\/todocertificados.com\/mexico\/certificado-uvie\/"]}]},{"@type":"ImageObject","inLanguage":"es","@id":"https:\/\/todocertificados.com\/mexico\/certificado-uvie\/#primaryimage","url":"https:\/\/todocertificados.com\/mexico\/wp-content\/uploads\/sites\/3\/2023\/09\/Certificado-UVIE.jpg","contentUrl":"https:\/\/todocertificados.com\/mexico\/wp-content\/uploads\/sites\/3\/2023\/09\/Certificado-UVIE.jpg","width":301,"height":219,"caption":"Certificaado UVIE"},{"@type":"BreadcrumbList","@id":"https:\/\/todocertificados.com\/mexico\/certificado-uvie\/#breadcrumb","itemListElement":[{"@type":"ListItem","position":1,"name":"Portada","item":"https:\/\/todocertificados.com\/mexico\/"},{"@type":"ListItem","position":2,"name":"Certificado UVIE"}]},{"@type":"WebSite","@id":"https:\/\/todocertificados.com\/mexico\/#website","url":"https:\/\/todocertificados.com\/mexico\/","name":"Certificados M\u00e9xico","description":"Todo sobre certificados mexicanos","publisher":{"@id":"https:\/\/todocertificados.com\/mexico\/#organization"},"potentialAction":[{"@type":"SearchAction","target":{"@type":"EntryPoint","urlTemplate":"https:\/\/todocertificados.com\/mexico\/?s={search_term_string}"},"query-input":"required name=search_term_string"}],"inLanguage":"es"},{"@type":"Organization","@id":"https:\/\/todocertificados.com\/mexico\/#organization","name":"TodoCertificados","url":"https:\/\/todocertificados.com\/mexico\/","logo":{"@type":"ImageObject","inLanguage":"es","@id":"https:\/\/todocertificados.com\/mexico\/#\/schema\/logo\/image\/","url":"https:\/\/todocertificados.com\/mexico\/wp-content\/uploads\/sites\/3\/2020\/07\/todo-certificados-favicon.png","contentUrl":"https:\/\/todocertificados.com\/mexico\/wp-content\/uploads\/sites\/3\/2020\/07\/todo-certificados-favicon.png","width":512,"height":512,"caption":"TodoCertificados"},"image":{"@id":"https:\/\/todocertificados.com\/mexico\/#\/schema\/logo\/image\/"}}]}},"_links":{"self":[{"href":"https:\/\/todocertificados.com\/mexico\/wp-json\/wp\/v2\/pages\/1279"}],"collection":[{"href":"https:\/\/todocertificados.com\/mexico\/wp-json\/wp\/v2\/pages"}],"about":[{"href":"https:\/\/todocertificados.com\/mexico\/wp-json\/wp\/v2\/types\/page"}],"author":[{"embeddable":true,"href":"https:\/\/todocertificados.com\/mexico\/wp-json\/wp\/v2\/users\/1"}],"replies":[{"embeddable":true,"href":"https:\/\/todocertificados.com\/mexico\/wp-json\/wp\/v2\/comments?post=1279"}],"version-history":[{"count":3,"href":"https:\/\/todocertificados.com\/mexico\/wp-json\/wp\/v2\/pages\/1279\/revisions"}],"predecessor-version":[{"id":1284,"href":"https:\/\/todocertificados.com\/mexico\/wp-json\/wp\/v2\/pages\/1279\/revisions\/1284"}],"wp:featuredmedia":[{"embeddable":true,"href":"https:\/\/todocertificados.com\/mexico\/wp-json\/wp\/v2\/media\/1280"}],"wp:attachment":[{"href":"https:\/\/todocertificados.com\/mexico\/wp-json\/wp\/v2\/media?parent=1279"}],"wp:term":[{"taxonomy":"category","embeddable":true,"href":"https:\/\/todocertificados.com\/mexico\/wp-json\/wp\/v2\/categories?post=1279"},{"taxonomy":"post_tag","embeddable":true,"href":"https:\/\/todocertificados.com\/mexico\/wp-json\/wp\/v2\/tags?post=1279"}],"curies":[{"name":"wp","href":"https:\/\/api.w.org\/{rel}","templated":true}]}}