{"id":1177,"date":"2023-06-27T23:12:59","date_gmt":"2023-06-27T23:12:59","guid":{"rendered":"https:\/\/todocertificados.com\/mexico\/?page_id=1177"},"modified":"2023-09-12T16:16:01","modified_gmt":"2023-09-12T16:16:01","slug":"recuperacion-certificados","status":"publish","type":"page","link":"https:\/\/todocertificados.com\/mexico\/recuperacion-certificados\/","title":{"rendered":"Recuperaci\u00f3n de Certificados SAT"},"content":{"rendered":"<div class=\"02640ac1cf99e0a816556c1d72e1d642\" data-index=\"1\" style=\"float: none; margin:10px 0 10px 0; text-align:center;\">\n<ins class=\"adsbygoogle\"\r\n     style=\"display:block\"\r\n     data-ad-client=\"ca-pub-5605228788947132\"\r\n     data-ad-slot=\"6189026294\"\r\n     data-ad-format=\"link\"\r\n     data-full-width-responsive=\"true\"><\/ins>\r\n<script>\r\n     (adsbygoogle = window.adsbygoogle || []).push({});\r\n<\/script>\n<\/div>\n<p>La <strong>recuperacion de certificados<\/strong> es r\u00e1pida y f\u00e1cil <strong>gracias al SAT<\/strong> (Sistema de Administraci\u00f3n Tributaria). Su plataforma nos permite, a trav\u00e9s de internet, poder recuperar los certificados sin movernos de casa ni tediosos papeleos.<\/p>\n<p>En este caso, de los certificados de <strong>Sello digital (CSD) y de firma electr\u00f3nica (e firma)<\/strong>.<\/p>\n<div class=\"ads-row\"><div class=\"cell\"><div class=\"ads-button\">\n\t\t<a href=\"https:\/\/todocertificados.com\/mexico\/recuperacion-certificados\/#Recuperacion_de_Certificado_de_Sello_Digital\" target=\"_self\" class=\"adsbtn-swipe \"> Recuperaci\u00f3n Certificado CSD<\/a>\n\t\t<\/div><\/div><div class=\"cell\"><div class=\"ads-button\">\n\t\t<a href=\"https:\/\/todocertificados.com\/mexico\/recuperacion-certificados\/#Recuperacion_de_certificados_e_firma\" target=\"_self\" class=\"adsbtn-swipe \"> Recuperaci\u00f3n Certificado e.firma<\/a>\n\t\t<\/div>\n<\/div><\/div>\n<p>Desde aqu\u00ed mismo te mostramos c\u00f3mo <strong>descargar<\/strong>\u00a0de forma r\u00e1pida y sencilla <strong>certificados SAT<\/strong> gracias al sistema de recuperaci\u00f3n de certificados.<\/p>\n<p style=\"text-align: center;\"><div class=\"ads-color-box\" style=\"color:#444;background:#eee;\">\n<p style=\"text-align: center;\">Si a\u00fan no solicitaste tu certificado de sello digital puedes hacerlo aqu\u00ed:<\/p>\n<p style=\"text-align: center;\"><div class=\"ads-button\">\n\t\t<a href=\"https:\/\/todocertificados.com\/mexico\/certificado-sello-digital\/\" target=\"_self\" class=\"adsbtn-swipe \"> Certificado de sello digital<\/a>\n\t\t<\/div>\n<p style=\"text-align: center;\"><\/div>\n<p>Si quieres saber c\u00f3mo hacerlo, te ense\u00f1amos c\u00f3mo entrar al sistema de recuperaci\u00f3n de certificados y el paso a paso para poder descargarlo en cualquier dispositivo.<\/p>\n<h2>\u00bfQu\u00e9 es el sistema de recuperaci\u00f3n de certificados?<\/h2>\n<p>El sistema de recuperaci\u00f3n de certificados es el sistema que nos permite el <strong>acceso y descarga a los certificados SAT<\/strong> siempre que lo necesitemos.<\/p>\n<p>Los certificados que podemos recuperar a trav\u00e9s de este son lo de <strong>Firma Electr\u00f3nica y el del Sello Digital<\/strong>.<\/p>\n<p style=\"text-align: center;\"><div class=\"ads-button\">\n\t\t<a href=\"https:\/\/todocertificados.com\/mexico\/recuperacion-certificados\/#Recuperacion_de_Certificados\" target=\"_self\" class=\"adsbtn-swipe \"> Recuperaci\u00f3n de certificados<\/a>\n\t\t<\/div>\n<p>&nbsp;<\/p>\n<p>Este sistema de recuperaci\u00f3n del SAT nos permite <strong>obtener los certificados de manera r\u00e1pida<\/strong> y sencilla, pudiendo descaargar todos o el \u00faltimo certificado emitido por el SAT. Para ello solo necesitar\u00e1s tu <strong>RFC o el n\u00famero de serie del certificado<\/strong>, sin necesidad de autenticaci\u00f3n adicional (e.firma o contrase\u00f1a). M\u00e1s abajo te detallamos como hacerlo.<\/p>\n<h2>Recuperacion de Certificados<\/h2>\n<p>A trav\u00e9s del <a href=\"https:\/\/todocertificados.com\/mexico\/recuperacion-certificados\/#Que_es_el_sistema_de_recuperacion_de_certificados\">sistema de recuperaci\u00f3n de certificados del SAT<\/a> podremos descargar los siguientes certificados:<\/p>\n<ul>\n<li>Certificado de firma electr\u00f3nica<\/li>\n<li>Certificado de Sello Digital<\/li>\n<\/ul>\n<p style=\"text-align: center;\"><div class=\"ads-color-box\" style=\"color:#444;background:#eee;\">\n<p style=\"text-align: center;\">Si te interesa la recuperaci\u00f3n de otros certificados haz clic aqu\u00ed:<\/p>\n<p style=\"text-align: center;\"><div class=\"ads-button\">\n\t\t<a href=\"#\" target=\"_self\" class=\"adsbtn-swipe \"> Recuperaci\u00f3n de certificado escolar<\/a>\n\t\t<\/div>\n<p style=\"text-align: center;\"><\/div>\n<p>Tanto personas f\u00edsicas como jur\u00eddicas pueden acceder a la recuperaci\u00f3n de certificados SAT, pero necesitan estos requisitos:<\/p>\n<ul>\n<li>RFC o n\u00famero de certificado<\/li>\n<li>Contrase\u00f1a CIECF o FIEL<\/li>\n<li>E.firma vigente o contrase\u00f1a<\/li>\n<\/ul>\n<p><strong>\u00bfQu\u00e9 puedo hacer si se me perdi\u00f3 mi firma electr\u00f3nica?<\/strong><\/p>\n<p>Si no tiene su e.firma, puede ver m\u00e1s abajo c\u00f3mo <strong>recuperar su certificado e.firma<\/strong>. Tambi\u00e9n puedes hacerlo de manera presencial acudiendo al m\u00f3dulo SAT m\u00e1s cercano donde un asesor te ayudar\u00e1 con el proceso, de la misma manera que podr\u00e1s restablecer tu contrase\u00f1a si tambi\u00e9n lo necesitas.<\/p>\n<p style=\"text-align: center;\"><div class=\"ads-button\">\n\t\t<a href=\"https:\/\/todocertificados.com\/mexico\/recuperacion-certificados\/#Recuperacion_de_certificados_e_firma\" target=\"_self\" class=\"adsbtn-swipe \"> Certificado e.firma<\/a>\n\t\t<\/div>\n<h3>Recuperacion de Certificado de Sello Digital<\/h3>\n<p>El sello digital, tambi\u00e9n conocido como CSD, es un documento electr\u00f3nico que <strong>se asocia a una clave p\u00fablica con la identidad de su propietario<\/strong>.<\/p>\n<p>Este se usa para timbrar y cancelar facturas electr\u00f3nicas, garantizando as\u00ed el v\u00ednculo entre la identidad de un contribuyemte y la de su RFC. Su funci\u00f3n es la de <strong>poder firmar electr\u00f3nicamente<\/strong> comprobantes fiscales para asegurar que esa informaci\u00f3n es ver\u00eddica y aut\u00e9ntica.<\/p>\n<p style=\"text-align: center;\"><div class=\"ads-color-box\" style=\"color:#444;background:#eee;\">Es diferente de la e.firma, ya que esta es simplemente un elemento de identificaci\u00f3n, del que puedes saber m\u00e1s sobre ella y su recuperaci\u00f3n m\u00e1s abajo.<\/div>\n<p>Por ello, es Certificado de Sello Digital se convierte en <strong>imprescindible para poder emitir Comprobantes Fiscales Digitales por Internet<\/strong> (CFDI) ya que garantiza su veracidad evitando as\u00ed cualquier riesgo de falsificaci\u00f3n de datos. Por ello, a continuaci\u00f3n te explicamos la <strong>recuperaci\u00f3n CSD<\/strong> paso a paso.<\/p>\n<div class=\"ads-custom-box custom-box \" style=\"border-color:#919191;padding: 2.2rem 2.2rem;\"><div class=\"ads-custom-box-content\">\n<h4>Recuperaci\u00f3n de certificados de sello digital paso a paso<\/h4>\n<p>Para poder acceder al sistema de recuperacion de certificados SAT y descargar el certificado, solo tienes que:<\/p>\n<ol>\n<li>Entra en la aplicaci\u00f3n \u00ab<strong>Certisat<\/strong>\u00bb (el antig\u00fco SOLCEDI) desde: <a href=\"https:\/\/loginc.mat.sat.gob.mx\/\" target=\"_blank\" rel=\"noopener noreferrer\">https:\/\/loginc.mat.sat.gob.mx\/nidp\/idff\/sso?id=XACCertiSAT&amp;sid=0&amp;option=credential&amp;sid=0&amp;target=https%3A%2F%2Faplicacionesc.mat.sat.gob.mx%2Fcertisat%2F<\/a><\/li>\n<li><strong>Genera la solicitud de certificado<\/strong> de sello digital proporcionando tu e.firma (si no la tienes, te ense\u00f1amos como recuperarla m\u00e1s abajo)<\/li>\n<li>Selecciona al opci\u00f3n que desees, en este caso, <strong>\u00abRecuperaci\u00f3n de certificados\u00bb<\/strong><\/li>\n<li>Ahora podr\u00e1s seleccionar si quieres recuperarlo a trav\u00e9s del <strong>RFC o por el n\u00famero de serie<\/strong> del certificado y haz clic en buscar<\/li>\n<\/ol>\n<div><\/div><\/div><\/div>\n<div><\/div>\n<p>Tras estos pasos, podr\u00e1s seleccionar el certificado a descargar.<\/p>\n<h3>Recuperaci\u00f3n de certificados e firma<\/h3>\n<p>La e.firma es un elemento de identificaci\u00f3n que se usa <strong>conjuntamente con el sello digital<\/strong> para las firmas de facturas electr\u00f3nicas.<\/p>\n<p><img loading=\"lazy\" decoding=\"async\" class=\"aligncenter wp-image-1183 size-full\" src=\"https:\/\/todocertificados.com\/mexico\/wp-content\/uploads\/sites\/3\/2023\/06\/recuperacion-certificado-sat.jpg\" alt=\"recuperacion certificado sat\" width=\"432\" height=\"350\" srcset=\"https:\/\/todocertificados.com\/mexico\/wp-content\/uploads\/sites\/3\/2023\/06\/recuperacion-certificado-sat.jpg 432w, https:\/\/todocertificados.com\/mexico\/wp-content\/uploads\/sites\/3\/2023\/06\/recuperacion-certificado-sat-300x243.jpg 300w, https:\/\/todocertificados.com\/mexico\/wp-content\/uploads\/sites\/3\/2023\/06\/recuperacion-certificado-sat-150x122.jpg 150w\" sizes=\"(max-width: 432px) 100vw, 432px\" \/><\/p>\n<p>La recuperaci\u00f3n de certificado e firma es igual de sencilla que la del sello digital. El <strong>sistema de recuperaci\u00f3n de certificados<\/strong> te permite hacerlo unicamente con tu RFC.<\/p>\n<p>El procedimiento ser\u00eda el siguiente:<\/p>\n<ol>\n<li><strong>Ingresa en la web<\/strong> oficial <a href=\"https:\/\/portalsat.plataforma.sat.gob.mx\/RecuperacionDeCertificados\/\" target=\"_blank\" rel=\"noopener noreferrer\">https:\/\/portalsat.plataforma.sat.gob.mx\/RecuperacionDeCertificados\/<\/a><\/li>\n<li>Rellena el campo que se muestra con el <strong>c\u00f3digo<\/strong> de la imagen que aparece y haz clic en Aceptar<\/li>\n<li>Ingresa tu <strong>RFC<\/strong> y completa el captcha que aparece<\/li>\n<li>Haz clic en el <strong>certificado e.firma<\/strong> para poder descargarlo<\/li>\n<\/ol>\n<p>Tras estos pasos, obtendr\u00e1s la e.firma, y con esta podr\u00e1s acceder a la descarga de tu certificado de sello digital<strong> desde el CertiSAT<\/strong>, como explicamos aqu\u00ed:<\/p>\n<p style=\"text-align: center;\"><div class=\"ads-button\">\n\t\t<a href=\"https:\/\/todocertificados.com\/mexico\/recuperacion-certificados\/#Recuperacion_de_Certificados_SAT\" target=\"_self\" class=\"adsbtn-swipe \"> Recuperaci\u00f3n certificado SAT<\/a>\n\t\t<\/div>\n\n<div style=\"font-size: 0px; height: 0px; line-height: 0px; margin: 0; padding: 0; clear: both;\"><\/div>","protected":false},"excerpt":{"rendered":"<p>La recuperacion de certificados es r\u00e1pida y f\u00e1cil gracias al SAT (Sistema de Administraci\u00f3n Tributaria). Su plataforma nos permite, a trav\u00e9s de internet, poder recuperar los certificados sin movernos de casa ni tediosos papeleos. En este caso, de los certificados de Sello digital (CSD) y de firma electr\u00f3nica (e firma). Desde aqu\u00ed mismo te mostramos ..<\/p>\n<div class=\"clear-fix\"><\/div>\n<p><a href=\"https:\/\/todocertificados.com\/mexico\/recuperacion-certificados\/\" title=\"Leer m\u00e1s...\">Leer m\u00e1s<\/a><\/p>\n","protected":false},"author":1,"featured_media":1188,"parent":0,"menu_order":0,"comment_status":"closed","ping_status":"closed","template":"full-width-template.php","meta":{"footnotes":""},"categories":[8],"tags":[],"yoast_head":"<!-- This site is optimized with the Yoast SEO plugin v22.2 - https:\/\/yoast.com\/wordpress\/plugins\/seo\/ -->\n<title>Recuperaci\u00f3n de Certificados SAT &#187; Certificados M\u00e9xico<\/title>\n<meta name=\"robots\" content=\"index, follow, max-snippet:-1, max-image-preview:large, max-video-preview:-1\" \/>\n<link rel=\"canonical\" href=\"https:\/\/todocertificados.com\/mexico\/recuperacion-certificados\/\" \/>\n<meta property=\"og:locale\" content=\"es_ES\" \/>\n<meta property=\"og:type\" content=\"article\" \/>\n<meta property=\"og:title\" content=\"Recuperaci\u00f3n de Certificados SAT &#187; Certificados M\u00e9xico\" \/>\n<meta property=\"og:description\" content=\"La recuperacion de certificados es r\u00e1pida y f\u00e1cil gracias al SAT (Sistema de Administraci\u00f3n Tributaria). Su plataforma nos permite, a trav\u00e9s de internet, poder recuperar los certificados sin movernos de casa ni tediosos papeleos. En este caso, de los certificados de Sello digital (CSD) y de firma electr\u00f3nica (e firma). Desde aqu\u00ed mismo te mostramos ..Leer m\u00e1s\" \/>\n<meta property=\"og:url\" content=\"https:\/\/todocertificados.com\/mexico\/recuperacion-certificados\/\" \/>\n<meta property=\"og:site_name\" content=\"Certificados M\u00e9xico\" \/>\n<meta property=\"article:modified_time\" content=\"2023-09-12T16:16:01+00:00\" \/>\n<meta property=\"og:image\" content=\"https:\/\/todocertificados.com\/mexico\/wp-content\/uploads\/sites\/3\/2023\/06\/Recuperacion-de-certificados.jpg\" \/>\n\t<meta property=\"og:image:width\" content=\"301\" \/>\n\t<meta property=\"og:image:height\" content=\"219\" \/>\n\t<meta property=\"og:image:type\" content=\"image\/jpeg\" \/>\n<meta name=\"twitter:card\" content=\"summary_large_image\" \/>\n<meta name=\"twitter:label1\" content=\"Tiempo de lectura\" \/>\n\t<meta name=\"twitter:data1\" content=\"5 minutos\" \/>\n<script type=\"application\/ld+json\" class=\"yoast-schema-graph\">{\"@context\":\"https:\/\/schema.org\",\"@graph\":[{\"@type\":\"WebPage\",\"@id\":\"https:\/\/todocertificados.com\/mexico\/recuperacion-certificados\/\",\"url\":\"https:\/\/todocertificados.com\/mexico\/recuperacion-certificados\/\",\"name\":\"Recuperaci\u00f3n de Certificados SAT &#187; Certificados M\u00e9xico\",\"isPartOf\":{\"@id\":\"https:\/\/todocertificados.com\/mexico\/#website\"},\"primaryImageOfPage\":{\"@id\":\"https:\/\/todocertificados.com\/mexico\/recuperacion-certificados\/#primaryimage\"},\"image\":{\"@id\":\"https:\/\/todocertificados.com\/mexico\/recuperacion-certificados\/#primaryimage\"},\"thumbnailUrl\":\"https:\/\/todocertificados.com\/mexico\/wp-content\/uploads\/sites\/3\/2023\/06\/Recuperacion-de-certificados.jpg\",\"datePublished\":\"2023-06-27T23:12:59+00:00\",\"dateModified\":\"2023-09-12T16:16:01+00:00\",\"breadcrumb\":{\"@id\":\"https:\/\/todocertificados.com\/mexico\/recuperacion-certificados\/#breadcrumb\"},\"inLanguage\":\"es\",\"potentialAction\":[{\"@type\":\"ReadAction\",\"target\":[\"https:\/\/todocertificados.com\/mexico\/recuperacion-certificados\/\"]}]},{\"@type\":\"ImageObject\",\"inLanguage\":\"es\",\"@id\":\"https:\/\/todocertificados.com\/mexico\/recuperacion-certificados\/#primaryimage\",\"url\":\"https:\/\/todocertificados.com\/mexico\/wp-content\/uploads\/sites\/3\/2023\/06\/Recuperacion-de-certificados.jpg\",\"contentUrl\":\"https:\/\/todocertificados.com\/mexico\/wp-content\/uploads\/sites\/3\/2023\/06\/Recuperacion-de-certificados.jpg\",\"width\":301,\"height\":219,\"caption\":\"Recuperacion de certificados\"},{\"@type\":\"BreadcrumbList\",\"@id\":\"https:\/\/todocertificados.com\/mexico\/recuperacion-certificados\/#breadcrumb\",\"itemListElement\":[{\"@type\":\"ListItem\",\"position\":1,\"name\":\"Portada\",\"item\":\"https:\/\/todocertificados.com\/mexico\/\"},{\"@type\":\"ListItem\",\"position\":2,\"name\":\"Recuperaci\u00f3n de Certificados SAT\"}]},{\"@type\":\"WebSite\",\"@id\":\"https:\/\/todocertificados.com\/mexico\/#website\",\"url\":\"https:\/\/todocertificados.com\/mexico\/\",\"name\":\"Certificados M\u00e9xico\",\"description\":\"Todo sobre certificados mexicanos\",\"publisher\":{\"@id\":\"https:\/\/todocertificados.com\/mexico\/#organization\"},\"potentialAction\":[{\"@type\":\"SearchAction\",\"target\":{\"@type\":\"EntryPoint\",\"urlTemplate\":\"https:\/\/todocertificados.com\/mexico\/?s={search_term_string}\"},\"query-input\":\"required name=search_term_string\"}],\"inLanguage\":\"es\"},{\"@type\":\"Organization\",\"@id\":\"https:\/\/todocertificados.com\/mexico\/#organization\",\"name\":\"TodoCertificados\",\"url\":\"https:\/\/todocertificados.com\/mexico\/\",\"logo\":{\"@type\":\"ImageObject\",\"inLanguage\":\"es\",\"@id\":\"https:\/\/todocertificados.com\/mexico\/#\/schema\/logo\/image\/\",\"url\":\"https:\/\/todocertificados.com\/mexico\/wp-content\/uploads\/sites\/3\/2020\/07\/todo-certificados-favicon.png\",\"contentUrl\":\"https:\/\/todocertificados.com\/mexico\/wp-content\/uploads\/sites\/3\/2020\/07\/todo-certificados-favicon.png\",\"width\":512,\"height\":512,\"caption\":\"TodoCertificados\"},\"image\":{\"@id\":\"https:\/\/todocertificados.com\/mexico\/#\/schema\/logo\/image\/\"}}]}<\/script>\n<!-- \/ Yoast SEO plugin. -->","yoast_head_json":{"title":"Recuperaci\u00f3n de Certificados SAT &#187; Certificados M\u00e9xico","robots":{"index":"index","follow":"follow","max-snippet":"max-snippet:-1","max-image-preview":"max-image-preview:large","max-video-preview":"max-video-preview:-1"},"canonical":"https:\/\/todocertificados.com\/mexico\/recuperacion-certificados\/","og_locale":"es_ES","og_type":"article","og_title":"Recuperaci\u00f3n de Certificados SAT &#187; Certificados M\u00e9xico","og_description":"La recuperacion de certificados es r\u00e1pida y f\u00e1cil gracias al SAT (Sistema de Administraci\u00f3n Tributaria). Su plataforma nos permite, a trav\u00e9s de internet, poder recuperar los certificados sin movernos de casa ni tediosos papeleos. En este caso, de los certificados de Sello digital (CSD) y de firma electr\u00f3nica (e firma). Desde aqu\u00ed mismo te mostramos ..Leer m\u00e1s","og_url":"https:\/\/todocertificados.com\/mexico\/recuperacion-certificados\/","og_site_name":"Certificados M\u00e9xico","article_modified_time":"2023-09-12T16:16:01+00:00","og_image":[{"width":301,"height":219,"url":"https:\/\/todocertificados.com\/mexico\/wp-content\/uploads\/sites\/3\/2023\/06\/Recuperacion-de-certificados.jpg","type":"image\/jpeg"}],"twitter_card":"summary_large_image","twitter_misc":{"Tiempo de lectura":"5 minutos"},"schema":{"@context":"https:\/\/schema.org","@graph":[{"@type":"WebPage","@id":"https:\/\/todocertificados.com\/mexico\/recuperacion-certificados\/","url":"https:\/\/todocertificados.com\/mexico\/recuperacion-certificados\/","name":"Recuperaci\u00f3n de Certificados SAT &#187; Certificados M\u00e9xico","isPartOf":{"@id":"https:\/\/todocertificados.com\/mexico\/#website"},"primaryImageOfPage":{"@id":"https:\/\/todocertificados.com\/mexico\/recuperacion-certificados\/#primaryimage"},"image":{"@id":"https:\/\/todocertificados.com\/mexico\/recuperacion-certificados\/#primaryimage"},"thumbnailUrl":"https:\/\/todocertificados.com\/mexico\/wp-content\/uploads\/sites\/3\/2023\/06\/Recuperacion-de-certificados.jpg","datePublished":"2023-06-27T23:12:59+00:00","dateModified":"2023-09-12T16:16:01+00:00","breadcrumb":{"@id":"https:\/\/todocertificados.com\/mexico\/recuperacion-certificados\/#breadcrumb"},"inLanguage":"es","potentialAction":[{"@type":"ReadAction","target":["https:\/\/todocertificados.com\/mexico\/recuperacion-certificados\/"]}]},{"@type":"ImageObject","inLanguage":"es","@id":"https:\/\/todocertificados.com\/mexico\/recuperacion-certificados\/#primaryimage","url":"https:\/\/todocertificados.com\/mexico\/wp-content\/uploads\/sites\/3\/2023\/06\/Recuperacion-de-certificados.jpg","contentUrl":"https:\/\/todocertificados.com\/mexico\/wp-content\/uploads\/sites\/3\/2023\/06\/Recuperacion-de-certificados.jpg","width":301,"height":219,"caption":"Recuperacion de certificados"},{"@type":"BreadcrumbList","@id":"https:\/\/todocertificados.com\/mexico\/recuperacion-certificados\/#breadcrumb","itemListElement":[{"@type":"ListItem","position":1,"name":"Portada","item":"https:\/\/todocertificados.com\/mexico\/"},{"@type":"ListItem","position":2,"name":"Recuperaci\u00f3n de Certificados SAT"}]},{"@type":"WebSite","@id":"https:\/\/todocertificados.com\/mexico\/#website","url":"https:\/\/todocertificados.com\/mexico\/","name":"Certificados M\u00e9xico","description":"Todo sobre certificados mexicanos","publisher":{"@id":"https:\/\/todocertificados.com\/mexico\/#organization"},"potentialAction":[{"@type":"SearchAction","target":{"@type":"EntryPoint","urlTemplate":"https:\/\/todocertificados.com\/mexico\/?s={search_term_string}"},"query-input":"required name=search_term_string"}],"inLanguage":"es"},{"@type":"Organization","@id":"https:\/\/todocertificados.com\/mexico\/#organization","name":"TodoCertificados","url":"https:\/\/todocertificados.com\/mexico\/","logo":{"@type":"ImageObject","inLanguage":"es","@id":"https:\/\/todocertificados.com\/mexico\/#\/schema\/logo\/image\/","url":"https:\/\/todocertificados.com\/mexico\/wp-content\/uploads\/sites\/3\/2020\/07\/todo-certificados-favicon.png","contentUrl":"https:\/\/todocertificados.com\/mexico\/wp-content\/uploads\/sites\/3\/2020\/07\/todo-certificados-favicon.png","width":512,"height":512,"caption":"TodoCertificados"},"image":{"@id":"https:\/\/todocertificados.com\/mexico\/#\/schema\/logo\/image\/"}}]}},"_links":{"self":[{"href":"https:\/\/todocertificados.com\/mexico\/wp-json\/wp\/v2\/pages\/1177"}],"collection":[{"href":"https:\/\/todocertificados.com\/mexico\/wp-json\/wp\/v2\/pages"}],"about":[{"href":"https:\/\/todocertificados.com\/mexico\/wp-json\/wp\/v2\/types\/page"}],"author":[{"embeddable":true,"href":"https:\/\/todocertificados.com\/mexico\/wp-json\/wp\/v2\/users\/1"}],"replies":[{"embeddable":true,"href":"https:\/\/todocertificados.com\/mexico\/wp-json\/wp\/v2\/comments?post=1177"}],"version-history":[{"count":17,"href":"https:\/\/todocertificados.com\/mexico\/wp-json\/wp\/v2\/pages\/1177\/revisions"}],"predecessor-version":[{"id":1227,"href":"https:\/\/todocertificados.com\/mexico\/wp-json\/wp\/v2\/pages\/1177\/revisions\/1227"}],"wp:featuredmedia":[{"embeddable":true,"href":"https:\/\/todocertificados.com\/mexico\/wp-json\/wp\/v2\/media\/1188"}],"wp:attachment":[{"href":"https:\/\/todocertificados.com\/mexico\/wp-json\/wp\/v2\/media?parent=1177"}],"wp:term":[{"taxonomy":"category","embeddable":true,"href":"https:\/\/todocertificados.com\/mexico\/wp-json\/wp\/v2\/categories?post=1177"},{"taxonomy":"post_tag","embeddable":true,"href":"https:\/\/todocertificados.com\/mexico\/wp-json\/wp\/v2\/tags?post=1177"}],"curies":[{"name":"wp","href":"https:\/\/api.w.org\/{rel}","templated":true}]}}