{"id":1148,"date":"2023-03-29T13:56:36","date_gmt":"2023-03-29T13:56:36","guid":{"rendered":"https:\/\/todocertificados.com\/mexico\/?page_id=1148"},"modified":"2023-10-22T22:42:38","modified_gmt":"2023-10-22T22:42:38","slug":"certificacion-bls-acls","status":"publish","type":"page","link":"https:\/\/todocertificados.com\/mexico\/certificacion-bls-acls\/","title":{"rendered":"Certificaci\u00f3n BLS y ACLS"},"content":{"rendered":"<div class=\"02640ac1cf99e0a816556c1d72e1d642\" data-index=\"1\" style=\"float: none; margin:10px 0 10px 0; text-align:center;\">\n<ins class=\"adsbygoogle\"\r\n     style=\"display:block\"\r\n     data-ad-client=\"ca-pub-5605228788947132\"\r\n     data-ad-slot=\"6189026294\"\r\n     data-ad-format=\"link\"\r\n     data-full-width-responsive=\"true\"><\/ins>\r\n<script>\r\n     (adsbygoogle = window.adsbygoogle || []).push({});\r\n<\/script>\n<\/div>\n<p>El <strong>certificado BLS<\/strong> (Basic Life Support) es un <strong>curso de capacitaci\u00f3n en t\u00e9cnicas de reanimaci\u00f3n cardiopulmonar<\/strong> (RCP) y manejo de la v\u00eda a\u00e9rea para profesionales de la salud, como m\u00e9dicos, enfermeros, param\u00e9dicos, t\u00e9cnicos de emergencias m\u00e9dicas, entre otros.<\/p>\n<p>La <strong>certificaci\u00f3n ACL<\/strong>S (Advanced Cardiovascular Life Support) es un programa de <strong>formaci\u00f3n avanzada en soporte vital cardiovascular<\/strong> que se ofrece tambi\u00e9n a profesionales de la salud.<\/p>\n<p>A continuaci\u00f3n vamos a ver c\u00f3mo obtener ambos certificados, as\u00ed como los detalles de cada una de estas certificaciones.<\/p>\n<h2>Certificado BLS<\/h2>\n<p>La certificaci\u00f3n BLS es otorgada por organizaciones reconocidas, como la American Heart Association (<strong>AHA<\/strong>) y la American Red Cross (<strong>ARC<\/strong>), y <strong>se requiere en muchos trabajos en el campo de la salud<\/strong>. La certificaci\u00f3n es v\u00e1lida por un per\u00edodo de tiempo determinado, generalmente dos a\u00f1os, despu\u00e9s del cual se requiere una renovaci\u00f3n.<\/p>\n<p>Se trata de un curso que se enfoca en ense\u00f1ar <strong>habilidades esenciales para la atenci\u00f3n de pacientes<\/strong> en situaciones de emergencia, como la reanimaci\u00f3n cardiopulmonar (RCP), la desobstrucci\u00f3n de v\u00edas respiratorias y la administraci\u00f3n de ox\u00edgeno.<\/p>\n<div class=\"ads-color-box\" style=\"color:#444;background:#eee;\">\n<p><strong>Para obtener el certificado BLS<\/strong> (Basic Life Support), puedes seguir los siguientes pasos:<\/p>\n<ol>\n<li><strong>Busca un curso de certificaci\u00f3n BLS ofrecido por<\/strong> una organizaci\u00f3n reconocida, como <strong>la American Heart Association<\/strong> (AHA) o la American Red Cross (ARC).<\/li>\n<li><strong>Reg\u00edstrate para el curso y completa los requisitos<\/strong> previos, si los hay. Los requisitos previos pueden incluir conocimientos b\u00e1sicos de anatom\u00eda y fisiolog\u00eda, por ejemplo.<\/li>\n<li><strong>Asiste a todas las sesiones del curso<\/strong>, que incluir\u00e1n instrucci\u00f3n te\u00f3rica y pr\u00e1ctica en t\u00e9cnicas de RCP, desobstrucci\u00f3n de v\u00edas respiratorias y administraci\u00f3n de ox\u00edgeno, entre otros temas.<\/li>\n<li><strong>Realiza y aprueba una evaluaci\u00f3n<\/strong> te\u00f3rica y pr\u00e1ctica al final del curso.<\/li>\n<li><strong>Si apruebas la evaluaci\u00f3n, recibir\u00e1s tu certificado<\/strong> BLS v\u00e1lido por dos a\u00f1os. Deber\u00e1s renovar tu certificaci\u00f3n antes de que expire para seguir siendo certificado en BLS.<\/li>\n<\/ol>\n<\/div>\n<p>Es importante recordar que los requisitos y el proceso de certificaci\u00f3n pueden variar seg\u00fan la organizaci\u00f3n que ofrezca el curso de certificaci\u00f3n BLS.<\/p>\n<h3>Certificado BLS gratis<\/h3>\n<p>Este curso es ofrecido de manera gratuita <strong>en algunos sitios online<\/strong>, pero para obtener el certificado debe de realizar un pago. El precio de este depender\u00e1 del lugar donde se realice el curso BLS.<\/p>\n<p>Hay sitios webs como\u00a0https:\/\/www.formacioncarpediem.com\/ donde puede obtener gratis el temario.<\/p>\n<h2>La certificacion ACLS<\/h2>\n<p>La certificaci\u00f3n ACLS es otorgada por organizaciones reconocidas, como la American Heart Association (AHA), y <strong>se requiere en muchos trabajos en el campo de la salud<\/strong>, especialmente en unidades de cuidados intensivos, salas de emergencia y \u00e1reas de cardiolog\u00eda. La certificaci\u00f3n es v\u00e1lida por un per\u00edodo de tiempo determinado, generalmente dos a\u00f1os, despu\u00e9s del cual se requiere una renovaci\u00f3n.<\/p>\n<p>Este curso se enfoca en ense\u00f1ar habilidades avanzadas para la atenci\u00f3n de pacientes en situaciones de emergencia cardiovascular, como la identificaci\u00f3n y tratamiento de arritmias card\u00edacas, la administraci\u00f3n de medicamentos, la intubaci\u00f3n y ventilaci\u00f3n avanzada, entre otras habilidades.<\/p>\n<h3>Certificado AHA ACLS<\/h3>\n<p>El certificado AHA ACLS es el certificado que se entrega con la realizaci\u00f3n del curso Advanced Cardiovascular Life Support en la AHA (American Heart Association).<\/p>\n<p>Estos cursos se realizan por instructores certificados por el AHA y son varias las organizaciones que ofrecen este curso ACLS. Tan solo tiene que buscar por internet.<\/p>\n<p>Este curso est\u00e1 basado en las acciones de soporte vital b\u00e1sico ense\u00f1adas en el curso BLS, <strong>enfatizando particularmente la RCP<\/strong> continua y de alta calidad, y a partir de ah\u00ed ofrece ense\u00f1anza en t\u00e9cnicas y secuencias (algoritmos) para el manejo de emergencias cardiovasculares en el paciente adulto, incluyendo:<\/p>\n<ul>\n<li>Importancia de la din\u00e1mica y comunicaci\u00f3n en los equipos de reanimaci\u00f3n de alto desempe\u00f1o<\/li>\n<li>Sistemas de atenci\u00f3n cardiovascular de emergencia<\/li>\n<li>Reconocimiento e intervenciones en el paro cardiorrespiratorio en el paciente adulto<\/li>\n<li>Cuidados inmediatos post-paro cardiaco<\/li>\n<li>Manejo de arritmias s\u00fabitas (con o sin compromiso hemodin\u00e1mico)<\/li>\n<li>Manejo del evento vascular cerebral (EVC) isqu\u00e9mico o hemorr\u00e1gico<\/li>\n<li>Manejo de s\u00edndromes coronarios agudos (SICA)<\/li>\n<\/ul>\n<h2>Certificado BLS Cruz Roja<\/h2>\n<p>El certificado BLS tambi\u00e9n puede est\u00e1 disponible como <strong>formaci\u00f3n de la Cruz Roja<\/strong>. La Cruz Roja es una de las fuentes principales en las que poder aprender habilidades que salvan vidas.<\/p>\n<p style=\"text-align: center;\"><div class=\"ads-button\">\n\t\t<a href=\"https:\/\/todocertificados.com\/mexico\/certificado-medico-cruz-roja\/\" target=\"_self\" class=\"adsbtn-swipe \"> Certificado m\u00e9dico Cruz Roja<\/a>\n\t\t<\/div>\n<p>Con su certificaci\u00f3n BLS podremos estar capacitados <strong>para satisfacer un requisito de trabajo<\/strong> gracias a la formaci\u00f3n individual o grupal que ofrece.<\/p>\n<p>Puede encontrar toda la informaci\u00f3n sobre la certificaci\u00f3n BLS Cruz Roja en https:\/\/www.redcross.org\/cruz-roja\/formacion-y-certificacion.html.<br \/>\n<div class=\"ads-color-box\" style=\"color:#444;background:#d9ffe0;\">\n<p style=\"text-align: center;\">Para los cursos de la Cruz Roja Americana puede <strong>contactar<\/strong> con la Cruz Roja en 1-800-RED-CROSS (1-800-733-2767)<\/p>\n<\/div>\n\n<div style=\"font-size: 0px; height: 0px; line-height: 0px; margin: 0; padding: 0; clear: both;\"><\/div>","protected":false},"excerpt":{"rendered":"<p>El certificado BLS (Basic Life Support) es un curso de capacitaci\u00f3n en t\u00e9cnicas de reanimaci\u00f3n cardiopulmonar (RCP) y manejo de la v\u00eda a\u00e9rea para profesionales de la salud, como m\u00e9dicos, enfermeros, param\u00e9dicos, t\u00e9cnicos de emergencias m\u00e9dicas, entre otros. La certificaci\u00f3n ACLS (Advanced Cardiovascular Life Support) es un programa de formaci\u00f3n avanzada en soporte vital cardiovascular ..<\/p>\n<div class=\"clear-fix\"><\/div>\n<p><a href=\"https:\/\/todocertificados.com\/mexico\/certificacion-bls-acls\/\" title=\"Leer m\u00e1s...\">Leer m\u00e1s<\/a><\/p>\n","protected":false},"author":1,"featured_media":1150,"parent":0,"menu_order":0,"comment_status":"closed","ping_status":"closed","template":"full-width-template.php","meta":{"footnotes":""},"categories":[8],"tags":[],"yoast_head":"<!-- This site is optimized with the Yoast SEO plugin v22.2 - https:\/\/yoast.com\/wordpress\/plugins\/seo\/ -->\n<title>Certificaci\u00f3n BLS y ACLS &#187; Certificados M\u00e9xico<\/title>\n<meta name=\"robots\" content=\"index, follow, max-snippet:-1, max-image-preview:large, max-video-preview:-1\" \/>\n<link rel=\"canonical\" href=\"https:\/\/todocertificados.com\/mexico\/certificacion-bls-acls\/\" \/>\n<meta property=\"og:locale\" content=\"es_ES\" \/>\n<meta property=\"og:type\" content=\"article\" \/>\n<meta property=\"og:title\" content=\"Certificaci\u00f3n BLS y ACLS &#187; Certificados M\u00e9xico\" \/>\n<meta property=\"og:description\" content=\"El certificado BLS (Basic Life Support) es un curso de capacitaci\u00f3n en t\u00e9cnicas de reanimaci\u00f3n cardiopulmonar (RCP) y manejo de la v\u00eda a\u00e9rea para profesionales de la salud, como m\u00e9dicos, enfermeros, param\u00e9dicos, t\u00e9cnicos de emergencias m\u00e9dicas, entre otros. La certificaci\u00f3n ACLS (Advanced Cardiovascular Life Support) es un programa de formaci\u00f3n avanzada en soporte vital cardiovascular ..Leer m\u00e1s\" \/>\n<meta property=\"og:url\" content=\"https:\/\/todocertificados.com\/mexico\/certificacion-bls-acls\/\" \/>\n<meta property=\"og:site_name\" content=\"Certificados M\u00e9xico\" \/>\n<meta property=\"article:modified_time\" content=\"2023-10-22T22:42:38+00:00\" \/>\n<meta property=\"og:image\" content=\"https:\/\/todocertificados.com\/mexico\/wp-content\/uploads\/sites\/3\/2023\/03\/Certificaci\u00f3n-BLS-ACLS.jpg\" \/>\n\t<meta property=\"og:image:width\" content=\"301\" \/>\n\t<meta property=\"og:image:height\" content=\"219\" \/>\n\t<meta property=\"og:image:type\" content=\"image\/jpeg\" \/>\n<meta name=\"twitter:card\" content=\"summary_large_image\" \/>\n<meta name=\"twitter:label1\" content=\"Tiempo de lectura\" \/>\n\t<meta name=\"twitter:data1\" content=\"4 minutos\" \/>\n<script type=\"application\/ld+json\" class=\"yoast-schema-graph\">{\"@context\":\"https:\/\/schema.org\",\"@graph\":[{\"@type\":\"WebPage\",\"@id\":\"https:\/\/todocertificados.com\/mexico\/certificacion-bls-acls\/\",\"url\":\"https:\/\/todocertificados.com\/mexico\/certificacion-bls-acls\/\",\"name\":\"Certificaci\u00f3n BLS y ACLS &#187; Certificados M\u00e9xico\",\"isPartOf\":{\"@id\":\"https:\/\/todocertificados.com\/mexico\/#website\"},\"primaryImageOfPage\":{\"@id\":\"https:\/\/todocertificados.com\/mexico\/certificacion-bls-acls\/#primaryimage\"},\"image\":{\"@id\":\"https:\/\/todocertificados.com\/mexico\/certificacion-bls-acls\/#primaryimage\"},\"thumbnailUrl\":\"https:\/\/todocertificados.com\/mexico\/wp-content\/uploads\/sites\/3\/2023\/03\/Certificaci\u00f3n-BLS-ACLS.jpg\",\"datePublished\":\"2023-03-29T13:56:36+00:00\",\"dateModified\":\"2023-10-22T22:42:38+00:00\",\"breadcrumb\":{\"@id\":\"https:\/\/todocertificados.com\/mexico\/certificacion-bls-acls\/#breadcrumb\"},\"inLanguage\":\"es\",\"potentialAction\":[{\"@type\":\"ReadAction\",\"target\":[\"https:\/\/todocertificados.com\/mexico\/certificacion-bls-acls\/\"]}]},{\"@type\":\"ImageObject\",\"inLanguage\":\"es\",\"@id\":\"https:\/\/todocertificados.com\/mexico\/certificacion-bls-acls\/#primaryimage\",\"url\":\"https:\/\/todocertificados.com\/mexico\/wp-content\/uploads\/sites\/3\/2023\/03\/Certificaci\u00f3n-BLS-ACLS.jpg\",\"contentUrl\":\"https:\/\/todocertificados.com\/mexico\/wp-content\/uploads\/sites\/3\/2023\/03\/Certificaci\u00f3n-BLS-ACLS.jpg\",\"width\":301,\"height\":219,\"caption\":\"Certificaci\u00f3n BLS ACLS\"},{\"@type\":\"BreadcrumbList\",\"@id\":\"https:\/\/todocertificados.com\/mexico\/certificacion-bls-acls\/#breadcrumb\",\"itemListElement\":[{\"@type\":\"ListItem\",\"position\":1,\"name\":\"Portada\",\"item\":\"https:\/\/todocertificados.com\/mexico\/\"},{\"@type\":\"ListItem\",\"position\":2,\"name\":\"Certificaci\u00f3n BLS y ACLS\"}]},{\"@type\":\"WebSite\",\"@id\":\"https:\/\/todocertificados.com\/mexico\/#website\",\"url\":\"https:\/\/todocertificados.com\/mexico\/\",\"name\":\"Certificados M\u00e9xico\",\"description\":\"Todo sobre certificados mexicanos\",\"publisher\":{\"@id\":\"https:\/\/todocertificados.com\/mexico\/#organization\"},\"potentialAction\":[{\"@type\":\"SearchAction\",\"target\":{\"@type\":\"EntryPoint\",\"urlTemplate\":\"https:\/\/todocertificados.com\/mexico\/?s={search_term_string}\"},\"query-input\":\"required name=search_term_string\"}],\"inLanguage\":\"es\"},{\"@type\":\"Organization\",\"@id\":\"https:\/\/todocertificados.com\/mexico\/#organization\",\"name\":\"TodoCertificados\",\"url\":\"https:\/\/todocertificados.com\/mexico\/\",\"logo\":{\"@type\":\"ImageObject\",\"inLanguage\":\"es\",\"@id\":\"https:\/\/todocertificados.com\/mexico\/#\/schema\/logo\/image\/\",\"url\":\"https:\/\/todocertificados.com\/mexico\/wp-content\/uploads\/sites\/3\/2020\/07\/todo-certificados-favicon.png\",\"contentUrl\":\"https:\/\/todocertificados.com\/mexico\/wp-content\/uploads\/sites\/3\/2020\/07\/todo-certificados-favicon.png\",\"width\":512,\"height\":512,\"caption\":\"TodoCertificados\"},\"image\":{\"@id\":\"https:\/\/todocertificados.com\/mexico\/#\/schema\/logo\/image\/\"}}]}<\/script>\n<!-- \/ Yoast SEO plugin. -->","yoast_head_json":{"title":"Certificaci\u00f3n BLS y ACLS &#187; Certificados M\u00e9xico","robots":{"index":"index","follow":"follow","max-snippet":"max-snippet:-1","max-image-preview":"max-image-preview:large","max-video-preview":"max-video-preview:-1"},"canonical":"https:\/\/todocertificados.com\/mexico\/certificacion-bls-acls\/","og_locale":"es_ES","og_type":"article","og_title":"Certificaci\u00f3n BLS y ACLS &#187; Certificados M\u00e9xico","og_description":"El certificado BLS (Basic Life Support) es un curso de capacitaci\u00f3n en t\u00e9cnicas de reanimaci\u00f3n cardiopulmonar (RCP) y manejo de la v\u00eda a\u00e9rea para profesionales de la salud, como m\u00e9dicos, enfermeros, param\u00e9dicos, t\u00e9cnicos de emergencias m\u00e9dicas, entre otros. La certificaci\u00f3n ACLS (Advanced Cardiovascular Life Support) es un programa de formaci\u00f3n avanzada en soporte vital cardiovascular ..Leer m\u00e1s","og_url":"https:\/\/todocertificados.com\/mexico\/certificacion-bls-acls\/","og_site_name":"Certificados M\u00e9xico","article_modified_time":"2023-10-22T22:42:38+00:00","og_image":[{"width":301,"height":219,"url":"https:\/\/todocertificados.com\/mexico\/wp-content\/uploads\/sites\/3\/2023\/03\/Certificaci\u00f3n-BLS-ACLS.jpg","type":"image\/jpeg"}],"twitter_card":"summary_large_image","twitter_misc":{"Tiempo de lectura":"4 minutos"},"schema":{"@context":"https:\/\/schema.org","@graph":[{"@type":"WebPage","@id":"https:\/\/todocertificados.com\/mexico\/certificacion-bls-acls\/","url":"https:\/\/todocertificados.com\/mexico\/certificacion-bls-acls\/","name":"Certificaci\u00f3n BLS y ACLS &#187; Certificados M\u00e9xico","isPartOf":{"@id":"https:\/\/todocertificados.com\/mexico\/#website"},"primaryImageOfPage":{"@id":"https:\/\/todocertificados.com\/mexico\/certificacion-bls-acls\/#primaryimage"},"image":{"@id":"https:\/\/todocertificados.com\/mexico\/certificacion-bls-acls\/#primaryimage"},"thumbnailUrl":"https:\/\/todocertificados.com\/mexico\/wp-content\/uploads\/sites\/3\/2023\/03\/Certificaci\u00f3n-BLS-ACLS.jpg","datePublished":"2023-03-29T13:56:36+00:00","dateModified":"2023-10-22T22:42:38+00:00","breadcrumb":{"@id":"https:\/\/todocertificados.com\/mexico\/certificacion-bls-acls\/#breadcrumb"},"inLanguage":"es","potentialAction":[{"@type":"ReadAction","target":["https:\/\/todocertificados.com\/mexico\/certificacion-bls-acls\/"]}]},{"@type":"ImageObject","inLanguage":"es","@id":"https:\/\/todocertificados.com\/mexico\/certificacion-bls-acls\/#primaryimage","url":"https:\/\/todocertificados.com\/mexico\/wp-content\/uploads\/sites\/3\/2023\/03\/Certificaci\u00f3n-BLS-ACLS.jpg","contentUrl":"https:\/\/todocertificados.com\/mexico\/wp-content\/uploads\/sites\/3\/2023\/03\/Certificaci\u00f3n-BLS-ACLS.jpg","width":301,"height":219,"caption":"Certificaci\u00f3n BLS ACLS"},{"@type":"BreadcrumbList","@id":"https:\/\/todocertificados.com\/mexico\/certificacion-bls-acls\/#breadcrumb","itemListElement":[{"@type":"ListItem","position":1,"name":"Portada","item":"https:\/\/todocertificados.com\/mexico\/"},{"@type":"ListItem","position":2,"name":"Certificaci\u00f3n BLS y ACLS"}]},{"@type":"WebSite","@id":"https:\/\/todocertificados.com\/mexico\/#website","url":"https:\/\/todocertificados.com\/mexico\/","name":"Certificados M\u00e9xico","description":"Todo sobre certificados mexicanos","publisher":{"@id":"https:\/\/todocertificados.com\/mexico\/#organization"},"potentialAction":[{"@type":"SearchAction","target":{"@type":"EntryPoint","urlTemplate":"https:\/\/todocertificados.com\/mexico\/?s={search_term_string}"},"query-input":"required name=search_term_string"}],"inLanguage":"es"},{"@type":"Organization","@id":"https:\/\/todocertificados.com\/mexico\/#organization","name":"TodoCertificados","url":"https:\/\/todocertificados.com\/mexico\/","logo":{"@type":"ImageObject","inLanguage":"es","@id":"https:\/\/todocertificados.com\/mexico\/#\/schema\/logo\/image\/","url":"https:\/\/todocertificados.com\/mexico\/wp-content\/uploads\/sites\/3\/2020\/07\/todo-certificados-favicon.png","contentUrl":"https:\/\/todocertificados.com\/mexico\/wp-content\/uploads\/sites\/3\/2020\/07\/todo-certificados-favicon.png","width":512,"height":512,"caption":"TodoCertificados"},"image":{"@id":"https:\/\/todocertificados.com\/mexico\/#\/schema\/logo\/image\/"}}]}},"_links":{"self":[{"href":"https:\/\/todocertificados.com\/mexico\/wp-json\/wp\/v2\/pages\/1148"}],"collection":[{"href":"https:\/\/todocertificados.com\/mexico\/wp-json\/wp\/v2\/pages"}],"about":[{"href":"https:\/\/todocertificados.com\/mexico\/wp-json\/wp\/v2\/types\/page"}],"author":[{"embeddable":true,"href":"https:\/\/todocertificados.com\/mexico\/wp-json\/wp\/v2\/users\/1"}],"replies":[{"embeddable":true,"href":"https:\/\/todocertificados.com\/mexico\/wp-json\/wp\/v2\/comments?post=1148"}],"version-history":[{"count":4,"href":"https:\/\/todocertificados.com\/mexico\/wp-json\/wp\/v2\/pages\/1148\/revisions"}],"predecessor-version":[{"id":1315,"href":"https:\/\/todocertificados.com\/mexico\/wp-json\/wp\/v2\/pages\/1148\/revisions\/1315"}],"wp:featuredmedia":[{"embeddable":true,"href":"https:\/\/todocertificados.com\/mexico\/wp-json\/wp\/v2\/media\/1150"}],"wp:attachment":[{"href":"https:\/\/todocertificados.com\/mexico\/wp-json\/wp\/v2\/media?parent=1148"}],"wp:term":[{"taxonomy":"category","embeddable":true,"href":"https:\/\/todocertificados.com\/mexico\/wp-json\/wp\/v2\/categories?post=1148"},{"taxonomy":"post_tag","embeddable":true,"href":"https:\/\/todocertificados.com\/mexico\/wp-json\/wp\/v2\/tags?post=1148"}],"curies":[{"name":"wp","href":"https:\/\/api.w.org\/{rel}","templated":true}]}}