{"id":1130,"date":"2023-03-28T23:11:10","date_gmt":"2023-03-28T23:11:10","guid":{"rendered":"https:\/\/todocertificados.com\/mexico\/?page_id=1130"},"modified":"2023-03-29T12:35:14","modified_gmt":"2023-03-29T12:35:14","slug":"certificados-usebeq","status":"publish","type":"page","link":"https:\/\/todocertificados.com\/mexico\/certificados-usebeq\/","title":{"rendered":"Certificados Usebeq"},"content":{"rendered":"<div class=\"02640ac1cf99e0a816556c1d72e1d642\" data-index=\"1\" style=\"float: none; margin:10px 0 10px 0; text-align:center;\">\n<ins class=\"adsbygoogle\"\r\n     style=\"display:block\"\r\n     data-ad-client=\"ca-pub-5605228788947132\"\r\n     data-ad-slot=\"6189026294\"\r\n     data-ad-format=\"link\"\r\n     data-full-width-responsive=\"true\"><\/ins>\r\n<script>\r\n     (adsbygoogle = window.adsbygoogle || []).push({});\r\n<\/script>\n<\/div>\n<div class=\"ads-color-box\" style=\"color:#444;background:#fffedb;\">\n<p>Los Certificados Usebeq son un tipo de certificaci\u00f3n <strong>emitido por la Unidad de Servicios para la Educaci\u00f3n B\u00e1sica en el Estado de Quer\u00e9taro<\/strong> (USEBEQ). Esta instituci\u00f3n es responsable de la gesti\u00f3n y supervisi\u00f3n de la educaci\u00f3n b\u00e1sica en el estado de Quer\u00e9taro, M\u00e9xico.<\/p>\n<div class=\"ads-button\">\n\t\t<a href=\"https:\/\/todocertificados.com\/mexico\/certificados-usebeq\/#Obtener_duplicado_de_certificados_Usebeq\" target=\"_self\" class=\"adsbtn-swipe \"> Descargar Certificados USEBEQ<\/a>\n\t\t<\/div>\n<\/div>\n<p>Los Certificados Usebeq son <strong>documentos oficiales<\/strong> que se emiten a los estudiantes de educaci\u00f3n b\u00e1sica (preescolar, primaria y secundaria) <strong>que hayan cumplido con los requisitos acad\u00e9micos establecidos por la USEBEQ<\/strong>.<\/p>\n<p>Estos certificados acreditan la conclusi\u00f3n satisfactoria de los estudios correspondientes a cada nivel educativo y son necesarios para poder continuar con los estudios en los niveles educativos posteriores.<\/p>\n<div class=\"ads-custom-box custom-box \" style=\"border-color:#878787;\"><div class=\"ads-custom-box-title\" style=\"color:#878787;\">Por qu\u00e9 es importante el Certificado Ubeseq<\/div><div class=\"ads-custom-box-content\">\n<p>Los Certificados Usebeq es importante porque puede ser <strong>requerido para tr\u00e1mites tan importantes como<\/strong>:<\/p>\n<ul>\n<li>Solicitud de empleo<\/li>\n<li>Tr\u00e1mites de migraci\u00f3n<\/li>\n<li>La continuidad de los estudios en otro estado o pa\u00eds<\/li>\n<\/ul>\n<p>Como vemos, el certificado USEBEQ es un documento importante para los estudiantes que desean<strong> avanzar en su educaci\u00f3n<\/strong>, para aquellos que necesitan <strong>comprobar su nivel de educaci\u00f3n<\/strong> o <strong>solicitar un empleo<\/strong> de su nivel.<\/p>\n<\/div><\/div>\n<p style=\"text-align: center;\">Si sac\u00f3 su certificado de primaria o secundaria fuera de Quer\u00e9taro, debe de obtenerlos aqu\u00ed:<\/p>\n<div class=\"ads-row\"><div class=\"cell\">\n<div class=\"ads-button\">\n\t\t<a href=\"https:\/\/todocertificados.com\/mexico\/sasa-inea-certificado-primaria\/\" target=\"_self\" class=\"adsbtn-swipe \"> Certificado de Primaria de Inea<\/a>\n\t\t<\/div>\n<\/div><div class=\"cell\">\n<div class=\"ads-button\">\n\t\t<a href=\"https:\/\/todocertificados.com\/mexico\/certificado-secundaria\/\" target=\"_self\" class=\"adsbtn-swipe \"> Sacar Certificado de Secundaria<\/a>\n\t\t<\/div>\n<\/div><\/div>\n<p>&nbsp;<\/p>\n<h2>Certificado de Secundaria Usebeq<\/h2>\n<p>El certificado de secundaria de Usebeq se emite a aquellos estudiantes que han completado sus estudios secundarios en una escuela acreditada en Quer\u00e9taro. Habiendo terminado este nivel de estudios podr\u00e1s<strong> solicitar el duplicado de tu certificado Usebeq en l\u00ednea<\/strong>.<\/p>\n<div class=\"ads-button\">\n\t\t<a href=\"https:\/\/todocertificados.com\/mexico\/certificados-usebeq\/#Obtener_duplicado_de_certificados_Usebeq\" target=\"_self\" class=\"adsbtn-swipe \"> USEBEQ duplicado de certificados<\/a>\n\t\t<\/div>\n<p style=\"text-align: center;\">La <strong>descarga de este certificado tiene la misma validez<\/strong> que el certificado original.<\/p>\n<h3>Requisitos para el certificado Usebeq<\/h3>\n<div class=\"ads-color-box\" style=\"color:#444;background:#eee;\">\n<p>Los <strong>requisitos<\/strong> para poder obtener este certifiado son:<\/p>\n<ul>\n<li>Clave de la Escuela<\/li>\n<li>Curp del alumno<\/li>\n<li>Nombre y apellidos de este y sus progenitores o tutores<\/li>\n<li>Tener a mano la constancia emitida por la escuela donde se estudio<\/li>\n<\/ul>\n<\/div>\n<h2>Obtener duplicado de certificados Usebeq<\/h2>\n<p>Para obtener el certificado de secundaria Usebeq o el de primaria, debemos de realizar la solicitud a trav\u00e9s de la plataforma SISCER. A trav\u00e9s de esta podremos descargar e imprimir el certificado Usebeq.<\/p>\n<p><img loading=\"lazy\" decoding=\"async\" class=\"aligncenter wp-image-1140 size-full\" src=\"https:\/\/todocertificados.com\/mexico\/wp-content\/uploads\/sites\/3\/2023\/03\/certificado-usebeq.jpg\" alt=\"Certificado Usebeq\" width=\"520\" height=\"209\" srcset=\"https:\/\/todocertificados.com\/mexico\/wp-content\/uploads\/sites\/3\/2023\/03\/certificado-usebeq.jpg 520w, https:\/\/todocertificados.com\/mexico\/wp-content\/uploads\/sites\/3\/2023\/03\/certificado-usebeq-300x121.jpg 300w, https:\/\/todocertificados.com\/mexico\/wp-content\/uploads\/sites\/3\/2023\/03\/certificado-usebeq-150x60.jpg 150w\" sizes=\"(max-width: 520px) 100vw, 520px\" \/><\/p>\n<div class=\"ads-custom-box custom-box \" style=\"border-color:#878787;padding: 2.2rem 2.2rem;\"><div class=\"ads-custom-box-content\">\n<p>Vamos a ver c\u00f3mo hacerlo:<\/p>\n<ol>\n<li><strong>Entra en la web<\/strong> oficial de Usebeq <a href=\"http:\/\/portal.usebeq.edu.mx:8080\/portal\/portal\/duplicados.php\" target=\"_blank\" rel=\"noopener noreferrer\">http:\/\/portal.usebeq.edu.mx:8080\/portal\/portal\/duplicados.php<\/a><\/li>\n<li><strong>Seleccione el tr\u00e1mite<\/strong> a realizar: duplicado del certificado usebeq de preescolar, de primaria o de secundaria.<\/li>\n<li><strong>Rellena los campos<\/strong> de CURP, nombre y apellidos, Clave y Nombre de escuela, Domicilio de escuela, turno, ciclo de terminaci\u00f3n, correo electr\u00f3nico y n\u00famero de tel\u00e9fono.<\/li>\n<li>Haz clic en \u00ab<strong>Generar Solicitud<\/strong>\u00ab<\/li>\n<li>Tras esto tendr\u00e1s que<strong> ir a la ventanilla del Departamento de Registro y Certificaci\u00f3n<\/strong><\/li>\n<li><strong>Entrega aqu\u00ed la solicitud<\/strong> realizada en los pasos anteriores<\/li>\n<li><strong>Realiza el pago<\/strong> de los derechos ($56.472)<\/li>\n<\/ol>\n<\/div><\/div>\n<p>Con este proceso completado ya solo tendremos que esperar unos 6 d\u00edas h\u00e1biles para recibir el duplicado de certificados Usebeq.<br \/>\n<div class=\"ads-color-box\" style=\"color:#444;background:#dbffe0;\">\n<p style=\"text-align: center;\">Horario de Usebeq Quer\u00e9taro:\u00a0Lunes a Viernes de 8:00 a 17:00h<\/p>\n<\/div>\nLa USEBEQ lo mantendr\u00e1 guardado durante tres meses, por lo que tendremos que retirarlo antes de que pase este plazo de tiempo.<\/p>\n<p>Tambi\u00e9n puedes solicitar un duplicado de tu certificado en caso de extrav\u00edo o robo de este.<br \/>\n<div class=\"ads-color-box\" style=\"color:#444;background:#ffffd6;\">\n<p style=\"text-align: center;\">Para m\u00e1s informaci\u00f3n contacta al 238 6000 (\u00e1rea de Certificaci\u00f3n USEBEQ).<\/p>\n<\/div>\n\n<div style=\"font-size: 0px; height: 0px; line-height: 0px; margin: 0; padding: 0; clear: both;\"><\/div>","protected":false},"excerpt":{"rendered":"<p>Los Certificados Usebeq son documentos oficiales que se emiten a los estudiantes de educaci\u00f3n b\u00e1sica (preescolar, primaria y secundaria) que hayan cumplido con los requisitos acad\u00e9micos establecidos por la USEBEQ. Estos certificados acreditan la conclusi\u00f3n satisfactoria de los estudios correspondientes a cada nivel educativo y son necesarios para poder continuar con los estudios en los ..<\/p>\n<div class=\"clear-fix\"><\/div>\n<p><a href=\"https:\/\/todocertificados.com\/mexico\/certificados-usebeq\/\" title=\"Leer m\u00e1s...\">Leer m\u00e1s<\/a><\/p>\n","protected":false},"author":1,"featured_media":1138,"parent":0,"menu_order":0,"comment_status":"closed","ping_status":"closed","template":"full-width-template.php","meta":{"footnotes":""},"categories":[8],"tags":[],"yoast_head":"<!-- This site is optimized with the Yoast SEO plugin v22.2 - https:\/\/yoast.com\/wordpress\/plugins\/seo\/ -->\n<title>Certificados Usebeq &#187; Certificados M\u00e9xico<\/title>\n<meta name=\"robots\" content=\"index, follow, max-snippet:-1, max-image-preview:large, max-video-preview:-1\" \/>\n<link rel=\"canonical\" href=\"https:\/\/todocertificados.com\/mexico\/certificados-usebeq\/\" \/>\n<meta property=\"og:locale\" content=\"es_ES\" \/>\n<meta property=\"og:type\" content=\"article\" \/>\n<meta property=\"og:title\" content=\"Certificados Usebeq &#187; Certificados M\u00e9xico\" \/>\n<meta property=\"og:description\" content=\"Los Certificados Usebeq son documentos oficiales que se emiten a los estudiantes de educaci\u00f3n b\u00e1sica (preescolar, primaria y secundaria) que hayan cumplido con los requisitos acad\u00e9micos establecidos por la USEBEQ. Estos certificados acreditan la conclusi\u00f3n satisfactoria de los estudios correspondientes a cada nivel educativo y son necesarios para poder continuar con los estudios en los ..Leer m\u00e1s\" \/>\n<meta property=\"og:url\" content=\"https:\/\/todocertificados.com\/mexico\/certificados-usebeq\/\" \/>\n<meta property=\"og:site_name\" content=\"Certificados M\u00e9xico\" \/>\n<meta property=\"article:modified_time\" content=\"2023-03-29T12:35:14+00:00\" \/>\n<meta property=\"og:image\" content=\"https:\/\/todocertificados.com\/mexico\/wp-content\/uploads\/sites\/3\/2023\/03\/Certificados-Usebeq.jpg\" \/>\n\t<meta property=\"og:image:width\" content=\"301\" \/>\n\t<meta property=\"og:image:height\" content=\"219\" \/>\n\t<meta property=\"og:image:type\" content=\"image\/jpeg\" \/>\n<meta name=\"twitter:card\" content=\"summary_large_image\" \/>\n<meta name=\"twitter:label1\" content=\"Tiempo de lectura\" \/>\n\t<meta name=\"twitter:data1\" content=\"4 minutos\" \/>\n<script type=\"application\/ld+json\" class=\"yoast-schema-graph\">{\"@context\":\"https:\/\/schema.org\",\"@graph\":[{\"@type\":\"WebPage\",\"@id\":\"https:\/\/todocertificados.com\/mexico\/certificados-usebeq\/\",\"url\":\"https:\/\/todocertificados.com\/mexico\/certificados-usebeq\/\",\"name\":\"Certificados Usebeq &#187; Certificados M\u00e9xico\",\"isPartOf\":{\"@id\":\"https:\/\/todocertificados.com\/mexico\/#website\"},\"primaryImageOfPage\":{\"@id\":\"https:\/\/todocertificados.com\/mexico\/certificados-usebeq\/#primaryimage\"},\"image\":{\"@id\":\"https:\/\/todocertificados.com\/mexico\/certificados-usebeq\/#primaryimage\"},\"thumbnailUrl\":\"https:\/\/todocertificados.com\/mexico\/wp-content\/uploads\/sites\/3\/2023\/03\/Certificados-Usebeq.jpg\",\"datePublished\":\"2023-03-28T23:11:10+00:00\",\"dateModified\":\"2023-03-29T12:35:14+00:00\",\"breadcrumb\":{\"@id\":\"https:\/\/todocertificados.com\/mexico\/certificados-usebeq\/#breadcrumb\"},\"inLanguage\":\"es\",\"potentialAction\":[{\"@type\":\"ReadAction\",\"target\":[\"https:\/\/todocertificados.com\/mexico\/certificados-usebeq\/\"]}]},{\"@type\":\"ImageObject\",\"inLanguage\":\"es\",\"@id\":\"https:\/\/todocertificados.com\/mexico\/certificados-usebeq\/#primaryimage\",\"url\":\"https:\/\/todocertificados.com\/mexico\/wp-content\/uploads\/sites\/3\/2023\/03\/Certificados-Usebeq.jpg\",\"contentUrl\":\"https:\/\/todocertificados.com\/mexico\/wp-content\/uploads\/sites\/3\/2023\/03\/Certificados-Usebeq.jpg\",\"width\":301,\"height\":219,\"caption\":\"Certificados Usebeq\"},{\"@type\":\"BreadcrumbList\",\"@id\":\"https:\/\/todocertificados.com\/mexico\/certificados-usebeq\/#breadcrumb\",\"itemListElement\":[{\"@type\":\"ListItem\",\"position\":1,\"name\":\"Portada\",\"item\":\"https:\/\/todocertificados.com\/mexico\/\"},{\"@type\":\"ListItem\",\"position\":2,\"name\":\"Certificados Usebeq\"}]},{\"@type\":\"WebSite\",\"@id\":\"https:\/\/todocertificados.com\/mexico\/#website\",\"url\":\"https:\/\/todocertificados.com\/mexico\/\",\"name\":\"Certificados M\u00e9xico\",\"description\":\"Todo sobre certificados mexicanos\",\"publisher\":{\"@id\":\"https:\/\/todocertificados.com\/mexico\/#organization\"},\"potentialAction\":[{\"@type\":\"SearchAction\",\"target\":{\"@type\":\"EntryPoint\",\"urlTemplate\":\"https:\/\/todocertificados.com\/mexico\/?s={search_term_string}\"},\"query-input\":\"required name=search_term_string\"}],\"inLanguage\":\"es\"},{\"@type\":\"Organization\",\"@id\":\"https:\/\/todocertificados.com\/mexico\/#organization\",\"name\":\"TodoCertificados\",\"url\":\"https:\/\/todocertificados.com\/mexico\/\",\"logo\":{\"@type\":\"ImageObject\",\"inLanguage\":\"es\",\"@id\":\"https:\/\/todocertificados.com\/mexico\/#\/schema\/logo\/image\/\",\"url\":\"https:\/\/todocertificados.com\/mexico\/wp-content\/uploads\/sites\/3\/2020\/07\/todo-certificados-favicon.png\",\"contentUrl\":\"https:\/\/todocertificados.com\/mexico\/wp-content\/uploads\/sites\/3\/2020\/07\/todo-certificados-favicon.png\",\"width\":512,\"height\":512,\"caption\":\"TodoCertificados\"},\"image\":{\"@id\":\"https:\/\/todocertificados.com\/mexico\/#\/schema\/logo\/image\/\"}}]}<\/script>\n<!-- \/ Yoast SEO plugin. -->","yoast_head_json":{"title":"Certificados Usebeq &#187; Certificados M\u00e9xico","robots":{"index":"index","follow":"follow","max-snippet":"max-snippet:-1","max-image-preview":"max-image-preview:large","max-video-preview":"max-video-preview:-1"},"canonical":"https:\/\/todocertificados.com\/mexico\/certificados-usebeq\/","og_locale":"es_ES","og_type":"article","og_title":"Certificados Usebeq &#187; Certificados M\u00e9xico","og_description":"Los Certificados Usebeq son documentos oficiales que se emiten a los estudiantes de educaci\u00f3n b\u00e1sica (preescolar, primaria y secundaria) que hayan cumplido con los requisitos acad\u00e9micos establecidos por la USEBEQ. Estos certificados acreditan la conclusi\u00f3n satisfactoria de los estudios correspondientes a cada nivel educativo y son necesarios para poder continuar con los estudios en los ..Leer m\u00e1s","og_url":"https:\/\/todocertificados.com\/mexico\/certificados-usebeq\/","og_site_name":"Certificados M\u00e9xico","article_modified_time":"2023-03-29T12:35:14+00:00","og_image":[{"width":301,"height":219,"url":"https:\/\/todocertificados.com\/mexico\/wp-content\/uploads\/sites\/3\/2023\/03\/Certificados-Usebeq.jpg","type":"image\/jpeg"}],"twitter_card":"summary_large_image","twitter_misc":{"Tiempo de lectura":"4 minutos"},"schema":{"@context":"https:\/\/schema.org","@graph":[{"@type":"WebPage","@id":"https:\/\/todocertificados.com\/mexico\/certificados-usebeq\/","url":"https:\/\/todocertificados.com\/mexico\/certificados-usebeq\/","name":"Certificados Usebeq &#187; Certificados M\u00e9xico","isPartOf":{"@id":"https:\/\/todocertificados.com\/mexico\/#website"},"primaryImageOfPage":{"@id":"https:\/\/todocertificados.com\/mexico\/certificados-usebeq\/#primaryimage"},"image":{"@id":"https:\/\/todocertificados.com\/mexico\/certificados-usebeq\/#primaryimage"},"thumbnailUrl":"https:\/\/todocertificados.com\/mexico\/wp-content\/uploads\/sites\/3\/2023\/03\/Certificados-Usebeq.jpg","datePublished":"2023-03-28T23:11:10+00:00","dateModified":"2023-03-29T12:35:14+00:00","breadcrumb":{"@id":"https:\/\/todocertificados.com\/mexico\/certificados-usebeq\/#breadcrumb"},"inLanguage":"es","potentialAction":[{"@type":"ReadAction","target":["https:\/\/todocertificados.com\/mexico\/certificados-usebeq\/"]}]},{"@type":"ImageObject","inLanguage":"es","@id":"https:\/\/todocertificados.com\/mexico\/certificados-usebeq\/#primaryimage","url":"https:\/\/todocertificados.com\/mexico\/wp-content\/uploads\/sites\/3\/2023\/03\/Certificados-Usebeq.jpg","contentUrl":"https:\/\/todocertificados.com\/mexico\/wp-content\/uploads\/sites\/3\/2023\/03\/Certificados-Usebeq.jpg","width":301,"height":219,"caption":"Certificados Usebeq"},{"@type":"BreadcrumbList","@id":"https:\/\/todocertificados.com\/mexico\/certificados-usebeq\/#breadcrumb","itemListElement":[{"@type":"ListItem","position":1,"name":"Portada","item":"https:\/\/todocertificados.com\/mexico\/"},{"@type":"ListItem","position":2,"name":"Certificados Usebeq"}]},{"@type":"WebSite","@id":"https:\/\/todocertificados.com\/mexico\/#website","url":"https:\/\/todocertificados.com\/mexico\/","name":"Certificados M\u00e9xico","description":"Todo sobre certificados mexicanos","publisher":{"@id":"https:\/\/todocertificados.com\/mexico\/#organization"},"potentialAction":[{"@type":"SearchAction","target":{"@type":"EntryPoint","urlTemplate":"https:\/\/todocertificados.com\/mexico\/?s={search_term_string}"},"query-input":"required name=search_term_string"}],"inLanguage":"es"},{"@type":"Organization","@id":"https:\/\/todocertificados.com\/mexico\/#organization","name":"TodoCertificados","url":"https:\/\/todocertificados.com\/mexico\/","logo":{"@type":"ImageObject","inLanguage":"es","@id":"https:\/\/todocertificados.com\/mexico\/#\/schema\/logo\/image\/","url":"https:\/\/todocertificados.com\/mexico\/wp-content\/uploads\/sites\/3\/2020\/07\/todo-certificados-favicon.png","contentUrl":"https:\/\/todocertificados.com\/mexico\/wp-content\/uploads\/sites\/3\/2020\/07\/todo-certificados-favicon.png","width":512,"height":512,"caption":"TodoCertificados"},"image":{"@id":"https:\/\/todocertificados.com\/mexico\/#\/schema\/logo\/image\/"}}]}},"_links":{"self":[{"href":"https:\/\/todocertificados.com\/mexico\/wp-json\/wp\/v2\/pages\/1130"}],"collection":[{"href":"https:\/\/todocertificados.com\/mexico\/wp-json\/wp\/v2\/pages"}],"about":[{"href":"https:\/\/todocertificados.com\/mexico\/wp-json\/wp\/v2\/types\/page"}],"author":[{"embeddable":true,"href":"https:\/\/todocertificados.com\/mexico\/wp-json\/wp\/v2\/users\/1"}],"replies":[{"embeddable":true,"href":"https:\/\/todocertificados.com\/mexico\/wp-json\/wp\/v2\/comments?post=1130"}],"version-history":[{"count":12,"href":"https:\/\/todocertificados.com\/mexico\/wp-json\/wp\/v2\/pages\/1130\/revisions"}],"predecessor-version":[{"id":1147,"href":"https:\/\/todocertificados.com\/mexico\/wp-json\/wp\/v2\/pages\/1130\/revisions\/1147"}],"wp:featuredmedia":[{"embeddable":true,"href":"https:\/\/todocertificados.com\/mexico\/wp-json\/wp\/v2\/media\/1138"}],"wp:attachment":[{"href":"https:\/\/todocertificados.com\/mexico\/wp-json\/wp\/v2\/media?parent=1130"}],"wp:term":[{"taxonomy":"category","embeddable":true,"href":"https:\/\/todocertificados.com\/mexico\/wp-json\/wp\/v2\/categories?post=1130"},{"taxonomy":"post_tag","embeddable":true,"href":"https:\/\/todocertificados.com\/mexico\/wp-json\/wp\/v2\/tags?post=1130"}],"curies":[{"name":"wp","href":"https:\/\/api.w.org\/{rel}","templated":true}]}}