{"id":1097,"date":"2023-03-28T15:22:24","date_gmt":"2023-03-28T15:22:24","guid":{"rendered":"https:\/\/todocertificados.com\/mexico\/?page_id=1097"},"modified":"2023-09-27T09:44:56","modified_gmt":"2023-09-27T09:44:56","slug":"certificado-no-propiedad","status":"publish","type":"page","link":"https:\/\/todocertificados.com\/mexico\/certificado-no-propiedad\/","title":{"rendered":"Certificado de No Propiedad"},"content":{"rendered":"<div class=\"02640ac1cf99e0a816556c1d72e1d642\" data-index=\"1\" style=\"float: none; margin:10px 0 10px 0; text-align:center;\">\n<ins class=\"adsbygoogle\"\r\n     style=\"display:block\"\r\n     data-ad-client=\"ca-pub-5605228788947132\"\r\n     data-ad-slot=\"6189026294\"\r\n     data-ad-format=\"link\"\r\n     data-full-width-responsive=\"true\"><\/ins>\r\n<script>\r\n     (adsbygoogle = window.adsbygoogle || []).push({});\r\n<\/script>\n<\/div>\n<div class=\"ads-color-box\" style=\"color:#444;background:#f6f7da;\">El certificado de no propiedad es un <strong>documento oficial<\/strong> emitido por el Registro P\u00fablico de la Propiedad y de Comercio, <strong>que tiene como objetivo certificar que una persona f\u00edsica o moral no es due\u00f1a de alg\u00fan bien inmueble<\/strong> en un determinado municipio del pa\u00eds.<\/p>\n<p>Este certificado es <strong>necesario<\/strong> en ciertos tr\u00e1mites legales, como la <strong>obtenci\u00f3n de un cr\u00e9dito hipotecario o la compra-venta de una propiedad<\/strong>, para demostrar que no existe ning\u00fan impedimento legal para la transacci\u00f3n.<\/p>\n<div class=\"ads-row\"><div class=\"cell\"><div class=\"ads-button\">\n\t\t<a href=\"https:\/\/todocertificados.com\/mexico\/certificado-no-propiedad\/#Certificado_de_no_propiedad_en_linea\" target=\"_self\" class=\"adsbtn-swipe \"> Certificado No Propiedad en l\u00ednea<\/a>\n\t\t<\/div><\/div><div class=\"cell\"><div class=\"ads-button\">\n\t\t<a href=\"https:\/\/todocertificados.com\/mexico\/certificado-no-propiedad\/#Certificado_no_propiedad_presencial\" target=\"_self\" class=\"adsbtn-swipe \"> Certificado No Propiedad Presencial<\/a>\n\t\t<\/div><\/div><\/div><\/div>\n<p>Para obtener el certificado de no propiedad, es necesario <strong>presentar una solicitud de certificado de no propiedad en el Registro P\u00fablico<\/strong> de la Propiedad y de Comercio correspondiente, junto con la documentaci\u00f3n necesaria y el pago de los derechos correspondientes. Vamos a ver c\u00f3mo hacerlo.<\/p>\n<div class=\"ads-color-box\" style=\"color:#444;background:#eee;\">Si quieres obtener un documento donde se vea si un inmueble tiene un propietario o no, debes de solicitar el <a href=\"https:\/\/todocertificados.com\/mexico\/certificado-propiedad\/\">certificado de propiedad de inmueble<\/a>.<\/div>\n<h2>Constancia de no propiedad<\/h2>\n<p>La constancia de no propiedad es un documento que tambi\u00e9n se emite por el Registro P\u00fablico de la Propiedad y de Comercio, pero a diferencia del certificado de no tener propiedades, la constancia <strong>se refiere \u00fanicamente a un inmueble espec\u00edfico<\/strong> y no a todo un municipio.<\/p>\n<p>La constancia de no propiedad se utiliza principalmente para demostrar que una persona o empresa no es due\u00f1a de un bien inmueble en particular, por ejemplo, en el caso de una disputa legal o para demostrar la titularidad de un terreno.<\/p>\n<p><img loading=\"lazy\" decoding=\"async\" class=\"wp-image-1105 size-full aligncenter\" src=\"https:\/\/todocertificados.com\/mexico\/wp-content\/uploads\/sites\/3\/2023\/03\/certificado-no-propiedad-linea.jpg\" alt=\"Certificado no propiedad en l\u00ednea\" width=\"520\" height=\"258\" srcset=\"https:\/\/todocertificados.com\/mexico\/wp-content\/uploads\/sites\/3\/2023\/03\/certificado-no-propiedad-linea.jpg 520w, https:\/\/todocertificados.com\/mexico\/wp-content\/uploads\/sites\/3\/2023\/03\/certificado-no-propiedad-linea-300x149.jpg 300w, https:\/\/todocertificados.com\/mexico\/wp-content\/uploads\/sites\/3\/2023\/03\/certificado-no-propiedad-linea-150x74.jpg 150w\" sizes=\"(max-width: 520px) 100vw, 520px\" \/><\/p>\n<p>Por otro lado, el certificado de no propiedad se emite para certificar que una persona o empresa no es due\u00f1a de ning\u00fan bien inmueble en todo un municipio. Se utiliza en tr\u00e1mites en los que se necesita demostrar que no existen impedimentos legales para la compra-venta de un bien inmueble o para la obtenci\u00f3n de un cr\u00e9dito hipotecario.<\/p>\n<div class=\"ads-color-box\" style=\"color:#444;background:#eee;\">Tambi\u00e9n le puede interesar obtener el certificado de <a href=\"https:\/\/todocertificados.com\/mexico\/certificado-uvie\/\">UVIES CFE<\/a>.<\/div>\n<h2>Certificado de no propiedad en l\u00ednea<\/h2>\n<p><ins class=\"adsbygoogle\" style=\"display: block;\" data-ad-client=\"ca-pub-5605228788947132\" data-ad-slot=\"8921505534\" data-ad-format=\"auto\" data-full-width-responsive=\"true\"><\/ins><script>\n     (adsbygoogle = window.adsbygoogle || []).push({});\n<\/script><\/p>\n<p>El proceso para obtener el certificado negativo de propiedad online <strong>puede variar dependiendo del estado<\/strong> de la Rep\u00fablica Mexicana en el que se requiera, ya que cada estado tiene su propio portal de servicios en l\u00ednea.<\/p>\n<div class=\"ads-color-box\" style=\"color:#444;background:#eee;\">\n<p>Los <strong>requisitos<\/strong> para obtener el certificado de no propiedad en l\u00ednea son:<\/p>\n<ul>\n<li>Contar con una <strong>conexi\u00f3n a internet<\/strong> y un dispositivo con acceso a la red.<\/li>\n<li>Nombre y firma del solicitante<\/li>\n<li>Nombre de la persona o raz\u00f3n social de quien desea el certificado<\/li>\n<li>Copia de identificaci\u00f3n oficial<\/li>\n<li>La <strong>l\u00ednea de captura<\/strong> pagada (con m\u00ednimo 24 horas de anticipaci\u00f3n).<\/li>\n<li><strong>Proporcionar la informaci\u00f3n solicitada<\/strong><\/li>\n<li><strong>Realizar el pago<\/strong> correspondiente en l\u00ednea, utilizando alguna de las opciones disponibles en la plataforma.<\/li>\n<\/ul>\n<\/div>\n<p>A continuaci\u00f3n tienen un paso a paso de c\u00f3mo obtener el certificado de no propiedad en l\u00ednea en la Ciudad de M\u00e9xico, pero se recomienda verificar los requisitos y el proceso espec\u00edficos en la p\u00e1gina web del Registro P\u00fablico de la Propiedad y de Comercio correspondiente.<\/p>\n<div class=\"ads-custom-box custom-box \" style=\"border-color:#878787;padding: 2.2rem 2.2rem;\"><div class=\"ads-custom-box-content\">\n<p>Los <strong>pasos<\/strong> para obtener el certificado de no propiedad en l\u00ednea en la Ciudad de M\u00e9xico, ser\u00e1n similares a los que pueda encontrar en el portal web de su estado:<\/p>\n<ol>\n<li><strong>Ingresar al sitio web<\/strong> del Registro P\u00fablico de la Propiedad y de Comercio de la Ciudad de M\u00e9xico: <a href=\"https:\/\/data.consejeria.cdmx.gob.mx\/index.php\/dgrppyc\/tramite-certificados\" target=\"_blank\" rel=\"noopener noreferrer\">https:\/\/data.consejeria.cdmx.gob.mx\/index.php\/dgrppyc\/tramite-certificados<\/a> o en el portal el de tu municipio seg\u00fan corresponda<\/li>\n<li>Rellena todos los datos que se solicitan seleccionando el certificado de no propiedad en el recuadro que se indica<\/li>\n<li>Realice el <strong>pago<\/strong> correspondiente (esperar 24 horas).<\/li>\n<li>Acceder al <strong>enlace<\/strong> http:\/\/certificados.ifrem.gob.mx:8010\/automatizacion\/login\/auth<\/li>\n<li><strong>Solicita el certificado<\/strong> de No Propiedad que se le expedir\u00e1 en el momento<\/li>\n<\/ol>\n<\/div><\/div>\n<p>Con esto podr\u00e1s descargar el certificado de no propiedad.<\/p>\n<h2>Certificado no propiedad presencial<\/h2>\n<p><ins class=\"adsbygoogle\" style=\"display: block;\" data-ad-client=\"ca-pub-5605228788947132\" data-ad-slot=\"8921505534\" data-ad-format=\"auto\" data-full-width-responsive=\"true\"><\/ins><script>\n     (adsbygoogle = window.adsbygoogle || []).push({});\n<\/script><\/p>\n<p>Tambi\u00e9n puede realizar la solicitud del certificado de no poseer vivienda de manera presencial. Para ello ha de acudir a la oficina registral correspondiente a su municipio con los documentos que se requieren que le mostramos a continuaci\u00f3n.<\/p>\n<div class=\"ads-color-box\" style=\"color:#444;background:#eee;\">\n<p>Los requisitos para obtener el certificado de no propiedad de manera presencial son:<\/p>\n<ul>\n<li><strong>Solicitud <\/strong>que contenga los siguientes datos:\n<ul>\n<li>Nombre del solicitante<\/li>\n<li>Firma del solicitante<\/li>\n<li>Nombre de la persona f\u00edsica(s) o jur\u00eddico colectiva (s) de la cual se requiere la b\u00fasqueda de existencia o inexistencia de inmuebles inscritos a su favor<\/li>\n<\/ul>\n<\/li>\n<li><strong>L\u00ednea de Captura<\/strong> y comprobante de pago de derechos (boucher)<\/li>\n<\/ul>\n<\/div>\n<p>El tiempo de respuesta suele ser de unos <strong>10 d\u00edas h\u00e1biles<\/strong>. Esto es lo que se puede tardar la dependencia en dar soluci\u00f3n al tr\u00e1mite.<\/p>\n<p>El precio de este certificado de no propiedad de vivienda es de <strong>$89 pesos en el Estado de M\u00e9xico<\/strong>, costo que puede variar en funci\u00f3n del estado mexicano donde se solicite.<\/p>\n<p>La opci\u00f3n de obtener el certificado de no titularidad del registro de la propiedad gratis no se da en ning\u00fan estado del pa\u00eds.<\/p>\n\n<div style=\"font-size: 0px; height: 0px; line-height: 0px; margin: 0; padding: 0; clear: both;\"><\/div>","protected":false},"excerpt":{"rendered":"<p>Para obtener el certificado de no propiedad, es necesario presentar una solicitud de certificado de no propiedad en el Registro P\u00fablico de la Propiedad y de Comercio correspondiente, junto con la documentaci\u00f3n necesaria y el pago de los derechos correspondientes. Vamos a ver c\u00f3mo hacerlo. Constancia de no propiedad La constancia de no propiedad es ..<\/p>\n<div class=\"clear-fix\"><\/div>\n<p><a href=\"https:\/\/todocertificados.com\/mexico\/certificado-no-propiedad\/\" title=\"Leer m\u00e1s...\">Leer m\u00e1s<\/a><\/p>\n","protected":false},"author":1,"featured_media":1101,"parent":0,"menu_order":0,"comment_status":"closed","ping_status":"closed","template":"full-width-template.php","meta":{"footnotes":""},"categories":[8],"tags":[],"yoast_head":"<!-- This site is optimized with the Yoast SEO plugin v22.2 - https:\/\/yoast.com\/wordpress\/plugins\/seo\/ -->\n<title>Certificado de No Propiedad &#187; Certificados M\u00e9xico<\/title>\n<meta name=\"robots\" content=\"index, follow, max-snippet:-1, max-image-preview:large, max-video-preview:-1\" \/>\n<link rel=\"canonical\" href=\"https:\/\/todocertificados.com\/mexico\/certificado-no-propiedad\/\" \/>\n<meta property=\"og:locale\" content=\"es_ES\" \/>\n<meta property=\"og:type\" content=\"article\" \/>\n<meta property=\"og:title\" content=\"Certificado de No Propiedad &#187; Certificados M\u00e9xico\" \/>\n<meta property=\"og:description\" content=\"Para obtener el certificado de no propiedad, es necesario presentar una solicitud de certificado de no propiedad en el Registro P\u00fablico de la Propiedad y de Comercio correspondiente, junto con la documentaci\u00f3n necesaria y el pago de los derechos correspondientes. Vamos a ver c\u00f3mo hacerlo. Constancia de no propiedad La constancia de no propiedad es ..Leer m\u00e1s\" \/>\n<meta property=\"og:url\" content=\"https:\/\/todocertificados.com\/mexico\/certificado-no-propiedad\/\" \/>\n<meta property=\"og:site_name\" content=\"Certificados M\u00e9xico\" \/>\n<meta property=\"article:modified_time\" content=\"2023-09-27T09:44:56+00:00\" \/>\n<meta property=\"og:image\" content=\"https:\/\/todocertificados.com\/mexico\/wp-content\/uploads\/sites\/3\/2023\/03\/Certificado-No-Propiedad.jpg\" \/>\n\t<meta property=\"og:image:width\" content=\"301\" \/>\n\t<meta property=\"og:image:height\" content=\"219\" \/>\n\t<meta property=\"og:image:type\" content=\"image\/jpeg\" \/>\n<meta name=\"twitter:card\" content=\"summary_large_image\" \/>\n<meta name=\"twitter:label1\" content=\"Tiempo de lectura\" \/>\n\t<meta name=\"twitter:data1\" content=\"5 minutos\" \/>\n<script type=\"application\/ld+json\" class=\"yoast-schema-graph\">{\"@context\":\"https:\/\/schema.org\",\"@graph\":[{\"@type\":\"WebPage\",\"@id\":\"https:\/\/todocertificados.com\/mexico\/certificado-no-propiedad\/\",\"url\":\"https:\/\/todocertificados.com\/mexico\/certificado-no-propiedad\/\",\"name\":\"Certificado de No Propiedad &#187; Certificados M\u00e9xico\",\"isPartOf\":{\"@id\":\"https:\/\/todocertificados.com\/mexico\/#website\"},\"primaryImageOfPage\":{\"@id\":\"https:\/\/todocertificados.com\/mexico\/certificado-no-propiedad\/#primaryimage\"},\"image\":{\"@id\":\"https:\/\/todocertificados.com\/mexico\/certificado-no-propiedad\/#primaryimage\"},\"thumbnailUrl\":\"https:\/\/todocertificados.com\/mexico\/wp-content\/uploads\/sites\/3\/2023\/03\/Certificado-No-Propiedad.jpg\",\"datePublished\":\"2023-03-28T15:22:24+00:00\",\"dateModified\":\"2023-09-27T09:44:56+00:00\",\"breadcrumb\":{\"@id\":\"https:\/\/todocertificados.com\/mexico\/certificado-no-propiedad\/#breadcrumb\"},\"inLanguage\":\"es\",\"potentialAction\":[{\"@type\":\"ReadAction\",\"target\":[\"https:\/\/todocertificados.com\/mexico\/certificado-no-propiedad\/\"]}]},{\"@type\":\"ImageObject\",\"inLanguage\":\"es\",\"@id\":\"https:\/\/todocertificados.com\/mexico\/certificado-no-propiedad\/#primaryimage\",\"url\":\"https:\/\/todocertificados.com\/mexico\/wp-content\/uploads\/sites\/3\/2023\/03\/Certificado-No-Propiedad.jpg\",\"contentUrl\":\"https:\/\/todocertificados.com\/mexico\/wp-content\/uploads\/sites\/3\/2023\/03\/Certificado-No-Propiedad.jpg\",\"width\":301,\"height\":219,\"caption\":\"Certificado No Propiedad\"},{\"@type\":\"BreadcrumbList\",\"@id\":\"https:\/\/todocertificados.com\/mexico\/certificado-no-propiedad\/#breadcrumb\",\"itemListElement\":[{\"@type\":\"ListItem\",\"position\":1,\"name\":\"Portada\",\"item\":\"https:\/\/todocertificados.com\/mexico\/\"},{\"@type\":\"ListItem\",\"position\":2,\"name\":\"Certificado de No Propiedad\"}]},{\"@type\":\"WebSite\",\"@id\":\"https:\/\/todocertificados.com\/mexico\/#website\",\"url\":\"https:\/\/todocertificados.com\/mexico\/\",\"name\":\"Certificados M\u00e9xico\",\"description\":\"Todo sobre certificados mexicanos\",\"publisher\":{\"@id\":\"https:\/\/todocertificados.com\/mexico\/#organization\"},\"potentialAction\":[{\"@type\":\"SearchAction\",\"target\":{\"@type\":\"EntryPoint\",\"urlTemplate\":\"https:\/\/todocertificados.com\/mexico\/?s={search_term_string}\"},\"query-input\":\"required name=search_term_string\"}],\"inLanguage\":\"es\"},{\"@type\":\"Organization\",\"@id\":\"https:\/\/todocertificados.com\/mexico\/#organization\",\"name\":\"TodoCertificados\",\"url\":\"https:\/\/todocertificados.com\/mexico\/\",\"logo\":{\"@type\":\"ImageObject\",\"inLanguage\":\"es\",\"@id\":\"https:\/\/todocertificados.com\/mexico\/#\/schema\/logo\/image\/\",\"url\":\"https:\/\/todocertificados.com\/mexico\/wp-content\/uploads\/sites\/3\/2020\/07\/todo-certificados-favicon.png\",\"contentUrl\":\"https:\/\/todocertificados.com\/mexico\/wp-content\/uploads\/sites\/3\/2020\/07\/todo-certificados-favicon.png\",\"width\":512,\"height\":512,\"caption\":\"TodoCertificados\"},\"image\":{\"@id\":\"https:\/\/todocertificados.com\/mexico\/#\/schema\/logo\/image\/\"}}]}<\/script>\n<!-- \/ Yoast SEO plugin. -->","yoast_head_json":{"title":"Certificado de No Propiedad &#187; Certificados M\u00e9xico","robots":{"index":"index","follow":"follow","max-snippet":"max-snippet:-1","max-image-preview":"max-image-preview:large","max-video-preview":"max-video-preview:-1"},"canonical":"https:\/\/todocertificados.com\/mexico\/certificado-no-propiedad\/","og_locale":"es_ES","og_type":"article","og_title":"Certificado de No Propiedad &#187; Certificados M\u00e9xico","og_description":"Para obtener el certificado de no propiedad, es necesario presentar una solicitud de certificado de no propiedad en el Registro P\u00fablico de la Propiedad y de Comercio correspondiente, junto con la documentaci\u00f3n necesaria y el pago de los derechos correspondientes. Vamos a ver c\u00f3mo hacerlo. Constancia de no propiedad La constancia de no propiedad es ..Leer m\u00e1s","og_url":"https:\/\/todocertificados.com\/mexico\/certificado-no-propiedad\/","og_site_name":"Certificados M\u00e9xico","article_modified_time":"2023-09-27T09:44:56+00:00","og_image":[{"width":301,"height":219,"url":"https:\/\/todocertificados.com\/mexico\/wp-content\/uploads\/sites\/3\/2023\/03\/Certificado-No-Propiedad.jpg","type":"image\/jpeg"}],"twitter_card":"summary_large_image","twitter_misc":{"Tiempo de lectura":"5 minutos"},"schema":{"@context":"https:\/\/schema.org","@graph":[{"@type":"WebPage","@id":"https:\/\/todocertificados.com\/mexico\/certificado-no-propiedad\/","url":"https:\/\/todocertificados.com\/mexico\/certificado-no-propiedad\/","name":"Certificado de No Propiedad &#187; Certificados M\u00e9xico","isPartOf":{"@id":"https:\/\/todocertificados.com\/mexico\/#website"},"primaryImageOfPage":{"@id":"https:\/\/todocertificados.com\/mexico\/certificado-no-propiedad\/#primaryimage"},"image":{"@id":"https:\/\/todocertificados.com\/mexico\/certificado-no-propiedad\/#primaryimage"},"thumbnailUrl":"https:\/\/todocertificados.com\/mexico\/wp-content\/uploads\/sites\/3\/2023\/03\/Certificado-No-Propiedad.jpg","datePublished":"2023-03-28T15:22:24+00:00","dateModified":"2023-09-27T09:44:56+00:00","breadcrumb":{"@id":"https:\/\/todocertificados.com\/mexico\/certificado-no-propiedad\/#breadcrumb"},"inLanguage":"es","potentialAction":[{"@type":"ReadAction","target":["https:\/\/todocertificados.com\/mexico\/certificado-no-propiedad\/"]}]},{"@type":"ImageObject","inLanguage":"es","@id":"https:\/\/todocertificados.com\/mexico\/certificado-no-propiedad\/#primaryimage","url":"https:\/\/todocertificados.com\/mexico\/wp-content\/uploads\/sites\/3\/2023\/03\/Certificado-No-Propiedad.jpg","contentUrl":"https:\/\/todocertificados.com\/mexico\/wp-content\/uploads\/sites\/3\/2023\/03\/Certificado-No-Propiedad.jpg","width":301,"height":219,"caption":"Certificado No Propiedad"},{"@type":"BreadcrumbList","@id":"https:\/\/todocertificados.com\/mexico\/certificado-no-propiedad\/#breadcrumb","itemListElement":[{"@type":"ListItem","position":1,"name":"Portada","item":"https:\/\/todocertificados.com\/mexico\/"},{"@type":"ListItem","position":2,"name":"Certificado de No Propiedad"}]},{"@type":"WebSite","@id":"https:\/\/todocertificados.com\/mexico\/#website","url":"https:\/\/todocertificados.com\/mexico\/","name":"Certificados M\u00e9xico","description":"Todo sobre certificados mexicanos","publisher":{"@id":"https:\/\/todocertificados.com\/mexico\/#organization"},"potentialAction":[{"@type":"SearchAction","target":{"@type":"EntryPoint","urlTemplate":"https:\/\/todocertificados.com\/mexico\/?s={search_term_string}"},"query-input":"required name=search_term_string"}],"inLanguage":"es"},{"@type":"Organization","@id":"https:\/\/todocertificados.com\/mexico\/#organization","name":"TodoCertificados","url":"https:\/\/todocertificados.com\/mexico\/","logo":{"@type":"ImageObject","inLanguage":"es","@id":"https:\/\/todocertificados.com\/mexico\/#\/schema\/logo\/image\/","url":"https:\/\/todocertificados.com\/mexico\/wp-content\/uploads\/sites\/3\/2020\/07\/todo-certificados-favicon.png","contentUrl":"https:\/\/todocertificados.com\/mexico\/wp-content\/uploads\/sites\/3\/2020\/07\/todo-certificados-favicon.png","width":512,"height":512,"caption":"TodoCertificados"},"image":{"@id":"https:\/\/todocertificados.com\/mexico\/#\/schema\/logo\/image\/"}}]}},"_links":{"self":[{"href":"https:\/\/todocertificados.com\/mexico\/wp-json\/wp\/v2\/pages\/1097"}],"collection":[{"href":"https:\/\/todocertificados.com\/mexico\/wp-json\/wp\/v2\/pages"}],"about":[{"href":"https:\/\/todocertificados.com\/mexico\/wp-json\/wp\/v2\/types\/page"}],"author":[{"embeddable":true,"href":"https:\/\/todocertificados.com\/mexico\/wp-json\/wp\/v2\/users\/1"}],"replies":[{"embeddable":true,"href":"https:\/\/todocertificados.com\/mexico\/wp-json\/wp\/v2\/comments?post=1097"}],"version-history":[{"count":14,"href":"https:\/\/todocertificados.com\/mexico\/wp-json\/wp\/v2\/pages\/1097\/revisions"}],"predecessor-version":[{"id":1288,"href":"https:\/\/todocertificados.com\/mexico\/wp-json\/wp\/v2\/pages\/1097\/revisions\/1288"}],"wp:featuredmedia":[{"embeddable":true,"href":"https:\/\/todocertificados.com\/mexico\/wp-json\/wp\/v2\/media\/1101"}],"wp:attachment":[{"href":"https:\/\/todocertificados.com\/mexico\/wp-json\/wp\/v2\/media?parent=1097"}],"wp:term":[{"taxonomy":"category","embeddable":true,"href":"https:\/\/todocertificados.com\/mexico\/wp-json\/wp\/v2\/categories?post=1097"},{"taxonomy":"post_tag","embeddable":true,"href":"https:\/\/todocertificados.com\/mexico\/wp-json\/wp\/v2\/tags?post=1097"}],"curies":[{"name":"wp","href":"https:\/\/api.w.org\/{rel}","templated":true}]}}